{"id":9984,"date":"2025-08-19T21:43:22","date_gmt":"2025-08-19T19:43:22","guid":{"rendered":"https:\/\/oigs.hr\/novo\/?page_id=9984"},"modified":"2025-09-12T10:26:53","modified_gmt":"2025-09-12T08:26:53","slug":"kriteriji-vrednovanja","status":"publish","type":"page","link":"https:\/\/oigs.hr\/novo\/kriteriji-vrednovanja\/","title":{"rendered":"Kriteriji vrednovanja"},"content":{"rendered":"<h1>Kriteriji vrednovanja<\/h1>\n<p><a href=\"https:\/\/oigs.hr\/novo\/wp-content\/uploads\/2025\/08\/KRITERIJI-OCJENJIVANJA-ZA-HRVATSKI-JEZIK.pdf\"><img loading=\"lazy\" decoding=\"async\" class=\"alignnone wp-image-9987\" src=\"https:\/\/oigs.hr\/novo\/wp-content\/uploads\/2025\/08\/Da5cDofXPxjjYQYbnmpow-300x300.jpg\" alt=\"\" width=\"398\" height=\"398\" srcset=\"https:\/\/oigs.hr\/novo\/wp-content\/uploads\/2025\/08\/Da5cDofXPxjjYQYbnmpow-300x300.jpg 300w, https:\/\/oigs.hr\/novo\/wp-content\/uploads\/2025\/08\/Da5cDofXPxjjYQYbnmpow-1024x1024.jpg 1024w, https:\/\/oigs.hr\/novo\/wp-content\/uploads\/2025\/08\/Da5cDofXPxjjYQYbnmpow-150x150.jpg 150w, https:\/\/oigs.hr\/novo\/wp-content\/uploads\/2025\/08\/Da5cDofXPxjjYQYbnmpow-768x768.jpg 768w, https:\/\/oigs.hr\/novo\/wp-content\/uploads\/2025\/08\/Da5cDofXPxjjYQYbnmpow-70x70.jpg 70w, https:\/\/oigs.hr\/novo\/wp-content\/uploads\/2025\/08\/Da5cDofXPxjjYQYbnmpow-246x246.jpg 246w, https:\/\/oigs.hr\/novo\/wp-content\/uploads\/2025\/08\/Da5cDofXPxjjYQYbnmpow-276x276.jpg 276w, https:\/\/oigs.hr\/novo\/wp-content\/uploads\/2025\/08\/Da5cDofXPxjjYQYbnmpow-125x125.jpg 125w, https:\/\/oigs.hr\/novo\/wp-content\/uploads\/2025\/08\/Da5cDofXPxjjYQYbnmpow.jpg 1536w\" sizes=\"auto, (max-width: 398px) 100vw, 398px\" \/><\/a><\/p>\n<p><a href=\"https:\/\/oigs.hr\/novo\/wp-content\/uploads\/2025\/08\/Kriteriji-vrednovanja-za-modularnu-nastavu.pdf\"><img loading=\"lazy\" decoding=\"async\" class=\"alignnone wp-image-9991\" src=\"https:\/\/oigs.hr\/novo\/wp-content\/uploads\/2025\/08\/Fashion-Bran-Logo-300x300.png\" alt=\"\" width=\"396\" height=\"396\" srcset=\"https:\/\/oigs.hr\/novo\/wp-content\/uploads\/2025\/08\/Fashion-Bran-Logo-300x300.png 300w, https:\/\/oigs.hr\/novo\/wp-content\/uploads\/2025\/08\/Fashion-Bran-Logo-150x150.png 150w, https:\/\/oigs.hr\/novo\/wp-content\/uploads\/2025\/08\/Fashion-Bran-Logo-70x70.png 70w, https:\/\/oigs.hr\/novo\/wp-content\/uploads\/2025\/08\/Fashion-Bran-Logo-246x246.png 246w, https:\/\/oigs.hr\/novo\/wp-content\/uploads\/2025\/08\/Fashion-Bran-Logo-276x276.png 276w, https:\/\/oigs.hr\/novo\/wp-content\/uploads\/2025\/08\/Fashion-Bran-Logo-125x125.png 125w, https:\/\/oigs.hr\/novo\/wp-content\/uploads\/2025\/08\/Fashion-Bran-Logo.png 688w\" sizes=\"auto, (max-width: 396px) 100vw, 396px\" \/><\/a><\/p>\n<p><a href=\"https:\/\/oigs.hr\/novo\/wp-content\/uploads\/2025\/09\/Elementi-i-kriteriji-vrednovanja-NOVO.pdf\"><img loading=\"lazy\" decoding=\"async\" class=\"alignnone wp-image-10003\" src=\"https:\/\/oigs.hr\/novo\/wp-content\/uploads\/2025\/08\/eejmjFNJuA7sbTKw4gKiH-300x300.jpg\" alt=\"\" width=\"393\" height=\"393\" srcset=\"https:\/\/oigs.hr\/novo\/wp-content\/uploads\/2025\/08\/eejmjFNJuA7sbTKw4gKiH-300x300.jpg 300w, https:\/\/oigs.hr\/novo\/wp-content\/uploads\/2025\/08\/eejmjFNJuA7sbTKw4gKiH-1024x1024.jpg 1024w, https:\/\/oigs.hr\/novo\/wp-content\/uploads\/2025\/08\/eejmjFNJuA7sbTKw4gKiH-150x150.jpg 150w, https:\/\/oigs.hr\/novo\/wp-content\/uploads\/2025\/08\/eejmjFNJuA7sbTKw4gKiH-768x768.jpg 768w, https:\/\/oigs.hr\/novo\/wp-content\/uploads\/2025\/08\/eejmjFNJuA7sbTKw4gKiH-70x70.jpg 70w, https:\/\/oigs.hr\/novo\/wp-content\/uploads\/2025\/08\/eejmjFNJuA7sbTKw4gKiH-246x246.jpg 246w, https:\/\/oigs.hr\/novo\/wp-content\/uploads\/2025\/08\/eejmjFNJuA7sbTKw4gKiH-276x276.jpg 276w, https:\/\/oigs.hr\/novo\/wp-content\/uploads\/2025\/08\/eejmjFNJuA7sbTKw4gKiH-125x125.jpg 125w, https:\/\/oigs.hr\/novo\/wp-content\/uploads\/2025\/08\/eejmjFNJuA7sbTKw4gKiH.jpg 1536w\" sizes=\"auto, (max-width: 393px) 100vw, 393px\" \/><\/a><\/p>\n<p>&nbsp;<\/p>\n<p><img loading=\"lazy\" decoding=\"async\" class=\"alignnone wp-image-10004\" src=\"https:\/\/oigs.hr\/novo\/wp-content\/uploads\/2025\/08\/Fashion-Bran-Logo-3-300x300.png\" alt=\"\" width=\"391\" height=\"391\" srcset=\"https:\/\/oigs.hr\/novo\/wp-content\/uploads\/2025\/08\/Fashion-Bran-Logo-3-300x300.png 300w, https:\/\/oigs.hr\/novo\/wp-content\/uploads\/2025\/08\/Fashion-Bran-Logo-3-150x150.png 150w, https:\/\/oigs.hr\/novo\/wp-content\/uploads\/2025\/08\/Fashion-Bran-Logo-3-70x70.png 70w, https:\/\/oigs.hr\/novo\/wp-content\/uploads\/2025\/08\/Fashion-Bran-Logo-3-246x246.png 246w, https:\/\/oigs.hr\/novo\/wp-content\/uploads\/2025\/08\/Fashion-Bran-Logo-3-276x276.png 276w, https:\/\/oigs.hr\/novo\/wp-content\/uploads\/2025\/08\/Fashion-Bran-Logo-3-125x125.png 125w, https:\/\/oigs.hr\/novo\/wp-content\/uploads\/2025\/08\/Fashion-Bran-Logo-3.png 688w\" sizes=\"auto, (max-width: 391px) 100vw, 391px\" \/><\/p>\n<p><img loading=\"lazy\" decoding=\"async\" class=\"alignnone wp-image-10006\" src=\"https:\/\/oigs.hr\/novo\/wp-content\/uploads\/2025\/08\/Fashion-Bran-Logo-4-300x300.png\" alt=\"\" width=\"392\" height=\"392\" srcset=\"https:\/\/oigs.hr\/novo\/wp-content\/uploads\/2025\/08\/Fashion-Bran-Logo-4-300x300.png 300w, https:\/\/oigs.hr\/novo\/wp-content\/uploads\/2025\/08\/Fashion-Bran-Logo-4-150x150.png 150w, https:\/\/oigs.hr\/novo\/wp-content\/uploads\/2025\/08\/Fashion-Bran-Logo-4-70x70.png 70w, https:\/\/oigs.hr\/novo\/wp-content\/uploads\/2025\/08\/Fashion-Bran-Logo-4-246x246.png 246w, https:\/\/oigs.hr\/novo\/wp-content\/uploads\/2025\/08\/Fashion-Bran-Logo-4-276x276.png 276w, https:\/\/oigs.hr\/novo\/wp-content\/uploads\/2025\/08\/Fashion-Bran-Logo-4-125x125.png 125w, https:\/\/oigs.hr\/novo\/wp-content\/uploads\/2025\/08\/Fashion-Bran-Logo-4.png 688w\" sizes=\"auto, (max-width: 392px) 100vw, 392px\" \/><\/p>\n<p><img loading=\"lazy\" decoding=\"async\" class=\"alignnone wp-image-9995\" src=\"https:\/\/oigs.hr\/novo\/wp-content\/uploads\/2025\/08\/Fashion-Bran-Logo-1-300x300.png\" alt=\"\" width=\"396\" height=\"396\" srcset=\"https:\/\/oigs.hr\/novo\/wp-content\/uploads\/2025\/08\/Fashion-Bran-Logo-1-300x300.png 300w, https:\/\/oigs.hr\/novo\/wp-content\/uploads\/2025\/08\/Fashion-Bran-Logo-1-150x150.png 150w, https:\/\/oigs.hr\/novo\/wp-content\/uploads\/2025\/08\/Fashion-Bran-Logo-1-70x70.png 70w, https:\/\/oigs.hr\/novo\/wp-content\/uploads\/2025\/08\/Fashion-Bran-Logo-1-246x246.png 246w, https:\/\/oigs.hr\/novo\/wp-content\/uploads\/2025\/08\/Fashion-Bran-Logo-1-276x276.png 276w, https:\/\/oigs.hr\/novo\/wp-content\/uploads\/2025\/08\/Fashion-Bran-Logo-1-125x125.png 125w, https:\/\/oigs.hr\/novo\/wp-content\/uploads\/2025\/08\/Fashion-Bran-Logo-1.png 688w\" sizes=\"auto, (max-width: 396px) 100vw, 396px\" \/><\/p>\n<p><img loading=\"lazy\" decoding=\"async\" class=\"alignnone wp-image-9994\" src=\"https:\/\/oigs.hr\/novo\/wp-content\/uploads\/2025\/08\/wBLccG16XQ9PTrPvHHFpj-300x300.jpg\" alt=\"\" width=\"393\" height=\"393\" srcset=\"https:\/\/oigs.hr\/novo\/wp-content\/uploads\/2025\/08\/wBLccG16XQ9PTrPvHHFpj-300x300.jpg 300w, https:\/\/oigs.hr\/novo\/wp-content\/uploads\/2025\/08\/wBLccG16XQ9PTrPvHHFpj-1024x1024.jpg 1024w, https:\/\/oigs.hr\/novo\/wp-content\/uploads\/2025\/08\/wBLccG16XQ9PTrPvHHFpj-150x150.jpg 150w, https:\/\/oigs.hr\/novo\/wp-content\/uploads\/2025\/08\/wBLccG16XQ9PTrPvHHFpj-768x768.jpg 768w, https:\/\/oigs.hr\/novo\/wp-content\/uploads\/2025\/08\/wBLccG16XQ9PTrPvHHFpj-70x70.jpg 70w, https:\/\/oigs.hr\/novo\/wp-content\/uploads\/2025\/08\/wBLccG16XQ9PTrPvHHFpj-246x246.jpg 246w, https:\/\/oigs.hr\/novo\/wp-content\/uploads\/2025\/08\/wBLccG16XQ9PTrPvHHFpj-276x276.jpg 276w, https:\/\/oigs.hr\/novo\/wp-content\/uploads\/2025\/08\/wBLccG16XQ9PTrPvHHFpj-125x125.jpg 125w, https:\/\/oigs.hr\/novo\/wp-content\/uploads\/2025\/08\/wBLccG16XQ9PTrPvHHFpj.jpg 1536w\" sizes=\"auto, (max-width: 393px) 100vw, 393px\" \/><\/p>\n<p><img loading=\"lazy\" decoding=\"async\" class=\"alignnone wp-image-9996\" src=\"https:\/\/oigs.hr\/novo\/wp-content\/uploads\/2025\/08\/tuLSkHCRjGHmyZYRJI7sA-300x300.jpg\" alt=\"\" width=\"391\" height=\"391\" srcset=\"https:\/\/oigs.hr\/novo\/wp-content\/uploads\/2025\/08\/tuLSkHCRjGHmyZYRJI7sA-300x300.jpg 300w, https:\/\/oigs.hr\/novo\/wp-content\/uploads\/2025\/08\/tuLSkHCRjGHmyZYRJI7sA-1024x1024.jpg 1024w, https:\/\/oigs.hr\/novo\/wp-content\/uploads\/2025\/08\/tuLSkHCRjGHmyZYRJI7sA-150x150.jpg 150w, https:\/\/oigs.hr\/novo\/wp-content\/uploads\/2025\/08\/tuLSkHCRjGHmyZYRJI7sA-768x768.jpg 768w, https:\/\/oigs.hr\/novo\/wp-content\/uploads\/2025\/08\/tuLSkHCRjGHmyZYRJI7sA-70x70.jpg 70w, https:\/\/oigs.hr\/novo\/wp-content\/uploads\/2025\/08\/tuLSkHCRjGHmyZYRJI7sA-246x246.jpg 246w, https:\/\/oigs.hr\/novo\/wp-content\/uploads\/2025\/08\/tuLSkHCRjGHmyZYRJI7sA-276x276.jpg 276w, https:\/\/oigs.hr\/novo\/wp-content\/uploads\/2025\/08\/tuLSkHCRjGHmyZYRJI7sA-125x125.jpg 125w, https:\/\/oigs.hr\/novo\/wp-content\/uploads\/2025\/08\/tuLSkHCRjGHmyZYRJI7sA.jpg 1536w\" sizes=\"auto, (max-width: 391px) 100vw, 391px\" \/><\/p>\n<p><img loading=\"lazy\" decoding=\"async\" class=\"alignnone wp-image-9999\" src=\"https:\/\/oigs.hr\/novo\/wp-content\/uploads\/2025\/08\/Fashion-Bran-Logo-2-300x300.png\" alt=\"\" width=\"390\" height=\"390\" srcset=\"https:\/\/oigs.hr\/novo\/wp-content\/uploads\/2025\/08\/Fashion-Bran-Logo-2-300x300.png 300w, https:\/\/oigs.hr\/novo\/wp-content\/uploads\/2025\/08\/Fashion-Bran-Logo-2-150x150.png 150w, https:\/\/oigs.hr\/novo\/wp-content\/uploads\/2025\/08\/Fashion-Bran-Logo-2-70x70.png 70w, https:\/\/oigs.hr\/novo\/wp-content\/uploads\/2025\/08\/Fashion-Bran-Logo-2-246x246.png 246w, https:\/\/oigs.hr\/novo\/wp-content\/uploads\/2025\/08\/Fashion-Bran-Logo-2-276x276.png 276w, https:\/\/oigs.hr\/novo\/wp-content\/uploads\/2025\/08\/Fashion-Bran-Logo-2-125x125.png 125w, https:\/\/oigs.hr\/novo\/wp-content\/uploads\/2025\/08\/Fashion-Bran-Logo-2.png 688w\" sizes=\"auto, (max-width: 390px) 100vw, 390px\" \/><\/p>\n<p><img loading=\"lazy\" decoding=\"async\" class=\"alignnone wp-image-10010\" src=\"https:\/\/oigs.hr\/novo\/wp-content\/uploads\/2025\/08\/Fashion-Bran-Logo-6-300x300.png\" alt=\"\" width=\"390\" height=\"390\" srcset=\"https:\/\/oigs.hr\/novo\/wp-content\/uploads\/2025\/08\/Fashion-Bran-Logo-6-300x300.png 300w, https:\/\/oigs.hr\/novo\/wp-content\/uploads\/2025\/08\/Fashion-Bran-Logo-6-150x150.png 150w, https:\/\/oigs.hr\/novo\/wp-content\/uploads\/2025\/08\/Fashion-Bran-Logo-6-70x70.png 70w, https:\/\/oigs.hr\/novo\/wp-content\/uploads\/2025\/08\/Fashion-Bran-Logo-6-246x246.png 246w, https:\/\/oigs.hr\/novo\/wp-content\/uploads\/2025\/08\/Fashion-Bran-Logo-6-276x276.png 276w, https:\/\/oigs.hr\/novo\/wp-content\/uploads\/2025\/08\/Fashion-Bran-Logo-6-125x125.png 125w, https:\/\/oigs.hr\/novo\/wp-content\/uploads\/2025\/08\/Fashion-Bran-Logo-6.png 688w\" sizes=\"auto, (max-width: 390px) 100vw, 390px\" \/><\/p>\n<p><img loading=\"lazy\" decoding=\"async\" class=\"alignnone wp-image-10008\" src=\"https:\/\/oigs.hr\/novo\/wp-content\/uploads\/2025\/08\/Fashion-Bran-Logo-5-300x300.png\" alt=\"\" width=\"389\" height=\"389\" srcset=\"https:\/\/oigs.hr\/novo\/wp-content\/uploads\/2025\/08\/Fashion-Bran-Logo-5-300x300.png 300w, https:\/\/oigs.hr\/novo\/wp-content\/uploads\/2025\/08\/Fashion-Bran-Logo-5-150x150.png 150w, https:\/\/oigs.hr\/novo\/wp-content\/uploads\/2025\/08\/Fashion-Bran-Logo-5-70x70.png 70w, https:\/\/oigs.hr\/novo\/wp-content\/uploads\/2025\/08\/Fashion-Bran-Logo-5-246x246.png 246w, https:\/\/oigs.hr\/novo\/wp-content\/uploads\/2025\/08\/Fashion-Bran-Logo-5-276x276.png 276w, https:\/\/oigs.hr\/novo\/wp-content\/uploads\/2025\/08\/Fashion-Bran-Logo-5-125x125.png 125w, https:\/\/oigs.hr\/novo\/wp-content\/uploads\/2025\/08\/Fashion-Bran-Logo-5.png 688w\" sizes=\"auto, (max-width: 389px) 100vw, 389px\" \/><\/p>\n<p><img loading=\"lazy\" decoding=\"async\" class=\"alignnone wp-image-10015\" src=\"https:\/\/oigs.hr\/novo\/wp-content\/uploads\/2025\/08\/Fashion-Bran-Logo-8-300x300.png\" alt=\"\" width=\"383\" height=\"383\" srcset=\"https:\/\/oigs.hr\/novo\/wp-content\/uploads\/2025\/08\/Fashion-Bran-Logo-8-300x300.png 300w, https:\/\/oigs.hr\/novo\/wp-content\/uploads\/2025\/08\/Fashion-Bran-Logo-8-150x150.png 150w, https:\/\/oigs.hr\/novo\/wp-content\/uploads\/2025\/08\/Fashion-Bran-Logo-8-70x70.png 70w, https:\/\/oigs.hr\/novo\/wp-content\/uploads\/2025\/08\/Fashion-Bran-Logo-8-246x246.png 246w, https:\/\/oigs.hr\/novo\/wp-content\/uploads\/2025\/08\/Fashion-Bran-Logo-8-276x276.png 276w, https:\/\/oigs.hr\/novo\/wp-content\/uploads\/2025\/08\/Fashion-Bran-Logo-8-125x125.png 125w, https:\/\/oigs.hr\/novo\/wp-content\/uploads\/2025\/08\/Fashion-Bran-Logo-8.png 688w\" sizes=\"auto, (max-width: 383px) 100vw, 383px\" \/><\/p>\n<p>&nbsp;<\/p>\n","protected":false},"excerpt":{"rendered":"<p>Kriteriji vrednovanja &nbsp; &nbsp;<\/p>\n","protected":false},"author":3,"featured_media":0,"parent":0,"menu_order":0,"comment_status":"closed","ping_status":"closed","template":"","meta":{"footnotes":""},"class_list":["post-9984","page","type-page","status-publish","hentry"],"yoast_head":"<!-- This site is optimized with the Yoast SEO plugin v27.4 - https:\/\/yoast.com\/product\/yoast-seo-wordpress\/ -->\n<title>Kriteriji vrednovanja - OIG\u0160<\/title>\n<meta name=\"description\" content=\"Kriteriji vrednovanja       &nbsp;                    &nbsp;\" \/>\n<meta name=\"robots\" content=\"index, follow, max-snippet:-1, max-image-preview:large, max-video-preview:-1\" \/>\n<link rel=\"canonical\" href=\"https:\/\/oigs.hr\/novo\/kriteriji-vrednovanja\/\" \/>\n<meta property=\"og:locale\" content=\"hr_HR\" \/>\n<meta property=\"og:type\" content=\"article\" \/>\n<meta property=\"og:title\" content=\"Kriteriji vrednovanja - OIG\u0160\" \/>\n<meta property=\"og:description\" content=\"Kriteriji vrednovanja       &nbsp;                    &nbsp;\" \/>\n<meta property=\"og:url\" content=\"https:\/\/oigs.hr\/novo\/kriteriji-vrednovanja\/\" \/>\n<meta property=\"og:site_name\" content=\"OIG\u0160\" \/>\n<meta property=\"article:publisher\" content=\"https:\/\/www.facebook.com\/oigs.srednjaskola\/\" \/>\n<meta property=\"article:modified_time\" content=\"2025-09-12T08:26:53+00:00\" \/>\n<meta property=\"og:image\" content=\"https:\/\/oigs.hr\/novo\/wp-content\/uploads\/2025\/08\/Da5cDofXPxjjYQYbnmpow.jpg\" \/>\n\t<meta property=\"og:image:width\" content=\"1536\" \/>\n\t<meta property=\"og:image:height\" content=\"1536\" \/>\n\t<meta property=\"og:image:type\" content=\"image\/jpeg\" \/>\n<meta name=\"twitter:card\" content=\"summary_large_image\" \/>\n<meta name=\"twitter:label1\" content=\"Procijenjeno vrijeme \u010ditanja\" \/>\n\t<meta name=\"twitter:data1\" content=\"3 minute\" \/>\n<script type=\"application\/ld+json\" class=\"yoast-schema-graph\">{\"@context\":\"https:\\\/\\\/schema.org\",\"@graph\":[{\"@type\":\"WebPage\",\"@id\":\"https:\\\/\\\/oigs.hr\\\/novo\\\/kriteriji-vrednovanja\\\/\",\"url\":\"https:\\\/\\\/oigs.hr\\\/novo\\\/kriteriji-vrednovanja\\\/\",\"name\":\"Kriteriji vrednovanja - OIG\u0160\",\"isPartOf\":{\"@id\":\"https:\\\/\\\/oigs.hr\\\/novo\\\/#website\"},\"primaryImageOfPage\":{\"@id\":\"https:\\\/\\\/oigs.hr\\\/novo\\\/kriteriji-vrednovanja\\\/#primaryimage\"},\"image\":{\"@id\":\"https:\\\/\\\/oigs.hr\\\/novo\\\/kriteriji-vrednovanja\\\/#primaryimage\"},\"thumbnailUrl\":\"https:\\\/\\\/oigs.hr\\\/novo\\\/wp-content\\\/uploads\\\/2025\\\/08\\\/Da5cDofXPxjjYQYbnmpow-300x300.jpg\",\"datePublished\":\"2025-08-19T19:43:22+00:00\",\"dateModified\":\"2025-09-12T08:26:53+00:00\",\"description\":\"Kriteriji vrednovanja &nbsp; &nbsp;\",\"breadcrumb\":{\"@id\":\"https:\\\/\\\/oigs.hr\\\/novo\\\/kriteriji-vrednovanja\\\/#breadcrumb\"},\"inLanguage\":\"hr\",\"potentialAction\":[{\"@type\":\"ReadAction\",\"target\":[\"https:\\\/\\\/oigs.hr\\\/novo\\\/kriteriji-vrednovanja\\\/\"]}]},{\"@type\":\"ImageObject\",\"inLanguage\":\"hr\",\"@id\":\"https:\\\/\\\/oigs.hr\\\/novo\\\/kriteriji-vrednovanja\\\/#primaryimage\",\"url\":\"https:\\\/\\\/oigs.hr\\\/novo\\\/wp-content\\\/uploads\\\/2025\\\/08\\\/Da5cDofXPxjjYQYbnmpow.jpg\",\"contentUrl\":\"https:\\\/\\\/oigs.hr\\\/novo\\\/wp-content\\\/uploads\\\/2025\\\/08\\\/Da5cDofXPxjjYQYbnmpow.jpg\",\"width\":1536,\"height\":1536},{\"@type\":\"BreadcrumbList\",\"@id\":\"https:\\\/\\\/oigs.hr\\\/novo\\\/kriteriji-vrednovanja\\\/#breadcrumb\",\"itemListElement\":[{\"@type\":\"ListItem\",\"position\":1,\"name\":\"Po\u010detna stranica\",\"item\":\"https:\\\/\\\/oigs.hr\\\/novo\\\/\"},{\"@type\":\"ListItem\",\"position\":2,\"name\":\"Kriteriji vrednovanja\"}]},{\"@type\":\"WebSite\",\"@id\":\"https:\\\/\\\/oigs.hr\\\/novo\\\/#website\",\"url\":\"https:\\\/\\\/oigs.hr\\\/novo\\\/\",\"name\":\"OIG\u0160\",\"description\":\"Obrtni\u010dka i industrijska graditeljska \u0161kola\",\"publisher\":{\"@id\":\"https:\\\/\\\/oigs.hr\\\/novo\\\/#organization\"},\"potentialAction\":[{\"@type\":\"SearchAction\",\"target\":{\"@type\":\"EntryPoint\",\"urlTemplate\":\"https:\\\/\\\/oigs.hr\\\/novo\\\/?s={search_term_string}\"},\"query-input\":{\"@type\":\"PropertyValueSpecification\",\"valueRequired\":true,\"valueName\":\"search_term_string\"}}],\"inLanguage\":\"hr\"},{\"@type\":\"Organization\",\"@id\":\"https:\\\/\\\/oigs.hr\\\/novo\\\/#organization\",\"name\":\"OIG\u0160\",\"url\":\"https:\\\/\\\/oigs.hr\\\/novo\\\/\",\"logo\":{\"@type\":\"ImageObject\",\"inLanguage\":\"hr\",\"@id\":\"https:\\\/\\\/oigs.hr\\\/novo\\\/#\\\/schema\\\/logo\\\/image\\\/\",\"url\":\"https:\\\/\\\/oigs.hr\\\/novo\\\/wp-content\\\/uploads\\\/2020\\\/06\\\/logo-1-e1592001907410.png\",\"contentUrl\":\"https:\\\/\\\/oigs.hr\\\/novo\\\/wp-content\\\/uploads\\\/2020\\\/06\\\/logo-1-e1592001907410.png\",\"width\":195,\"height\":181,\"caption\":\"OIG\u0160\"},\"image\":{\"@id\":\"https:\\\/\\\/oigs.hr\\\/novo\\\/#\\\/schema\\\/logo\\\/image\\\/\"},\"sameAs\":[\"https:\\\/\\\/www.facebook.com\\\/oigs.srednjaskola\\\/\"]}]}<\/script>\n<!-- \/ Yoast SEO plugin. -->","yoast_head_json":{"title":"Kriteriji vrednovanja - OIG\u0160","description":"Kriteriji vrednovanja       &nbsp;                    &nbsp;","robots":{"index":"index","follow":"follow","max-snippet":"max-snippet:-1","max-image-preview":"max-image-preview:large","max-video-preview":"max-video-preview:-1"},"canonical":"https:\/\/oigs.hr\/novo\/kriteriji-vrednovanja\/","og_locale":"hr_HR","og_type":"article","og_title":"Kriteriji vrednovanja - OIG\u0160","og_description":"Kriteriji vrednovanja       &nbsp;                    &nbsp;","og_url":"https:\/\/oigs.hr\/novo\/kriteriji-vrednovanja\/","og_site_name":"OIG\u0160","article_publisher":"https:\/\/www.facebook.com\/oigs.srednjaskola\/","article_modified_time":"2025-09-12T08:26:53+00:00","og_image":[{"width":1536,"height":1536,"url":"https:\/\/oigs.hr\/novo\/wp-content\/uploads\/2025\/08\/Da5cDofXPxjjYQYbnmpow.jpg","type":"image\/jpeg"}],"twitter_card":"summary_large_image","twitter_misc":{"Procijenjeno vrijeme \u010ditanja":"3 minute"},"schema":{"@context":"https:\/\/schema.org","@graph":[{"@type":"WebPage","@id":"https:\/\/oigs.hr\/novo\/kriteriji-vrednovanja\/","url":"https:\/\/oigs.hr\/novo\/kriteriji-vrednovanja\/","name":"Kriteriji vrednovanja - OIG\u0160","isPartOf":{"@id":"https:\/\/oigs.hr\/novo\/#website"},"primaryImageOfPage":{"@id":"https:\/\/oigs.hr\/novo\/kriteriji-vrednovanja\/#primaryimage"},"image":{"@id":"https:\/\/oigs.hr\/novo\/kriteriji-vrednovanja\/#primaryimage"},"thumbnailUrl":"https:\/\/oigs.hr\/novo\/wp-content\/uploads\/2025\/08\/Da5cDofXPxjjYQYbnmpow-300x300.jpg","datePublished":"2025-08-19T19:43:22+00:00","dateModified":"2025-09-12T08:26:53+00:00","description":"Kriteriji vrednovanja &nbsp; &nbsp;","breadcrumb":{"@id":"https:\/\/oigs.hr\/novo\/kriteriji-vrednovanja\/#breadcrumb"},"inLanguage":"hr","potentialAction":[{"@type":"ReadAction","target":["https:\/\/oigs.hr\/novo\/kriteriji-vrednovanja\/"]}]},{"@type":"ImageObject","inLanguage":"hr","@id":"https:\/\/oigs.hr\/novo\/kriteriji-vrednovanja\/#primaryimage","url":"https:\/\/oigs.hr\/novo\/wp-content\/uploads\/2025\/08\/Da5cDofXPxjjYQYbnmpow.jpg","contentUrl":"https:\/\/oigs.hr\/novo\/wp-content\/uploads\/2025\/08\/Da5cDofXPxjjYQYbnmpow.jpg","width":1536,"height":1536},{"@type":"BreadcrumbList","@id":"https:\/\/oigs.hr\/novo\/kriteriji-vrednovanja\/#breadcrumb","itemListElement":[{"@type":"ListItem","position":1,"name":"Po\u010detna stranica","item":"https:\/\/oigs.hr\/novo\/"},{"@type":"ListItem","position":2,"name":"Kriteriji vrednovanja"}]},{"@type":"WebSite","@id":"https:\/\/oigs.hr\/novo\/#website","url":"https:\/\/oigs.hr\/novo\/","name":"OIG\u0160","description":"Obrtni\u010dka i industrijska graditeljska \u0161kola","publisher":{"@id":"https:\/\/oigs.hr\/novo\/#organization"},"potentialAction":[{"@type":"SearchAction","target":{"@type":"EntryPoint","urlTemplate":"https:\/\/oigs.hr\/novo\/?s={search_term_string}"},"query-input":{"@type":"PropertyValueSpecification","valueRequired":true,"valueName":"search_term_string"}}],"inLanguage":"hr"},{"@type":"Organization","@id":"https:\/\/oigs.hr\/novo\/#organization","name":"OIG\u0160","url":"https:\/\/oigs.hr\/novo\/","logo":{"@type":"ImageObject","inLanguage":"hr","@id":"https:\/\/oigs.hr\/novo\/#\/schema\/logo\/image\/","url":"https:\/\/oigs.hr\/novo\/wp-content\/uploads\/2020\/06\/logo-1-e1592001907410.png","contentUrl":"https:\/\/oigs.hr\/novo\/wp-content\/uploads\/2020\/06\/logo-1-e1592001907410.png","width":195,"height":181,"caption":"OIG\u0160"},"image":{"@id":"https:\/\/oigs.hr\/novo\/#\/schema\/logo\/image\/"},"sameAs":["https:\/\/www.facebook.com\/oigs.srednjaskola\/"]}]}},"_links":{"self":[{"href":"https:\/\/oigs.hr\/novo\/wp-json\/wp\/v2\/pages\/9984","targetHints":{"allow":["GET"]}}],"collection":[{"href":"https:\/\/oigs.hr\/novo\/wp-json\/wp\/v2\/pages"}],"about":[{"href":"https:\/\/oigs.hr\/novo\/wp-json\/wp\/v2\/types\/page"}],"author":[{"embeddable":true,"href":"https:\/\/oigs.hr\/novo\/wp-json\/wp\/v2\/users\/3"}],"replies":[{"embeddable":true,"href":"https:\/\/oigs.hr\/novo\/wp-json\/wp\/v2\/comments?post=9984"}],"version-history":[{"count":22,"href":"https:\/\/oigs.hr\/novo\/wp-json\/wp\/v2\/pages\/9984\/revisions"}],"predecessor-version":[{"id":10124,"href":"https:\/\/oigs.hr\/novo\/wp-json\/wp\/v2\/pages\/9984\/revisions\/10124"}],"wp:attachment":[{"href":"https:\/\/oigs.hr\/novo\/wp-json\/wp\/v2\/media?parent=9984"}],"curies":[{"name":"wp","href":"https:\/\/api.w.org\/{rel}","templated":true}]}}