{"id":9666,"date":"2025-06-24T19:17:09","date_gmt":"2025-06-24T17:17:09","guid":{"rendered":"https:\/\/oigs.hr\/novo\/?page_id=9666"},"modified":"2025-12-05T12:46:19","modified_gmt":"2025-12-05T11:46:19","slug":"informacije-za-roditelje","status":"publish","type":"page","link":"https:\/\/oigs.hr\/novo\/informacije-za-roditelje\/","title":{"rendered":"Informacije"},"content":{"rendered":"<h1>Informacije za roditelje \/ staratelje \/ skrbnike<\/h1>\n<p><a href=\"https:\/\/oigs.hr\/novo\/wp-content\/uploads\/2025\/12\/Informacije-za-roditelje-25_26.pdf\"><img loading=\"lazy\" decoding=\"async\" class=\"alignnone size-medium wp-image-9670\" src=\"https:\/\/oigs.hr\/novo\/wp-content\/uploads\/2025\/06\/wOM-P5H7aCDUZhdONxnxO-300x300.png\" alt=\"\" width=\"300\" height=\"300\" srcset=\"https:\/\/oigs.hr\/novo\/wp-content\/uploads\/2025\/06\/wOM-P5H7aCDUZhdONxnxO-300x300.png 300w, https:\/\/oigs.hr\/novo\/wp-content\/uploads\/2025\/06\/wOM-P5H7aCDUZhdONxnxO-150x150.png 150w, https:\/\/oigs.hr\/novo\/wp-content\/uploads\/2025\/06\/wOM-P5H7aCDUZhdONxnxO-768x768.png 768w, https:\/\/oigs.hr\/novo\/wp-content\/uploads\/2025\/06\/wOM-P5H7aCDUZhdONxnxO-70x70.png 70w, https:\/\/oigs.hr\/novo\/wp-content\/uploads\/2025\/06\/wOM-P5H7aCDUZhdONxnxO-246x246.png 246w, https:\/\/oigs.hr\/novo\/wp-content\/uploads\/2025\/06\/wOM-P5H7aCDUZhdONxnxO-276x276.png 276w, https:\/\/oigs.hr\/novo\/wp-content\/uploads\/2025\/06\/wOM-P5H7aCDUZhdONxnxO-125x125.png 125w, https:\/\/oigs.hr\/novo\/wp-content\/uploads\/2025\/06\/wOM-P5H7aCDUZhdONxnxO.png 1024w\" sizes=\"auto, (max-width: 300px) 100vw, 300px\" \/><\/a><\/p>\n<p data-start=\"75\" data-end=\"270\">U privitku se nalazi <em data-start=\"96\" data-end=\"136\">Popis termina informacija za roditelje<\/em> za \u0161kolsku godinu 2025.\/2026., s nazna\u010denim danima i vremenima kada pojedini razrednici i predmetni nastavnici primaju roditelje.<\/p>\n<p data-start=\"272\" data-end=\"439\"><strong data-start=\"275\" data-end=\"285\">VA\u017dNO:<\/strong> Informacije se odr\u017eavaju <strong data-start=\"311\" data-end=\"345\">isklju\u010divo uz prethodnu najavu<\/strong>, minimalno <strong data-start=\"357\" data-end=\"374\">2 dana ranije<\/strong>, i to putem dogovora s razrednicima ili predmetnim nastavnicima.<\/p>\n<p data-start=\"441\" data-end=\"552\">Molimo roditelje da se pridr\u017eavaju navedenih uputa kako bismo osigurali kvalitetnu i pravovremenu komunikaciju.<\/p>\n<p data-start=\"554\" data-end=\"590\">Hvala na razumijevanju i suradnji!<\/p>\n<p data-start=\"554\" data-end=\"590\"><span style=\"color: #000080;\"><strong><a style=\"color: #000080;\" href=\"https:\/\/oigs.hr\/novo\/wp-content\/uploads\/2025\/12\/Informacije-za-roditelje-25_26.pdf\">Informacije za roditelje 25_26<\/a><\/strong><\/span><\/p>\n","protected":false},"excerpt":{"rendered":"<p>Informacije za roditelje \/ staratelje \/ skrbnike U privitku se nalazi Popis termina informacija za roditelje za \u0161kolsku godinu 2025.\/2026., &hellip; <\/p>\n","protected":false},"author":3,"featured_media":0,"parent":0,"menu_order":0,"comment_status":"closed","ping_status":"closed","template":"","meta":{"footnotes":""},"class_list":["post-9666","page","type-page","status-publish","hentry"],"yoast_head":"<!-- This site is optimized with the Yoast SEO plugin v27.4 - https:\/\/yoast.com\/product\/yoast-seo-wordpress\/ -->\n<title>Informacije - OIG\u0160<\/title>\n<meta name=\"description\" content=\"Informacije za roditelje \/ staratelje \/ skrbnike U privitku se nalazi Popis termina informacija za roditelje za \u0161kolsku godinu 2025.\/2026., s nazna\u010denim\" \/>\n<meta name=\"robots\" content=\"index, follow, max-snippet:-1, max-image-preview:large, max-video-preview:-1\" \/>\n<link rel=\"canonical\" href=\"https:\/\/oigs.hr\/novo\/informacije-za-roditelje\/\" \/>\n<meta property=\"og:locale\" content=\"hr_HR\" \/>\n<meta property=\"og:type\" content=\"article\" \/>\n<meta property=\"og:title\" content=\"Informacije - OIG\u0160\" \/>\n<meta property=\"og:description\" content=\"Informacije za roditelje \/ staratelje \/ skrbnike U privitku se nalazi Popis termina informacija za roditelje za \u0161kolsku godinu 2025.\/2026., s nazna\u010denim\" \/>\n<meta property=\"og:url\" content=\"https:\/\/oigs.hr\/novo\/informacije-za-roditelje\/\" \/>\n<meta property=\"og:site_name\" content=\"OIG\u0160\" \/>\n<meta property=\"article:publisher\" content=\"https:\/\/www.facebook.com\/oigs.srednjaskola\/\" \/>\n<meta property=\"article:modified_time\" content=\"2025-12-05T11:46:19+00:00\" \/>\n<meta property=\"og:image\" content=\"https:\/\/oigs.hr\/novo\/wp-content\/uploads\/2025\/06\/wOM-P5H7aCDUZhdONxnxO.png\" \/>\n\t<meta property=\"og:image:width\" content=\"1024\" \/>\n\t<meta property=\"og:image:height\" content=\"1024\" \/>\n\t<meta property=\"og:image:type\" content=\"image\/png\" \/>\n<meta name=\"twitter:card\" content=\"summary_large_image\" \/>\n<meta name=\"twitter:label1\" content=\"Procijenjeno vrijeme \u010ditanja\" \/>\n\t<meta name=\"twitter:data1\" content=\"1 minuta\" \/>\n<script type=\"application\/ld+json\" class=\"yoast-schema-graph\">{\"@context\":\"https:\\\/\\\/schema.org\",\"@graph\":[{\"@type\":\"WebPage\",\"@id\":\"https:\\\/\\\/oigs.hr\\\/novo\\\/informacije-za-roditelje\\\/\",\"url\":\"https:\\\/\\\/oigs.hr\\\/novo\\\/informacije-za-roditelje\\\/\",\"name\":\"Informacije - OIG\u0160\",\"isPartOf\":{\"@id\":\"https:\\\/\\\/oigs.hr\\\/novo\\\/#website\"},\"primaryImageOfPage\":{\"@id\":\"https:\\\/\\\/oigs.hr\\\/novo\\\/informacije-za-roditelje\\\/#primaryimage\"},\"image\":{\"@id\":\"https:\\\/\\\/oigs.hr\\\/novo\\\/informacije-za-roditelje\\\/#primaryimage\"},\"thumbnailUrl\":\"https:\\\/\\\/oigs.hr\\\/novo\\\/wp-content\\\/uploads\\\/2025\\\/06\\\/wOM-P5H7aCDUZhdONxnxO-300x300.png\",\"datePublished\":\"2025-06-24T17:17:09+00:00\",\"dateModified\":\"2025-12-05T11:46:19+00:00\",\"description\":\"Informacije za roditelje \\\/ staratelje \\\/ skrbnike U privitku se nalazi Popis termina informacija za roditelje za \u0161kolsku godinu 2025.\\\/2026., s nazna\u010denim\",\"breadcrumb\":{\"@id\":\"https:\\\/\\\/oigs.hr\\\/novo\\\/informacije-za-roditelje\\\/#breadcrumb\"},\"inLanguage\":\"hr\",\"potentialAction\":[{\"@type\":\"ReadAction\",\"target\":[\"https:\\\/\\\/oigs.hr\\\/novo\\\/informacije-za-roditelje\\\/\"]}]},{\"@type\":\"ImageObject\",\"inLanguage\":\"hr\",\"@id\":\"https:\\\/\\\/oigs.hr\\\/novo\\\/informacije-za-roditelje\\\/#primaryimage\",\"url\":\"https:\\\/\\\/oigs.hr\\\/novo\\\/wp-content\\\/uploads\\\/2025\\\/06\\\/wOM-P5H7aCDUZhdONxnxO.png\",\"contentUrl\":\"https:\\\/\\\/oigs.hr\\\/novo\\\/wp-content\\\/uploads\\\/2025\\\/06\\\/wOM-P5H7aCDUZhdONxnxO.png\",\"width\":1024,\"height\":1024},{\"@type\":\"BreadcrumbList\",\"@id\":\"https:\\\/\\\/oigs.hr\\\/novo\\\/informacije-za-roditelje\\\/#breadcrumb\",\"itemListElement\":[{\"@type\":\"ListItem\",\"position\":1,\"name\":\"Po\u010detna stranica\",\"item\":\"https:\\\/\\\/oigs.hr\\\/novo\\\/\"},{\"@type\":\"ListItem\",\"position\":2,\"name\":\"Informacije\"}]},{\"@type\":\"WebSite\",\"@id\":\"https:\\\/\\\/oigs.hr\\\/novo\\\/#website\",\"url\":\"https:\\\/\\\/oigs.hr\\\/novo\\\/\",\"name\":\"OIG\u0160\",\"description\":\"Obrtni\u010dka i industrijska graditeljska \u0161kola\",\"publisher\":{\"@id\":\"https:\\\/\\\/oigs.hr\\\/novo\\\/#organization\"},\"potentialAction\":[{\"@type\":\"SearchAction\",\"target\":{\"@type\":\"EntryPoint\",\"urlTemplate\":\"https:\\\/\\\/oigs.hr\\\/novo\\\/?s={search_term_string}\"},\"query-input\":{\"@type\":\"PropertyValueSpecification\",\"valueRequired\":true,\"valueName\":\"search_term_string\"}}],\"inLanguage\":\"hr\"},{\"@type\":\"Organization\",\"@id\":\"https:\\\/\\\/oigs.hr\\\/novo\\\/#organization\",\"name\":\"OIG\u0160\",\"url\":\"https:\\\/\\\/oigs.hr\\\/novo\\\/\",\"logo\":{\"@type\":\"ImageObject\",\"inLanguage\":\"hr\",\"@id\":\"https:\\\/\\\/oigs.hr\\\/novo\\\/#\\\/schema\\\/logo\\\/image\\\/\",\"url\":\"https:\\\/\\\/oigs.hr\\\/novo\\\/wp-content\\\/uploads\\\/2020\\\/06\\\/logo-1-e1592001907410.png\",\"contentUrl\":\"https:\\\/\\\/oigs.hr\\\/novo\\\/wp-content\\\/uploads\\\/2020\\\/06\\\/logo-1-e1592001907410.png\",\"width\":195,\"height\":181,\"caption\":\"OIG\u0160\"},\"image\":{\"@id\":\"https:\\\/\\\/oigs.hr\\\/novo\\\/#\\\/schema\\\/logo\\\/image\\\/\"},\"sameAs\":[\"https:\\\/\\\/www.facebook.com\\\/oigs.srednjaskola\\\/\"]}]}<\/script>\n<!-- \/ Yoast SEO plugin. -->","yoast_head_json":{"title":"Informacije - OIG\u0160","description":"Informacije za roditelje \/ staratelje \/ skrbnike U privitku se nalazi Popis termina informacija za roditelje za \u0161kolsku godinu 2025.\/2026., s nazna\u010denim","robots":{"index":"index","follow":"follow","max-snippet":"max-snippet:-1","max-image-preview":"max-image-preview:large","max-video-preview":"max-video-preview:-1"},"canonical":"https:\/\/oigs.hr\/novo\/informacije-za-roditelje\/","og_locale":"hr_HR","og_type":"article","og_title":"Informacije - OIG\u0160","og_description":"Informacije za roditelje \/ staratelje \/ skrbnike U privitku se nalazi Popis termina informacija za roditelje za \u0161kolsku godinu 2025.\/2026., s nazna\u010denim","og_url":"https:\/\/oigs.hr\/novo\/informacije-za-roditelje\/","og_site_name":"OIG\u0160","article_publisher":"https:\/\/www.facebook.com\/oigs.srednjaskola\/","article_modified_time":"2025-12-05T11:46:19+00:00","og_image":[{"width":1024,"height":1024,"url":"https:\/\/oigs.hr\/novo\/wp-content\/uploads\/2025\/06\/wOM-P5H7aCDUZhdONxnxO.png","type":"image\/png"}],"twitter_card":"summary_large_image","twitter_misc":{"Procijenjeno vrijeme \u010ditanja":"1 minuta"},"schema":{"@context":"https:\/\/schema.org","@graph":[{"@type":"WebPage","@id":"https:\/\/oigs.hr\/novo\/informacije-za-roditelje\/","url":"https:\/\/oigs.hr\/novo\/informacije-za-roditelje\/","name":"Informacije - OIG\u0160","isPartOf":{"@id":"https:\/\/oigs.hr\/novo\/#website"},"primaryImageOfPage":{"@id":"https:\/\/oigs.hr\/novo\/informacije-za-roditelje\/#primaryimage"},"image":{"@id":"https:\/\/oigs.hr\/novo\/informacije-za-roditelje\/#primaryimage"},"thumbnailUrl":"https:\/\/oigs.hr\/novo\/wp-content\/uploads\/2025\/06\/wOM-P5H7aCDUZhdONxnxO-300x300.png","datePublished":"2025-06-24T17:17:09+00:00","dateModified":"2025-12-05T11:46:19+00:00","description":"Informacije za roditelje \/ staratelje \/ skrbnike U privitku se nalazi Popis termina informacija za roditelje za \u0161kolsku godinu 2025.\/2026., s nazna\u010denim","breadcrumb":{"@id":"https:\/\/oigs.hr\/novo\/informacije-za-roditelje\/#breadcrumb"},"inLanguage":"hr","potentialAction":[{"@type":"ReadAction","target":["https:\/\/oigs.hr\/novo\/informacije-za-roditelje\/"]}]},{"@type":"ImageObject","inLanguage":"hr","@id":"https:\/\/oigs.hr\/novo\/informacije-za-roditelje\/#primaryimage","url":"https:\/\/oigs.hr\/novo\/wp-content\/uploads\/2025\/06\/wOM-P5H7aCDUZhdONxnxO.png","contentUrl":"https:\/\/oigs.hr\/novo\/wp-content\/uploads\/2025\/06\/wOM-P5H7aCDUZhdONxnxO.png","width":1024,"height":1024},{"@type":"BreadcrumbList","@id":"https:\/\/oigs.hr\/novo\/informacije-za-roditelje\/#breadcrumb","itemListElement":[{"@type":"ListItem","position":1,"name":"Po\u010detna stranica","item":"https:\/\/oigs.hr\/novo\/"},{"@type":"ListItem","position":2,"name":"Informacije"}]},{"@type":"WebSite","@id":"https:\/\/oigs.hr\/novo\/#website","url":"https:\/\/oigs.hr\/novo\/","name":"OIG\u0160","description":"Obrtni\u010dka i industrijska graditeljska \u0161kola","publisher":{"@id":"https:\/\/oigs.hr\/novo\/#organization"},"potentialAction":[{"@type":"SearchAction","target":{"@type":"EntryPoint","urlTemplate":"https:\/\/oigs.hr\/novo\/?s={search_term_string}"},"query-input":{"@type":"PropertyValueSpecification","valueRequired":true,"valueName":"search_term_string"}}],"inLanguage":"hr"},{"@type":"Organization","@id":"https:\/\/oigs.hr\/novo\/#organization","name":"OIG\u0160","url":"https:\/\/oigs.hr\/novo\/","logo":{"@type":"ImageObject","inLanguage":"hr","@id":"https:\/\/oigs.hr\/novo\/#\/schema\/logo\/image\/","url":"https:\/\/oigs.hr\/novo\/wp-content\/uploads\/2020\/06\/logo-1-e1592001907410.png","contentUrl":"https:\/\/oigs.hr\/novo\/wp-content\/uploads\/2020\/06\/logo-1-e1592001907410.png","width":195,"height":181,"caption":"OIG\u0160"},"image":{"@id":"https:\/\/oigs.hr\/novo\/#\/schema\/logo\/image\/"},"sameAs":["https:\/\/www.facebook.com\/oigs.srednjaskola\/"]}]}},"_links":{"self":[{"href":"https:\/\/oigs.hr\/novo\/wp-json\/wp\/v2\/pages\/9666","targetHints":{"allow":["GET"]}}],"collection":[{"href":"https:\/\/oigs.hr\/novo\/wp-json\/wp\/v2\/pages"}],"about":[{"href":"https:\/\/oigs.hr\/novo\/wp-json\/wp\/v2\/types\/page"}],"author":[{"embeddable":true,"href":"https:\/\/oigs.hr\/novo\/wp-json\/wp\/v2\/users\/3"}],"replies":[{"embeddable":true,"href":"https:\/\/oigs.hr\/novo\/wp-json\/wp\/v2\/comments?post=9666"}],"version-history":[{"count":5,"href":"https:\/\/oigs.hr\/novo\/wp-json\/wp\/v2\/pages\/9666\/revisions"}],"predecessor-version":[{"id":10591,"href":"https:\/\/oigs.hr\/novo\/wp-json\/wp\/v2\/pages\/9666\/revisions\/10591"}],"wp:attachment":[{"href":"https:\/\/oigs.hr\/novo\/wp-json\/wp\/v2\/media?parent=9666"}],"curies":[{"name":"wp","href":"https:\/\/api.w.org\/{rel}","templated":true}]}}