{"id":9592,"date":"2025-06-24T17:04:45","date_gmt":"2025-06-24T15:04:45","guid":{"rendered":"https:\/\/oigs.hr\/novo\/?page_id=9592"},"modified":"2025-09-23T09:01:34","modified_gmt":"2025-09-23T07:01:34","slug":"kalendar-rada","status":"publish","type":"page","link":"https:\/\/oigs.hr\/novo\/kalendar-rada\/","title":{"rendered":"Kalendar rada"},"content":{"rendered":"<p><img loading=\"lazy\" decoding=\"async\" class=\"alignnone wp-image-10113\" src=\"https:\/\/oigs.hr\/novo\/wp-content\/uploads\/2025\/09\/Playful-Printable-School-2025-Calendar-Poster-1-300x212.png\" alt=\"\" width=\"1030\" height=\"728\" srcset=\"https:\/\/oigs.hr\/novo\/wp-content\/uploads\/2025\/09\/Playful-Printable-School-2025-Calendar-Poster-1-300x212.png 300w, https:\/\/oigs.hr\/novo\/wp-content\/uploads\/2025\/09\/Playful-Printable-School-2025-Calendar-Poster-1-1024x724.png 1024w, https:\/\/oigs.hr\/novo\/wp-content\/uploads\/2025\/09\/Playful-Printable-School-2025-Calendar-Poster-1-768x543.png 768w, https:\/\/oigs.hr\/novo\/wp-content\/uploads\/2025\/09\/Playful-Printable-School-2025-Calendar-Poster-1.png 1123w\" sizes=\"auto, (max-width: 1030px) 100vw, 1030px\" \/><\/p>\n<p><strong>Nastavna godina po\u010dinje\u00a08. rujna 2025., a zavr\u0161ava\u00a012. lipnja, odnosno\u00a022. svibnja\u00a02026. godine za maturante. Ustrojava se u dva polugodi\u0161ta \u2013 prvo \u0107e trajati od 8. rujna do 23. prosinca 2025. godine. Drugo polugodi\u0161te zapo\u010dinje 12. sije\u010dnja i traje do 12. lipnja 2026. godine, odnosno za maturante do 22. svibnja.<\/strong><\/p>\n<p><strong>Novost je ukidanje jesenskih i drugog dijela zimskih praznika\u00a0i da se oni izvode u jednom dijelu. Praznici u 2025.\/2026. raspore\u0111eni su na sljede\u0107i na\u010din:<\/strong><\/p>\n<ul>\n<li><strong>zimski praznici\u00a0po\u010dinju\u00a024. prosinca\u00a02025. godine i traju do 9. sije\u010dnja 2026. godine, s tim da nastava po\u010dinje\u00a012. sije\u010dnja\u00a02026. godine<\/strong><\/li>\n<li><strong>proljetni praznici\u00a0po\u010dinju\u00a030. o\u017eujka\u00a02026. godine i zavr\u0161avaju 6. travnja 2026 . godine, s tim da nastava po\u010dinje\u00a07. travnja\u00a02026. godine<\/strong><\/li>\n<li><strong>ljetni praznici\u00a0po\u010dinju\u00a015. lipnja\u00a02026. godine<\/strong><\/li>\n<\/ul>\n<p><strong>Zadnji dan nastave\u00a0je petak\u00a012. lipnja, a slu\u017ebeno ljetni praznici po\u010dinju\u00a015. lipnja 2026. godine, osim za u\u010denike koji imaju razredni ispit ili dopunsku nastavu, zavr\u0161ni rad ili ispite dr\u017eavne mature, kao i za na\u0161e u\u010denike, strukovnjake, koji su na praksi.<\/strong><\/p>\n<p><strong>Nastava se, kao i do sada, organizira i izvodi najmanje u 175 nastavnih dana, a za maturante najmanje u 160 nastavnih dana. U slu\u010daju da \u0161kola ne ostvari propisani nastavni plan i program, nastavna godina mo\u017ee se produljiti odlukom upravnog tijela \u017eupanije nadle\u017enog za poslove obrazovanja, uz prethodnu suglasnost ministarstva nadle\u017enog za obrazovanje.<\/strong><\/p>\n<p><strong>\u2013 Iznimno, u posebnim okolnostima koje nije bilo mogu\u0107e planirati godi\u0161njim planom i programom rada \u0161kole, \u0161kola mo\u017ee odstupiti od rokova utvr\u0111enih ovom Odlukom, o \u010demu odlu\u010duje ministar nadle\u017ean za obrazovanje na zahtjev \u0161kole i nadle\u017enoga upravnog tijela, stoji u odluci o po\u010detku i zavr\u0161etku nastavne godine.<\/strong><\/p>\n","protected":false},"excerpt":{"rendered":"<p>Nastavna godina po\u010dinje\u00a08. rujna 2025., a zavr\u0161ava\u00a012. lipnja, odnosno\u00a022. svibnja\u00a02026. godine za maturante. Ustrojava se u dva polugodi\u0161ta \u2013 prvo &hellip; <\/p>\n","protected":false},"author":3,"featured_media":0,"parent":0,"menu_order":0,"comment_status":"closed","ping_status":"closed","template":"","meta":{"footnotes":""},"class_list":["post-9592","page","type-page","status-publish","hentry"],"yoast_head":"<!-- This site is optimized with the Yoast SEO plugin v27.5 - https:\/\/yoast.com\/product\/yoast-seo-wordpress\/ -->\n<title>Kalendar rada - OIG\u0160<\/title>\n<meta name=\"description\" content=\"Nastavna godina po\u010dinje\u00a08. rujna 2025., a zavr\u0161ava\u00a012. lipnja, odnosno\u00a022. svibnja\u00a02026. godine za maturante. Ustrojava se u dva polugodi\u0161ta \u2013 prvo \u0107e\" \/>\n<meta name=\"robots\" content=\"index, follow, max-snippet:-1, max-image-preview:large, max-video-preview:-1\" \/>\n<link rel=\"canonical\" href=\"https:\/\/oigs.hr\/novo\/kalendar-rada\/\" \/>\n<meta property=\"og:locale\" content=\"hr_HR\" \/>\n<meta property=\"og:type\" content=\"article\" \/>\n<meta property=\"og:title\" content=\"Kalendar rada - OIG\u0160\" \/>\n<meta property=\"og:description\" content=\"Nastavna godina po\u010dinje\u00a08. rujna 2025., a zavr\u0161ava\u00a012. lipnja, odnosno\u00a022. svibnja\u00a02026. godine za maturante. Ustrojava se u dva polugodi\u0161ta \u2013 prvo \u0107e\" \/>\n<meta property=\"og:url\" content=\"https:\/\/oigs.hr\/novo\/kalendar-rada\/\" \/>\n<meta property=\"og:site_name\" content=\"OIG\u0160\" \/>\n<meta property=\"article:publisher\" content=\"https:\/\/www.facebook.com\/oigs.srednjaskola\/\" \/>\n<meta property=\"article:modified_time\" content=\"2025-09-23T07:01:34+00:00\" \/>\n<meta property=\"og:image\" content=\"https:\/\/oigs.hr\/novo\/wp-content\/uploads\/2025\/09\/Playful-Printable-School-2025-Calendar-Poster-1.png\" \/>\n\t<meta property=\"og:image:width\" content=\"1123\" \/>\n\t<meta property=\"og:image:height\" content=\"794\" \/>\n\t<meta property=\"og:image:type\" content=\"image\/png\" \/>\n<meta name=\"twitter:card\" content=\"summary_large_image\" \/>\n<meta name=\"twitter:label1\" content=\"Procijenjeno vrijeme \u010ditanja\" \/>\n\t<meta name=\"twitter:data1\" content=\"2 minute\" \/>\n<script type=\"application\/ld+json\" class=\"yoast-schema-graph\">{\"@context\":\"https:\\\/\\\/schema.org\",\"@graph\":[{\"@type\":\"WebPage\",\"@id\":\"https:\\\/\\\/oigs.hr\\\/novo\\\/kalendar-rada\\\/\",\"url\":\"https:\\\/\\\/oigs.hr\\\/novo\\\/kalendar-rada\\\/\",\"name\":\"Kalendar rada - OIG\u0160\",\"isPartOf\":{\"@id\":\"https:\\\/\\\/oigs.hr\\\/novo\\\/#website\"},\"primaryImageOfPage\":{\"@id\":\"https:\\\/\\\/oigs.hr\\\/novo\\\/kalendar-rada\\\/#primaryimage\"},\"image\":{\"@id\":\"https:\\\/\\\/oigs.hr\\\/novo\\\/kalendar-rada\\\/#primaryimage\"},\"thumbnailUrl\":\"https:\\\/\\\/oigs.hr\\\/novo\\\/wp-content\\\/uploads\\\/2025\\\/09\\\/Playful-Printable-School-2025-Calendar-Poster-1-300x212.png\",\"datePublished\":\"2025-06-24T15:04:45+00:00\",\"dateModified\":\"2025-09-23T07:01:34+00:00\",\"description\":\"Nastavna godina po\u010dinje\u00a08. rujna 2025., a zavr\u0161ava\u00a012. lipnja, odnosno\u00a022. svibnja\u00a02026. godine za maturante. Ustrojava se u dva polugodi\u0161ta \u2013 prvo \u0107e\",\"breadcrumb\":{\"@id\":\"https:\\\/\\\/oigs.hr\\\/novo\\\/kalendar-rada\\\/#breadcrumb\"},\"inLanguage\":\"hr\",\"potentialAction\":[{\"@type\":\"ReadAction\",\"target\":[\"https:\\\/\\\/oigs.hr\\\/novo\\\/kalendar-rada\\\/\"]}]},{\"@type\":\"ImageObject\",\"inLanguage\":\"hr\",\"@id\":\"https:\\\/\\\/oigs.hr\\\/novo\\\/kalendar-rada\\\/#primaryimage\",\"url\":\"https:\\\/\\\/oigs.hr\\\/novo\\\/wp-content\\\/uploads\\\/2025\\\/09\\\/Playful-Printable-School-2025-Calendar-Poster-1.png\",\"contentUrl\":\"https:\\\/\\\/oigs.hr\\\/novo\\\/wp-content\\\/uploads\\\/2025\\\/09\\\/Playful-Printable-School-2025-Calendar-Poster-1.png\",\"width\":1123,\"height\":794},{\"@type\":\"BreadcrumbList\",\"@id\":\"https:\\\/\\\/oigs.hr\\\/novo\\\/kalendar-rada\\\/#breadcrumb\",\"itemListElement\":[{\"@type\":\"ListItem\",\"position\":1,\"name\":\"Po\u010detna stranica\",\"item\":\"https:\\\/\\\/oigs.hr\\\/novo\\\/\"},{\"@type\":\"ListItem\",\"position\":2,\"name\":\"Kalendar rada\"}]},{\"@type\":\"WebSite\",\"@id\":\"https:\\\/\\\/oigs.hr\\\/novo\\\/#website\",\"url\":\"https:\\\/\\\/oigs.hr\\\/novo\\\/\",\"name\":\"OIG\u0160\",\"description\":\"Obrtni\u010dka i industrijska graditeljska \u0161kola\",\"publisher\":{\"@id\":\"https:\\\/\\\/oigs.hr\\\/novo\\\/#organization\"},\"potentialAction\":[{\"@type\":\"SearchAction\",\"target\":{\"@type\":\"EntryPoint\",\"urlTemplate\":\"https:\\\/\\\/oigs.hr\\\/novo\\\/?s={search_term_string}\"},\"query-input\":{\"@type\":\"PropertyValueSpecification\",\"valueRequired\":true,\"valueName\":\"search_term_string\"}}],\"inLanguage\":\"hr\"},{\"@type\":\"Organization\",\"@id\":\"https:\\\/\\\/oigs.hr\\\/novo\\\/#organization\",\"name\":\"OIG\u0160\",\"url\":\"https:\\\/\\\/oigs.hr\\\/novo\\\/\",\"logo\":{\"@type\":\"ImageObject\",\"inLanguage\":\"hr\",\"@id\":\"https:\\\/\\\/oigs.hr\\\/novo\\\/#\\\/schema\\\/logo\\\/image\\\/\",\"url\":\"https:\\\/\\\/oigs.hr\\\/novo\\\/wp-content\\\/uploads\\\/2020\\\/06\\\/logo-1-e1592001907410.png\",\"contentUrl\":\"https:\\\/\\\/oigs.hr\\\/novo\\\/wp-content\\\/uploads\\\/2020\\\/06\\\/logo-1-e1592001907410.png\",\"width\":195,\"height\":181,\"caption\":\"OIG\u0160\"},\"image\":{\"@id\":\"https:\\\/\\\/oigs.hr\\\/novo\\\/#\\\/schema\\\/logo\\\/image\\\/\"},\"sameAs\":[\"https:\\\/\\\/www.facebook.com\\\/oigs.srednjaskola\\\/\"]}]}<\/script>\n<!-- \/ Yoast SEO plugin. -->","yoast_head_json":{"title":"Kalendar rada - OIG\u0160","description":"Nastavna godina po\u010dinje\u00a08. rujna 2025., a zavr\u0161ava\u00a012. lipnja, odnosno\u00a022. svibnja\u00a02026. godine za maturante. Ustrojava se u dva polugodi\u0161ta \u2013 prvo \u0107e","robots":{"index":"index","follow":"follow","max-snippet":"max-snippet:-1","max-image-preview":"max-image-preview:large","max-video-preview":"max-video-preview:-1"},"canonical":"https:\/\/oigs.hr\/novo\/kalendar-rada\/","og_locale":"hr_HR","og_type":"article","og_title":"Kalendar rada - OIG\u0160","og_description":"Nastavna godina po\u010dinje\u00a08. rujna 2025., a zavr\u0161ava\u00a012. lipnja, odnosno\u00a022. svibnja\u00a02026. godine za maturante. Ustrojava se u dva polugodi\u0161ta \u2013 prvo \u0107e","og_url":"https:\/\/oigs.hr\/novo\/kalendar-rada\/","og_site_name":"OIG\u0160","article_publisher":"https:\/\/www.facebook.com\/oigs.srednjaskola\/","article_modified_time":"2025-09-23T07:01:34+00:00","og_image":[{"width":1123,"height":794,"url":"https:\/\/oigs.hr\/novo\/wp-content\/uploads\/2025\/09\/Playful-Printable-School-2025-Calendar-Poster-1.png","type":"image\/png"}],"twitter_card":"summary_large_image","twitter_misc":{"Procijenjeno vrijeme \u010ditanja":"2 minute"},"schema":{"@context":"https:\/\/schema.org","@graph":[{"@type":"WebPage","@id":"https:\/\/oigs.hr\/novo\/kalendar-rada\/","url":"https:\/\/oigs.hr\/novo\/kalendar-rada\/","name":"Kalendar rada - OIG\u0160","isPartOf":{"@id":"https:\/\/oigs.hr\/novo\/#website"},"primaryImageOfPage":{"@id":"https:\/\/oigs.hr\/novo\/kalendar-rada\/#primaryimage"},"image":{"@id":"https:\/\/oigs.hr\/novo\/kalendar-rada\/#primaryimage"},"thumbnailUrl":"https:\/\/oigs.hr\/novo\/wp-content\/uploads\/2025\/09\/Playful-Printable-School-2025-Calendar-Poster-1-300x212.png","datePublished":"2025-06-24T15:04:45+00:00","dateModified":"2025-09-23T07:01:34+00:00","description":"Nastavna godina po\u010dinje\u00a08. rujna 2025., a zavr\u0161ava\u00a012. lipnja, odnosno\u00a022. svibnja\u00a02026. godine za maturante. Ustrojava se u dva polugodi\u0161ta \u2013 prvo \u0107e","breadcrumb":{"@id":"https:\/\/oigs.hr\/novo\/kalendar-rada\/#breadcrumb"},"inLanguage":"hr","potentialAction":[{"@type":"ReadAction","target":["https:\/\/oigs.hr\/novo\/kalendar-rada\/"]}]},{"@type":"ImageObject","inLanguage":"hr","@id":"https:\/\/oigs.hr\/novo\/kalendar-rada\/#primaryimage","url":"https:\/\/oigs.hr\/novo\/wp-content\/uploads\/2025\/09\/Playful-Printable-School-2025-Calendar-Poster-1.png","contentUrl":"https:\/\/oigs.hr\/novo\/wp-content\/uploads\/2025\/09\/Playful-Printable-School-2025-Calendar-Poster-1.png","width":1123,"height":794},{"@type":"BreadcrumbList","@id":"https:\/\/oigs.hr\/novo\/kalendar-rada\/#breadcrumb","itemListElement":[{"@type":"ListItem","position":1,"name":"Po\u010detna stranica","item":"https:\/\/oigs.hr\/novo\/"},{"@type":"ListItem","position":2,"name":"Kalendar rada"}]},{"@type":"WebSite","@id":"https:\/\/oigs.hr\/novo\/#website","url":"https:\/\/oigs.hr\/novo\/","name":"OIG\u0160","description":"Obrtni\u010dka i industrijska graditeljska \u0161kola","publisher":{"@id":"https:\/\/oigs.hr\/novo\/#organization"},"potentialAction":[{"@type":"SearchAction","target":{"@type":"EntryPoint","urlTemplate":"https:\/\/oigs.hr\/novo\/?s={search_term_string}"},"query-input":{"@type":"PropertyValueSpecification","valueRequired":true,"valueName":"search_term_string"}}],"inLanguage":"hr"},{"@type":"Organization","@id":"https:\/\/oigs.hr\/novo\/#organization","name":"OIG\u0160","url":"https:\/\/oigs.hr\/novo\/","logo":{"@type":"ImageObject","inLanguage":"hr","@id":"https:\/\/oigs.hr\/novo\/#\/schema\/logo\/image\/","url":"https:\/\/oigs.hr\/novo\/wp-content\/uploads\/2020\/06\/logo-1-e1592001907410.png","contentUrl":"https:\/\/oigs.hr\/novo\/wp-content\/uploads\/2020\/06\/logo-1-e1592001907410.png","width":195,"height":181,"caption":"OIG\u0160"},"image":{"@id":"https:\/\/oigs.hr\/novo\/#\/schema\/logo\/image\/"},"sameAs":["https:\/\/www.facebook.com\/oigs.srednjaskola\/"]}]}},"_links":{"self":[{"href":"https:\/\/oigs.hr\/novo\/wp-json\/wp\/v2\/pages\/9592","targetHints":{"allow":["GET"]}}],"collection":[{"href":"https:\/\/oigs.hr\/novo\/wp-json\/wp\/v2\/pages"}],"about":[{"href":"https:\/\/oigs.hr\/novo\/wp-json\/wp\/v2\/types\/page"}],"author":[{"embeddable":true,"href":"https:\/\/oigs.hr\/novo\/wp-json\/wp\/v2\/users\/3"}],"replies":[{"embeddable":true,"href":"https:\/\/oigs.hr\/novo\/wp-json\/wp\/v2\/comments?post=9592"}],"version-history":[{"count":5,"href":"https:\/\/oigs.hr\/novo\/wp-json\/wp\/v2\/pages\/9592\/revisions"}],"predecessor-version":[{"id":10138,"href":"https:\/\/oigs.hr\/novo\/wp-json\/wp\/v2\/pages\/9592\/revisions\/10138"}],"wp:attachment":[{"href":"https:\/\/oigs.hr\/novo\/wp-json\/wp\/v2\/media?parent=9592"}],"curies":[{"name":"wp","href":"https:\/\/api.w.org\/{rel}","templated":true}]}}