{"id":9563,"date":"2025-06-24T16:20:46","date_gmt":"2025-06-24T14:20:46","guid":{"rendered":"https:\/\/oigs.hr\/novo\/?page_id=9563"},"modified":"2026-01-30T10:33:51","modified_gmt":"2026-01-30T09:33:51","slug":"strucne-sluzbe","status":"publish","type":"page","link":"https:\/\/oigs.hr\/novo\/strucne-sluzbe\/","title":{"rendered":"Stru\u010dne slu\u017ebe"},"content":{"rendered":"<p><img loading=\"lazy\" decoding=\"async\" class=\"alignnone wp-image-10651\" src=\"https:\/\/oigs.hr\/novo\/wp-content\/uploads\/2026\/01\/jeyem-_5a4seZbheBku7h-300x300.jpg\" alt=\"\" width=\"466\" height=\"466\" srcset=\"https:\/\/oigs.hr\/novo\/wp-content\/uploads\/2026\/01\/jeyem-_5a4seZbheBku7h-300x300.jpg 300w, https:\/\/oigs.hr\/novo\/wp-content\/uploads\/2026\/01\/jeyem-_5a4seZbheBku7h-1024x1024.jpg 1024w, https:\/\/oigs.hr\/novo\/wp-content\/uploads\/2026\/01\/jeyem-_5a4seZbheBku7h-150x150.jpg 150w, https:\/\/oigs.hr\/novo\/wp-content\/uploads\/2026\/01\/jeyem-_5a4seZbheBku7h-768x768.jpg 768w, https:\/\/oigs.hr\/novo\/wp-content\/uploads\/2026\/01\/jeyem-_5a4seZbheBku7h-70x70.jpg 70w, https:\/\/oigs.hr\/novo\/wp-content\/uploads\/2026\/01\/jeyem-_5a4seZbheBku7h-246x246.jpg 246w, https:\/\/oigs.hr\/novo\/wp-content\/uploads\/2026\/01\/jeyem-_5a4seZbheBku7h-276x276.jpg 276w, https:\/\/oigs.hr\/novo\/wp-content\/uploads\/2026\/01\/jeyem-_5a4seZbheBku7h-125x125.jpg 125w, https:\/\/oigs.hr\/novo\/wp-content\/uploads\/2026\/01\/jeyem-_5a4seZbheBku7h.jpg 1536w\" sizes=\"auto, (max-width: 466px) 100vw, 466px\" \/><\/p>\n<table style=\"height: 674px;\" width=\"496\">\n<tbody>\n<tr>\n<td width=\"406\">&nbsp;<\/p>\n<p><strong>STRU\u010cNI SURADNICI<\/strong><\/p>\n<p>&#8211; <strong>Marina Sor\u0161ak<\/strong>, stru\u010dna suradnica pedagoginja<\/p>\n<p>e-mail: <a href=\"mailto:marina.sorsak@skole.hr\">marina.sorsak@skole.hr<\/a><\/p>\n<p>ured u prizemlju \u0160kole<\/p>\n<p>&#8211; <strong>Mirjana Bili\u0107<\/strong>, stru\u010dna suradnica defektologinja<\/p>\n<p>e-mail: <a href=\"mailto:mirjanadefektolog@gmail.com\">mirjanadefektolog@gmail.com<\/a><\/p>\n<p>ured na I. katu \u0160kole<\/p>\n<p>&#8211; <strong>Vesna Sabo<\/strong>, stru\u010dna suradnica socijalna pedagoginja<\/p>\n<p>e-mail: vesna.sabo@skole.hr<\/p>\n<p>ured na I. katu \u0160kole<\/p>\n<p>&#8211; <strong>Iva Mostovac<\/strong>, stru\u010dna suradnica knji\u017eni\u010darka<\/p>\n<p>e-mail: <a href=\"mailto:iva.voucko@skole.hr\">iva.voucko@skole.hr<\/a><\/p>\n<p>knji\u017enica na 1. katu \u0160kole<\/p>\n<p>01 6670 503, 01 6688 232<\/p>\n<p>&nbsp;<\/td>\n<\/tr>\n<\/tbody>\n<\/table>\n<p class=\"yiv3217732353MsoNormal\">Uredovno radno vrijeme za strankama:<\/p>\n<p class=\"yiv3217732353MsoNormal\">ponedjeljak-petak, 08:00-13:00 sati (<i>jutarnji turnus<\/i>),<\/p>\n<p class=\"yiv3217732353MsoNormal\">ponedjeljak-petak, 14:00-19:00 sati (<i>popodnevni turnus)<\/i><\/p>\n","protected":false},"excerpt":{"rendered":"<p>&nbsp; STRU\u010cNI SURADNICI &#8211; Marina Sor\u0161ak, stru\u010dna suradnica pedagoginja e-mail: marina.sorsak@skole.hr ured u prizemlju \u0160kole &#8211; Mirjana Bili\u0107, stru\u010dna suradnica &hellip; <\/p>\n","protected":false},"author":3,"featured_media":0,"parent":0,"menu_order":0,"comment_status":"closed","ping_status":"closed","template":"","meta":{"footnotes":""},"class_list":["post-9563","page","type-page","status-publish","hentry"],"yoast_head":"<!-- This site is optimized with the Yoast SEO plugin v27.4 - https:\/\/yoast.com\/product\/yoast-seo-wordpress\/ -->\n<title>Stru\u010dne slu\u017ebe - OIG\u0160<\/title>\n<meta name=\"description\" content=\"&nbsp; STRU\u010cNI SURADNICI - Marina Sor\u0161ak, stru\u010dna suradnica pedagoginja e-mail: marina.sorsak@skole.hr ured u prizemlju \u0160kole - Mirjana Bili\u0107, stru\u010dna\" \/>\n<meta name=\"robots\" content=\"index, follow, max-snippet:-1, max-image-preview:large, max-video-preview:-1\" \/>\n<link rel=\"canonical\" href=\"https:\/\/oigs.hr\/novo\/strucne-sluzbe\/\" \/>\n<meta property=\"og:locale\" content=\"hr_HR\" \/>\n<meta property=\"og:type\" content=\"article\" \/>\n<meta property=\"og:title\" content=\"Stru\u010dne slu\u017ebe - OIG\u0160\" \/>\n<meta property=\"og:description\" content=\"&nbsp; STRU\u010cNI SURADNICI - Marina Sor\u0161ak, stru\u010dna suradnica pedagoginja e-mail: marina.sorsak@skole.hr ured u prizemlju \u0160kole - Mirjana Bili\u0107, stru\u010dna\" \/>\n<meta property=\"og:url\" content=\"https:\/\/oigs.hr\/novo\/strucne-sluzbe\/\" \/>\n<meta property=\"og:site_name\" content=\"OIG\u0160\" \/>\n<meta property=\"article:publisher\" content=\"https:\/\/www.facebook.com\/oigs.srednjaskola\/\" \/>\n<meta property=\"article:modified_time\" content=\"2026-01-30T09:33:51+00:00\" \/>\n<meta property=\"og:image\" content=\"https:\/\/oigs.hr\/novo\/wp-content\/uploads\/2026\/01\/jeyem-_5a4seZbheBku7h.jpg\" \/>\n\t<meta property=\"og:image:width\" content=\"1536\" \/>\n\t<meta property=\"og:image:height\" content=\"1536\" \/>\n\t<meta property=\"og:image:type\" content=\"image\/jpeg\" \/>\n<meta name=\"twitter:card\" content=\"summary_large_image\" \/>\n<meta name=\"twitter:label1\" content=\"Procijenjeno vrijeme \u010ditanja\" \/>\n\t<meta name=\"twitter:data1\" content=\"1 minuta\" \/>\n<script type=\"application\/ld+json\" class=\"yoast-schema-graph\">{\"@context\":\"https:\\\/\\\/schema.org\",\"@graph\":[{\"@type\":\"WebPage\",\"@id\":\"https:\\\/\\\/oigs.hr\\\/novo\\\/strucne-sluzbe\\\/\",\"url\":\"https:\\\/\\\/oigs.hr\\\/novo\\\/strucne-sluzbe\\\/\",\"name\":\"Stru\u010dne slu\u017ebe - OIG\u0160\",\"isPartOf\":{\"@id\":\"https:\\\/\\\/oigs.hr\\\/novo\\\/#website\"},\"primaryImageOfPage\":{\"@id\":\"https:\\\/\\\/oigs.hr\\\/novo\\\/strucne-sluzbe\\\/#primaryimage\"},\"image\":{\"@id\":\"https:\\\/\\\/oigs.hr\\\/novo\\\/strucne-sluzbe\\\/#primaryimage\"},\"thumbnailUrl\":\"https:\\\/\\\/oigs.hr\\\/novo\\\/wp-content\\\/uploads\\\/2026\\\/01\\\/jeyem-_5a4seZbheBku7h-300x300.jpg\",\"datePublished\":\"2025-06-24T14:20:46+00:00\",\"dateModified\":\"2026-01-30T09:33:51+00:00\",\"description\":\"&nbsp; STRU\u010cNI SURADNICI - Marina Sor\u0161ak, stru\u010dna suradnica pedagoginja e-mail: marina.sorsak@skole.hr ured u prizemlju \u0160kole - Mirjana Bili\u0107, stru\u010dna\",\"breadcrumb\":{\"@id\":\"https:\\\/\\\/oigs.hr\\\/novo\\\/strucne-sluzbe\\\/#breadcrumb\"},\"inLanguage\":\"hr\",\"potentialAction\":[{\"@type\":\"ReadAction\",\"target\":[\"https:\\\/\\\/oigs.hr\\\/novo\\\/strucne-sluzbe\\\/\"]}]},{\"@type\":\"ImageObject\",\"inLanguage\":\"hr\",\"@id\":\"https:\\\/\\\/oigs.hr\\\/novo\\\/strucne-sluzbe\\\/#primaryimage\",\"url\":\"https:\\\/\\\/oigs.hr\\\/novo\\\/wp-content\\\/uploads\\\/2026\\\/01\\\/jeyem-_5a4seZbheBku7h.jpg\",\"contentUrl\":\"https:\\\/\\\/oigs.hr\\\/novo\\\/wp-content\\\/uploads\\\/2026\\\/01\\\/jeyem-_5a4seZbheBku7h.jpg\",\"width\":1536,\"height\":1536},{\"@type\":\"BreadcrumbList\",\"@id\":\"https:\\\/\\\/oigs.hr\\\/novo\\\/strucne-sluzbe\\\/#breadcrumb\",\"itemListElement\":[{\"@type\":\"ListItem\",\"position\":1,\"name\":\"Po\u010detna stranica\",\"item\":\"https:\\\/\\\/oigs.hr\\\/novo\\\/\"},{\"@type\":\"ListItem\",\"position\":2,\"name\":\"Stru\u010dne slu\u017ebe\"}]},{\"@type\":\"WebSite\",\"@id\":\"https:\\\/\\\/oigs.hr\\\/novo\\\/#website\",\"url\":\"https:\\\/\\\/oigs.hr\\\/novo\\\/\",\"name\":\"OIG\u0160\",\"description\":\"Obrtni\u010dka i industrijska graditeljska \u0161kola\",\"publisher\":{\"@id\":\"https:\\\/\\\/oigs.hr\\\/novo\\\/#organization\"},\"potentialAction\":[{\"@type\":\"SearchAction\",\"target\":{\"@type\":\"EntryPoint\",\"urlTemplate\":\"https:\\\/\\\/oigs.hr\\\/novo\\\/?s={search_term_string}\"},\"query-input\":{\"@type\":\"PropertyValueSpecification\",\"valueRequired\":true,\"valueName\":\"search_term_string\"}}],\"inLanguage\":\"hr\"},{\"@type\":\"Organization\",\"@id\":\"https:\\\/\\\/oigs.hr\\\/novo\\\/#organization\",\"name\":\"OIG\u0160\",\"url\":\"https:\\\/\\\/oigs.hr\\\/novo\\\/\",\"logo\":{\"@type\":\"ImageObject\",\"inLanguage\":\"hr\",\"@id\":\"https:\\\/\\\/oigs.hr\\\/novo\\\/#\\\/schema\\\/logo\\\/image\\\/\",\"url\":\"https:\\\/\\\/oigs.hr\\\/novo\\\/wp-content\\\/uploads\\\/2020\\\/06\\\/logo-1-e1592001907410.png\",\"contentUrl\":\"https:\\\/\\\/oigs.hr\\\/novo\\\/wp-content\\\/uploads\\\/2020\\\/06\\\/logo-1-e1592001907410.png\",\"width\":195,\"height\":181,\"caption\":\"OIG\u0160\"},\"image\":{\"@id\":\"https:\\\/\\\/oigs.hr\\\/novo\\\/#\\\/schema\\\/logo\\\/image\\\/\"},\"sameAs\":[\"https:\\\/\\\/www.facebook.com\\\/oigs.srednjaskola\\\/\"]}]}<\/script>\n<!-- \/ Yoast SEO plugin. -->","yoast_head_json":{"title":"Stru\u010dne slu\u017ebe - OIG\u0160","description":"&nbsp; STRU\u010cNI SURADNICI - Marina Sor\u0161ak, stru\u010dna suradnica pedagoginja e-mail: marina.sorsak@skole.hr ured u prizemlju \u0160kole - Mirjana Bili\u0107, stru\u010dna","robots":{"index":"index","follow":"follow","max-snippet":"max-snippet:-1","max-image-preview":"max-image-preview:large","max-video-preview":"max-video-preview:-1"},"canonical":"https:\/\/oigs.hr\/novo\/strucne-sluzbe\/","og_locale":"hr_HR","og_type":"article","og_title":"Stru\u010dne slu\u017ebe - OIG\u0160","og_description":"&nbsp; STRU\u010cNI SURADNICI - Marina Sor\u0161ak, stru\u010dna suradnica pedagoginja e-mail: marina.sorsak@skole.hr ured u prizemlju \u0160kole - Mirjana Bili\u0107, stru\u010dna","og_url":"https:\/\/oigs.hr\/novo\/strucne-sluzbe\/","og_site_name":"OIG\u0160","article_publisher":"https:\/\/www.facebook.com\/oigs.srednjaskola\/","article_modified_time":"2026-01-30T09:33:51+00:00","og_image":[{"width":1536,"height":1536,"url":"https:\/\/oigs.hr\/novo\/wp-content\/uploads\/2026\/01\/jeyem-_5a4seZbheBku7h.jpg","type":"image\/jpeg"}],"twitter_card":"summary_large_image","twitter_misc":{"Procijenjeno vrijeme \u010ditanja":"1 minuta"},"schema":{"@context":"https:\/\/schema.org","@graph":[{"@type":"WebPage","@id":"https:\/\/oigs.hr\/novo\/strucne-sluzbe\/","url":"https:\/\/oigs.hr\/novo\/strucne-sluzbe\/","name":"Stru\u010dne slu\u017ebe - OIG\u0160","isPartOf":{"@id":"https:\/\/oigs.hr\/novo\/#website"},"primaryImageOfPage":{"@id":"https:\/\/oigs.hr\/novo\/strucne-sluzbe\/#primaryimage"},"image":{"@id":"https:\/\/oigs.hr\/novo\/strucne-sluzbe\/#primaryimage"},"thumbnailUrl":"https:\/\/oigs.hr\/novo\/wp-content\/uploads\/2026\/01\/jeyem-_5a4seZbheBku7h-300x300.jpg","datePublished":"2025-06-24T14:20:46+00:00","dateModified":"2026-01-30T09:33:51+00:00","description":"&nbsp; STRU\u010cNI SURADNICI - Marina Sor\u0161ak, stru\u010dna suradnica pedagoginja e-mail: marina.sorsak@skole.hr ured u prizemlju \u0160kole - Mirjana Bili\u0107, stru\u010dna","breadcrumb":{"@id":"https:\/\/oigs.hr\/novo\/strucne-sluzbe\/#breadcrumb"},"inLanguage":"hr","potentialAction":[{"@type":"ReadAction","target":["https:\/\/oigs.hr\/novo\/strucne-sluzbe\/"]}]},{"@type":"ImageObject","inLanguage":"hr","@id":"https:\/\/oigs.hr\/novo\/strucne-sluzbe\/#primaryimage","url":"https:\/\/oigs.hr\/novo\/wp-content\/uploads\/2026\/01\/jeyem-_5a4seZbheBku7h.jpg","contentUrl":"https:\/\/oigs.hr\/novo\/wp-content\/uploads\/2026\/01\/jeyem-_5a4seZbheBku7h.jpg","width":1536,"height":1536},{"@type":"BreadcrumbList","@id":"https:\/\/oigs.hr\/novo\/strucne-sluzbe\/#breadcrumb","itemListElement":[{"@type":"ListItem","position":1,"name":"Po\u010detna stranica","item":"https:\/\/oigs.hr\/novo\/"},{"@type":"ListItem","position":2,"name":"Stru\u010dne slu\u017ebe"}]},{"@type":"WebSite","@id":"https:\/\/oigs.hr\/novo\/#website","url":"https:\/\/oigs.hr\/novo\/","name":"OIG\u0160","description":"Obrtni\u010dka i industrijska graditeljska \u0161kola","publisher":{"@id":"https:\/\/oigs.hr\/novo\/#organization"},"potentialAction":[{"@type":"SearchAction","target":{"@type":"EntryPoint","urlTemplate":"https:\/\/oigs.hr\/novo\/?s={search_term_string}"},"query-input":{"@type":"PropertyValueSpecification","valueRequired":true,"valueName":"search_term_string"}}],"inLanguage":"hr"},{"@type":"Organization","@id":"https:\/\/oigs.hr\/novo\/#organization","name":"OIG\u0160","url":"https:\/\/oigs.hr\/novo\/","logo":{"@type":"ImageObject","inLanguage":"hr","@id":"https:\/\/oigs.hr\/novo\/#\/schema\/logo\/image\/","url":"https:\/\/oigs.hr\/novo\/wp-content\/uploads\/2020\/06\/logo-1-e1592001907410.png","contentUrl":"https:\/\/oigs.hr\/novo\/wp-content\/uploads\/2020\/06\/logo-1-e1592001907410.png","width":195,"height":181,"caption":"OIG\u0160"},"image":{"@id":"https:\/\/oigs.hr\/novo\/#\/schema\/logo\/image\/"},"sameAs":["https:\/\/www.facebook.com\/oigs.srednjaskola\/"]}]}},"_links":{"self":[{"href":"https:\/\/oigs.hr\/novo\/wp-json\/wp\/v2\/pages\/9563","targetHints":{"allow":["GET"]}}],"collection":[{"href":"https:\/\/oigs.hr\/novo\/wp-json\/wp\/v2\/pages"}],"about":[{"href":"https:\/\/oigs.hr\/novo\/wp-json\/wp\/v2\/types\/page"}],"author":[{"embeddable":true,"href":"https:\/\/oigs.hr\/novo\/wp-json\/wp\/v2\/users\/3"}],"replies":[{"embeddable":true,"href":"https:\/\/oigs.hr\/novo\/wp-json\/wp\/v2\/comments?post=9563"}],"version-history":[{"count":5,"href":"https:\/\/oigs.hr\/novo\/wp-json\/wp\/v2\/pages\/9563\/revisions"}],"predecessor-version":[{"id":10683,"href":"https:\/\/oigs.hr\/novo\/wp-json\/wp\/v2\/pages\/9563\/revisions\/10683"}],"wp:attachment":[{"href":"https:\/\/oigs.hr\/novo\/wp-json\/wp\/v2\/media?parent=9563"}],"curies":[{"name":"wp","href":"https:\/\/api.w.org\/{rel}","templated":true}]}}