{"id":9561,"date":"2025-06-24T16:20:14","date_gmt":"2025-06-24T14:20:14","guid":{"rendered":"https:\/\/oigs.hr\/novo\/?page_id=9561"},"modified":"2026-01-30T10:46:08","modified_gmt":"2026-01-30T09:46:08","slug":"djelatnici-i-kontakt","status":"publish","type":"page","link":"https:\/\/oigs.hr\/novo\/djelatnici-i-kontakt\/","title":{"rendered":"Djelatnici i kontakt"},"content":{"rendered":"<p><img loading=\"lazy\" decoding=\"async\" class=\"alignnone wp-image-10662\" src=\"https:\/\/oigs.hr\/novo\/wp-content\/uploads\/2026\/01\/ds61ifvYxaAY_Mn3GkVLl-300x300.jpg\" alt=\"\" width=\"455\" height=\"455\" srcset=\"https:\/\/oigs.hr\/novo\/wp-content\/uploads\/2026\/01\/ds61ifvYxaAY_Mn3GkVLl-300x300.jpg 300w, https:\/\/oigs.hr\/novo\/wp-content\/uploads\/2026\/01\/ds61ifvYxaAY_Mn3GkVLl-1024x1024.jpg 1024w, https:\/\/oigs.hr\/novo\/wp-content\/uploads\/2026\/01\/ds61ifvYxaAY_Mn3GkVLl-150x150.jpg 150w, https:\/\/oigs.hr\/novo\/wp-content\/uploads\/2026\/01\/ds61ifvYxaAY_Mn3GkVLl-768x768.jpg 768w, https:\/\/oigs.hr\/novo\/wp-content\/uploads\/2026\/01\/ds61ifvYxaAY_Mn3GkVLl-70x70.jpg 70w, https:\/\/oigs.hr\/novo\/wp-content\/uploads\/2026\/01\/ds61ifvYxaAY_Mn3GkVLl-246x246.jpg 246w, https:\/\/oigs.hr\/novo\/wp-content\/uploads\/2026\/01\/ds61ifvYxaAY_Mn3GkVLl-276x276.jpg 276w, https:\/\/oigs.hr\/novo\/wp-content\/uploads\/2026\/01\/ds61ifvYxaAY_Mn3GkVLl-125x125.jpg 125w, https:\/\/oigs.hr\/novo\/wp-content\/uploads\/2026\/01\/ds61ifvYxaAY_Mn3GkVLl.jpg 1536w\" sizes=\"auto, (max-width: 455px) 100vw, 455px\" \/><\/p>\n<p><strong>RAVNATELJ<\/strong><\/p>\n<p>Anto Vidovi\u0107<\/p>\n<p>e-mail: <a href=\"mailto:oigszg@gmail.com\">oigszg@gmail.com<\/a><\/p>\n<p>01 6670 503<\/p>\n<p>&nbsp;<\/p>\n<table width=\"604\">\n<tbody>\n<tr>\n<td colspan=\"2\" width=\"604\"><strong>NASTAVNICI<\/strong><\/p>\n<p><strong>\u00a0<\/strong><\/td>\n<\/tr>\n<tr>\n<td colspan=\"2\" width=\"604\"><strong>HRVATSKI JEZIK<\/strong><\/p>\n<p>&nbsp;<\/td>\n<\/tr>\n<tr>\n<td width=\"302\">Snje\u017eana \u010cukovi\u0107<\/td>\n<td width=\"302\">nastavnica hrvatskog jezika<\/td>\n<\/tr>\n<tr>\n<td width=\"302\">Silvia Vladi\u0107 Vrban<\/td>\n<td width=\"302\">nastavnica hrvatskog jezika<\/td>\n<\/tr>\n<tr>\n<td width=\"302\">Branka Krsti\u010devi\u0107<\/td>\n<td width=\"302\">nastavnica hrvatskog jezika<\/td>\n<\/tr>\n<tr>\n<td width=\"302\">Marina Begi\u0107<\/td>\n<td width=\"302\">nastavnica hrvatskog jezika<\/td>\n<\/tr>\n<tr>\n<td width=\"302\">Antonio \u010cutura<\/td>\n<td width=\"302\">nastavnik hrvatskog jezika<\/td>\n<\/tr>\n<tr>\n<td colspan=\"2\" width=\"604\">&nbsp;<\/p>\n<p><strong>STRANI JEZICI<\/strong><\/td>\n<\/tr>\n<tr>\n<td width=\"302\">Anita Lovri\u0107 Vlah<\/td>\n<td width=\"302\">nastavnica engleskog jezika<\/td>\n<\/tr>\n<tr>\n<td width=\"302\">Marijana Br\u010di\u0107<\/td>\n<td width=\"302\">nastavnica engleskog jezika<\/td>\n<\/tr>\n<tr>\n<td width=\"302\">Antonio \u010cutura<\/td>\n<td width=\"302\">nastavnik engleskog jezika<\/td>\n<\/tr>\n<tr>\n<td colspan=\"2\" width=\"604\">&nbsp;<\/p>\n<p><strong>MATEMATIKA \/ MATEMATIKA U STRUCI<\/strong><\/td>\n<\/tr>\n<tr>\n<td width=\"302\">Ana Jerbi\u0107<\/td>\n<td width=\"302\">nastavnica matematike<\/td>\n<\/tr>\n<tr>\n<td width=\"302\">Jakov Pavi\u0107<\/td>\n<td width=\"302\">nastavnik matematike<\/td>\n<\/tr>\n<tr>\n<td width=\"302\">Marina Kri\u017ean<\/td>\n<td width=\"302\">nastavnica matematike<\/td>\n<\/tr>\n<tr>\n<td width=\"302\">&nbsp;<\/p>\n<p><strong>RA\u010cUNALSTVO<\/strong><\/td>\n<td width=\"302\"><\/td>\n<\/tr>\n<tr>\n<td width=\"302\">\u017deljko Toth<\/td>\n<td width=\"302\">nastavnik ra\u010dunalstva<\/td>\n<\/tr>\n<tr>\n<td width=\"302\">Gabrijel Kudeli\u0107<\/td>\n<td width=\"302\">nastavnik ra\u010dunalstva<\/td>\n<\/tr>\n<tr>\n<td width=\"302\">Adela Tea Bingula<\/td>\n<td width=\"302\">nastavnica ra\u010dunalstva u graditeljstvu<\/td>\n<\/tr>\n<tr>\n<td colspan=\"2\" width=\"604\">&nbsp;<\/p>\n<p><strong>POVIJEST<\/strong><\/td>\n<\/tr>\n<tr>\n<td width=\"302\">Frane Mari\u0107<\/td>\n<td width=\"302\">nastavnik povijesti<\/td>\n<\/tr>\n<tr>\n<td colspan=\"2\" width=\"604\">&nbsp;<\/p>\n<p><strong>DRU\u0160TVENA GRUPA PREDMETA<\/strong><\/td>\n<\/tr>\n<tr>\n<td width=\"302\">Danijela Bavrka<\/td>\n<td width=\"302\">nastavnica vjeronauka<\/td>\n<\/tr>\n<tr>\n<td width=\"302\">Zvonimir Moto\u010di\u0107<\/td>\n<td width=\"302\">nastavnik vjeronauka<\/td>\n<\/tr>\n<tr>\n<td width=\"302\">Ante Jurica<\/td>\n<td width=\"302\">nastavnik etike<\/td>\n<\/tr>\n<tr>\n<td width=\"302\">Sandra Ramljak<\/td>\n<td width=\"302\">nastavnica politike i gospodarstva<\/td>\n<\/tr>\n<tr>\n<td colspan=\"2\" width=\"604\">&nbsp;<\/p>\n<p><strong>TJELESNA I ZDRAVSTVENA KULTURA<\/strong><\/td>\n<\/tr>\n<tr>\n<td width=\"302\">Mirjana Mati\u0107<\/td>\n<td width=\"302\">nastavnica tjelesne i zdravstvene kulture<\/td>\n<\/tr>\n<tr>\n<td width=\"302\">Ivica Franceschi<\/td>\n<td width=\"302\">nastavnik tjelesne i zdravstvene kulture<\/td>\n<\/tr>\n<tr>\n<td width=\"302\">Darko Vu\u010di\u0107<\/td>\n<td width=\"302\">nastavnik tjelesne i zdravstvene kulture<\/td>\n<\/tr>\n<tr>\n<td colspan=\"2\" width=\"604\">&nbsp;<\/p>\n<p><strong>GRADITELJSKA GRUPA PREDMETA<\/strong><\/td>\n<\/tr>\n<tr>\n<td width=\"302\">An\u0111a Leto<\/td>\n<td width=\"302\">nastavnica strukovnih predmeta<\/td>\n<\/tr>\n<tr>\n<td width=\"302\">Anamarija Aleksi\u0107 Matijevi\u0107<\/td>\n<td width=\"302\">nastavnica strukovnih predmeta<\/td>\n<\/tr>\n<tr>\n<td width=\"302\">Ante Mati\u0107<\/td>\n<td width=\"302\">nastavnik strukovnih predmeta<\/td>\n<\/tr>\n<tr>\n<td width=\"302\">Maja Jakovi\u0107 \u0160arac<\/td>\n<td width=\"302\">nastavnica strukovnih predmeta<\/td>\n<\/tr>\n<tr>\n<td width=\"302\">Biljana Janjatovi\u0107<\/td>\n<td width=\"302\">nastavnica strukovnih predmeta<\/td>\n<\/tr>\n<tr>\n<td width=\"302\">Ivan Do\u0161li\u0107<\/td>\n<td width=\"302\">nastavnik strukovnih predmeta<\/td>\n<\/tr>\n<tr>\n<td width=\"302\">Jasmin Telalovi\u0107<\/td>\n<td width=\"302\">nastavnik strukovnih predmeta<\/td>\n<\/tr>\n<tr>\n<td width=\"302\">Tamara Maligec<\/td>\n<td width=\"302\">nastavnica strukovnih predmeta<\/td>\n<\/tr>\n<tr>\n<td width=\"302\">Ana Brajko<\/td>\n<td width=\"302\">nastavnica strukovnih predmeta<\/td>\n<\/tr>\n<tr>\n<td width=\"302\">Anja Rado\u0161<\/td>\n<td width=\"302\">nastavnica strukovnih predmeta<\/td>\n<\/tr>\n<tr>\n<td width=\"302\">Andrea Gotovac<\/td>\n<td width=\"302\">nastavnica strukovnih predmeta<\/td>\n<\/tr>\n<tr>\n<td width=\"302\">Sanja Kasani\u0107<\/td>\n<td width=\"302\">nastavnica strukovnih predmeta<\/td>\n<\/tr>\n<tr>\n<td width=\"302\">Nina Bajri\u0107 Bla\u017eekovi\u0107<\/td>\n<td width=\"302\">nastavnica strukovnih predmeta<\/td>\n<\/tr>\n<tr>\n<td width=\"302\">Ana Belo\u0161evi\u0107<\/td>\n<td width=\"302\">nastavnica strukovnih predmeta<\/td>\n<\/tr>\n<tr>\n<td width=\"302\">Domagoj Bi\u0161kup<\/td>\n<td width=\"302\">nastavnik strukovnih predmeta<\/td>\n<\/tr>\n<tr>\n<td width=\"302\">Anastazija Perai\u0107 Ragu\u017e<\/td>\n<td width=\"302\">nastavnica strukovnih predmeta<\/td>\n<\/tr>\n<tr>\n<td width=\"302\">Marc-Antonio Cinotti<\/td>\n<td width=\"302\">nastavnik strukovnih predmeta<\/td>\n<\/tr>\n<tr>\n<td colspan=\"2\" width=\"604\">&nbsp;<\/p>\n<p><strong>STROJARSKA GRUPA PREDMETA<\/strong><\/td>\n<\/tr>\n<tr>\n<td width=\"302\">Danijel Cetinjan<\/td>\n<td width=\"302\">nastavnik strukovnih predmeta<\/td>\n<\/tr>\n<tr>\n<td width=\"302\">Anton \u010coklo<\/td>\n<td width=\"302\">nastavnik strukovnih predmeta<\/td>\n<\/tr>\n<tr>\n<td width=\"302\">Lovro Rado\u0161<\/td>\n<td width=\"302\">nastavnik strukovnih predmeta<\/td>\n<\/tr>\n<tr>\n<td width=\"302\">Veronika Janje\u010di\u0107<\/td>\n<td width=\"302\">nastavnica strukovnih predmeta<\/td>\n<\/tr>\n<tr>\n<td width=\"302\">Stella Lui\u0107<\/td>\n<td width=\"302\">nastavnica strukovnih predmeta<\/td>\n<\/tr>\n<tr>\n<td width=\"302\">Sanja Kasani\u0107<\/td>\n<td width=\"302\">nastavnica strukovnih predmeta<\/td>\n<\/tr>\n<\/tbody>\n<\/table>\n<p>&nbsp;<\/p>\n<p><strong>STRUKOVNI U\u010cITELJI<\/strong><\/p>\n<p>Ivica Ku\u0161evi\u0107<\/p>\n<p>Petar Modri\u0107<\/p>\n<p>Branimir Mami\u0107<\/p>\n<p>Ivica Dragini\u0107<\/p>\n<p>Dragan Stori\u0107<\/p>\n<p>Hrvoje Impri\u0107<\/p>\n<p>&nbsp;<\/p>\n<p><strong>POMO\u0106NICI U NASTAVI<\/strong><\/p>\n<p><strong>\u00a0<\/strong><\/p>\n<p>Petra Pa\u0161ali\u0107<\/p>\n<p>Daniela Mitar \u017dagar<\/p>\n<p>Valentina Iv\u0161an<\/p>\n<p>Martina Rubil<\/p>\n<p><strong>\u00a0<\/strong><\/p>\n<p>Ovla\u0161tenom osobom poslodavca za primanje i rje\u0161avanje pritu\u017ebi vezanih za za\u0161titu dostojanstva\u00a0 radnika, u skladu s odredbama Zakona o radu i Temeljnog kolektivnog ugovora za slu\u017ebenike i namje\u0161tenike u javnim slu\u017ebama, imenovan je Ivica Franceschi, nastavnik Tjelesne i zdravstvene kulture.<\/p>\n<p><strong>ADMINISTRATIVNO TEHNI\u010cKA SLU\u017dBA<\/strong><\/p>\n<p>&#8211; Jadranka Jeli\u010di\u0107, tajnica<\/p>\n<p>e-mail: <a href=\"mailto:oigszg@gmail.com\">oigszg@gmail.com<\/a><\/p>\n<p>ured u prizemlju \u0160kole (tajni\u0161tvo)<\/p>\n<p>&#8211; Bo\u017eana Karl, voditeljica ra\u010dunovodstva<\/p>\n<p>e-mail: <a href=\"mailto:racunovodstvo@oigs.hr\">racunovodstvo@oigs.hr<\/a><\/p>\n<p>ured u prizemlju \u0160kole (u\u010deni\u010dka referada)<\/p>\n<p>&#8211; Sanja Gabrek, administrativno-ra\u010dunovodstvena referentica<\/p>\n<p>ured u prizemlju \u0160kole (u\u010deni\u010dka referada)<\/p>\n<p>e-mail: <a href=\"mailto:referada@oigs.hr\">referada@oigs.hr<\/a><\/p>\n<p>&nbsp;<\/p>\n<p class=\"yiv3217732353MsoNormal\">Uredovno radno vrijeme za strankama:<\/p>\n<p class=\"yiv3217732353MsoNormal\">ponedjeljak-petak, 08:00-13:00 sati (<i>jutarnji turnus<\/i>),<\/p>\n<p class=\"yiv3217732353MsoNormal\">ponedjeljak-petak, 14:00-19:00 sati (<i>popodnevni turnus)<\/i><\/p>\n<p>&nbsp;<\/p>\n<p>&#8211; Zlatko Barlovi\u0107, domar<\/p>\n<p>&#8211; Ivica Fabijan\u010di\u0107, operativni djelatnik za sigurnost i CZ<\/p>\n<p>&#8211; Mario Mihel\u010di\u0107, operativni djelatnik za sigurnost i CZ<\/p>\n<p>&#8211; Ana Pavle\u010di\u0107, sprema\u010dica<\/p>\n<p>&#8211; Ane Kaji\u0107, sprema\u010dica<\/p>\n<p>&#8211; Ivana Majstorovi\u0107, sprema\u010dica<\/p>\n<p>&#8211; Antonija Gjuraden, sprema\u010dica<\/p>\n<p>&#8211; Mirjana Dramac, sprema\u010dica (na zamjeni)<\/p>\n<p>&nbsp;<\/p>\n<p><strong>e-mail: oigszg@gmail.com<\/strong><\/p>\n<p><strong>01 6670 503<\/strong><\/p>\n","protected":false},"excerpt":{"rendered":"<p>RAVNATELJ Anto Vidovi\u0107 e-mail: oigszg@gmail.com 01 6670 503 &nbsp; NASTAVNICI \u00a0 HRVATSKI JEZIK &nbsp; Snje\u017eana \u010cukovi\u0107 nastavnica hrvatskog jezika Silvia &hellip; <\/p>\n","protected":false},"author":3,"featured_media":0,"parent":0,"menu_order":0,"comment_status":"closed","ping_status":"closed","template":"","meta":{"footnotes":""},"class_list":["post-9561","page","type-page","status-publish","hentry"],"yoast_head":"<!-- This site is optimized with the Yoast SEO plugin v27.5 - https:\/\/yoast.com\/product\/yoast-seo-wordpress\/ -->\n<title>Djelatnici i kontakt - OIG\u0160<\/title>\n<meta name=\"description\" content=\"RAVNATELJ Anto Vidovi\u0107 e-mail: oigszg@gmail.com 01 6670 503 &nbsp; NASTAVNICI \u00a0 HRVATSKI JEZIK &nbsp; Snje\u017eana \u010cukovi\u0107 nastavnica hrvatskog jezika Silvia\" \/>\n<meta name=\"robots\" content=\"index, follow, max-snippet:-1, max-image-preview:large, max-video-preview:-1\" \/>\n<link rel=\"canonical\" href=\"https:\/\/oigs.hr\/novo\/djelatnici-i-kontakt\/\" \/>\n<meta property=\"og:locale\" content=\"hr_HR\" \/>\n<meta property=\"og:type\" content=\"article\" \/>\n<meta property=\"og:title\" content=\"Djelatnici i kontakt - OIG\u0160\" \/>\n<meta property=\"og:description\" content=\"RAVNATELJ Anto Vidovi\u0107 e-mail: oigszg@gmail.com 01 6670 503 &nbsp; NASTAVNICI \u00a0 HRVATSKI JEZIK &nbsp; Snje\u017eana \u010cukovi\u0107 nastavnica hrvatskog jezika Silvia\" \/>\n<meta property=\"og:url\" content=\"https:\/\/oigs.hr\/novo\/djelatnici-i-kontakt\/\" \/>\n<meta property=\"og:site_name\" content=\"OIG\u0160\" \/>\n<meta property=\"article:publisher\" content=\"https:\/\/www.facebook.com\/oigs.srednjaskola\/\" \/>\n<meta property=\"article:modified_time\" content=\"2026-01-30T09:46:08+00:00\" \/>\n<meta property=\"og:image\" content=\"https:\/\/oigs.hr\/novo\/wp-content\/uploads\/2026\/01\/ds61ifvYxaAY_Mn3GkVLl.jpg\" \/>\n\t<meta property=\"og:image:width\" content=\"1536\" \/>\n\t<meta property=\"og:image:height\" content=\"1536\" \/>\n\t<meta property=\"og:image:type\" content=\"image\/jpeg\" \/>\n<meta name=\"twitter:card\" content=\"summary_large_image\" \/>\n<meta name=\"twitter:label1\" content=\"Procijenjeno vrijeme \u010ditanja\" \/>\n\t<meta name=\"twitter:data1\" content=\"3 minute\" \/>\n<script type=\"application\/ld+json\" class=\"yoast-schema-graph\">{\"@context\":\"https:\\\/\\\/schema.org\",\"@graph\":[{\"@type\":\"WebPage\",\"@id\":\"https:\\\/\\\/oigs.hr\\\/novo\\\/djelatnici-i-kontakt\\\/\",\"url\":\"https:\\\/\\\/oigs.hr\\\/novo\\\/djelatnici-i-kontakt\\\/\",\"name\":\"Djelatnici i kontakt - OIG\u0160\",\"isPartOf\":{\"@id\":\"https:\\\/\\\/oigs.hr\\\/novo\\\/#website\"},\"primaryImageOfPage\":{\"@id\":\"https:\\\/\\\/oigs.hr\\\/novo\\\/djelatnici-i-kontakt\\\/#primaryimage\"},\"image\":{\"@id\":\"https:\\\/\\\/oigs.hr\\\/novo\\\/djelatnici-i-kontakt\\\/#primaryimage\"},\"thumbnailUrl\":\"https:\\\/\\\/oigs.hr\\\/novo\\\/wp-content\\\/uploads\\\/2026\\\/01\\\/ds61ifvYxaAY_Mn3GkVLl-300x300.jpg\",\"datePublished\":\"2025-06-24T14:20:14+00:00\",\"dateModified\":\"2026-01-30T09:46:08+00:00\",\"description\":\"RAVNATELJ Anto Vidovi\u0107 e-mail: oigszg@gmail.com 01 6670 503 &nbsp; NASTAVNICI \u00a0 HRVATSKI JEZIK &nbsp; Snje\u017eana \u010cukovi\u0107 nastavnica hrvatskog jezika Silvia\",\"breadcrumb\":{\"@id\":\"https:\\\/\\\/oigs.hr\\\/novo\\\/djelatnici-i-kontakt\\\/#breadcrumb\"},\"inLanguage\":\"hr\",\"potentialAction\":[{\"@type\":\"ReadAction\",\"target\":[\"https:\\\/\\\/oigs.hr\\\/novo\\\/djelatnici-i-kontakt\\\/\"]}]},{\"@type\":\"ImageObject\",\"inLanguage\":\"hr\",\"@id\":\"https:\\\/\\\/oigs.hr\\\/novo\\\/djelatnici-i-kontakt\\\/#primaryimage\",\"url\":\"https:\\\/\\\/oigs.hr\\\/novo\\\/wp-content\\\/uploads\\\/2026\\\/01\\\/ds61ifvYxaAY_Mn3GkVLl.jpg\",\"contentUrl\":\"https:\\\/\\\/oigs.hr\\\/novo\\\/wp-content\\\/uploads\\\/2026\\\/01\\\/ds61ifvYxaAY_Mn3GkVLl.jpg\",\"width\":1536,\"height\":1536},{\"@type\":\"BreadcrumbList\",\"@id\":\"https:\\\/\\\/oigs.hr\\\/novo\\\/djelatnici-i-kontakt\\\/#breadcrumb\",\"itemListElement\":[{\"@type\":\"ListItem\",\"position\":1,\"name\":\"Po\u010detna stranica\",\"item\":\"https:\\\/\\\/oigs.hr\\\/novo\\\/\"},{\"@type\":\"ListItem\",\"position\":2,\"name\":\"Djelatnici i kontakt\"}]},{\"@type\":\"WebSite\",\"@id\":\"https:\\\/\\\/oigs.hr\\\/novo\\\/#website\",\"url\":\"https:\\\/\\\/oigs.hr\\\/novo\\\/\",\"name\":\"OIG\u0160\",\"description\":\"Obrtni\u010dka i industrijska graditeljska \u0161kola\",\"publisher\":{\"@id\":\"https:\\\/\\\/oigs.hr\\\/novo\\\/#organization\"},\"potentialAction\":[{\"@type\":\"SearchAction\",\"target\":{\"@type\":\"EntryPoint\",\"urlTemplate\":\"https:\\\/\\\/oigs.hr\\\/novo\\\/?s={search_term_string}\"},\"query-input\":{\"@type\":\"PropertyValueSpecification\",\"valueRequired\":true,\"valueName\":\"search_term_string\"}}],\"inLanguage\":\"hr\"},{\"@type\":\"Organization\",\"@id\":\"https:\\\/\\\/oigs.hr\\\/novo\\\/#organization\",\"name\":\"OIG\u0160\",\"url\":\"https:\\\/\\\/oigs.hr\\\/novo\\\/\",\"logo\":{\"@type\":\"ImageObject\",\"inLanguage\":\"hr\",\"@id\":\"https:\\\/\\\/oigs.hr\\\/novo\\\/#\\\/schema\\\/logo\\\/image\\\/\",\"url\":\"https:\\\/\\\/oigs.hr\\\/novo\\\/wp-content\\\/uploads\\\/2020\\\/06\\\/logo-1-e1592001907410.png\",\"contentUrl\":\"https:\\\/\\\/oigs.hr\\\/novo\\\/wp-content\\\/uploads\\\/2020\\\/06\\\/logo-1-e1592001907410.png\",\"width\":195,\"height\":181,\"caption\":\"OIG\u0160\"},\"image\":{\"@id\":\"https:\\\/\\\/oigs.hr\\\/novo\\\/#\\\/schema\\\/logo\\\/image\\\/\"},\"sameAs\":[\"https:\\\/\\\/www.facebook.com\\\/oigs.srednjaskola\\\/\"]}]}<\/script>\n<!-- \/ Yoast SEO plugin. -->","yoast_head_json":{"title":"Djelatnici i kontakt - OIG\u0160","description":"RAVNATELJ Anto Vidovi\u0107 e-mail: oigszg@gmail.com 01 6670 503 &nbsp; NASTAVNICI \u00a0 HRVATSKI JEZIK &nbsp; Snje\u017eana \u010cukovi\u0107 nastavnica hrvatskog jezika Silvia","robots":{"index":"index","follow":"follow","max-snippet":"max-snippet:-1","max-image-preview":"max-image-preview:large","max-video-preview":"max-video-preview:-1"},"canonical":"https:\/\/oigs.hr\/novo\/djelatnici-i-kontakt\/","og_locale":"hr_HR","og_type":"article","og_title":"Djelatnici i kontakt - OIG\u0160","og_description":"RAVNATELJ Anto Vidovi\u0107 e-mail: oigszg@gmail.com 01 6670 503 &nbsp; NASTAVNICI \u00a0 HRVATSKI JEZIK &nbsp; Snje\u017eana \u010cukovi\u0107 nastavnica hrvatskog jezika Silvia","og_url":"https:\/\/oigs.hr\/novo\/djelatnici-i-kontakt\/","og_site_name":"OIG\u0160","article_publisher":"https:\/\/www.facebook.com\/oigs.srednjaskola\/","article_modified_time":"2026-01-30T09:46:08+00:00","og_image":[{"width":1536,"height":1536,"url":"https:\/\/oigs.hr\/novo\/wp-content\/uploads\/2026\/01\/ds61ifvYxaAY_Mn3GkVLl.jpg","type":"image\/jpeg"}],"twitter_card":"summary_large_image","twitter_misc":{"Procijenjeno vrijeme \u010ditanja":"3 minute"},"schema":{"@context":"https:\/\/schema.org","@graph":[{"@type":"WebPage","@id":"https:\/\/oigs.hr\/novo\/djelatnici-i-kontakt\/","url":"https:\/\/oigs.hr\/novo\/djelatnici-i-kontakt\/","name":"Djelatnici i kontakt - OIG\u0160","isPartOf":{"@id":"https:\/\/oigs.hr\/novo\/#website"},"primaryImageOfPage":{"@id":"https:\/\/oigs.hr\/novo\/djelatnici-i-kontakt\/#primaryimage"},"image":{"@id":"https:\/\/oigs.hr\/novo\/djelatnici-i-kontakt\/#primaryimage"},"thumbnailUrl":"https:\/\/oigs.hr\/novo\/wp-content\/uploads\/2026\/01\/ds61ifvYxaAY_Mn3GkVLl-300x300.jpg","datePublished":"2025-06-24T14:20:14+00:00","dateModified":"2026-01-30T09:46:08+00:00","description":"RAVNATELJ Anto Vidovi\u0107 e-mail: oigszg@gmail.com 01 6670 503 &nbsp; NASTAVNICI \u00a0 HRVATSKI JEZIK &nbsp; Snje\u017eana \u010cukovi\u0107 nastavnica hrvatskog jezika Silvia","breadcrumb":{"@id":"https:\/\/oigs.hr\/novo\/djelatnici-i-kontakt\/#breadcrumb"},"inLanguage":"hr","potentialAction":[{"@type":"ReadAction","target":["https:\/\/oigs.hr\/novo\/djelatnici-i-kontakt\/"]}]},{"@type":"ImageObject","inLanguage":"hr","@id":"https:\/\/oigs.hr\/novo\/djelatnici-i-kontakt\/#primaryimage","url":"https:\/\/oigs.hr\/novo\/wp-content\/uploads\/2026\/01\/ds61ifvYxaAY_Mn3GkVLl.jpg","contentUrl":"https:\/\/oigs.hr\/novo\/wp-content\/uploads\/2026\/01\/ds61ifvYxaAY_Mn3GkVLl.jpg","width":1536,"height":1536},{"@type":"BreadcrumbList","@id":"https:\/\/oigs.hr\/novo\/djelatnici-i-kontakt\/#breadcrumb","itemListElement":[{"@type":"ListItem","position":1,"name":"Po\u010detna stranica","item":"https:\/\/oigs.hr\/novo\/"},{"@type":"ListItem","position":2,"name":"Djelatnici i kontakt"}]},{"@type":"WebSite","@id":"https:\/\/oigs.hr\/novo\/#website","url":"https:\/\/oigs.hr\/novo\/","name":"OIG\u0160","description":"Obrtni\u010dka i industrijska graditeljska \u0161kola","publisher":{"@id":"https:\/\/oigs.hr\/novo\/#organization"},"potentialAction":[{"@type":"SearchAction","target":{"@type":"EntryPoint","urlTemplate":"https:\/\/oigs.hr\/novo\/?s={search_term_string}"},"query-input":{"@type":"PropertyValueSpecification","valueRequired":true,"valueName":"search_term_string"}}],"inLanguage":"hr"},{"@type":"Organization","@id":"https:\/\/oigs.hr\/novo\/#organization","name":"OIG\u0160","url":"https:\/\/oigs.hr\/novo\/","logo":{"@type":"ImageObject","inLanguage":"hr","@id":"https:\/\/oigs.hr\/novo\/#\/schema\/logo\/image\/","url":"https:\/\/oigs.hr\/novo\/wp-content\/uploads\/2020\/06\/logo-1-e1592001907410.png","contentUrl":"https:\/\/oigs.hr\/novo\/wp-content\/uploads\/2020\/06\/logo-1-e1592001907410.png","width":195,"height":181,"caption":"OIG\u0160"},"image":{"@id":"https:\/\/oigs.hr\/novo\/#\/schema\/logo\/image\/"},"sameAs":["https:\/\/www.facebook.com\/oigs.srednjaskola\/"]}]}},"_links":{"self":[{"href":"https:\/\/oigs.hr\/novo\/wp-json\/wp\/v2\/pages\/9561","targetHints":{"allow":["GET"]}}],"collection":[{"href":"https:\/\/oigs.hr\/novo\/wp-json\/wp\/v2\/pages"}],"about":[{"href":"https:\/\/oigs.hr\/novo\/wp-json\/wp\/v2\/types\/page"}],"author":[{"embeddable":true,"href":"https:\/\/oigs.hr\/novo\/wp-json\/wp\/v2\/users\/3"}],"replies":[{"embeddable":true,"href":"https:\/\/oigs.hr\/novo\/wp-json\/wp\/v2\/comments?post=9561"}],"version-history":[{"count":9,"href":"https:\/\/oigs.hr\/novo\/wp-json\/wp\/v2\/pages\/9561\/revisions"}],"predecessor-version":[{"id":10686,"href":"https:\/\/oigs.hr\/novo\/wp-json\/wp\/v2\/pages\/9561\/revisions\/10686"}],"wp:attachment":[{"href":"https:\/\/oigs.hr\/novo\/wp-json\/wp\/v2\/media?parent=9561"}],"curies":[{"name":"wp","href":"https:\/\/api.w.org\/{rel}","templated":true}]}}