{"id":9555,"date":"2025-06-24T14:39:48","date_gmt":"2025-06-24T12:39:48","guid":{"rendered":"https:\/\/oigs.hr\/novo\/?page_id=9555"},"modified":"2025-06-24T17:31:28","modified_gmt":"2025-06-24T15:31:28","slug":"video-2","status":"publish","type":"page","link":"https:\/\/oigs.hr\/novo\/video-2\/","title":{"rendered":"Video"},"content":{"rendered":"<p><strong>Prva obrtni\u010dka \u0161kolska televizija u Hrvatskoj<\/strong><\/p>\n<p><a href=\"https:\/\/mediatalenti.hr\/novo\/suradnja-s-obrtnickom-i-industrijskom-graditeljskom-skolom-zagreb\/\"><img loading=\"lazy\" decoding=\"async\" class=\"alignnone wp-image-9604\" src=\"https:\/\/oigs.hr\/novo\/wp-content\/uploads\/2025\/06\/logo_MTV_v3-300x79.png\" alt=\"\" width=\"718\" height=\"189\" srcset=\"https:\/\/oigs.hr\/novo\/wp-content\/uploads\/2025\/06\/logo_MTV_v3-300x79.png 300w, https:\/\/oigs.hr\/novo\/wp-content\/uploads\/2025\/06\/logo_MTV_v3-1024x268.png 1024w, https:\/\/oigs.hr\/novo\/wp-content\/uploads\/2025\/06\/logo_MTV_v3-768x201.png 768w, https:\/\/oigs.hr\/novo\/wp-content\/uploads\/2025\/06\/logo_MTV_v3-1536x403.png 1536w, https:\/\/oigs.hr\/novo\/wp-content\/uploads\/2025\/06\/logo_MTV_v3-2048x537.png 2048w\" sizes=\"auto, (max-width: 718px) 100vw, 718px\" \/><\/a><\/p>\n<p>&nbsp;<\/p>\n<p data-start=\"213\" data-end=\"530\"><strong data-start=\"213\" data-end=\"228\">Majstori TV<\/strong> je \u0161kolska televizija Obrtni\u010dke i industrijske graditeljske \u0161kole, osnovana 2016. godine kao prvi takav projekt me\u0111u obrtni\u010dkim i strukovnim \u0161kolama u Hrvatskoj. Televiziju su pokrenuli u\u010denici i nastavnici s ciljem ja\u010danja medijske pismenosti, kreativnog izra\u017eavanja i promocije strukovnih zanimanja. Entuzijasti\u010dni profesori i u\u010denici Obrtni\u010dke i industrijske graditeljske \u0161kole ubrzo su osnovali i udrugu <strong data-start=\"238\" data-end=\"255\">Media Talenti<\/strong> kako bi popularizirali obrtni\u010dka i gra\u0111evinska zanimanja kroz medije.<\/p>\n<p data-start=\"213\" data-end=\"530\"><img loading=\"lazy\" decoding=\"async\" class=\"alignnone size-medium wp-image-8041\" src=\"https:\/\/oigs.hr\/novo\/wp-content\/uploads\/2024\/03\/Skolska-scena-300x231.jpg\" alt=\"\" width=\"300\" height=\"231\" srcset=\"https:\/\/oigs.hr\/novo\/wp-content\/uploads\/2024\/03\/Skolska-scena-300x231.jpg 300w, https:\/\/oigs.hr\/novo\/wp-content\/uploads\/2024\/03\/Skolska-scena-1024x787.jpg 1024w, https:\/\/oigs.hr\/novo\/wp-content\/uploads\/2024\/03\/Skolska-scena-768x590.jpg 768w, https:\/\/oigs.hr\/novo\/wp-content\/uploads\/2024\/03\/Skolska-scena.jpg 1141w\" sizes=\"auto, (max-width: 300px) 100vw, 300px\" \/><\/p>\n<p data-start=\"532\" data-end=\"845\">Kroz godine djelovanja, Majstori TV se profilirala kao platforma koja donosi video sadr\u017eaje iz \u0161kolskog \u017eivota \u2013 reporta\u017ee, intervjue, prijenose doga\u0111anja, natjecanja i predstavljanje zanimanja. Emisije su informativne, edukativne i stvaraju osje\u0107aj zajedni\u0161tva me\u0111u u\u010denicima, nastavnicima i \u0161kolskom zajednicom.<\/p>\n<p data-start=\"532\" data-end=\"845\"><img loading=\"lazy\" decoding=\"async\" class=\"alignnone size-medium wp-image-8228\" src=\"https:\/\/oigs.hr\/novo\/wp-content\/uploads\/2024\/05\/437550902_1054541802774825_7583705329934350158_n-300x225.jpg\" alt=\"\" width=\"300\" height=\"225\" srcset=\"https:\/\/oigs.hr\/novo\/wp-content\/uploads\/2024\/05\/437550902_1054541802774825_7583705329934350158_n-300x225.jpg 300w, https:\/\/oigs.hr\/novo\/wp-content\/uploads\/2024\/05\/437550902_1054541802774825_7583705329934350158_n-768x576.jpg 768w, https:\/\/oigs.hr\/novo\/wp-content\/uploads\/2024\/05\/437550902_1054541802774825_7583705329934350158_n.jpg 960w\" sizes=\"auto, (max-width: 300px) 100vw, 300px\" \/><\/p>\n<p data-start=\"847\" data-end=\"1175\">U\u010denici aktivno sudjeluju u svim fazama produkcije: od ideje i snimanja do monta\u017ee i objave. Televizija im pru\u017ea priliku da razviju komunikacijske vje\u0161tine, digitalne kompetencije te upoznaju svijet novinarstva, kamere i re\u017eije. \u0160kolski studio nastao je uz podr\u0161ku \u0161kole i entuzijazam samih u\u010denika koji su ga i fizi\u010dki uredili.<\/p>\n<p data-start=\"847\" data-end=\"1175\"><img loading=\"lazy\" decoding=\"async\" class=\"alignnone size-medium wp-image-6873\" src=\"https:\/\/oigs.hr\/novo\/wp-content\/uploads\/2023\/03\/studio2-297x300.jpg\" alt=\"\" width=\"297\" height=\"300\" srcset=\"https:\/\/oigs.hr\/novo\/wp-content\/uploads\/2023\/03\/studio2-297x300.jpg 297w, https:\/\/oigs.hr\/novo\/wp-content\/uploads\/2023\/03\/studio2-1015x1024.jpg 1015w, https:\/\/oigs.hr\/novo\/wp-content\/uploads\/2023\/03\/studio2-768x775.jpg 768w, https:\/\/oigs.hr\/novo\/wp-content\/uploads\/2023\/03\/studio2-70x70.jpg 70w, https:\/\/oigs.hr\/novo\/wp-content\/uploads\/2023\/03\/studio2-125x125.jpg 125w, https:\/\/oigs.hr\/novo\/wp-content\/uploads\/2023\/03\/studio2.jpg 1070w\" sizes=\"auto, (max-width: 297px) 100vw, 297px\" \/><\/p>\n<p data-start=\"1177\" data-end=\"1369\">Majstori TV nije samo \u0161kolski medij \u2013 to je projekt koji promi\u010de vrijednost strukovnog obrazovanja, uklanja predrasude o obrtni\u010dkim zanimanjima te u\u010denicima daje glas i prostor za kreativnost.<\/p>\n<h1><span style=\"color: #000000;\"><a style=\"color: #000000;\" href=\"https:\/\/mediatalenti.hr\/novo\/suradnja-s-obrtnickom-i-industrijskom-graditeljskom-skolom-zagreb\/\">Majstori TV \u2013 arhiva<\/a><\/span><\/h1>\n","protected":false},"excerpt":{"rendered":"<p>Prva obrtni\u010dka \u0161kolska televizija u Hrvatskoj &nbsp; Majstori TV je \u0161kolska televizija Obrtni\u010dke i industrijske graditeljske \u0161kole, osnovana 2016. godine &hellip; <\/p>\n","protected":false},"author":3,"featured_media":0,"parent":0,"menu_order":0,"comment_status":"closed","ping_status":"closed","template":"","meta":{"footnotes":""},"class_list":["post-9555","page","type-page","status-publish","hentry"],"yoast_head":"<!-- This site is optimized with the Yoast SEO plugin v27.5 - https:\/\/yoast.com\/product\/yoast-seo-wordpress\/ -->\n<title>Video - OIG\u0160<\/title>\n<meta name=\"description\" content=\"Prva obrtni\u010dka \u0161kolska televizija u Hrvatskoj &nbsp; Majstori TV je \u0161kolska televizija Obrtni\u010dke i industrijske graditeljske \u0161kole, osnovana 2016. godine\" \/>\n<meta name=\"robots\" content=\"index, follow, max-snippet:-1, max-image-preview:large, max-video-preview:-1\" \/>\n<link rel=\"canonical\" href=\"https:\/\/oigs.hr\/novo\/video-2\/\" \/>\n<meta property=\"og:locale\" content=\"hr_HR\" \/>\n<meta property=\"og:type\" content=\"article\" \/>\n<meta property=\"og:title\" content=\"Video - OIG\u0160\" \/>\n<meta property=\"og:description\" content=\"Prva obrtni\u010dka \u0161kolska televizija u Hrvatskoj &nbsp; Majstori TV je \u0161kolska televizija Obrtni\u010dke i industrijske graditeljske \u0161kole, osnovana 2016. godine\" \/>\n<meta property=\"og:url\" content=\"https:\/\/oigs.hr\/novo\/video-2\/\" \/>\n<meta property=\"og:site_name\" content=\"OIG\u0160\" \/>\n<meta property=\"article:publisher\" content=\"https:\/\/www.facebook.com\/oigs.srednjaskola\/\" \/>\n<meta property=\"article:modified_time\" content=\"2025-06-24T15:31:28+00:00\" \/>\n<meta property=\"og:image\" content=\"https:\/\/oigs.hr\/novo\/wp-content\/uploads\/2025\/06\/logo_MTV_v3-scaled.png\" \/>\n\t<meta property=\"og:image:width\" content=\"2560\" \/>\n\t<meta property=\"og:image:height\" content=\"671\" \/>\n\t<meta property=\"og:image:type\" content=\"image\/png\" \/>\n<meta name=\"twitter:card\" content=\"summary_large_image\" \/>\n<meta name=\"twitter:label1\" content=\"Procijenjeno vrijeme \u010ditanja\" \/>\n\t<meta name=\"twitter:data1\" content=\"2 minute\" \/>\n<script type=\"application\/ld+json\" class=\"yoast-schema-graph\">{\"@context\":\"https:\\\/\\\/schema.org\",\"@graph\":[{\"@type\":\"WebPage\",\"@id\":\"https:\\\/\\\/oigs.hr\\\/novo\\\/video-2\\\/\",\"url\":\"https:\\\/\\\/oigs.hr\\\/novo\\\/video-2\\\/\",\"name\":\"Video - OIG\u0160\",\"isPartOf\":{\"@id\":\"https:\\\/\\\/oigs.hr\\\/novo\\\/#website\"},\"primaryImageOfPage\":{\"@id\":\"https:\\\/\\\/oigs.hr\\\/novo\\\/video-2\\\/#primaryimage\"},\"image\":{\"@id\":\"https:\\\/\\\/oigs.hr\\\/novo\\\/video-2\\\/#primaryimage\"},\"thumbnailUrl\":\"https:\\\/\\\/oigs.hr\\\/novo\\\/wp-content\\\/uploads\\\/2025\\\/06\\\/logo_MTV_v3-300x79.png\",\"datePublished\":\"2025-06-24T12:39:48+00:00\",\"dateModified\":\"2025-06-24T15:31:28+00:00\",\"description\":\"Prva obrtni\u010dka \u0161kolska televizija u Hrvatskoj &nbsp; Majstori TV je \u0161kolska televizija Obrtni\u010dke i industrijske graditeljske \u0161kole, osnovana 2016. godine\",\"breadcrumb\":{\"@id\":\"https:\\\/\\\/oigs.hr\\\/novo\\\/video-2\\\/#breadcrumb\"},\"inLanguage\":\"hr\",\"potentialAction\":[{\"@type\":\"ReadAction\",\"target\":[\"https:\\\/\\\/oigs.hr\\\/novo\\\/video-2\\\/\"]}]},{\"@type\":\"ImageObject\",\"inLanguage\":\"hr\",\"@id\":\"https:\\\/\\\/oigs.hr\\\/novo\\\/video-2\\\/#primaryimage\",\"url\":\"https:\\\/\\\/oigs.hr\\\/novo\\\/wp-content\\\/uploads\\\/2025\\\/06\\\/logo_MTV_v3-scaled.png\",\"contentUrl\":\"https:\\\/\\\/oigs.hr\\\/novo\\\/wp-content\\\/uploads\\\/2025\\\/06\\\/logo_MTV_v3-scaled.png\",\"width\":2560,\"height\":671},{\"@type\":\"BreadcrumbList\",\"@id\":\"https:\\\/\\\/oigs.hr\\\/novo\\\/video-2\\\/#breadcrumb\",\"itemListElement\":[{\"@type\":\"ListItem\",\"position\":1,\"name\":\"Po\u010detna stranica\",\"item\":\"https:\\\/\\\/oigs.hr\\\/novo\\\/\"},{\"@type\":\"ListItem\",\"position\":2,\"name\":\"Video\"}]},{\"@type\":\"WebSite\",\"@id\":\"https:\\\/\\\/oigs.hr\\\/novo\\\/#website\",\"url\":\"https:\\\/\\\/oigs.hr\\\/novo\\\/\",\"name\":\"OIG\u0160\",\"description\":\"Obrtni\u010dka i industrijska graditeljska \u0161kola\",\"publisher\":{\"@id\":\"https:\\\/\\\/oigs.hr\\\/novo\\\/#organization\"},\"potentialAction\":[{\"@type\":\"SearchAction\",\"target\":{\"@type\":\"EntryPoint\",\"urlTemplate\":\"https:\\\/\\\/oigs.hr\\\/novo\\\/?s={search_term_string}\"},\"query-input\":{\"@type\":\"PropertyValueSpecification\",\"valueRequired\":true,\"valueName\":\"search_term_string\"}}],\"inLanguage\":\"hr\"},{\"@type\":\"Organization\",\"@id\":\"https:\\\/\\\/oigs.hr\\\/novo\\\/#organization\",\"name\":\"OIG\u0160\",\"url\":\"https:\\\/\\\/oigs.hr\\\/novo\\\/\",\"logo\":{\"@type\":\"ImageObject\",\"inLanguage\":\"hr\",\"@id\":\"https:\\\/\\\/oigs.hr\\\/novo\\\/#\\\/schema\\\/logo\\\/image\\\/\",\"url\":\"https:\\\/\\\/oigs.hr\\\/novo\\\/wp-content\\\/uploads\\\/2020\\\/06\\\/logo-1-e1592001907410.png\",\"contentUrl\":\"https:\\\/\\\/oigs.hr\\\/novo\\\/wp-content\\\/uploads\\\/2020\\\/06\\\/logo-1-e1592001907410.png\",\"width\":195,\"height\":181,\"caption\":\"OIG\u0160\"},\"image\":{\"@id\":\"https:\\\/\\\/oigs.hr\\\/novo\\\/#\\\/schema\\\/logo\\\/image\\\/\"},\"sameAs\":[\"https:\\\/\\\/www.facebook.com\\\/oigs.srednjaskola\\\/\"]}]}<\/script>\n<!-- \/ Yoast SEO plugin. -->","yoast_head_json":{"title":"Video - OIG\u0160","description":"Prva obrtni\u010dka \u0161kolska televizija u Hrvatskoj &nbsp; Majstori TV je \u0161kolska televizija Obrtni\u010dke i industrijske graditeljske \u0161kole, osnovana 2016. godine","robots":{"index":"index","follow":"follow","max-snippet":"max-snippet:-1","max-image-preview":"max-image-preview:large","max-video-preview":"max-video-preview:-1"},"canonical":"https:\/\/oigs.hr\/novo\/video-2\/","og_locale":"hr_HR","og_type":"article","og_title":"Video - OIG\u0160","og_description":"Prva obrtni\u010dka \u0161kolska televizija u Hrvatskoj &nbsp; Majstori TV je \u0161kolska televizija Obrtni\u010dke i industrijske graditeljske \u0161kole, osnovana 2016. godine","og_url":"https:\/\/oigs.hr\/novo\/video-2\/","og_site_name":"OIG\u0160","article_publisher":"https:\/\/www.facebook.com\/oigs.srednjaskola\/","article_modified_time":"2025-06-24T15:31:28+00:00","og_image":[{"width":2560,"height":671,"url":"https:\/\/oigs.hr\/novo\/wp-content\/uploads\/2025\/06\/logo_MTV_v3-scaled.png","type":"image\/png"}],"twitter_card":"summary_large_image","twitter_misc":{"Procijenjeno vrijeme \u010ditanja":"2 minute"},"schema":{"@context":"https:\/\/schema.org","@graph":[{"@type":"WebPage","@id":"https:\/\/oigs.hr\/novo\/video-2\/","url":"https:\/\/oigs.hr\/novo\/video-2\/","name":"Video - OIG\u0160","isPartOf":{"@id":"https:\/\/oigs.hr\/novo\/#website"},"primaryImageOfPage":{"@id":"https:\/\/oigs.hr\/novo\/video-2\/#primaryimage"},"image":{"@id":"https:\/\/oigs.hr\/novo\/video-2\/#primaryimage"},"thumbnailUrl":"https:\/\/oigs.hr\/novo\/wp-content\/uploads\/2025\/06\/logo_MTV_v3-300x79.png","datePublished":"2025-06-24T12:39:48+00:00","dateModified":"2025-06-24T15:31:28+00:00","description":"Prva obrtni\u010dka \u0161kolska televizija u Hrvatskoj &nbsp; Majstori TV je \u0161kolska televizija Obrtni\u010dke i industrijske graditeljske \u0161kole, osnovana 2016. godine","breadcrumb":{"@id":"https:\/\/oigs.hr\/novo\/video-2\/#breadcrumb"},"inLanguage":"hr","potentialAction":[{"@type":"ReadAction","target":["https:\/\/oigs.hr\/novo\/video-2\/"]}]},{"@type":"ImageObject","inLanguage":"hr","@id":"https:\/\/oigs.hr\/novo\/video-2\/#primaryimage","url":"https:\/\/oigs.hr\/novo\/wp-content\/uploads\/2025\/06\/logo_MTV_v3-scaled.png","contentUrl":"https:\/\/oigs.hr\/novo\/wp-content\/uploads\/2025\/06\/logo_MTV_v3-scaled.png","width":2560,"height":671},{"@type":"BreadcrumbList","@id":"https:\/\/oigs.hr\/novo\/video-2\/#breadcrumb","itemListElement":[{"@type":"ListItem","position":1,"name":"Po\u010detna stranica","item":"https:\/\/oigs.hr\/novo\/"},{"@type":"ListItem","position":2,"name":"Video"}]},{"@type":"WebSite","@id":"https:\/\/oigs.hr\/novo\/#website","url":"https:\/\/oigs.hr\/novo\/","name":"OIG\u0160","description":"Obrtni\u010dka i industrijska graditeljska \u0161kola","publisher":{"@id":"https:\/\/oigs.hr\/novo\/#organization"},"potentialAction":[{"@type":"SearchAction","target":{"@type":"EntryPoint","urlTemplate":"https:\/\/oigs.hr\/novo\/?s={search_term_string}"},"query-input":{"@type":"PropertyValueSpecification","valueRequired":true,"valueName":"search_term_string"}}],"inLanguage":"hr"},{"@type":"Organization","@id":"https:\/\/oigs.hr\/novo\/#organization","name":"OIG\u0160","url":"https:\/\/oigs.hr\/novo\/","logo":{"@type":"ImageObject","inLanguage":"hr","@id":"https:\/\/oigs.hr\/novo\/#\/schema\/logo\/image\/","url":"https:\/\/oigs.hr\/novo\/wp-content\/uploads\/2020\/06\/logo-1-e1592001907410.png","contentUrl":"https:\/\/oigs.hr\/novo\/wp-content\/uploads\/2020\/06\/logo-1-e1592001907410.png","width":195,"height":181,"caption":"OIG\u0160"},"image":{"@id":"https:\/\/oigs.hr\/novo\/#\/schema\/logo\/image\/"},"sameAs":["https:\/\/www.facebook.com\/oigs.srednjaskola\/"]}]}},"_links":{"self":[{"href":"https:\/\/oigs.hr\/novo\/wp-json\/wp\/v2\/pages\/9555","targetHints":{"allow":["GET"]}}],"collection":[{"href":"https:\/\/oigs.hr\/novo\/wp-json\/wp\/v2\/pages"}],"about":[{"href":"https:\/\/oigs.hr\/novo\/wp-json\/wp\/v2\/types\/page"}],"author":[{"embeddable":true,"href":"https:\/\/oigs.hr\/novo\/wp-json\/wp\/v2\/users\/3"}],"replies":[{"embeddable":true,"href":"https:\/\/oigs.hr\/novo\/wp-json\/wp\/v2\/comments?post=9555"}],"version-history":[{"count":7,"href":"https:\/\/oigs.hr\/novo\/wp-json\/wp\/v2\/pages\/9555\/revisions"}],"predecessor-version":[{"id":9610,"href":"https:\/\/oigs.hr\/novo\/wp-json\/wp\/v2\/pages\/9555\/revisions\/9610"}],"wp:attachment":[{"href":"https:\/\/oigs.hr\/novo\/wp-json\/wp\/v2\/media?parent=9555"}],"curies":[{"name":"wp","href":"https:\/\/api.w.org\/{rel}","templated":true}]}}