{"id":9552,"date":"2025-06-24T14:34:19","date_gmt":"2025-06-24T12:34:19","guid":{"rendered":"https:\/\/oigs.hr\/novo\/?page_id=9552"},"modified":"2025-08-27T19:41:11","modified_gmt":"2025-08-27T17:41:11","slug":"fotografije","status":"publish","type":"page","link":"https:\/\/oigs.hr\/novo\/fotografije\/","title":{"rendered":"Fotografije"},"content":{"rendered":"<p data-start=\"152\" data-end=\"301\"><img loading=\"lazy\" decoding=\"async\" class=\"alignnone size-medium wp-image-9351\" src=\"https:\/\/oigs.hr\/novo\/wp-content\/uploads\/2025\/06\/495574835_1354574769438192_1872217946062169565_n-300x200.jpg\" alt=\"\" width=\"300\" height=\"200\" srcset=\"https:\/\/oigs.hr\/novo\/wp-content\/uploads\/2025\/06\/495574835_1354574769438192_1872217946062169565_n-300x200.jpg 300w, https:\/\/oigs.hr\/novo\/wp-content\/uploads\/2025\/06\/495574835_1354574769438192_1872217946062169565_n-1024x683.jpg 1024w, https:\/\/oigs.hr\/novo\/wp-content\/uploads\/2025\/06\/495574835_1354574769438192_1872217946062169565_n-768x512.jpg 768w, https:\/\/oigs.hr\/novo\/wp-content\/uploads\/2025\/06\/495574835_1354574769438192_1872217946062169565_n-1536x1024.jpg 1536w, https:\/\/oigs.hr\/novo\/wp-content\/uploads\/2025\/06\/495574835_1354574769438192_1872217946062169565_n.jpg 2048w\" sizes=\"auto, (max-width: 300px) 100vw, 300px\" \/> <img loading=\"lazy\" decoding=\"async\" class=\"alignnone size-medium wp-image-9350\" src=\"https:\/\/oigs.hr\/novo\/wp-content\/uploads\/2025\/06\/2-zidar-300x200.jpg\" alt=\"\" width=\"300\" height=\"200\" srcset=\"https:\/\/oigs.hr\/novo\/wp-content\/uploads\/2025\/06\/2-zidar-300x200.jpg 300w, https:\/\/oigs.hr\/novo\/wp-content\/uploads\/2025\/06\/2-zidar-1024x683.jpg 1024w, https:\/\/oigs.hr\/novo\/wp-content\/uploads\/2025\/06\/2-zidar-768x512.jpg 768w, https:\/\/oigs.hr\/novo\/wp-content\/uploads\/2025\/06\/2-zidar-1536x1024.jpg 1536w, https:\/\/oigs.hr\/novo\/wp-content\/uploads\/2025\/06\/2-zidar-2048x1365.jpg 2048w\" sizes=\"auto, (max-width: 300px) 100vw, 300px\" \/><\/p>\n<p data-start=\"152\" data-end=\"301\">Zbog ograni\u010denog prostora na web stranici, fotografije sa \u0161kolskih doga\u0111anja redovito objavljujemo putem <strong data-start=\"257\" data-end=\"276\">Facebook albuma<\/strong> slu\u017ebene stranice \u0161kole.<\/p>\n<p data-start=\"152\" data-end=\"301\">\u00a0<img loading=\"lazy\" decoding=\"async\" class=\"alignnone wp-image-9353\" src=\"https:\/\/oigs.hr\/novo\/wp-content\/uploads\/2025\/06\/495352146_1355531136009222_946596978197480723_n-300x200.jpg\" alt=\"\" width=\"305\" height=\"203\" srcset=\"https:\/\/oigs.hr\/novo\/wp-content\/uploads\/2025\/06\/495352146_1355531136009222_946596978197480723_n-300x200.jpg 300w, https:\/\/oigs.hr\/novo\/wp-content\/uploads\/2025\/06\/495352146_1355531136009222_946596978197480723_n-1024x683.jpg 1024w, https:\/\/oigs.hr\/novo\/wp-content\/uploads\/2025\/06\/495352146_1355531136009222_946596978197480723_n-768x512.jpg 768w, https:\/\/oigs.hr\/novo\/wp-content\/uploads\/2025\/06\/495352146_1355531136009222_946596978197480723_n-1536x1024.jpg 1536w, https:\/\/oigs.hr\/novo\/wp-content\/uploads\/2025\/06\/495352146_1355531136009222_946596978197480723_n.jpg 2048w\" sizes=\"auto, (max-width: 305px) 100vw, 305px\" \/> <img loading=\"lazy\" decoding=\"async\" class=\"alignnone size-medium wp-image-9354\" src=\"https:\/\/oigs.hr\/novo\/wp-content\/uploads\/2025\/06\/7.-autolakirer-300x205.jpg\" alt=\"\" width=\"300\" height=\"205\" srcset=\"https:\/\/oigs.hr\/novo\/wp-content\/uploads\/2025\/06\/7.-autolakirer-300x205.jpg 300w, https:\/\/oigs.hr\/novo\/wp-content\/uploads\/2025\/06\/7.-autolakirer-1024x701.jpg 1024w, https:\/\/oigs.hr\/novo\/wp-content\/uploads\/2025\/06\/7.-autolakirer-768x526.jpg 768w, https:\/\/oigs.hr\/novo\/wp-content\/uploads\/2025\/06\/7.-autolakirer-1536x1051.jpg 1536w, https:\/\/oigs.hr\/novo\/wp-content\/uploads\/2025\/06\/7.-autolakirer-2048x1401.jpg 2048w\" sizes=\"auto, (max-width: 300px) 100vw, 300px\" \/><\/p>\n<p data-start=\"303\" data-end=\"446\">Tamo mo\u017eete prona\u0107i fotografije s natjecanja, priredbi, terenske nastave, projekata, radionica i ostalih aktivnosti na\u0161ih u\u010denika i nastavnika.<\/p>\n<p data-start=\"448\" data-end=\"508\">\ud83d\udd17 <em data-start=\"451\" data-end=\"508\">Klikom na poveznicu ispod mo\u017eete pregledati sve albume:<\/em><\/p>\n<p data-start=\"448\" data-end=\"508\"><strong><span style=\"color: #0000ff;\"><a style=\"color: #0000ff;\" href=\"https:\/\/www.facebook.com\/oigs.srednjaskola\/photos_albums\">https:\/\/www.facebook.com\/oigs.srednjaskola\/photos_albums<\/a><\/span><\/strong><\/p>\n<p data-start=\"448\" data-end=\"508\"><img loading=\"lazy\" decoding=\"async\" class=\"alignnone size-medium wp-image-9349\" src=\"https:\/\/oigs.hr\/novo\/wp-content\/uploads\/2025\/06\/0M3A0140-300x200.jpg\" alt=\"\" width=\"300\" height=\"200\" srcset=\"https:\/\/oigs.hr\/novo\/wp-content\/uploads\/2025\/06\/0M3A0140-300x200.jpg 300w, https:\/\/oigs.hr\/novo\/wp-content\/uploads\/2025\/06\/0M3A0140-1024x683.jpg 1024w, https:\/\/oigs.hr\/novo\/wp-content\/uploads\/2025\/06\/0M3A0140-768x512.jpg 768w, https:\/\/oigs.hr\/novo\/wp-content\/uploads\/2025\/06\/0M3A0140-1536x1024.jpg 1536w, https:\/\/oigs.hr\/novo\/wp-content\/uploads\/2025\/06\/0M3A0140-2048x1365.jpg 2048w\" sizes=\"auto, (max-width: 300px) 100vw, 300px\" \/> <img loading=\"lazy\" decoding=\"async\" class=\"alignnone size-medium wp-image-9355\" src=\"https:\/\/oigs.hr\/novo\/wp-content\/uploads\/2025\/06\/1.-monter-suhe-gradnje-300x200.jpg\" alt=\"\" width=\"300\" height=\"200\" srcset=\"https:\/\/oigs.hr\/novo\/wp-content\/uploads\/2025\/06\/1.-monter-suhe-gradnje-300x200.jpg 300w, https:\/\/oigs.hr\/novo\/wp-content\/uploads\/2025\/06\/1.-monter-suhe-gradnje-1024x683.jpg 1024w, https:\/\/oigs.hr\/novo\/wp-content\/uploads\/2025\/06\/1.-monter-suhe-gradnje-768x512.jpg 768w, https:\/\/oigs.hr\/novo\/wp-content\/uploads\/2025\/06\/1.-monter-suhe-gradnje-1536x1024.jpg 1536w, https:\/\/oigs.hr\/novo\/wp-content\/uploads\/2025\/06\/1.-monter-suhe-gradnje-2048x1365.jpg 2048w\" sizes=\"auto, (max-width: 300px) 100vw, 300px\" \/><\/p>\n","protected":false},"excerpt":{"rendered":"<p>Zbog ograni\u010denog prostora na web stranici, fotografije sa \u0161kolskih doga\u0111anja redovito objavljujemo putem Facebook albuma slu\u017ebene stranice \u0161kole. \u00a0 Tamo &hellip; <\/p>\n","protected":false},"author":3,"featured_media":0,"parent":0,"menu_order":0,"comment_status":"closed","ping_status":"closed","template":"","meta":{"footnotes":""},"class_list":["post-9552","page","type-page","status-publish","hentry"],"yoast_head":"<!-- This site is optimized with the Yoast SEO plugin v27.4 - https:\/\/yoast.com\/product\/yoast-seo-wordpress\/ -->\n<title>Fotografije - OIG\u0160<\/title>\n<meta name=\"description\" content=\"Zbog ograni\u010denog prostora na web stranici, fotografije sa \u0161kolskih doga\u0111anja redovito objavljujemo putem Facebook albuma slu\u017ebene stranice \u0161kole. \u00a0 Tamo\" \/>\n<meta name=\"robots\" content=\"index, follow, max-snippet:-1, max-image-preview:large, max-video-preview:-1\" \/>\n<link rel=\"canonical\" href=\"https:\/\/oigs.hr\/novo\/fotografije\/\" \/>\n<meta property=\"og:locale\" content=\"hr_HR\" \/>\n<meta property=\"og:type\" content=\"article\" \/>\n<meta property=\"og:title\" content=\"Fotografije - OIG\u0160\" \/>\n<meta property=\"og:description\" content=\"Zbog ograni\u010denog prostora na web stranici, fotografije sa \u0161kolskih doga\u0111anja redovito objavljujemo putem Facebook albuma slu\u017ebene stranice \u0161kole. \u00a0 Tamo\" \/>\n<meta property=\"og:url\" content=\"https:\/\/oigs.hr\/novo\/fotografije\/\" \/>\n<meta property=\"og:site_name\" content=\"OIG\u0160\" \/>\n<meta property=\"article:publisher\" content=\"https:\/\/www.facebook.com\/oigs.srednjaskola\/\" \/>\n<meta property=\"article:modified_time\" content=\"2025-08-27T17:41:11+00:00\" \/>\n<meta property=\"og:image\" content=\"https:\/\/oigs.hr\/novo\/wp-content\/uploads\/2025\/06\/495574835_1354574769438192_1872217946062169565_n.jpg\" \/>\n\t<meta property=\"og:image:width\" content=\"2048\" \/>\n\t<meta property=\"og:image:height\" content=\"1365\" \/>\n\t<meta property=\"og:image:type\" content=\"image\/jpeg\" \/>\n<meta name=\"twitter:card\" content=\"summary_large_image\" \/>\n<meta name=\"twitter:label1\" content=\"Procijenjeno vrijeme \u010ditanja\" \/>\n\t<meta name=\"twitter:data1\" content=\"2 minute\" \/>\n<script type=\"application\/ld+json\" class=\"yoast-schema-graph\">{\"@context\":\"https:\\\/\\\/schema.org\",\"@graph\":[{\"@type\":\"WebPage\",\"@id\":\"https:\\\/\\\/oigs.hr\\\/novo\\\/fotografije\\\/\",\"url\":\"https:\\\/\\\/oigs.hr\\\/novo\\\/fotografije\\\/\",\"name\":\"Fotografije - OIG\u0160\",\"isPartOf\":{\"@id\":\"https:\\\/\\\/oigs.hr\\\/novo\\\/#website\"},\"primaryImageOfPage\":{\"@id\":\"https:\\\/\\\/oigs.hr\\\/novo\\\/fotografije\\\/#primaryimage\"},\"image\":{\"@id\":\"https:\\\/\\\/oigs.hr\\\/novo\\\/fotografije\\\/#primaryimage\"},\"thumbnailUrl\":\"https:\\\/\\\/oigs.hr\\\/novo\\\/wp-content\\\/uploads\\\/2025\\\/06\\\/495574835_1354574769438192_1872217946062169565_n-300x200.jpg\",\"datePublished\":\"2025-06-24T12:34:19+00:00\",\"dateModified\":\"2025-08-27T17:41:11+00:00\",\"description\":\"Zbog ograni\u010denog prostora na web stranici, fotografije sa \u0161kolskih doga\u0111anja redovito objavljujemo putem Facebook albuma slu\u017ebene stranice \u0161kole. \u00a0 Tamo\",\"breadcrumb\":{\"@id\":\"https:\\\/\\\/oigs.hr\\\/novo\\\/fotografije\\\/#breadcrumb\"},\"inLanguage\":\"hr\",\"potentialAction\":[{\"@type\":\"ReadAction\",\"target\":[\"https:\\\/\\\/oigs.hr\\\/novo\\\/fotografije\\\/\"]}]},{\"@type\":\"ImageObject\",\"inLanguage\":\"hr\",\"@id\":\"https:\\\/\\\/oigs.hr\\\/novo\\\/fotografije\\\/#primaryimage\",\"url\":\"https:\\\/\\\/oigs.hr\\\/novo\\\/wp-content\\\/uploads\\\/2025\\\/06\\\/495574835_1354574769438192_1872217946062169565_n.jpg\",\"contentUrl\":\"https:\\\/\\\/oigs.hr\\\/novo\\\/wp-content\\\/uploads\\\/2025\\\/06\\\/495574835_1354574769438192_1872217946062169565_n.jpg\",\"width\":2048,\"height\":1365},{\"@type\":\"BreadcrumbList\",\"@id\":\"https:\\\/\\\/oigs.hr\\\/novo\\\/fotografije\\\/#breadcrumb\",\"itemListElement\":[{\"@type\":\"ListItem\",\"position\":1,\"name\":\"Po\u010detna stranica\",\"item\":\"https:\\\/\\\/oigs.hr\\\/novo\\\/\"},{\"@type\":\"ListItem\",\"position\":2,\"name\":\"Fotografije\"}]},{\"@type\":\"WebSite\",\"@id\":\"https:\\\/\\\/oigs.hr\\\/novo\\\/#website\",\"url\":\"https:\\\/\\\/oigs.hr\\\/novo\\\/\",\"name\":\"OIG\u0160\",\"description\":\"Obrtni\u010dka i industrijska graditeljska \u0161kola\",\"publisher\":{\"@id\":\"https:\\\/\\\/oigs.hr\\\/novo\\\/#organization\"},\"potentialAction\":[{\"@type\":\"SearchAction\",\"target\":{\"@type\":\"EntryPoint\",\"urlTemplate\":\"https:\\\/\\\/oigs.hr\\\/novo\\\/?s={search_term_string}\"},\"query-input\":{\"@type\":\"PropertyValueSpecification\",\"valueRequired\":true,\"valueName\":\"search_term_string\"}}],\"inLanguage\":\"hr\"},{\"@type\":\"Organization\",\"@id\":\"https:\\\/\\\/oigs.hr\\\/novo\\\/#organization\",\"name\":\"OIG\u0160\",\"url\":\"https:\\\/\\\/oigs.hr\\\/novo\\\/\",\"logo\":{\"@type\":\"ImageObject\",\"inLanguage\":\"hr\",\"@id\":\"https:\\\/\\\/oigs.hr\\\/novo\\\/#\\\/schema\\\/logo\\\/image\\\/\",\"url\":\"https:\\\/\\\/oigs.hr\\\/novo\\\/wp-content\\\/uploads\\\/2020\\\/06\\\/logo-1-e1592001907410.png\",\"contentUrl\":\"https:\\\/\\\/oigs.hr\\\/novo\\\/wp-content\\\/uploads\\\/2020\\\/06\\\/logo-1-e1592001907410.png\",\"width\":195,\"height\":181,\"caption\":\"OIG\u0160\"},\"image\":{\"@id\":\"https:\\\/\\\/oigs.hr\\\/novo\\\/#\\\/schema\\\/logo\\\/image\\\/\"},\"sameAs\":[\"https:\\\/\\\/www.facebook.com\\\/oigs.srednjaskola\\\/\"]}]}<\/script>\n<!-- \/ Yoast SEO plugin. -->","yoast_head_json":{"title":"Fotografije - OIG\u0160","description":"Zbog ograni\u010denog prostora na web stranici, fotografije sa \u0161kolskih doga\u0111anja redovito objavljujemo putem Facebook albuma slu\u017ebene stranice \u0161kole. \u00a0 Tamo","robots":{"index":"index","follow":"follow","max-snippet":"max-snippet:-1","max-image-preview":"max-image-preview:large","max-video-preview":"max-video-preview:-1"},"canonical":"https:\/\/oigs.hr\/novo\/fotografije\/","og_locale":"hr_HR","og_type":"article","og_title":"Fotografije - OIG\u0160","og_description":"Zbog ograni\u010denog prostora na web stranici, fotografije sa \u0161kolskih doga\u0111anja redovito objavljujemo putem Facebook albuma slu\u017ebene stranice \u0161kole. \u00a0 Tamo","og_url":"https:\/\/oigs.hr\/novo\/fotografije\/","og_site_name":"OIG\u0160","article_publisher":"https:\/\/www.facebook.com\/oigs.srednjaskola\/","article_modified_time":"2025-08-27T17:41:11+00:00","og_image":[{"width":2048,"height":1365,"url":"https:\/\/oigs.hr\/novo\/wp-content\/uploads\/2025\/06\/495574835_1354574769438192_1872217946062169565_n.jpg","type":"image\/jpeg"}],"twitter_card":"summary_large_image","twitter_misc":{"Procijenjeno vrijeme \u010ditanja":"2 minute"},"schema":{"@context":"https:\/\/schema.org","@graph":[{"@type":"WebPage","@id":"https:\/\/oigs.hr\/novo\/fotografije\/","url":"https:\/\/oigs.hr\/novo\/fotografije\/","name":"Fotografije - OIG\u0160","isPartOf":{"@id":"https:\/\/oigs.hr\/novo\/#website"},"primaryImageOfPage":{"@id":"https:\/\/oigs.hr\/novo\/fotografije\/#primaryimage"},"image":{"@id":"https:\/\/oigs.hr\/novo\/fotografije\/#primaryimage"},"thumbnailUrl":"https:\/\/oigs.hr\/novo\/wp-content\/uploads\/2025\/06\/495574835_1354574769438192_1872217946062169565_n-300x200.jpg","datePublished":"2025-06-24T12:34:19+00:00","dateModified":"2025-08-27T17:41:11+00:00","description":"Zbog ograni\u010denog prostora na web stranici, fotografije sa \u0161kolskih doga\u0111anja redovito objavljujemo putem Facebook albuma slu\u017ebene stranice \u0161kole. \u00a0 Tamo","breadcrumb":{"@id":"https:\/\/oigs.hr\/novo\/fotografije\/#breadcrumb"},"inLanguage":"hr","potentialAction":[{"@type":"ReadAction","target":["https:\/\/oigs.hr\/novo\/fotografije\/"]}]},{"@type":"ImageObject","inLanguage":"hr","@id":"https:\/\/oigs.hr\/novo\/fotografije\/#primaryimage","url":"https:\/\/oigs.hr\/novo\/wp-content\/uploads\/2025\/06\/495574835_1354574769438192_1872217946062169565_n.jpg","contentUrl":"https:\/\/oigs.hr\/novo\/wp-content\/uploads\/2025\/06\/495574835_1354574769438192_1872217946062169565_n.jpg","width":2048,"height":1365},{"@type":"BreadcrumbList","@id":"https:\/\/oigs.hr\/novo\/fotografije\/#breadcrumb","itemListElement":[{"@type":"ListItem","position":1,"name":"Po\u010detna stranica","item":"https:\/\/oigs.hr\/novo\/"},{"@type":"ListItem","position":2,"name":"Fotografije"}]},{"@type":"WebSite","@id":"https:\/\/oigs.hr\/novo\/#website","url":"https:\/\/oigs.hr\/novo\/","name":"OIG\u0160","description":"Obrtni\u010dka i industrijska graditeljska \u0161kola","publisher":{"@id":"https:\/\/oigs.hr\/novo\/#organization"},"potentialAction":[{"@type":"SearchAction","target":{"@type":"EntryPoint","urlTemplate":"https:\/\/oigs.hr\/novo\/?s={search_term_string}"},"query-input":{"@type":"PropertyValueSpecification","valueRequired":true,"valueName":"search_term_string"}}],"inLanguage":"hr"},{"@type":"Organization","@id":"https:\/\/oigs.hr\/novo\/#organization","name":"OIG\u0160","url":"https:\/\/oigs.hr\/novo\/","logo":{"@type":"ImageObject","inLanguage":"hr","@id":"https:\/\/oigs.hr\/novo\/#\/schema\/logo\/image\/","url":"https:\/\/oigs.hr\/novo\/wp-content\/uploads\/2020\/06\/logo-1-e1592001907410.png","contentUrl":"https:\/\/oigs.hr\/novo\/wp-content\/uploads\/2020\/06\/logo-1-e1592001907410.png","width":195,"height":181,"caption":"OIG\u0160"},"image":{"@id":"https:\/\/oigs.hr\/novo\/#\/schema\/logo\/image\/"},"sameAs":["https:\/\/www.facebook.com\/oigs.srednjaskola\/"]}]}},"_links":{"self":[{"href":"https:\/\/oigs.hr\/novo\/wp-json\/wp\/v2\/pages\/9552","targetHints":{"allow":["GET"]}}],"collection":[{"href":"https:\/\/oigs.hr\/novo\/wp-json\/wp\/v2\/pages"}],"about":[{"href":"https:\/\/oigs.hr\/novo\/wp-json\/wp\/v2\/types\/page"}],"author":[{"embeddable":true,"href":"https:\/\/oigs.hr\/novo\/wp-json\/wp\/v2\/users\/3"}],"replies":[{"embeddable":true,"href":"https:\/\/oigs.hr\/novo\/wp-json\/wp\/v2\/comments?post=9552"}],"version-history":[{"count":6,"href":"https:\/\/oigs.hr\/novo\/wp-json\/wp\/v2\/pages\/9552\/revisions"}],"predecessor-version":[{"id":10060,"href":"https:\/\/oigs.hr\/novo\/wp-json\/wp\/v2\/pages\/9552\/revisions\/10060"}],"wp:attachment":[{"href":"https:\/\/oigs.hr\/novo\/wp-json\/wp\/v2\/media?parent=9552"}],"curies":[{"name":"wp","href":"https:\/\/api.w.org\/{rel}","templated":true}]}}