{"id":9512,"date":"2025-06-24T13:39:58","date_gmt":"2025-06-24T11:39:58","guid":{"rendered":"https:\/\/oigs.hr\/novo\/?page_id=9512"},"modified":"2025-06-25T14:58:15","modified_gmt":"2025-06-25T12:58:15","slug":"skolski-lijecnik","status":"publish","type":"page","link":"https:\/\/oigs.hr\/novo\/skolski-lijecnik\/","title":{"rendered":"\u0160kolski lije\u010dnik"},"content":{"rendered":"<h3 data-start=\"141\" data-end=\"170\">\u0160kolska lije\u010dni\u010dka slu\u017eba<\/h3>\n<p><img loading=\"lazy\" decoding=\"async\" class=\"alignnone size-medium wp-image-9703\" src=\"https:\/\/oigs.hr\/novo\/wp-content\/uploads\/2025\/06\/24LtQ5MoOw_TmdlSicEIX-300x241.png\" alt=\"\" width=\"300\" height=\"241\" srcset=\"https:\/\/oigs.hr\/novo\/wp-content\/uploads\/2025\/06\/24LtQ5MoOw_TmdlSicEIX-300x241.png 300w, https:\/\/oigs.hr\/novo\/wp-content\/uploads\/2025\/06\/24LtQ5MoOw_TmdlSicEIX-768x616.png 768w, https:\/\/oigs.hr\/novo\/wp-content\/uploads\/2025\/06\/24LtQ5MoOw_TmdlSicEIX.png 1024w\" sizes=\"auto, (max-width: 300px) 100vw, 300px\" \/><\/p>\n<p data-start=\"172\" data-end=\"364\">Za zdravstvenu skrb u\u010denika Obrtni\u010dke i industrijske graditeljske \u0161kole nadle\u017ean je tim Slu\u017ebe za \u0161kolsku i adolescentnu medicinu pri Nastavnom zavodu za javno zdravstvo \u201eDr. Andrija \u0160tampar\u201c:<\/p>\n<p data-start=\"366\" data-end=\"776\"><strong data-start=\"366\" data-end=\"380\">Lije\u010dnica:<\/strong> dr. sc. Nina Petri\u010devi\u0107<\/p>\n<p data-start=\"366\" data-end=\"776\"><strong data-start=\"407\" data-end=\"429\">Medicinska sestra:<\/strong> Ljuba \u0106uri\u0107, ms<\/p>\n<p data-start=\"366\" data-end=\"776\"><strong data-start=\"448\" data-end=\"469\">Adresa ambulante:<\/strong> Avenija Ve\u0107eslava Holjevca 22, Zagreb<\/p>\n<p data-start=\"366\" data-end=\"776\"><strong data-start=\"510\" data-end=\"522\">Telefon:<\/strong> 01 6536 168<\/p>\n<p data-start=\"366\" data-end=\"776\"><strong data-start=\"537\" data-end=\"555\">Radno vrijeme:<\/strong><br data-start=\"555\" data-end=\"558\" \/>\u2013 <strong data-start=\"560\" data-end=\"577\">Parni datumi:<\/strong> prijepodne<br data-start=\"588\" data-end=\"591\" \/>\u2013 <strong data-start=\"593\" data-end=\"612\">Neparni datumi:<\/strong> poslijepodne<\/p>\n<p data-start=\"366\" data-end=\"776\"><strong data-start=\"628\" data-end=\"646\">E-mail adrese:<\/strong><br data-start=\"646\" data-end=\"649\" \/>\ud83d\udce7 <a class=\"cursor-pointer\" rel=\"noopener\" data-start=\"652\" data-end=\"715\">nina.petricevic@stampar.hr<\/a><br data-start=\"715\" data-end=\"718\" \/>\ud83d\udce7 <a class=\"cursor-pointer\" rel=\"noopener\" data-start=\"721\" data-end=\"776\">ljuba.curic@stampar.hr<\/a><\/p>\n<p data-start=\"778\" data-end=\"961\">U\u010denici se mogu javiti nadle\u017enoj ambulanti radi sistematskih pregleda, pregleda za upis ili nastavak \u0161kolovanja, savjetovanja te svih ostalih pitanja vezanih uz zdravlje i \u0161kolovanje.<\/p>\n","protected":false},"excerpt":{"rendered":"<p>\u0160kolska lije\u010dni\u010dka slu\u017eba Za zdravstvenu skrb u\u010denika Obrtni\u010dke i industrijske graditeljske \u0161kole nadle\u017ean je tim Slu\u017ebe za \u0161kolsku i adolescentnu &hellip; <\/p>\n","protected":false},"author":3,"featured_media":0,"parent":0,"menu_order":0,"comment_status":"closed","ping_status":"closed","template":"","meta":{"footnotes":""},"class_list":["post-9512","page","type-page","status-publish","hentry"],"yoast_head":"<!-- This site is optimized with the Yoast SEO plugin v27.5 - https:\/\/yoast.com\/product\/yoast-seo-wordpress\/ -->\n<title>\u0160kolski lije\u010dnik - OIG\u0160<\/title>\n<meta name=\"description\" content=\"\u0160kolska lije\u010dni\u010dka slu\u017eba Za zdravstvenu skrb u\u010denika Obrtni\u010dke i industrijske graditeljske \u0161kole nadle\u017ean je tim Slu\u017ebe za \u0161kolsku i adolescentnu\" \/>\n<meta name=\"robots\" content=\"index, follow, max-snippet:-1, max-image-preview:large, max-video-preview:-1\" \/>\n<link rel=\"canonical\" href=\"https:\/\/oigs.hr\/novo\/skolski-lijecnik\/\" \/>\n<meta property=\"og:locale\" content=\"hr_HR\" \/>\n<meta property=\"og:type\" content=\"article\" \/>\n<meta property=\"og:title\" content=\"\u0160kolski lije\u010dnik - OIG\u0160\" \/>\n<meta property=\"og:description\" content=\"\u0160kolska lije\u010dni\u010dka slu\u017eba Za zdravstvenu skrb u\u010denika Obrtni\u010dke i industrijske graditeljske \u0161kole nadle\u017ean je tim Slu\u017ebe za \u0161kolsku i adolescentnu\" \/>\n<meta property=\"og:url\" content=\"https:\/\/oigs.hr\/novo\/skolski-lijecnik\/\" \/>\n<meta property=\"og:site_name\" content=\"OIG\u0160\" \/>\n<meta property=\"article:publisher\" content=\"https:\/\/www.facebook.com\/oigs.srednjaskola\/\" \/>\n<meta property=\"article:modified_time\" content=\"2025-06-25T12:58:15+00:00\" \/>\n<meta property=\"og:image\" content=\"https:\/\/oigs.hr\/novo\/wp-content\/uploads\/2025\/06\/24LtQ5MoOw_TmdlSicEIX.png\" \/>\n\t<meta property=\"og:image:width\" content=\"1024\" \/>\n\t<meta property=\"og:image:height\" content=\"821\" \/>\n\t<meta property=\"og:image:type\" content=\"image\/png\" \/>\n<meta name=\"twitter:card\" content=\"summary_large_image\" \/>\n<meta name=\"twitter:label1\" content=\"Procijenjeno vrijeme \u010ditanja\" \/>\n\t<meta name=\"twitter:data1\" content=\"1 minuta\" \/>\n<script type=\"application\/ld+json\" class=\"yoast-schema-graph\">{\"@context\":\"https:\\\/\\\/schema.org\",\"@graph\":[{\"@type\":\"WebPage\",\"@id\":\"https:\\\/\\\/oigs.hr\\\/novo\\\/skolski-lijecnik\\\/\",\"url\":\"https:\\\/\\\/oigs.hr\\\/novo\\\/skolski-lijecnik\\\/\",\"name\":\"\u0160kolski lije\u010dnik - OIG\u0160\",\"isPartOf\":{\"@id\":\"https:\\\/\\\/oigs.hr\\\/novo\\\/#website\"},\"primaryImageOfPage\":{\"@id\":\"https:\\\/\\\/oigs.hr\\\/novo\\\/skolski-lijecnik\\\/#primaryimage\"},\"image\":{\"@id\":\"https:\\\/\\\/oigs.hr\\\/novo\\\/skolski-lijecnik\\\/#primaryimage\"},\"thumbnailUrl\":\"https:\\\/\\\/oigs.hr\\\/novo\\\/wp-content\\\/uploads\\\/2025\\\/06\\\/24LtQ5MoOw_TmdlSicEIX-300x241.png\",\"datePublished\":\"2025-06-24T11:39:58+00:00\",\"dateModified\":\"2025-06-25T12:58:15+00:00\",\"description\":\"\u0160kolska lije\u010dni\u010dka slu\u017eba Za zdravstvenu skrb u\u010denika Obrtni\u010dke i industrijske graditeljske \u0161kole nadle\u017ean je tim Slu\u017ebe za \u0161kolsku i adolescentnu\",\"breadcrumb\":{\"@id\":\"https:\\\/\\\/oigs.hr\\\/novo\\\/skolski-lijecnik\\\/#breadcrumb\"},\"inLanguage\":\"hr\",\"potentialAction\":[{\"@type\":\"ReadAction\",\"target\":[\"https:\\\/\\\/oigs.hr\\\/novo\\\/skolski-lijecnik\\\/\"]}]},{\"@type\":\"ImageObject\",\"inLanguage\":\"hr\",\"@id\":\"https:\\\/\\\/oigs.hr\\\/novo\\\/skolski-lijecnik\\\/#primaryimage\",\"url\":\"https:\\\/\\\/oigs.hr\\\/novo\\\/wp-content\\\/uploads\\\/2025\\\/06\\\/24LtQ5MoOw_TmdlSicEIX.png\",\"contentUrl\":\"https:\\\/\\\/oigs.hr\\\/novo\\\/wp-content\\\/uploads\\\/2025\\\/06\\\/24LtQ5MoOw_TmdlSicEIX.png\",\"width\":1024,\"height\":821},{\"@type\":\"BreadcrumbList\",\"@id\":\"https:\\\/\\\/oigs.hr\\\/novo\\\/skolski-lijecnik\\\/#breadcrumb\",\"itemListElement\":[{\"@type\":\"ListItem\",\"position\":1,\"name\":\"Po\u010detna stranica\",\"item\":\"https:\\\/\\\/oigs.hr\\\/novo\\\/\"},{\"@type\":\"ListItem\",\"position\":2,\"name\":\"\u0160kolski lije\u010dnik\"}]},{\"@type\":\"WebSite\",\"@id\":\"https:\\\/\\\/oigs.hr\\\/novo\\\/#website\",\"url\":\"https:\\\/\\\/oigs.hr\\\/novo\\\/\",\"name\":\"OIG\u0160\",\"description\":\"Obrtni\u010dka i industrijska graditeljska \u0161kola\",\"publisher\":{\"@id\":\"https:\\\/\\\/oigs.hr\\\/novo\\\/#organization\"},\"potentialAction\":[{\"@type\":\"SearchAction\",\"target\":{\"@type\":\"EntryPoint\",\"urlTemplate\":\"https:\\\/\\\/oigs.hr\\\/novo\\\/?s={search_term_string}\"},\"query-input\":{\"@type\":\"PropertyValueSpecification\",\"valueRequired\":true,\"valueName\":\"search_term_string\"}}],\"inLanguage\":\"hr\"},{\"@type\":\"Organization\",\"@id\":\"https:\\\/\\\/oigs.hr\\\/novo\\\/#organization\",\"name\":\"OIG\u0160\",\"url\":\"https:\\\/\\\/oigs.hr\\\/novo\\\/\",\"logo\":{\"@type\":\"ImageObject\",\"inLanguage\":\"hr\",\"@id\":\"https:\\\/\\\/oigs.hr\\\/novo\\\/#\\\/schema\\\/logo\\\/image\\\/\",\"url\":\"https:\\\/\\\/oigs.hr\\\/novo\\\/wp-content\\\/uploads\\\/2020\\\/06\\\/logo-1-e1592001907410.png\",\"contentUrl\":\"https:\\\/\\\/oigs.hr\\\/novo\\\/wp-content\\\/uploads\\\/2020\\\/06\\\/logo-1-e1592001907410.png\",\"width\":195,\"height\":181,\"caption\":\"OIG\u0160\"},\"image\":{\"@id\":\"https:\\\/\\\/oigs.hr\\\/novo\\\/#\\\/schema\\\/logo\\\/image\\\/\"},\"sameAs\":[\"https:\\\/\\\/www.facebook.com\\\/oigs.srednjaskola\\\/\"]}]}<\/script>\n<!-- \/ Yoast SEO plugin. -->","yoast_head_json":{"title":"\u0160kolski lije\u010dnik - OIG\u0160","description":"\u0160kolska lije\u010dni\u010dka slu\u017eba Za zdravstvenu skrb u\u010denika Obrtni\u010dke i industrijske graditeljske \u0161kole nadle\u017ean je tim Slu\u017ebe za \u0161kolsku i adolescentnu","robots":{"index":"index","follow":"follow","max-snippet":"max-snippet:-1","max-image-preview":"max-image-preview:large","max-video-preview":"max-video-preview:-1"},"canonical":"https:\/\/oigs.hr\/novo\/skolski-lijecnik\/","og_locale":"hr_HR","og_type":"article","og_title":"\u0160kolski lije\u010dnik - OIG\u0160","og_description":"\u0160kolska lije\u010dni\u010dka slu\u017eba Za zdravstvenu skrb u\u010denika Obrtni\u010dke i industrijske graditeljske \u0161kole nadle\u017ean je tim Slu\u017ebe za \u0161kolsku i adolescentnu","og_url":"https:\/\/oigs.hr\/novo\/skolski-lijecnik\/","og_site_name":"OIG\u0160","article_publisher":"https:\/\/www.facebook.com\/oigs.srednjaskola\/","article_modified_time":"2025-06-25T12:58:15+00:00","og_image":[{"width":1024,"height":821,"url":"https:\/\/oigs.hr\/novo\/wp-content\/uploads\/2025\/06\/24LtQ5MoOw_TmdlSicEIX.png","type":"image\/png"}],"twitter_card":"summary_large_image","twitter_misc":{"Procijenjeno vrijeme \u010ditanja":"1 minuta"},"schema":{"@context":"https:\/\/schema.org","@graph":[{"@type":"WebPage","@id":"https:\/\/oigs.hr\/novo\/skolski-lijecnik\/","url":"https:\/\/oigs.hr\/novo\/skolski-lijecnik\/","name":"\u0160kolski lije\u010dnik - OIG\u0160","isPartOf":{"@id":"https:\/\/oigs.hr\/novo\/#website"},"primaryImageOfPage":{"@id":"https:\/\/oigs.hr\/novo\/skolski-lijecnik\/#primaryimage"},"image":{"@id":"https:\/\/oigs.hr\/novo\/skolski-lijecnik\/#primaryimage"},"thumbnailUrl":"https:\/\/oigs.hr\/novo\/wp-content\/uploads\/2025\/06\/24LtQ5MoOw_TmdlSicEIX-300x241.png","datePublished":"2025-06-24T11:39:58+00:00","dateModified":"2025-06-25T12:58:15+00:00","description":"\u0160kolska lije\u010dni\u010dka slu\u017eba Za zdravstvenu skrb u\u010denika Obrtni\u010dke i industrijske graditeljske \u0161kole nadle\u017ean je tim Slu\u017ebe za \u0161kolsku i adolescentnu","breadcrumb":{"@id":"https:\/\/oigs.hr\/novo\/skolski-lijecnik\/#breadcrumb"},"inLanguage":"hr","potentialAction":[{"@type":"ReadAction","target":["https:\/\/oigs.hr\/novo\/skolski-lijecnik\/"]}]},{"@type":"ImageObject","inLanguage":"hr","@id":"https:\/\/oigs.hr\/novo\/skolski-lijecnik\/#primaryimage","url":"https:\/\/oigs.hr\/novo\/wp-content\/uploads\/2025\/06\/24LtQ5MoOw_TmdlSicEIX.png","contentUrl":"https:\/\/oigs.hr\/novo\/wp-content\/uploads\/2025\/06\/24LtQ5MoOw_TmdlSicEIX.png","width":1024,"height":821},{"@type":"BreadcrumbList","@id":"https:\/\/oigs.hr\/novo\/skolski-lijecnik\/#breadcrumb","itemListElement":[{"@type":"ListItem","position":1,"name":"Po\u010detna stranica","item":"https:\/\/oigs.hr\/novo\/"},{"@type":"ListItem","position":2,"name":"\u0160kolski lije\u010dnik"}]},{"@type":"WebSite","@id":"https:\/\/oigs.hr\/novo\/#website","url":"https:\/\/oigs.hr\/novo\/","name":"OIG\u0160","description":"Obrtni\u010dka i industrijska graditeljska \u0161kola","publisher":{"@id":"https:\/\/oigs.hr\/novo\/#organization"},"potentialAction":[{"@type":"SearchAction","target":{"@type":"EntryPoint","urlTemplate":"https:\/\/oigs.hr\/novo\/?s={search_term_string}"},"query-input":{"@type":"PropertyValueSpecification","valueRequired":true,"valueName":"search_term_string"}}],"inLanguage":"hr"},{"@type":"Organization","@id":"https:\/\/oigs.hr\/novo\/#organization","name":"OIG\u0160","url":"https:\/\/oigs.hr\/novo\/","logo":{"@type":"ImageObject","inLanguage":"hr","@id":"https:\/\/oigs.hr\/novo\/#\/schema\/logo\/image\/","url":"https:\/\/oigs.hr\/novo\/wp-content\/uploads\/2020\/06\/logo-1-e1592001907410.png","contentUrl":"https:\/\/oigs.hr\/novo\/wp-content\/uploads\/2020\/06\/logo-1-e1592001907410.png","width":195,"height":181,"caption":"OIG\u0160"},"image":{"@id":"https:\/\/oigs.hr\/novo\/#\/schema\/logo\/image\/"},"sameAs":["https:\/\/www.facebook.com\/oigs.srednjaskola\/"]}]}},"_links":{"self":[{"href":"https:\/\/oigs.hr\/novo\/wp-json\/wp\/v2\/pages\/9512","targetHints":{"allow":["GET"]}}],"collection":[{"href":"https:\/\/oigs.hr\/novo\/wp-json\/wp\/v2\/pages"}],"about":[{"href":"https:\/\/oigs.hr\/novo\/wp-json\/wp\/v2\/types\/page"}],"author":[{"embeddable":true,"href":"https:\/\/oigs.hr\/novo\/wp-json\/wp\/v2\/users\/3"}],"replies":[{"embeddable":true,"href":"https:\/\/oigs.hr\/novo\/wp-json\/wp\/v2\/comments?post=9512"}],"version-history":[{"count":3,"href":"https:\/\/oigs.hr\/novo\/wp-json\/wp\/v2\/pages\/9512\/revisions"}],"predecessor-version":[{"id":9704,"href":"https:\/\/oigs.hr\/novo\/wp-json\/wp\/v2\/pages\/9512\/revisions\/9704"}],"wp:attachment":[{"href":"https:\/\/oigs.hr\/novo\/wp-json\/wp\/v2\/media?parent=9512"}],"curies":[{"name":"wp","href":"https:\/\/api.w.org\/{rel}","templated":true}]}}