{"id":8330,"date":"2024-06-27T20:03:28","date_gmt":"2024-06-27T18:03:28","guid":{"rendered":"https:\/\/oigs.hr\/novo\/?page_id=8330"},"modified":"2025-10-06T13:18:13","modified_gmt":"2025-10-06T11:18:13","slug":"zapisnici-so","status":"publish","type":"page","link":"https:\/\/oigs.hr\/novo\/zapisnici-so\/","title":{"rendered":"Zapisnici \u0160O"},"content":{"rendered":"<p><img loading=\"lazy\" decoding=\"async\" class=\"alignnone size-medium wp-image-9808\" src=\"https:\/\/oigs.hr\/novo\/wp-content\/uploads\/2025\/07\/p4upNIt2UmUKWqb9nm9L6-300x300.png\" alt=\"\" width=\"300\" height=\"300\" srcset=\"https:\/\/oigs.hr\/novo\/wp-content\/uploads\/2025\/07\/p4upNIt2UmUKWqb9nm9L6-300x300.png 300w, https:\/\/oigs.hr\/novo\/wp-content\/uploads\/2025\/07\/p4upNIt2UmUKWqb9nm9L6-150x150.png 150w, https:\/\/oigs.hr\/novo\/wp-content\/uploads\/2025\/07\/p4upNIt2UmUKWqb9nm9L6-768x768.png 768w, https:\/\/oigs.hr\/novo\/wp-content\/uploads\/2025\/07\/p4upNIt2UmUKWqb9nm9L6-70x70.png 70w, https:\/\/oigs.hr\/novo\/wp-content\/uploads\/2025\/07\/p4upNIt2UmUKWqb9nm9L6-246x246.png 246w, https:\/\/oigs.hr\/novo\/wp-content\/uploads\/2025\/07\/p4upNIt2UmUKWqb9nm9L6-276x276.png 276w, https:\/\/oigs.hr\/novo\/wp-content\/uploads\/2025\/07\/p4upNIt2UmUKWqb9nm9L6-125x125.png 125w, https:\/\/oigs.hr\/novo\/wp-content\/uploads\/2025\/07\/p4upNIt2UmUKWqb9nm9L6.png 1024w\" sizes=\"auto, (max-width: 300px) 100vw, 300px\" \/><\/p>\n<p><strong><span style=\"color: #0000ff;\"><a style=\"color: #0000ff;\" href=\"https:\/\/oigs.hr\/novo\/zapisnici-skolskog-odbora-2025-godine\/\">Zapisnici \u0160kolskog odbora 2025. godine:<\/a><\/span><\/strong><\/p>\n<p><a href=\"https:\/\/oigs.hr\/novo\/zapisnici-skolskog-odbora-2025-godine\/\"><img loading=\"lazy\" decoding=\"async\" class=\"alignnone size-medium wp-image-10074\" src=\"https:\/\/oigs.hr\/novo\/wp-content\/uploads\/2025\/08\/NwO_G1vA2lDSn_UQO9w3_-1-300x300.jpg\" alt=\"\" width=\"300\" height=\"300\" srcset=\"https:\/\/oigs.hr\/novo\/wp-content\/uploads\/2025\/08\/NwO_G1vA2lDSn_UQO9w3_-1-300x300.jpg 300w, https:\/\/oigs.hr\/novo\/wp-content\/uploads\/2025\/08\/NwO_G1vA2lDSn_UQO9w3_-1-1024x1024.jpg 1024w, https:\/\/oigs.hr\/novo\/wp-content\/uploads\/2025\/08\/NwO_G1vA2lDSn_UQO9w3_-1-150x150.jpg 150w, https:\/\/oigs.hr\/novo\/wp-content\/uploads\/2025\/08\/NwO_G1vA2lDSn_UQO9w3_-1-768x768.jpg 768w, https:\/\/oigs.hr\/novo\/wp-content\/uploads\/2025\/08\/NwO_G1vA2lDSn_UQO9w3_-1-70x70.jpg 70w, https:\/\/oigs.hr\/novo\/wp-content\/uploads\/2025\/08\/NwO_G1vA2lDSn_UQO9w3_-1-246x246.jpg 246w, https:\/\/oigs.hr\/novo\/wp-content\/uploads\/2025\/08\/NwO_G1vA2lDSn_UQO9w3_-1-276x276.jpg 276w, https:\/\/oigs.hr\/novo\/wp-content\/uploads\/2025\/08\/NwO_G1vA2lDSn_UQO9w3_-1-125x125.jpg 125w, https:\/\/oigs.hr\/novo\/wp-content\/uploads\/2025\/08\/NwO_G1vA2lDSn_UQO9w3_-1.jpg 1536w\" sizes=\"auto, (max-width: 300px) 100vw, 300px\" \/><\/a><\/p>\n<p>&nbsp;<\/p>\n<p><span style=\"color: #0000ff;\"><a style=\"color: #0000ff;\" href=\"https:\/\/oigs.hr\/novo\/zapisnici-skolskog-odbora-2024-godine\/\"><strong>Zapisnici \u0160kolskog odbora 2024. godine:<\/strong><\/a><\/span><\/p>\n<p><a href=\"https:\/\/oigs.hr\/novo\/zapisnici-skolskog-odbora-2024-godine\/\"><img loading=\"lazy\" decoding=\"async\" class=\"alignnone size-medium wp-image-10065\" src=\"https:\/\/oigs.hr\/novo\/wp-content\/uploads\/2025\/08\/rf5T6rn9qqV9-hdleg8Fk-300x300.jpg\" alt=\"\" width=\"300\" height=\"300\" srcset=\"https:\/\/oigs.hr\/novo\/wp-content\/uploads\/2025\/08\/rf5T6rn9qqV9-hdleg8Fk-300x300.jpg 300w, https:\/\/oigs.hr\/novo\/wp-content\/uploads\/2025\/08\/rf5T6rn9qqV9-hdleg8Fk-1024x1024.jpg 1024w, https:\/\/oigs.hr\/novo\/wp-content\/uploads\/2025\/08\/rf5T6rn9qqV9-hdleg8Fk-150x150.jpg 150w, https:\/\/oigs.hr\/novo\/wp-content\/uploads\/2025\/08\/rf5T6rn9qqV9-hdleg8Fk-768x768.jpg 768w, https:\/\/oigs.hr\/novo\/wp-content\/uploads\/2025\/08\/rf5T6rn9qqV9-hdleg8Fk-70x70.jpg 70w, https:\/\/oigs.hr\/novo\/wp-content\/uploads\/2025\/08\/rf5T6rn9qqV9-hdleg8Fk-246x246.jpg 246w, https:\/\/oigs.hr\/novo\/wp-content\/uploads\/2025\/08\/rf5T6rn9qqV9-hdleg8Fk-276x276.jpg 276w, https:\/\/oigs.hr\/novo\/wp-content\/uploads\/2025\/08\/rf5T6rn9qqV9-hdleg8Fk-125x125.jpg 125w, https:\/\/oigs.hr\/novo\/wp-content\/uploads\/2025\/08\/rf5T6rn9qqV9-hdleg8Fk.jpg 1536w\" sizes=\"auto, (max-width: 300px) 100vw, 300px\" \/><\/a><\/p>\n<p><span style=\"color: #0000ff;\"><strong><a style=\"color: #0000ff;\" href=\"https:\/\/oigs.hr\/novo\/wp-admin\/post.php?post=10191&amp;action=edit&amp;classic-editor\">Zapisnici \u0160kolskog odbora 2023.<\/a><\/strong><\/span><\/p>\n<p><a href=\"https:\/\/oigs.hr\/novo\/wp-admin\/post.php?post=10191&amp;action=edit&amp;classic-editor\"><img loading=\"lazy\" decoding=\"async\" class=\"alignnone size-medium wp-image-10196\" src=\"https:\/\/oigs.hr\/novo\/wp-content\/uploads\/2025\/10\/FjytW6ARNhdqMzF5zs69X-300x300.jpg\" alt=\"\" width=\"300\" height=\"300\" srcset=\"https:\/\/oigs.hr\/novo\/wp-content\/uploads\/2025\/10\/FjytW6ARNhdqMzF5zs69X-300x300.jpg 300w, https:\/\/oigs.hr\/novo\/wp-content\/uploads\/2025\/10\/FjytW6ARNhdqMzF5zs69X-1024x1024.jpg 1024w, https:\/\/oigs.hr\/novo\/wp-content\/uploads\/2025\/10\/FjytW6ARNhdqMzF5zs69X-150x150.jpg 150w, https:\/\/oigs.hr\/novo\/wp-content\/uploads\/2025\/10\/FjytW6ARNhdqMzF5zs69X-768x768.jpg 768w, https:\/\/oigs.hr\/novo\/wp-content\/uploads\/2025\/10\/FjytW6ARNhdqMzF5zs69X-70x70.jpg 70w, https:\/\/oigs.hr\/novo\/wp-content\/uploads\/2025\/10\/FjytW6ARNhdqMzF5zs69X-246x246.jpg 246w, https:\/\/oigs.hr\/novo\/wp-content\/uploads\/2025\/10\/FjytW6ARNhdqMzF5zs69X-276x276.jpg 276w, https:\/\/oigs.hr\/novo\/wp-content\/uploads\/2025\/10\/FjytW6ARNhdqMzF5zs69X-125x125.jpg 125w, https:\/\/oigs.hr\/novo\/wp-content\/uploads\/2025\/10\/FjytW6ARNhdqMzF5zs69X.jpg 1536w\" sizes=\"auto, (max-width: 300px) 100vw, 300px\" \/><\/a><\/p>\n","protected":false},"excerpt":{"rendered":"<p>Zapisnici \u0160kolskog odbora 2025. godine: &nbsp; Zapisnici \u0160kolskog odbora 2024. godine: Zapisnici \u0160kolskog odbora 2023.<\/p>\n","protected":false},"author":2,"featured_media":0,"parent":0,"menu_order":0,"comment_status":"closed","ping_status":"closed","template":"","meta":{"footnotes":""},"class_list":["post-8330","page","type-page","status-publish","hentry"],"yoast_head":"<!-- This site is optimized with the Yoast SEO plugin v27.4 - https:\/\/yoast.com\/product\/yoast-seo-wordpress\/ -->\n<title>Zapisnici \u0160O - OIG\u0160<\/title>\n<meta name=\"description\" content=\"Zapisnici \u0160kolskog odbora 2025. godine:    &nbsp;  Zapisnici \u0160kolskog odbora 2024. godine:    Zapisnici \u0160kolskog odbora 2023.\" \/>\n<meta name=\"robots\" content=\"index, follow, max-snippet:-1, max-image-preview:large, max-video-preview:-1\" \/>\n<link rel=\"canonical\" href=\"https:\/\/oigs.hr\/novo\/zapisnici-so\/\" \/>\n<meta property=\"og:locale\" content=\"hr_HR\" \/>\n<meta property=\"og:type\" content=\"article\" \/>\n<meta property=\"og:title\" content=\"Zapisnici \u0160O - OIG\u0160\" \/>\n<meta property=\"og:description\" content=\"Zapisnici \u0160kolskog odbora 2025. godine:    &nbsp;  Zapisnici \u0160kolskog odbora 2024. godine:    Zapisnici \u0160kolskog odbora 2023.\" \/>\n<meta property=\"og:url\" content=\"https:\/\/oigs.hr\/novo\/zapisnici-so\/\" \/>\n<meta property=\"og:site_name\" content=\"OIG\u0160\" \/>\n<meta property=\"article:publisher\" content=\"https:\/\/www.facebook.com\/oigs.srednjaskola\/\" \/>\n<meta property=\"article:modified_time\" content=\"2025-10-06T11:18:13+00:00\" \/>\n<meta property=\"og:image\" content=\"https:\/\/oigs.hr\/novo\/wp-content\/uploads\/2025\/07\/p4upNIt2UmUKWqb9nm9L6.png\" \/>\n\t<meta property=\"og:image:width\" content=\"1024\" \/>\n\t<meta property=\"og:image:height\" content=\"1024\" \/>\n\t<meta property=\"og:image:type\" content=\"image\/png\" \/>\n<meta name=\"twitter:card\" content=\"summary_large_image\" \/>\n<meta name=\"twitter:label1\" content=\"Procijenjeno vrijeme \u010ditanja\" \/>\n\t<meta name=\"twitter:data1\" content=\"1 minuta\" \/>\n<script type=\"application\/ld+json\" class=\"yoast-schema-graph\">{\"@context\":\"https:\\\/\\\/schema.org\",\"@graph\":[{\"@type\":\"WebPage\",\"@id\":\"https:\\\/\\\/oigs.hr\\\/novo\\\/zapisnici-so\\\/\",\"url\":\"https:\\\/\\\/oigs.hr\\\/novo\\\/zapisnici-so\\\/\",\"name\":\"Zapisnici \u0160O - OIG\u0160\",\"isPartOf\":{\"@id\":\"https:\\\/\\\/oigs.hr\\\/novo\\\/#website\"},\"primaryImageOfPage\":{\"@id\":\"https:\\\/\\\/oigs.hr\\\/novo\\\/zapisnici-so\\\/#primaryimage\"},\"image\":{\"@id\":\"https:\\\/\\\/oigs.hr\\\/novo\\\/zapisnici-so\\\/#primaryimage\"},\"thumbnailUrl\":\"https:\\\/\\\/oigs.hr\\\/novo\\\/wp-content\\\/uploads\\\/2025\\\/07\\\/p4upNIt2UmUKWqb9nm9L6-300x300.png\",\"datePublished\":\"2024-06-27T18:03:28+00:00\",\"dateModified\":\"2025-10-06T11:18:13+00:00\",\"description\":\"Zapisnici \u0160kolskog odbora 2025. godine: &nbsp; Zapisnici \u0160kolskog odbora 2024. godine: Zapisnici \u0160kolskog odbora 2023.\",\"breadcrumb\":{\"@id\":\"https:\\\/\\\/oigs.hr\\\/novo\\\/zapisnici-so\\\/#breadcrumb\"},\"inLanguage\":\"hr\",\"potentialAction\":[{\"@type\":\"ReadAction\",\"target\":[\"https:\\\/\\\/oigs.hr\\\/novo\\\/zapisnici-so\\\/\"]}]},{\"@type\":\"ImageObject\",\"inLanguage\":\"hr\",\"@id\":\"https:\\\/\\\/oigs.hr\\\/novo\\\/zapisnici-so\\\/#primaryimage\",\"url\":\"https:\\\/\\\/oigs.hr\\\/novo\\\/wp-content\\\/uploads\\\/2025\\\/07\\\/p4upNIt2UmUKWqb9nm9L6.png\",\"contentUrl\":\"https:\\\/\\\/oigs.hr\\\/novo\\\/wp-content\\\/uploads\\\/2025\\\/07\\\/p4upNIt2UmUKWqb9nm9L6.png\",\"width\":1024,\"height\":1024},{\"@type\":\"BreadcrumbList\",\"@id\":\"https:\\\/\\\/oigs.hr\\\/novo\\\/zapisnici-so\\\/#breadcrumb\",\"itemListElement\":[{\"@type\":\"ListItem\",\"position\":1,\"name\":\"Po\u010detna stranica\",\"item\":\"https:\\\/\\\/oigs.hr\\\/novo\\\/\"},{\"@type\":\"ListItem\",\"position\":2,\"name\":\"Zapisnici \u0160O\"}]},{\"@type\":\"WebSite\",\"@id\":\"https:\\\/\\\/oigs.hr\\\/novo\\\/#website\",\"url\":\"https:\\\/\\\/oigs.hr\\\/novo\\\/\",\"name\":\"OIG\u0160\",\"description\":\"Obrtni\u010dka i industrijska graditeljska \u0161kola\",\"publisher\":{\"@id\":\"https:\\\/\\\/oigs.hr\\\/novo\\\/#organization\"},\"potentialAction\":[{\"@type\":\"SearchAction\",\"target\":{\"@type\":\"EntryPoint\",\"urlTemplate\":\"https:\\\/\\\/oigs.hr\\\/novo\\\/?s={search_term_string}\"},\"query-input\":{\"@type\":\"PropertyValueSpecification\",\"valueRequired\":true,\"valueName\":\"search_term_string\"}}],\"inLanguage\":\"hr\"},{\"@type\":\"Organization\",\"@id\":\"https:\\\/\\\/oigs.hr\\\/novo\\\/#organization\",\"name\":\"OIG\u0160\",\"url\":\"https:\\\/\\\/oigs.hr\\\/novo\\\/\",\"logo\":{\"@type\":\"ImageObject\",\"inLanguage\":\"hr\",\"@id\":\"https:\\\/\\\/oigs.hr\\\/novo\\\/#\\\/schema\\\/logo\\\/image\\\/\",\"url\":\"https:\\\/\\\/oigs.hr\\\/novo\\\/wp-content\\\/uploads\\\/2020\\\/06\\\/logo-1-e1592001907410.png\",\"contentUrl\":\"https:\\\/\\\/oigs.hr\\\/novo\\\/wp-content\\\/uploads\\\/2020\\\/06\\\/logo-1-e1592001907410.png\",\"width\":195,\"height\":181,\"caption\":\"OIG\u0160\"},\"image\":{\"@id\":\"https:\\\/\\\/oigs.hr\\\/novo\\\/#\\\/schema\\\/logo\\\/image\\\/\"},\"sameAs\":[\"https:\\\/\\\/www.facebook.com\\\/oigs.srednjaskola\\\/\"]}]}<\/script>\n<!-- \/ Yoast SEO plugin. -->","yoast_head_json":{"title":"Zapisnici \u0160O - OIG\u0160","description":"Zapisnici \u0160kolskog odbora 2025. godine:    &nbsp;  Zapisnici \u0160kolskog odbora 2024. godine:    Zapisnici \u0160kolskog odbora 2023.","robots":{"index":"index","follow":"follow","max-snippet":"max-snippet:-1","max-image-preview":"max-image-preview:large","max-video-preview":"max-video-preview:-1"},"canonical":"https:\/\/oigs.hr\/novo\/zapisnici-so\/","og_locale":"hr_HR","og_type":"article","og_title":"Zapisnici \u0160O - OIG\u0160","og_description":"Zapisnici \u0160kolskog odbora 2025. godine:    &nbsp;  Zapisnici \u0160kolskog odbora 2024. godine:    Zapisnici \u0160kolskog odbora 2023.","og_url":"https:\/\/oigs.hr\/novo\/zapisnici-so\/","og_site_name":"OIG\u0160","article_publisher":"https:\/\/www.facebook.com\/oigs.srednjaskola\/","article_modified_time":"2025-10-06T11:18:13+00:00","og_image":[{"width":1024,"height":1024,"url":"https:\/\/oigs.hr\/novo\/wp-content\/uploads\/2025\/07\/p4upNIt2UmUKWqb9nm9L6.png","type":"image\/png"}],"twitter_card":"summary_large_image","twitter_misc":{"Procijenjeno vrijeme \u010ditanja":"1 minuta"},"schema":{"@context":"https:\/\/schema.org","@graph":[{"@type":"WebPage","@id":"https:\/\/oigs.hr\/novo\/zapisnici-so\/","url":"https:\/\/oigs.hr\/novo\/zapisnici-so\/","name":"Zapisnici \u0160O - OIG\u0160","isPartOf":{"@id":"https:\/\/oigs.hr\/novo\/#website"},"primaryImageOfPage":{"@id":"https:\/\/oigs.hr\/novo\/zapisnici-so\/#primaryimage"},"image":{"@id":"https:\/\/oigs.hr\/novo\/zapisnici-so\/#primaryimage"},"thumbnailUrl":"https:\/\/oigs.hr\/novo\/wp-content\/uploads\/2025\/07\/p4upNIt2UmUKWqb9nm9L6-300x300.png","datePublished":"2024-06-27T18:03:28+00:00","dateModified":"2025-10-06T11:18:13+00:00","description":"Zapisnici \u0160kolskog odbora 2025. godine: &nbsp; Zapisnici \u0160kolskog odbora 2024. godine: Zapisnici \u0160kolskog odbora 2023.","breadcrumb":{"@id":"https:\/\/oigs.hr\/novo\/zapisnici-so\/#breadcrumb"},"inLanguage":"hr","potentialAction":[{"@type":"ReadAction","target":["https:\/\/oigs.hr\/novo\/zapisnici-so\/"]}]},{"@type":"ImageObject","inLanguage":"hr","@id":"https:\/\/oigs.hr\/novo\/zapisnici-so\/#primaryimage","url":"https:\/\/oigs.hr\/novo\/wp-content\/uploads\/2025\/07\/p4upNIt2UmUKWqb9nm9L6.png","contentUrl":"https:\/\/oigs.hr\/novo\/wp-content\/uploads\/2025\/07\/p4upNIt2UmUKWqb9nm9L6.png","width":1024,"height":1024},{"@type":"BreadcrumbList","@id":"https:\/\/oigs.hr\/novo\/zapisnici-so\/#breadcrumb","itemListElement":[{"@type":"ListItem","position":1,"name":"Po\u010detna stranica","item":"https:\/\/oigs.hr\/novo\/"},{"@type":"ListItem","position":2,"name":"Zapisnici \u0160O"}]},{"@type":"WebSite","@id":"https:\/\/oigs.hr\/novo\/#website","url":"https:\/\/oigs.hr\/novo\/","name":"OIG\u0160","description":"Obrtni\u010dka i industrijska graditeljska \u0161kola","publisher":{"@id":"https:\/\/oigs.hr\/novo\/#organization"},"potentialAction":[{"@type":"SearchAction","target":{"@type":"EntryPoint","urlTemplate":"https:\/\/oigs.hr\/novo\/?s={search_term_string}"},"query-input":{"@type":"PropertyValueSpecification","valueRequired":true,"valueName":"search_term_string"}}],"inLanguage":"hr"},{"@type":"Organization","@id":"https:\/\/oigs.hr\/novo\/#organization","name":"OIG\u0160","url":"https:\/\/oigs.hr\/novo\/","logo":{"@type":"ImageObject","inLanguage":"hr","@id":"https:\/\/oigs.hr\/novo\/#\/schema\/logo\/image\/","url":"https:\/\/oigs.hr\/novo\/wp-content\/uploads\/2020\/06\/logo-1-e1592001907410.png","contentUrl":"https:\/\/oigs.hr\/novo\/wp-content\/uploads\/2020\/06\/logo-1-e1592001907410.png","width":195,"height":181,"caption":"OIG\u0160"},"image":{"@id":"https:\/\/oigs.hr\/novo\/#\/schema\/logo\/image\/"},"sameAs":["https:\/\/www.facebook.com\/oigs.srednjaskola\/"]}]}},"_links":{"self":[{"href":"https:\/\/oigs.hr\/novo\/wp-json\/wp\/v2\/pages\/8330","targetHints":{"allow":["GET"]}}],"collection":[{"href":"https:\/\/oigs.hr\/novo\/wp-json\/wp\/v2\/pages"}],"about":[{"href":"https:\/\/oigs.hr\/novo\/wp-json\/wp\/v2\/types\/page"}],"author":[{"embeddable":true,"href":"https:\/\/oigs.hr\/novo\/wp-json\/wp\/v2\/users\/2"}],"replies":[{"embeddable":true,"href":"https:\/\/oigs.hr\/novo\/wp-json\/wp\/v2\/comments?post=8330"}],"version-history":[{"count":33,"href":"https:\/\/oigs.hr\/novo\/wp-json\/wp\/v2\/pages\/8330\/revisions"}],"predecessor-version":[{"id":10197,"href":"https:\/\/oigs.hr\/novo\/wp-json\/wp\/v2\/pages\/8330\/revisions\/10197"}],"wp:attachment":[{"href":"https:\/\/oigs.hr\/novo\/wp-json\/wp\/v2\/media?parent=8330"}],"curies":[{"name":"wp","href":"https:\/\/api.w.org\/{rel}","templated":true}]}}