{"id":8282,"date":"2024-06-07T19:12:59","date_gmt":"2024-06-07T17:12:59","guid":{"rendered":"https:\/\/oigs.hr\/novo\/?page_id=8282"},"modified":"2025-10-26T06:44:54","modified_gmt":"2025-10-26T05:44:54","slug":"objava-trosenje-sredstava","status":"publish","type":"page","link":"https:\/\/oigs.hr\/novo\/objava-trosenje-sredstava\/","title":{"rendered":"OBJAVA &#8211; TRO\u0160ENJE SREDSTAVA"},"content":{"rendered":"<h3><img loading=\"lazy\" decoding=\"async\" class=\"alignnone size-medium wp-image-10045\" src=\"https:\/\/oigs.hr\/novo\/wp-content\/uploads\/2025\/08\/2hWOpD4DbBD4ob89qXMv-225x300.png\" alt=\"\" width=\"225\" height=\"300\" srcset=\"https:\/\/oigs.hr\/novo\/wp-content\/uploads\/2025\/08\/2hWOpD4DbBD4ob89qXMv-225x300.png 225w, https:\/\/oigs.hr\/novo\/wp-content\/uploads\/2025\/08\/2hWOpD4DbBD4ob89qXMv-768x1024.png 768w, https:\/\/oigs.hr\/novo\/wp-content\/uploads\/2025\/08\/2hWOpD4DbBD4ob89qXMv.png 864w\" sizes=\"auto, (max-width: 225px) 100vw, 225px\" \/><\/h3>\n<h3><span style=\"color: #0000ff;\"><a style=\"color: #0000ff;\" href=\"https:\/\/oigs.hr\/novo\/wp-content\/uploads\/2025\/10\/JavnaObjavaSredstava_-7.-MJ-2025.xlsx\">Javna objava sredstava 7. MJ 2025<\/a><\/span><\/h3>\n<h3><span style=\"color: #0000ff;\"><a style=\"color: #0000ff;\" href=\"https:\/\/oigs.hr\/novo\/wp-content\/uploads\/2025\/10\/JavnaObjavaSredstava_-6.-MJ-2025.xlsx\">Javna objava sredstava 6. MJ 2025.<\/a><\/span><\/h3>\n<h3><span style=\"color: #0000ff;\"><a style=\"color: #0000ff;\" href=\"https:\/\/oigs.hr\/novo\/wp-content\/uploads\/2025\/10\/JavnaObjavaSredstava_-5.MJ-2025.xlsx\">Javna objava sredstava 5.MJ 2025<\/a><\/span><\/h3>\n<h3><span style=\"color: #0000ff;\"><a style=\"color: #0000ff;\" href=\"https:\/\/oigs.hr\/novo\/wp-content\/uploads\/2025\/10\/JavnaObjavaSredstava_-4.MJ-2025.xlsx\">Javna objava sredstava 4.MJ 2025<\/a><\/span><\/h3>\n<h3><span style=\"color: #0000ff;\"><a style=\"color: #0000ff;\" href=\"https:\/\/oigs.hr\/novo\/wp-content\/uploads\/2025\/10\/JavnaObjavaSredstava_-3.MJ-2025.xlsx\">Javna objava sredstava 3.MJ 2025<\/a><\/span><\/h3>\n<h3><span style=\"color: #0000ff;\"><a style=\"color: #0000ff;\" href=\"https:\/\/oigs.hr\/novo\/wp-content\/uploads\/2025\/10\/JavnaObjavaSredstava_-2.MJ-2025.xlsx\">Javna objava sredstava 2.MJ 2025<\/a><\/span><\/h3>\n<h3><span style=\"color: #0000ff;\"><a style=\"color: #0000ff;\" href=\"https:\/\/oigs.hr\/novo\/echoes-of-the-past-culture-in-pixels\/\">Javna objava sredstava 1. MJ 2025<\/a><\/span><\/h3>\n<h3><span style=\"color: #0000ff;\"><a style=\"color: #0000ff;\" href=\"https:\/\/oigs.hr\/novo\/wp-content\/uploads\/2025\/10\/JavnaObjavaSredstava_-12-2024.xlsx\">Javna objava sredstava 12 &#8211; 2024.<\/a><\/span><\/h3>\n<h3><span style=\"color: #0000ff;\"><a style=\"color: #0000ff;\" href=\"https:\/\/oigs.hr\/novo\/wp-content\/uploads\/2025\/10\/JavnaObjavaSredstava_-11-2024.xlsx\">Javna objava sredstava<\/a><a style=\"color: #0000ff;\" href=\"https:\/\/oigs.hr\/novo\/wp-content\/uploads\/2025\/10\/JavnaObjavaSredstava_-11-2024.xlsx\"> 11 &#8211; 2<\/a><a style=\"color: #0000ff;\" href=\"https:\/\/oigs.hr\/novo\/wp-content\/uploads\/2025\/10\/JavnaObjavaSredstava_-11-2024.xlsx\">024.<\/a><\/span><\/h3>\n<h3><span style=\"color: #0000ff;\"><a style=\"color: #0000ff;\" href=\"https:\/\/oigs.hr\/novo\/wp-content\/uploads\/2024\/12\/JavnaObjavaSredstava_-10-2024.xlsx\">Javna objava sredstava 10 &#8211; 2024<\/a><\/span><\/h3>\n<h3><span style=\"color: #0000ff;\"><a style=\"color: #0000ff;\" href=\"https:\/\/oigs.hr\/novo\/wp-content\/uploads\/2024\/12\/JavnaObjavaSredstava_-9-2024.xlsx\">Javna objava sredstava 9 &#8211; 2024<\/a><\/span><\/h3>\n<h3><span style=\"color: #0000ff;\"><a style=\"color: #0000ff;\" href=\"https:\/\/oigs.hr\/novo\/wp-content\/uploads\/2024\/12\/JavnaObjavaSredstava_-8-2024.xlsx\">Javna objava sredstava 8 &#8211; 2024<\/a><\/span><\/h3>\n<h3><span style=\"color: #0000ff;\"><a style=\"color: #0000ff;\" href=\"https:\/\/oigs.hr\/novo\/wp-content\/uploads\/2024\/12\/JavnaObjavaSredstava_-7-2024.xlsx\">Javna objava sredstava 7 &#8211; 2024<\/a><\/span><\/h3>\n<h3><span style=\"color: #0000ff;\"><a style=\"color: #0000ff;\" href=\"https:\/\/oigs.hr\/novo\/wp-content\/uploads\/2024\/12\/JavnaObjavaSredstava_-6-2024.xlsx\">Javna objava sredstava 6 &#8211; 2024<\/a><\/span><\/h3>\n<h3><a href=\"https:\/\/oigs.hr\/novo\/wp-content\/uploads\/2024\/12\/JavnaObjavaSredstava_-5-2024.xlsx\"><span style=\"color: #0000ff;\">Javna objava sredstava 5 &#8211; 2024<\/span><\/a><\/h3>\n<h3><span style=\"color: #0000ff;\"><a style=\"color: #0000ff;\" href=\"https:\/\/oigs.hr\/novo\/wp-content\/uploads\/2024\/06\/JavnaObjavaSredstava_-4-2024.xlsx\">Javna objava sredstava 4 &#8211; 2024<\/a><\/span><\/h3>\n<h3><span style=\"color: #0000ff;\"><a style=\"color: #0000ff;\" href=\"https:\/\/oigs.hr\/novo\/wp-content\/uploads\/2024\/06\/JavnaObjavaSredstava_-3-2024.xlsx\">Javna objava sredstava 3 &#8211; 2024<\/a><\/span><\/h3>\n<h3><span style=\"color: #0000ff;\"><a style=\"color: #0000ff;\" href=\"https:\/\/oigs.hr\/novo\/wp-content\/uploads\/2024\/06\/JavnaObjavaSredstava_-2-2024.xlsx\">Javna objava sredstava 2 &#8211; 2024<\/a><\/span><\/h3>\n<h3><span style=\"color: #0000ff;\"><a style=\"color: #0000ff;\" href=\"https:\/\/oigs.hr\/novo\/wp-content\/uploads\/2024\/06\/JavnaObjavaSredstava_-1-2024.xlsx\">Javna objava sredstava 1 &#8211; 2024<\/a><\/span><\/h3>\n","protected":false},"excerpt":{"rendered":"<p>Javna objava sredstava 7. MJ 2025 Javna objava sredstava 6. MJ 2025. Javna objava sredstava 5.MJ 2025 Javna objava sredstava &hellip; <\/p>\n","protected":false},"author":2,"featured_media":0,"parent":0,"menu_order":0,"comment_status":"closed","ping_status":"closed","template":"","meta":{"footnotes":""},"class_list":["post-8282","page","type-page","status-publish","hentry"],"yoast_head":"<!-- This site is optimized with the Yoast SEO plugin v27.4 - https:\/\/yoast.com\/product\/yoast-seo-wordpress\/ -->\n<title>OBJAVA - TRO\u0160ENJE SREDSTAVA - OIG\u0160<\/title>\n<meta name=\"description\" content=\"Javna objava sredstava 7. MJ 2025 Javna objava sredstava 6. MJ 2025. Javna objava sredstava 5.MJ 2025 Javna objava sredstava 4.MJ 2025 Javna objava\" \/>\n<meta name=\"robots\" content=\"index, follow, max-snippet:-1, max-image-preview:large, max-video-preview:-1\" \/>\n<link rel=\"canonical\" href=\"https:\/\/oigs.hr\/novo\/objava-trosenje-sredstava\/\" \/>\n<meta property=\"og:locale\" content=\"hr_HR\" \/>\n<meta property=\"og:type\" content=\"article\" \/>\n<meta property=\"og:title\" content=\"OBJAVA - TRO\u0160ENJE SREDSTAVA - OIG\u0160\" \/>\n<meta property=\"og:description\" content=\"Javna objava sredstava 7. MJ 2025 Javna objava sredstava 6. MJ 2025. Javna objava sredstava 5.MJ 2025 Javna objava sredstava 4.MJ 2025 Javna objava\" \/>\n<meta property=\"og:url\" content=\"https:\/\/oigs.hr\/novo\/objava-trosenje-sredstava\/\" \/>\n<meta property=\"og:site_name\" content=\"OIG\u0160\" \/>\n<meta property=\"article:publisher\" content=\"https:\/\/www.facebook.com\/oigs.srednjaskola\/\" \/>\n<meta property=\"article:modified_time\" content=\"2025-10-26T05:44:54+00:00\" \/>\n<meta property=\"og:image\" content=\"https:\/\/oigs.hr\/novo\/wp-content\/uploads\/2025\/08\/2hWOpD4DbBD4ob89qXMv.png\" \/>\n\t<meta property=\"og:image:width\" content=\"864\" \/>\n\t<meta property=\"og:image:height\" content=\"1152\" \/>\n\t<meta property=\"og:image:type\" content=\"image\/png\" \/>\n<meta name=\"twitter:card\" content=\"summary_large_image\" \/>\n<meta name=\"twitter:label1\" content=\"Procijenjeno vrijeme \u010ditanja\" \/>\n\t<meta name=\"twitter:data1\" content=\"1 minuta\" \/>\n<script type=\"application\/ld+json\" class=\"yoast-schema-graph\">{\"@context\":\"https:\\\/\\\/schema.org\",\"@graph\":[{\"@type\":\"WebPage\",\"@id\":\"https:\\\/\\\/oigs.hr\\\/novo\\\/objava-trosenje-sredstava\\\/\",\"url\":\"https:\\\/\\\/oigs.hr\\\/novo\\\/objava-trosenje-sredstava\\\/\",\"name\":\"OBJAVA - TRO\u0160ENJE SREDSTAVA - OIG\u0160\",\"isPartOf\":{\"@id\":\"https:\\\/\\\/oigs.hr\\\/novo\\\/#website\"},\"primaryImageOfPage\":{\"@id\":\"https:\\\/\\\/oigs.hr\\\/novo\\\/objava-trosenje-sredstava\\\/#primaryimage\"},\"image\":{\"@id\":\"https:\\\/\\\/oigs.hr\\\/novo\\\/objava-trosenje-sredstava\\\/#primaryimage\"},\"thumbnailUrl\":\"https:\\\/\\\/oigs.hr\\\/novo\\\/wp-content\\\/uploads\\\/2025\\\/08\\\/2hWOpD4DbBD4ob89qXMv-225x300.png\",\"datePublished\":\"2024-06-07T17:12:59+00:00\",\"dateModified\":\"2025-10-26T05:44:54+00:00\",\"description\":\"Javna objava sredstava 7. MJ 2025 Javna objava sredstava 6. MJ 2025. Javna objava sredstava 5.MJ 2025 Javna objava sredstava 4.MJ 2025 Javna objava\",\"breadcrumb\":{\"@id\":\"https:\\\/\\\/oigs.hr\\\/novo\\\/objava-trosenje-sredstava\\\/#breadcrumb\"},\"inLanguage\":\"hr\",\"potentialAction\":[{\"@type\":\"ReadAction\",\"target\":[\"https:\\\/\\\/oigs.hr\\\/novo\\\/objava-trosenje-sredstava\\\/\"]}]},{\"@type\":\"ImageObject\",\"inLanguage\":\"hr\",\"@id\":\"https:\\\/\\\/oigs.hr\\\/novo\\\/objava-trosenje-sredstava\\\/#primaryimage\",\"url\":\"https:\\\/\\\/oigs.hr\\\/novo\\\/wp-content\\\/uploads\\\/2025\\\/08\\\/2hWOpD4DbBD4ob89qXMv.png\",\"contentUrl\":\"https:\\\/\\\/oigs.hr\\\/novo\\\/wp-content\\\/uploads\\\/2025\\\/08\\\/2hWOpD4DbBD4ob89qXMv.png\",\"width\":864,\"height\":1152},{\"@type\":\"BreadcrumbList\",\"@id\":\"https:\\\/\\\/oigs.hr\\\/novo\\\/objava-trosenje-sredstava\\\/#breadcrumb\",\"itemListElement\":[{\"@type\":\"ListItem\",\"position\":1,\"name\":\"Po\u010detna stranica\",\"item\":\"https:\\\/\\\/oigs.hr\\\/novo\\\/\"},{\"@type\":\"ListItem\",\"position\":2,\"name\":\"OBJAVA &#8211; TRO\u0160ENJE SREDSTAVA\"}]},{\"@type\":\"WebSite\",\"@id\":\"https:\\\/\\\/oigs.hr\\\/novo\\\/#website\",\"url\":\"https:\\\/\\\/oigs.hr\\\/novo\\\/\",\"name\":\"OIG\u0160\",\"description\":\"Obrtni\u010dka i industrijska graditeljska \u0161kola\",\"publisher\":{\"@id\":\"https:\\\/\\\/oigs.hr\\\/novo\\\/#organization\"},\"potentialAction\":[{\"@type\":\"SearchAction\",\"target\":{\"@type\":\"EntryPoint\",\"urlTemplate\":\"https:\\\/\\\/oigs.hr\\\/novo\\\/?s={search_term_string}\"},\"query-input\":{\"@type\":\"PropertyValueSpecification\",\"valueRequired\":true,\"valueName\":\"search_term_string\"}}],\"inLanguage\":\"hr\"},{\"@type\":\"Organization\",\"@id\":\"https:\\\/\\\/oigs.hr\\\/novo\\\/#organization\",\"name\":\"OIG\u0160\",\"url\":\"https:\\\/\\\/oigs.hr\\\/novo\\\/\",\"logo\":{\"@type\":\"ImageObject\",\"inLanguage\":\"hr\",\"@id\":\"https:\\\/\\\/oigs.hr\\\/novo\\\/#\\\/schema\\\/logo\\\/image\\\/\",\"url\":\"https:\\\/\\\/oigs.hr\\\/novo\\\/wp-content\\\/uploads\\\/2020\\\/06\\\/logo-1-e1592001907410.png\",\"contentUrl\":\"https:\\\/\\\/oigs.hr\\\/novo\\\/wp-content\\\/uploads\\\/2020\\\/06\\\/logo-1-e1592001907410.png\",\"width\":195,\"height\":181,\"caption\":\"OIG\u0160\"},\"image\":{\"@id\":\"https:\\\/\\\/oigs.hr\\\/novo\\\/#\\\/schema\\\/logo\\\/image\\\/\"},\"sameAs\":[\"https:\\\/\\\/www.facebook.com\\\/oigs.srednjaskola\\\/\"]}]}<\/script>\n<!-- \/ Yoast SEO plugin. -->","yoast_head_json":{"title":"OBJAVA - TRO\u0160ENJE SREDSTAVA - OIG\u0160","description":"Javna objava sredstava 7. MJ 2025 Javna objava sredstava 6. MJ 2025. Javna objava sredstava 5.MJ 2025 Javna objava sredstava 4.MJ 2025 Javna objava","robots":{"index":"index","follow":"follow","max-snippet":"max-snippet:-1","max-image-preview":"max-image-preview:large","max-video-preview":"max-video-preview:-1"},"canonical":"https:\/\/oigs.hr\/novo\/objava-trosenje-sredstava\/","og_locale":"hr_HR","og_type":"article","og_title":"OBJAVA - TRO\u0160ENJE SREDSTAVA - OIG\u0160","og_description":"Javna objava sredstava 7. MJ 2025 Javna objava sredstava 6. MJ 2025. Javna objava sredstava 5.MJ 2025 Javna objava sredstava 4.MJ 2025 Javna objava","og_url":"https:\/\/oigs.hr\/novo\/objava-trosenje-sredstava\/","og_site_name":"OIG\u0160","article_publisher":"https:\/\/www.facebook.com\/oigs.srednjaskola\/","article_modified_time":"2025-10-26T05:44:54+00:00","og_image":[{"width":864,"height":1152,"url":"https:\/\/oigs.hr\/novo\/wp-content\/uploads\/2025\/08\/2hWOpD4DbBD4ob89qXMv.png","type":"image\/png"}],"twitter_card":"summary_large_image","twitter_misc":{"Procijenjeno vrijeme \u010ditanja":"1 minuta"},"schema":{"@context":"https:\/\/schema.org","@graph":[{"@type":"WebPage","@id":"https:\/\/oigs.hr\/novo\/objava-trosenje-sredstava\/","url":"https:\/\/oigs.hr\/novo\/objava-trosenje-sredstava\/","name":"OBJAVA - TRO\u0160ENJE SREDSTAVA - OIG\u0160","isPartOf":{"@id":"https:\/\/oigs.hr\/novo\/#website"},"primaryImageOfPage":{"@id":"https:\/\/oigs.hr\/novo\/objava-trosenje-sredstava\/#primaryimage"},"image":{"@id":"https:\/\/oigs.hr\/novo\/objava-trosenje-sredstava\/#primaryimage"},"thumbnailUrl":"https:\/\/oigs.hr\/novo\/wp-content\/uploads\/2025\/08\/2hWOpD4DbBD4ob89qXMv-225x300.png","datePublished":"2024-06-07T17:12:59+00:00","dateModified":"2025-10-26T05:44:54+00:00","description":"Javna objava sredstava 7. MJ 2025 Javna objava sredstava 6. MJ 2025. Javna objava sredstava 5.MJ 2025 Javna objava sredstava 4.MJ 2025 Javna objava","breadcrumb":{"@id":"https:\/\/oigs.hr\/novo\/objava-trosenje-sredstava\/#breadcrumb"},"inLanguage":"hr","potentialAction":[{"@type":"ReadAction","target":["https:\/\/oigs.hr\/novo\/objava-trosenje-sredstava\/"]}]},{"@type":"ImageObject","inLanguage":"hr","@id":"https:\/\/oigs.hr\/novo\/objava-trosenje-sredstava\/#primaryimage","url":"https:\/\/oigs.hr\/novo\/wp-content\/uploads\/2025\/08\/2hWOpD4DbBD4ob89qXMv.png","contentUrl":"https:\/\/oigs.hr\/novo\/wp-content\/uploads\/2025\/08\/2hWOpD4DbBD4ob89qXMv.png","width":864,"height":1152},{"@type":"BreadcrumbList","@id":"https:\/\/oigs.hr\/novo\/objava-trosenje-sredstava\/#breadcrumb","itemListElement":[{"@type":"ListItem","position":1,"name":"Po\u010detna stranica","item":"https:\/\/oigs.hr\/novo\/"},{"@type":"ListItem","position":2,"name":"OBJAVA &#8211; TRO\u0160ENJE SREDSTAVA"}]},{"@type":"WebSite","@id":"https:\/\/oigs.hr\/novo\/#website","url":"https:\/\/oigs.hr\/novo\/","name":"OIG\u0160","description":"Obrtni\u010dka i industrijska graditeljska \u0161kola","publisher":{"@id":"https:\/\/oigs.hr\/novo\/#organization"},"potentialAction":[{"@type":"SearchAction","target":{"@type":"EntryPoint","urlTemplate":"https:\/\/oigs.hr\/novo\/?s={search_term_string}"},"query-input":{"@type":"PropertyValueSpecification","valueRequired":true,"valueName":"search_term_string"}}],"inLanguage":"hr"},{"@type":"Organization","@id":"https:\/\/oigs.hr\/novo\/#organization","name":"OIG\u0160","url":"https:\/\/oigs.hr\/novo\/","logo":{"@type":"ImageObject","inLanguage":"hr","@id":"https:\/\/oigs.hr\/novo\/#\/schema\/logo\/image\/","url":"https:\/\/oigs.hr\/novo\/wp-content\/uploads\/2020\/06\/logo-1-e1592001907410.png","contentUrl":"https:\/\/oigs.hr\/novo\/wp-content\/uploads\/2020\/06\/logo-1-e1592001907410.png","width":195,"height":181,"caption":"OIG\u0160"},"image":{"@id":"https:\/\/oigs.hr\/novo\/#\/schema\/logo\/image\/"},"sameAs":["https:\/\/www.facebook.com\/oigs.srednjaskola\/"]}]}},"_links":{"self":[{"href":"https:\/\/oigs.hr\/novo\/wp-json\/wp\/v2\/pages\/8282","targetHints":{"allow":["GET"]}}],"collection":[{"href":"https:\/\/oigs.hr\/novo\/wp-json\/wp\/v2\/pages"}],"about":[{"href":"https:\/\/oigs.hr\/novo\/wp-json\/wp\/v2\/types\/page"}],"author":[{"embeddable":true,"href":"https:\/\/oigs.hr\/novo\/wp-json\/wp\/v2\/users\/2"}],"replies":[{"embeddable":true,"href":"https:\/\/oigs.hr\/novo\/wp-json\/wp\/v2\/comments?post=8282"}],"version-history":[{"count":28,"href":"https:\/\/oigs.hr\/novo\/wp-json\/wp\/v2\/pages\/8282\/revisions"}],"predecessor-version":[{"id":10265,"href":"https:\/\/oigs.hr\/novo\/wp-json\/wp\/v2\/pages\/8282\/revisions\/10265"}],"wp:attachment":[{"href":"https:\/\/oigs.hr\/novo\/wp-json\/wp\/v2\/media?parent=8282"}],"curies":[{"name":"wp","href":"https:\/\/api.w.org\/{rel}","templated":true}]}}