{"id":8250,"date":"2024-05-29T21:24:43","date_gmt":"2024-05-29T19:24:43","guid":{"rendered":"https:\/\/oigs.hr\/novo\/?page_id=8250"},"modified":"2025-10-22T14:45:11","modified_gmt":"2025-10-22T12:45:11","slug":"clanovi-skolskog-odbora-2","status":"publish","type":"page","link":"https:\/\/oigs.hr\/novo\/clanovi-skolskog-odbora-2\/","title":{"rendered":"\u010clanovi \u0160kolskog odbora"},"content":{"rendered":"<h4><\/h4>\n<h4><img loading=\"lazy\" decoding=\"async\" class=\"alignnone size-medium wp-image-9806\" src=\"https:\/\/oigs.hr\/novo\/wp-content\/uploads\/2025\/07\/7MFbUfEdVc0jiHyWcVaz6-300x300.png\" alt=\"\" width=\"300\" height=\"300\" srcset=\"https:\/\/oigs.hr\/novo\/wp-content\/uploads\/2025\/07\/7MFbUfEdVc0jiHyWcVaz6-300x300.png 300w, https:\/\/oigs.hr\/novo\/wp-content\/uploads\/2025\/07\/7MFbUfEdVc0jiHyWcVaz6-150x150.png 150w, https:\/\/oigs.hr\/novo\/wp-content\/uploads\/2025\/07\/7MFbUfEdVc0jiHyWcVaz6-768x768.png 768w, https:\/\/oigs.hr\/novo\/wp-content\/uploads\/2025\/07\/7MFbUfEdVc0jiHyWcVaz6-70x70.png 70w, https:\/\/oigs.hr\/novo\/wp-content\/uploads\/2025\/07\/7MFbUfEdVc0jiHyWcVaz6-246x246.png 246w, https:\/\/oigs.hr\/novo\/wp-content\/uploads\/2025\/07\/7MFbUfEdVc0jiHyWcVaz6-276x276.png 276w, https:\/\/oigs.hr\/novo\/wp-content\/uploads\/2025\/07\/7MFbUfEdVc0jiHyWcVaz6-125x125.png 125w, https:\/\/oigs.hr\/novo\/wp-content\/uploads\/2025\/07\/7MFbUfEdVc0jiHyWcVaz6.png 1024w\" sizes=\"auto, (max-width: 300px) 100vw, 300px\" \/><\/h4>\n<h3><span style=\"color: #0000ff;\"><a style=\"color: #0000ff;\" href=\"https:\/\/oigs.hr\/novo\/wp-content\/uploads\/2025\/10\/7141-IZVJESCE-o-konstituiranju-Skolskog-odbora-_-5-clanova.pdf\">IZVJE\u0160\u0106E o konstituiranju \u0160kolskog odbora <\/a><\/span><\/h3>\n<h3><span style=\"color: #0000ff;\"><a style=\"color: #0000ff;\" href=\"https:\/\/oigs.hr\/novo\/wp-content\/uploads\/2025\/07\/5126-Image_001.pdf\">Odluka NV-a<\/a><\/span><\/h3>\n","protected":false},"excerpt":{"rendered":"<p>IZVJE\u0160\u0106E o konstituiranju \u0160kolskog odbora Odluka NV-a<\/p>\n","protected":false},"author":2,"featured_media":0,"parent":0,"menu_order":0,"comment_status":"closed","ping_status":"closed","template":"","meta":{"footnotes":""},"class_list":["post-8250","page","type-page","status-publish","hentry"],"yoast_head":"<!-- This site is optimized with the Yoast SEO plugin v27.4 - https:\/\/yoast.com\/product\/yoast-seo-wordpress\/ -->\n<title>\u010clanovi \u0160kolskog odbora - OIG\u0160<\/title>\n<meta name=\"description\" content=\"IZVJE\u0160\u0106E o konstituiranju \u0160kolskog odbora  Odluka NV-a\" \/>\n<meta name=\"robots\" content=\"index, follow, max-snippet:-1, max-image-preview:large, max-video-preview:-1\" \/>\n<link rel=\"canonical\" href=\"https:\/\/oigs.hr\/novo\/clanovi-skolskog-odbora-2\/\" \/>\n<meta property=\"og:locale\" content=\"hr_HR\" \/>\n<meta property=\"og:type\" content=\"article\" \/>\n<meta property=\"og:title\" content=\"\u010clanovi \u0160kolskog odbora - OIG\u0160\" \/>\n<meta property=\"og:description\" content=\"IZVJE\u0160\u0106E o konstituiranju \u0160kolskog odbora  Odluka NV-a\" \/>\n<meta property=\"og:url\" content=\"https:\/\/oigs.hr\/novo\/clanovi-skolskog-odbora-2\/\" \/>\n<meta property=\"og:site_name\" content=\"OIG\u0160\" \/>\n<meta property=\"article:publisher\" content=\"https:\/\/www.facebook.com\/oigs.srednjaskola\/\" \/>\n<meta property=\"article:modified_time\" content=\"2025-10-22T12:45:11+00:00\" \/>\n<meta property=\"og:image\" content=\"https:\/\/oigs.hr\/novo\/wp-content\/uploads\/2025\/07\/7MFbUfEdVc0jiHyWcVaz6.png\" \/>\n\t<meta property=\"og:image:width\" content=\"1024\" \/>\n\t<meta property=\"og:image:height\" content=\"1024\" \/>\n\t<meta property=\"og:image:type\" content=\"image\/png\" \/>\n<meta name=\"twitter:card\" content=\"summary_large_image\" \/>\n<meta name=\"twitter:label1\" content=\"Procijenjeno vrijeme \u010ditanja\" \/>\n\t<meta name=\"twitter:data1\" content=\"1 minuta\" \/>\n<script type=\"application\/ld+json\" class=\"yoast-schema-graph\">{\"@context\":\"https:\\\/\\\/schema.org\",\"@graph\":[{\"@type\":\"WebPage\",\"@id\":\"https:\\\/\\\/oigs.hr\\\/novo\\\/clanovi-skolskog-odbora-2\\\/\",\"url\":\"https:\\\/\\\/oigs.hr\\\/novo\\\/clanovi-skolskog-odbora-2\\\/\",\"name\":\"\u010clanovi \u0160kolskog odbora - OIG\u0160\",\"isPartOf\":{\"@id\":\"https:\\\/\\\/oigs.hr\\\/novo\\\/#website\"},\"primaryImageOfPage\":{\"@id\":\"https:\\\/\\\/oigs.hr\\\/novo\\\/clanovi-skolskog-odbora-2\\\/#primaryimage\"},\"image\":{\"@id\":\"https:\\\/\\\/oigs.hr\\\/novo\\\/clanovi-skolskog-odbora-2\\\/#primaryimage\"},\"thumbnailUrl\":\"https:\\\/\\\/oigs.hr\\\/novo\\\/wp-content\\\/uploads\\\/2025\\\/07\\\/7MFbUfEdVc0jiHyWcVaz6-300x300.png\",\"datePublished\":\"2024-05-29T19:24:43+00:00\",\"dateModified\":\"2025-10-22T12:45:11+00:00\",\"description\":\"IZVJE\u0160\u0106E o konstituiranju \u0160kolskog odbora Odluka NV-a\",\"breadcrumb\":{\"@id\":\"https:\\\/\\\/oigs.hr\\\/novo\\\/clanovi-skolskog-odbora-2\\\/#breadcrumb\"},\"inLanguage\":\"hr\",\"potentialAction\":[{\"@type\":\"ReadAction\",\"target\":[\"https:\\\/\\\/oigs.hr\\\/novo\\\/clanovi-skolskog-odbora-2\\\/\"]}]},{\"@type\":\"ImageObject\",\"inLanguage\":\"hr\",\"@id\":\"https:\\\/\\\/oigs.hr\\\/novo\\\/clanovi-skolskog-odbora-2\\\/#primaryimage\",\"url\":\"https:\\\/\\\/oigs.hr\\\/novo\\\/wp-content\\\/uploads\\\/2025\\\/07\\\/7MFbUfEdVc0jiHyWcVaz6.png\",\"contentUrl\":\"https:\\\/\\\/oigs.hr\\\/novo\\\/wp-content\\\/uploads\\\/2025\\\/07\\\/7MFbUfEdVc0jiHyWcVaz6.png\",\"width\":1024,\"height\":1024},{\"@type\":\"BreadcrumbList\",\"@id\":\"https:\\\/\\\/oigs.hr\\\/novo\\\/clanovi-skolskog-odbora-2\\\/#breadcrumb\",\"itemListElement\":[{\"@type\":\"ListItem\",\"position\":1,\"name\":\"Po\u010detna stranica\",\"item\":\"https:\\\/\\\/oigs.hr\\\/novo\\\/\"},{\"@type\":\"ListItem\",\"position\":2,\"name\":\"\u010clanovi \u0160kolskog odbora\"}]},{\"@type\":\"WebSite\",\"@id\":\"https:\\\/\\\/oigs.hr\\\/novo\\\/#website\",\"url\":\"https:\\\/\\\/oigs.hr\\\/novo\\\/\",\"name\":\"OIG\u0160\",\"description\":\"Obrtni\u010dka i industrijska graditeljska \u0161kola\",\"publisher\":{\"@id\":\"https:\\\/\\\/oigs.hr\\\/novo\\\/#organization\"},\"potentialAction\":[{\"@type\":\"SearchAction\",\"target\":{\"@type\":\"EntryPoint\",\"urlTemplate\":\"https:\\\/\\\/oigs.hr\\\/novo\\\/?s={search_term_string}\"},\"query-input\":{\"@type\":\"PropertyValueSpecification\",\"valueRequired\":true,\"valueName\":\"search_term_string\"}}],\"inLanguage\":\"hr\"},{\"@type\":\"Organization\",\"@id\":\"https:\\\/\\\/oigs.hr\\\/novo\\\/#organization\",\"name\":\"OIG\u0160\",\"url\":\"https:\\\/\\\/oigs.hr\\\/novo\\\/\",\"logo\":{\"@type\":\"ImageObject\",\"inLanguage\":\"hr\",\"@id\":\"https:\\\/\\\/oigs.hr\\\/novo\\\/#\\\/schema\\\/logo\\\/image\\\/\",\"url\":\"https:\\\/\\\/oigs.hr\\\/novo\\\/wp-content\\\/uploads\\\/2020\\\/06\\\/logo-1-e1592001907410.png\",\"contentUrl\":\"https:\\\/\\\/oigs.hr\\\/novo\\\/wp-content\\\/uploads\\\/2020\\\/06\\\/logo-1-e1592001907410.png\",\"width\":195,\"height\":181,\"caption\":\"OIG\u0160\"},\"image\":{\"@id\":\"https:\\\/\\\/oigs.hr\\\/novo\\\/#\\\/schema\\\/logo\\\/image\\\/\"},\"sameAs\":[\"https:\\\/\\\/www.facebook.com\\\/oigs.srednjaskola\\\/\"]}]}<\/script>\n<!-- \/ Yoast SEO plugin. -->","yoast_head_json":{"title":"\u010clanovi \u0160kolskog odbora - OIG\u0160","description":"IZVJE\u0160\u0106E o konstituiranju \u0160kolskog odbora  Odluka NV-a","robots":{"index":"index","follow":"follow","max-snippet":"max-snippet:-1","max-image-preview":"max-image-preview:large","max-video-preview":"max-video-preview:-1"},"canonical":"https:\/\/oigs.hr\/novo\/clanovi-skolskog-odbora-2\/","og_locale":"hr_HR","og_type":"article","og_title":"\u010clanovi \u0160kolskog odbora - OIG\u0160","og_description":"IZVJE\u0160\u0106E o konstituiranju \u0160kolskog odbora  Odluka NV-a","og_url":"https:\/\/oigs.hr\/novo\/clanovi-skolskog-odbora-2\/","og_site_name":"OIG\u0160","article_publisher":"https:\/\/www.facebook.com\/oigs.srednjaskola\/","article_modified_time":"2025-10-22T12:45:11+00:00","og_image":[{"width":1024,"height":1024,"url":"https:\/\/oigs.hr\/novo\/wp-content\/uploads\/2025\/07\/7MFbUfEdVc0jiHyWcVaz6.png","type":"image\/png"}],"twitter_card":"summary_large_image","twitter_misc":{"Procijenjeno vrijeme \u010ditanja":"1 minuta"},"schema":{"@context":"https:\/\/schema.org","@graph":[{"@type":"WebPage","@id":"https:\/\/oigs.hr\/novo\/clanovi-skolskog-odbora-2\/","url":"https:\/\/oigs.hr\/novo\/clanovi-skolskog-odbora-2\/","name":"\u010clanovi \u0160kolskog odbora - OIG\u0160","isPartOf":{"@id":"https:\/\/oigs.hr\/novo\/#website"},"primaryImageOfPage":{"@id":"https:\/\/oigs.hr\/novo\/clanovi-skolskog-odbora-2\/#primaryimage"},"image":{"@id":"https:\/\/oigs.hr\/novo\/clanovi-skolskog-odbora-2\/#primaryimage"},"thumbnailUrl":"https:\/\/oigs.hr\/novo\/wp-content\/uploads\/2025\/07\/7MFbUfEdVc0jiHyWcVaz6-300x300.png","datePublished":"2024-05-29T19:24:43+00:00","dateModified":"2025-10-22T12:45:11+00:00","description":"IZVJE\u0160\u0106E o konstituiranju \u0160kolskog odbora Odluka NV-a","breadcrumb":{"@id":"https:\/\/oigs.hr\/novo\/clanovi-skolskog-odbora-2\/#breadcrumb"},"inLanguage":"hr","potentialAction":[{"@type":"ReadAction","target":["https:\/\/oigs.hr\/novo\/clanovi-skolskog-odbora-2\/"]}]},{"@type":"ImageObject","inLanguage":"hr","@id":"https:\/\/oigs.hr\/novo\/clanovi-skolskog-odbora-2\/#primaryimage","url":"https:\/\/oigs.hr\/novo\/wp-content\/uploads\/2025\/07\/7MFbUfEdVc0jiHyWcVaz6.png","contentUrl":"https:\/\/oigs.hr\/novo\/wp-content\/uploads\/2025\/07\/7MFbUfEdVc0jiHyWcVaz6.png","width":1024,"height":1024},{"@type":"BreadcrumbList","@id":"https:\/\/oigs.hr\/novo\/clanovi-skolskog-odbora-2\/#breadcrumb","itemListElement":[{"@type":"ListItem","position":1,"name":"Po\u010detna stranica","item":"https:\/\/oigs.hr\/novo\/"},{"@type":"ListItem","position":2,"name":"\u010clanovi \u0160kolskog odbora"}]},{"@type":"WebSite","@id":"https:\/\/oigs.hr\/novo\/#website","url":"https:\/\/oigs.hr\/novo\/","name":"OIG\u0160","description":"Obrtni\u010dka i industrijska graditeljska \u0161kola","publisher":{"@id":"https:\/\/oigs.hr\/novo\/#organization"},"potentialAction":[{"@type":"SearchAction","target":{"@type":"EntryPoint","urlTemplate":"https:\/\/oigs.hr\/novo\/?s={search_term_string}"},"query-input":{"@type":"PropertyValueSpecification","valueRequired":true,"valueName":"search_term_string"}}],"inLanguage":"hr"},{"@type":"Organization","@id":"https:\/\/oigs.hr\/novo\/#organization","name":"OIG\u0160","url":"https:\/\/oigs.hr\/novo\/","logo":{"@type":"ImageObject","inLanguage":"hr","@id":"https:\/\/oigs.hr\/novo\/#\/schema\/logo\/image\/","url":"https:\/\/oigs.hr\/novo\/wp-content\/uploads\/2020\/06\/logo-1-e1592001907410.png","contentUrl":"https:\/\/oigs.hr\/novo\/wp-content\/uploads\/2020\/06\/logo-1-e1592001907410.png","width":195,"height":181,"caption":"OIG\u0160"},"image":{"@id":"https:\/\/oigs.hr\/novo\/#\/schema\/logo\/image\/"},"sameAs":["https:\/\/www.facebook.com\/oigs.srednjaskola\/"]}]}},"_links":{"self":[{"href":"https:\/\/oigs.hr\/novo\/wp-json\/wp\/v2\/pages\/8250","targetHints":{"allow":["GET"]}}],"collection":[{"href":"https:\/\/oigs.hr\/novo\/wp-json\/wp\/v2\/pages"}],"about":[{"href":"https:\/\/oigs.hr\/novo\/wp-json\/wp\/v2\/types\/page"}],"author":[{"embeddable":true,"href":"https:\/\/oigs.hr\/novo\/wp-json\/wp\/v2\/users\/2"}],"replies":[{"embeddable":true,"href":"https:\/\/oigs.hr\/novo\/wp-json\/wp\/v2\/comments?post=8250"}],"version-history":[{"count":11,"href":"https:\/\/oigs.hr\/novo\/wp-json\/wp\/v2\/pages\/8250\/revisions"}],"predecessor-version":[{"id":10229,"href":"https:\/\/oigs.hr\/novo\/wp-json\/wp\/v2\/pages\/8250\/revisions\/10229"}],"wp:attachment":[{"href":"https:\/\/oigs.hr\/novo\/wp-json\/wp\/v2\/media?parent=8250"}],"curies":[{"name":"wp","href":"https:\/\/api.w.org\/{rel}","templated":true}]}}