{"id":5671,"date":"2021-10-28T19:31:18","date_gmt":"2021-10-28T17:31:18","guid":{"rendered":"https:\/\/oigs.hr\/novo\/?page_id=5671"},"modified":"2021-10-28T19:40:50","modified_gmt":"2021-10-28T17:40:50","slug":"1b-na-izvanucionickoj-nastavi","status":"publish","type":"page","link":"https:\/\/oigs.hr\/novo\/1b-na-izvanucionickoj-nastavi\/","title":{"rendered":"1b na izvanu\u010dioni\u010dkoj nastavi"},"content":{"rendered":"<div  id=\"jtg-5644\" class=\"modula modula-gallery modula-custom-grid\" data-config=\"{&quot;height&quot;:800,&quot;tabletHeight&quot;:800,&quot;mobileHeight&quot;:800,&quot;desktopHeight&quot;:800,&quot;enableTwitter&quot;:false,&quot;enableWhatsapp&quot;:false,&quot;enableFacebook&quot;:false,&quot;enablePinterest&quot;:false,&quot;enableLinkedin&quot;:false,&quot;enableEmail&quot;:false,&quot;randomFactor&quot;:0.5,&quot;type&quot;:&quot;custom-grid&quot;,&quot;columns&quot;:12,&quot;gutter&quot;:10,&quot;mobileGutter&quot;:10,&quot;tabletGutter&quot;:10,&quot;desktopGutter&quot;:10,&quot;enableResponsive&quot;:&quot;0&quot;,&quot;tabletColumns&quot;:&quot;2&quot;,&quot;mobileColumns&quot;:&quot;1&quot;,&quot;lazyLoad&quot;:0,&quot;lightboxOpts&quot;:{&quot;animated&quot;:true,&quot;Thumbs&quot;:{&quot;type&quot;:&quot;modern&quot;,&quot;showOnStart&quot;:false},&quot;Toolbar&quot;:{&quot;display&quot;:{&quot;right&quot;:[&quot;close&quot;]},&quot;enabled&quot;:true},&quot;Carousel&quot;:{&quot;Panzoom&quot;:{&quot;touch&quot;:true},&quot;infinite&quot;:false},&quot;keyboard&quot;:{&quot;Escape&quot;:&quot;close&quot;,&quot;Delete&quot;:&quot;close&quot;,&quot;Backspace&quot;:&quot;close&quot;,&quot;PageUp&quot;:false,&quot;PageDown&quot;:false,&quot;ArrowUp&quot;:false,&quot;ArrowDown&quot;:false,&quot;ArrowRight&quot;:false,&quot;ArrowLeft&quot;:false},&quot;touch&quot;:false,&quot;backdropClick&quot;:false,&quot;l10n&quot;:{&quot;CLOSE&quot;:&quot;Close&quot;,&quot;NEXT&quot;:&quot;Next&quot;,&quot;PREV&quot;:&quot;Previous&quot;,&quot;Error&quot;:&quot;The requested content cannot be loaded. Please try again later.&quot;,&quot;PLAY_START&quot;:&quot;Start slideshow&quot;,&quot;PLAY_STOP&quot;:&quot;Pause slideshow&quot;,&quot;FULL_SCREEN&quot;:&quot;Full screen&quot;,&quot;THUMBS&quot;:&quot;Thumbnails&quot;,&quot;DOWNLOAD&quot;:&quot;Download&quot;,&quot;SHARE&quot;:&quot;Share&quot;,&quot;ZOOM&quot;:&quot;Zoom&quot;,&quot;EMAIL&quot;:&quot;Here is the link to the image : %%image_link%% and this is the link to the gallery : %%gallery_link%%&quot;,&quot;MODAL&quot;:&quot;You can close this modal content with the ESC key&quot;,&quot;ERROR&quot;:&quot;Something Went Wrong, Please Try Again Later&quot;,&quot;IMAGE_ERROR&quot;:&quot;Image Not Found&quot;,&quot;ELEMENT_NOT_FOUND&quot;:&quot;HTML Element Not Found&quot;,&quot;AJAX_NOT_FOUND&quot;:&quot;Error Loading AJAX : Not Found&quot;,&quot;AJAX_FORBIDDEN&quot;:&quot;Error Loading AJAX : Forbidden&quot;,&quot;IFRAME_ERROR&quot;:&quot;Error Loading Page&quot;,&quot;TOGGLE_ZOOM&quot;:&quot;Toggle zoom level&quot;,&quot;TOGGLE_THUMBS&quot;:&quot;Toggle thumbnails&quot;,&quot;TOGGLE_SLIDESHOW&quot;:&quot;Toggle slideshow&quot;,&quot;TOGGLE_FULLSCREEN&quot;:&quot;Toggle full-screen mode&quot;},&quot;Images&quot;:{&quot;Panzoom&quot;:{&quot;maxScale&quot;:2}},&quot;mainClass&quot;:&quot;modula-fancybox-container modula-lightbox-jtg-5644&quot;,&quot;Html&quot;:{&quot;videoAutoplay&quot;:0,&quot;videoTpl&quot;:&quot;&lt;video class=\\&quot;fancybox__html5video\\&quot; controls muted playsinline controlsList controlsList=\\&quot;nodownload\\&quot; poster=\\&quot;{{poster}}\\&quot; src=\\&quot;{{src}}\\&quot; type=\\&quot;{{format}}\\&quot; &gt;  Sorry, your browser doesn&#039;t support embedded videos, &lt;a href=\\&quot;{{src}}\\&quot;&gt; download &lt;\\\/a&gt; and watch with your favorite video player! &lt;\\\/video&gt;&quot;}},&quot;inView&quot;:false,&quot;email_subject&quot;:&quot;Check out this awesome image !!&quot;,&quot;email_message&quot;:&quot;Here is the link to the image : %%image_link%% and this is the link to the gallery : %%gallery_link%%&quot;,&quot;lightbox&quot;:&quot;direct&quot;}\">\n\n\t\n\t<div  class=\"modula-items\">\n\t\t<div class=\"modula-item modula-simple-link effect-pufrobo\" data-width=\"2\" data-height=\"2\" >\n\t<div class=\"modula-item-overlay\"><\/div>\n\n\t<div class=\"modula-item-content\">\n\n\t\t<a data-image-id=\"5645\" role=\"button\" tabindex=\"0\" href=\"https:\/\/oigs.hr\/novo\/wp-content\/uploads\/2021\/10\/247632091_2958439137712052_6170131936400541755_n.jpg\" class=\"modula-simple-link\" aria-label=\"Open image\" class=\"tile-inner modula-item-link\"><\/a><img loading=\"lazy\" decoding=\"async\" class=\"pic wp-image-5645\"  data-valign=\"middle\" data-halign=\"center\" alt=\"\" data-full=\"https:\/\/oigs.hr\/novo\/wp-content\/uploads\/2021\/10\/247632091_2958439137712052_6170131936400541755_n.jpg\" title=\"247632091_2958439137712052_6170131936400541755_n\" crop=\"\" width=\"300\" height=\"200\" src=\"https:\/\/oigs.hr\/novo\/wp-content\/uploads\/2021\/10\/247632091_2958439137712052_6170131936400541755_n-300x200.jpg\" data-src=\"https:\/\/oigs.hr\/novo\/wp-content\/uploads\/2021\/10\/247632091_2958439137712052_6170131936400541755_n-300x200.jpg\" data-caption=\"\" srcset=\"https:\/\/oigs.hr\/novo\/wp-content\/uploads\/2021\/10\/247632091_2958439137712052_6170131936400541755_n.jpg 960w, https:\/\/oigs.hr\/novo\/wp-content\/uploads\/2021\/10\/247632091_2958439137712052_6170131936400541755_n-300x200.jpg 300w, https:\/\/oigs.hr\/novo\/wp-content\/uploads\/2021\/10\/247632091_2958439137712052_6170131936400541755_n-768x512.jpg 768w\" sizes=\"auto, (max-width: 300px) 100vw, 300px\" \/>\n\t\t<div class=\"figc no-description\">\n\t\t\t<div class=\"figc-inner\">\n\t\t\t\t\t\t\t\t\t\t\t\t\t\t\t<\/div>\n\t\t<\/div>\n\n\t<\/div>\n\n<\/div><div class=\"modula-item modula-simple-link effect-pufrobo\" data-width=\"2\" data-height=\"2\" >\n\t<div class=\"modula-item-overlay\"><\/div>\n\n\t<div class=\"modula-item-content\">\n\n\t\t<a data-image-id=\"5646\" role=\"button\" tabindex=\"0\" href=\"https:\/\/oigs.hr\/novo\/wp-content\/uploads\/2021\/10\/248984640_2958439337712032_5214446075648022306_n.jpg\" class=\"modula-simple-link\" aria-label=\"Open image\" class=\"tile-inner modula-item-link\"><\/a><img loading=\"lazy\" decoding=\"async\" class=\"pic wp-image-5646\"  data-valign=\"middle\" data-halign=\"center\" alt=\"\" data-full=\"https:\/\/oigs.hr\/novo\/wp-content\/uploads\/2021\/10\/248984640_2958439337712032_5214446075648022306_n.jpg\" title=\"248984640_2958439337712032_5214446075648022306_n\" crop=\"\" width=\"225\" height=\"300\" src=\"https:\/\/oigs.hr\/novo\/wp-content\/uploads\/2021\/10\/248984640_2958439337712032_5214446075648022306_n-225x300.jpg\" data-src=\"https:\/\/oigs.hr\/novo\/wp-content\/uploads\/2021\/10\/248984640_2958439337712032_5214446075648022306_n-225x300.jpg\" data-caption=\"\" srcset=\"https:\/\/oigs.hr\/novo\/wp-content\/uploads\/2021\/10\/248984640_2958439337712032_5214446075648022306_n.jpg 720w, https:\/\/oigs.hr\/novo\/wp-content\/uploads\/2021\/10\/248984640_2958439337712032_5214446075648022306_n-225x300.jpg 225w\" sizes=\"auto, (max-width: 225px) 100vw, 225px\" \/>\n\t\t<div class=\"figc no-description\">\n\t\t\t<div class=\"figc-inner\">\n\t\t\t\t\t\t\t\t\t\t\t\t\t\t\t<\/div>\n\t\t<\/div>\n\n\t<\/div>\n\n<\/div><div class=\"modula-item modula-simple-link effect-pufrobo\" data-width=\"2\" data-height=\"2\" >\n\t<div class=\"modula-item-overlay\"><\/div>\n\n\t<div class=\"modula-item-content\">\n\n\t\t<a data-image-id=\"5647\" role=\"button\" tabindex=\"0\" href=\"https:\/\/oigs.hr\/novo\/wp-content\/uploads\/2021\/10\/249009115_2958439534378679_3858309679352055952_n.jpg\" class=\"modula-simple-link\" aria-label=\"Open image\" class=\"tile-inner modula-item-link\"><\/a><img loading=\"lazy\" decoding=\"async\" class=\"pic wp-image-5647\"  data-valign=\"middle\" data-halign=\"center\" alt=\"\" data-full=\"https:\/\/oigs.hr\/novo\/wp-content\/uploads\/2021\/10\/249009115_2958439534378679_3858309679352055952_n.jpg\" title=\"249009115_2958439534378679_3858309679352055952_n\" crop=\"\" width=\"300\" height=\"225\" src=\"https:\/\/oigs.hr\/novo\/wp-content\/uploads\/2021\/10\/249009115_2958439534378679_3858309679352055952_n-300x225.jpg\" data-src=\"https:\/\/oigs.hr\/novo\/wp-content\/uploads\/2021\/10\/249009115_2958439534378679_3858309679352055952_n-300x225.jpg\" data-caption=\"\" srcset=\"https:\/\/oigs.hr\/novo\/wp-content\/uploads\/2021\/10\/249009115_2958439534378679_3858309679352055952_n.jpg 960w, https:\/\/oigs.hr\/novo\/wp-content\/uploads\/2021\/10\/249009115_2958439534378679_3858309679352055952_n-300x225.jpg 300w, https:\/\/oigs.hr\/novo\/wp-content\/uploads\/2021\/10\/249009115_2958439534378679_3858309679352055952_n-768x576.jpg 768w\" sizes=\"auto, (max-width: 300px) 100vw, 300px\" \/>\n\t\t<div class=\"figc no-description\">\n\t\t\t<div class=\"figc-inner\">\n\t\t\t\t\t\t\t\t\t\t\t\t\t\t\t<\/div>\n\t\t<\/div>\n\n\t<\/div>\n\n<\/div><div class=\"modula-item modula-simple-link effect-pufrobo\" data-width=\"2\" data-height=\"2\" >\n\t<div class=\"modula-item-overlay\"><\/div>\n\n\t<div class=\"modula-item-content\">\n\n\t\t<a data-image-id=\"5648\" role=\"button\" tabindex=\"0\" href=\"https:\/\/oigs.hr\/novo\/wp-content\/uploads\/2021\/10\/249045107_2958439461045353_768223552615845823_n.jpg\" class=\"modula-simple-link\" aria-label=\"Open image\" class=\"tile-inner modula-item-link\"><\/a><img loading=\"lazy\" decoding=\"async\" class=\"pic wp-image-5648\"  data-valign=\"middle\" data-halign=\"center\" alt=\"\" data-full=\"https:\/\/oigs.hr\/novo\/wp-content\/uploads\/2021\/10\/249045107_2958439461045353_768223552615845823_n.jpg\" title=\"249045107_2958439461045353_768223552615845823_n\" crop=\"\" width=\"300\" height=\"225\" src=\"https:\/\/oigs.hr\/novo\/wp-content\/uploads\/2021\/10\/249045107_2958439461045353_768223552615845823_n-300x225.jpg\" data-src=\"https:\/\/oigs.hr\/novo\/wp-content\/uploads\/2021\/10\/249045107_2958439461045353_768223552615845823_n-300x225.jpg\" data-caption=\"\" srcset=\"https:\/\/oigs.hr\/novo\/wp-content\/uploads\/2021\/10\/249045107_2958439461045353_768223552615845823_n.jpg 960w, https:\/\/oigs.hr\/novo\/wp-content\/uploads\/2021\/10\/249045107_2958439461045353_768223552615845823_n-300x225.jpg 300w, https:\/\/oigs.hr\/novo\/wp-content\/uploads\/2021\/10\/249045107_2958439461045353_768223552615845823_n-768x576.jpg 768w\" sizes=\"auto, (max-width: 300px) 100vw, 300px\" \/>\n\t\t<div class=\"figc no-description\">\n\t\t\t<div class=\"figc-inner\">\n\t\t\t\t\t\t\t\t\t\t\t\t\t\t\t<\/div>\n\t\t<\/div>\n\n\t<\/div>\n\n<\/div><div class=\"modula-item modula-simple-link effect-pufrobo\" data-width=\"2\" data-height=\"2\" >\n\t<div class=\"modula-item-overlay\"><\/div>\n\n\t<div class=\"modula-item-content\">\n\n\t\t<a data-image-id=\"5652\" role=\"button\" tabindex=\"0\" href=\"https:\/\/oigs.hr\/novo\/wp-content\/uploads\/2021\/10\/249689205_2958439584378674_2258712491392340368_n.jpg\" class=\"modula-simple-link\" aria-label=\"Open image\" class=\"tile-inner modula-item-link\"><\/a><img loading=\"lazy\" decoding=\"async\" class=\"pic wp-image-5652\"  data-valign=\"middle\" data-halign=\"center\" alt=\"\" data-full=\"https:\/\/oigs.hr\/novo\/wp-content\/uploads\/2021\/10\/249689205_2958439584378674_2258712491392340368_n.jpg\" title=\"249689205_2958439584378674_2258712491392340368_n\" crop=\"\" width=\"225\" height=\"300\" src=\"https:\/\/oigs.hr\/novo\/wp-content\/uploads\/2021\/10\/249689205_2958439584378674_2258712491392340368_n-225x300.jpg\" data-src=\"https:\/\/oigs.hr\/novo\/wp-content\/uploads\/2021\/10\/249689205_2958439584378674_2258712491392340368_n-225x300.jpg\" data-caption=\"\" srcset=\"https:\/\/oigs.hr\/novo\/wp-content\/uploads\/2021\/10\/249689205_2958439584378674_2258712491392340368_n.jpg 720w, https:\/\/oigs.hr\/novo\/wp-content\/uploads\/2021\/10\/249689205_2958439584378674_2258712491392340368_n-225x300.jpg 225w\" sizes=\"auto, (max-width: 225px) 100vw, 225px\" \/>\n\t\t<div class=\"figc no-description\">\n\t\t\t<div class=\"figc-inner\">\n\t\t\t\t\t\t\t\t\t\t\t\t\t\t\t<\/div>\n\t\t<\/div>\n\n\t<\/div>\n\n<\/div><div class=\"modula-item modula-simple-link effect-pufrobo\" data-width=\"2\" data-height=\"2\" >\n\t<div class=\"modula-item-overlay\"><\/div>\n\n\t<div class=\"modula-item-content\">\n\n\t\t<a data-image-id=\"5650\" role=\"button\" tabindex=\"0\" href=\"https:\/\/oigs.hr\/novo\/wp-content\/uploads\/2021\/10\/249488504_2958439284378704_742345195650246118_n.jpg\" class=\"modula-simple-link\" aria-label=\"Open image\" class=\"tile-inner modula-item-link\"><\/a><img loading=\"lazy\" decoding=\"async\" class=\"pic wp-image-5650\"  data-valign=\"middle\" data-halign=\"center\" alt=\"\" data-full=\"https:\/\/oigs.hr\/novo\/wp-content\/uploads\/2021\/10\/249488504_2958439284378704_742345195650246118_n.jpg\" title=\"249488504_2958439284378704_742345195650246118_n\" crop=\"\" width=\"225\" height=\"300\" src=\"https:\/\/oigs.hr\/novo\/wp-content\/uploads\/2021\/10\/249488504_2958439284378704_742345195650246118_n-225x300.jpg\" data-src=\"https:\/\/oigs.hr\/novo\/wp-content\/uploads\/2021\/10\/249488504_2958439284378704_742345195650246118_n-225x300.jpg\" data-caption=\"\" srcset=\"https:\/\/oigs.hr\/novo\/wp-content\/uploads\/2021\/10\/249488504_2958439284378704_742345195650246118_n.jpg 720w, https:\/\/oigs.hr\/novo\/wp-content\/uploads\/2021\/10\/249488504_2958439284378704_742345195650246118_n-225x300.jpg 225w\" sizes=\"auto, (max-width: 225px) 100vw, 225px\" \/>\n\t\t<div class=\"figc no-description\">\n\t\t\t<div class=\"figc-inner\">\n\t\t\t\t\t\t\t\t\t\t\t\t\t\t\t<\/div>\n\t\t<\/div>\n\n\t<\/div>\n\n<\/div>\t\t\n\t<\/div>\n\n\t\n\t\n\t<script type=\"application\/ld+json\">\n\t{\n\t\t\"@context\": \"http:\/\/schema.org\",\n\t\t\"@type\"   : \"ImageGallery\",\n\t\t\"id\"      : \"https:\/\/oigs.hr\/novo\/1b-na-izvanucionickoj-nastavi\/\",\n\t\t\"url\"     : \"https:\/\/oigs.hr\/novo\/1b-na-izvanucionickoj-nastavi\/\"\n\t}\n\n\t<\/script>\n\n\t\n<\/div>\n\n","protected":false},"excerpt":{"rendered":"","protected":false},"author":2,"featured_media":0,"parent":0,"menu_order":0,"comment_status":"closed","ping_status":"closed","template":"","meta":{"footnotes":""},"class_list":["post-5671","page","type-page","status-publish","hentry"],"yoast_head":"<!-- This site is optimized with the Yoast SEO plugin v27.4 - https:\/\/yoast.com\/product\/yoast-seo-wordpress\/ -->\n<title>1b na izvanu\u010dioni\u010dkoj nastavi - OIG\u0160<\/title>\n<meta name=\"robots\" content=\"index, follow, max-snippet:-1, max-image-preview:large, max-video-preview:-1\" \/>\n<link rel=\"canonical\" href=\"https:\/\/oigs.hr\/novo\/1b-na-izvanucionickoj-nastavi\/\" \/>\n<meta property=\"og:locale\" content=\"hr_HR\" \/>\n<meta property=\"og:type\" content=\"article\" \/>\n<meta property=\"og:title\" content=\"1b na izvanu\u010dioni\u010dkoj nastavi - OIG\u0160\" \/>\n<meta property=\"og:url\" content=\"https:\/\/oigs.hr\/novo\/1b-na-izvanucionickoj-nastavi\/\" \/>\n<meta property=\"og:site_name\" content=\"OIG\u0160\" \/>\n<meta property=\"article:publisher\" content=\"https:\/\/www.facebook.com\/oigs.srednjaskola\/\" \/>\n<meta property=\"article:modified_time\" content=\"2021-10-28T17:40:50+00:00\" \/>\n<meta name=\"twitter:card\" content=\"summary_large_image\" \/>\n<script type=\"application\/ld+json\" class=\"yoast-schema-graph\">{\"@context\":\"https:\\\/\\\/schema.org\",\"@graph\":[{\"@type\":\"WebPage\",\"@id\":\"https:\\\/\\\/oigs.hr\\\/novo\\\/1b-na-izvanucionickoj-nastavi\\\/\",\"url\":\"https:\\\/\\\/oigs.hr\\\/novo\\\/1b-na-izvanucionickoj-nastavi\\\/\",\"name\":\"1b na izvanu\u010dioni\u010dkoj nastavi - OIG\u0160\",\"isPartOf\":{\"@id\":\"https:\\\/\\\/oigs.hr\\\/novo\\\/#website\"},\"datePublished\":\"2021-10-28T17:31:18+00:00\",\"dateModified\":\"2021-10-28T17:40:50+00:00\",\"breadcrumb\":{\"@id\":\"https:\\\/\\\/oigs.hr\\\/novo\\\/1b-na-izvanucionickoj-nastavi\\\/#breadcrumb\"},\"inLanguage\":\"hr\",\"potentialAction\":[{\"@type\":\"ReadAction\",\"target\":[\"https:\\\/\\\/oigs.hr\\\/novo\\\/1b-na-izvanucionickoj-nastavi\\\/\"]}]},{\"@type\":\"BreadcrumbList\",\"@id\":\"https:\\\/\\\/oigs.hr\\\/novo\\\/1b-na-izvanucionickoj-nastavi\\\/#breadcrumb\",\"itemListElement\":[{\"@type\":\"ListItem\",\"position\":1,\"name\":\"Po\u010detna stranica\",\"item\":\"https:\\\/\\\/oigs.hr\\\/novo\\\/\"},{\"@type\":\"ListItem\",\"position\":2,\"name\":\"1b na izvanu\u010dioni\u010dkoj nastavi\"}]},{\"@type\":\"WebSite\",\"@id\":\"https:\\\/\\\/oigs.hr\\\/novo\\\/#website\",\"url\":\"https:\\\/\\\/oigs.hr\\\/novo\\\/\",\"name\":\"OIG\u0160\",\"description\":\"Obrtni\u010dka i industrijska graditeljska \u0161kola\",\"publisher\":{\"@id\":\"https:\\\/\\\/oigs.hr\\\/novo\\\/#organization\"},\"potentialAction\":[{\"@type\":\"SearchAction\",\"target\":{\"@type\":\"EntryPoint\",\"urlTemplate\":\"https:\\\/\\\/oigs.hr\\\/novo\\\/?s={search_term_string}\"},\"query-input\":{\"@type\":\"PropertyValueSpecification\",\"valueRequired\":true,\"valueName\":\"search_term_string\"}}],\"inLanguage\":\"hr\"},{\"@type\":\"Organization\",\"@id\":\"https:\\\/\\\/oigs.hr\\\/novo\\\/#organization\",\"name\":\"OIG\u0160\",\"url\":\"https:\\\/\\\/oigs.hr\\\/novo\\\/\",\"logo\":{\"@type\":\"ImageObject\",\"inLanguage\":\"hr\",\"@id\":\"https:\\\/\\\/oigs.hr\\\/novo\\\/#\\\/schema\\\/logo\\\/image\\\/\",\"url\":\"https:\\\/\\\/oigs.hr\\\/novo\\\/wp-content\\\/uploads\\\/2020\\\/06\\\/logo-1-e1592001907410.png\",\"contentUrl\":\"https:\\\/\\\/oigs.hr\\\/novo\\\/wp-content\\\/uploads\\\/2020\\\/06\\\/logo-1-e1592001907410.png\",\"width\":195,\"height\":181,\"caption\":\"OIG\u0160\"},\"image\":{\"@id\":\"https:\\\/\\\/oigs.hr\\\/novo\\\/#\\\/schema\\\/logo\\\/image\\\/\"},\"sameAs\":[\"https:\\\/\\\/www.facebook.com\\\/oigs.srednjaskola\\\/\"]}]}<\/script>\n<!-- \/ Yoast SEO plugin. -->","yoast_head_json":{"title":"1b na izvanu\u010dioni\u010dkoj nastavi - OIG\u0160","robots":{"index":"index","follow":"follow","max-snippet":"max-snippet:-1","max-image-preview":"max-image-preview:large","max-video-preview":"max-video-preview:-1"},"canonical":"https:\/\/oigs.hr\/novo\/1b-na-izvanucionickoj-nastavi\/","og_locale":"hr_HR","og_type":"article","og_title":"1b na izvanu\u010dioni\u010dkoj nastavi - OIG\u0160","og_url":"https:\/\/oigs.hr\/novo\/1b-na-izvanucionickoj-nastavi\/","og_site_name":"OIG\u0160","article_publisher":"https:\/\/www.facebook.com\/oigs.srednjaskola\/","article_modified_time":"2021-10-28T17:40:50+00:00","twitter_card":"summary_large_image","schema":{"@context":"https:\/\/schema.org","@graph":[{"@type":"WebPage","@id":"https:\/\/oigs.hr\/novo\/1b-na-izvanucionickoj-nastavi\/","url":"https:\/\/oigs.hr\/novo\/1b-na-izvanucionickoj-nastavi\/","name":"1b na izvanu\u010dioni\u010dkoj nastavi - OIG\u0160","isPartOf":{"@id":"https:\/\/oigs.hr\/novo\/#website"},"datePublished":"2021-10-28T17:31:18+00:00","dateModified":"2021-10-28T17:40:50+00:00","breadcrumb":{"@id":"https:\/\/oigs.hr\/novo\/1b-na-izvanucionickoj-nastavi\/#breadcrumb"},"inLanguage":"hr","potentialAction":[{"@type":"ReadAction","target":["https:\/\/oigs.hr\/novo\/1b-na-izvanucionickoj-nastavi\/"]}]},{"@type":"BreadcrumbList","@id":"https:\/\/oigs.hr\/novo\/1b-na-izvanucionickoj-nastavi\/#breadcrumb","itemListElement":[{"@type":"ListItem","position":1,"name":"Po\u010detna stranica","item":"https:\/\/oigs.hr\/novo\/"},{"@type":"ListItem","position":2,"name":"1b na izvanu\u010dioni\u010dkoj nastavi"}]},{"@type":"WebSite","@id":"https:\/\/oigs.hr\/novo\/#website","url":"https:\/\/oigs.hr\/novo\/","name":"OIG\u0160","description":"Obrtni\u010dka i industrijska graditeljska \u0161kola","publisher":{"@id":"https:\/\/oigs.hr\/novo\/#organization"},"potentialAction":[{"@type":"SearchAction","target":{"@type":"EntryPoint","urlTemplate":"https:\/\/oigs.hr\/novo\/?s={search_term_string}"},"query-input":{"@type":"PropertyValueSpecification","valueRequired":true,"valueName":"search_term_string"}}],"inLanguage":"hr"},{"@type":"Organization","@id":"https:\/\/oigs.hr\/novo\/#organization","name":"OIG\u0160","url":"https:\/\/oigs.hr\/novo\/","logo":{"@type":"ImageObject","inLanguage":"hr","@id":"https:\/\/oigs.hr\/novo\/#\/schema\/logo\/image\/","url":"https:\/\/oigs.hr\/novo\/wp-content\/uploads\/2020\/06\/logo-1-e1592001907410.png","contentUrl":"https:\/\/oigs.hr\/novo\/wp-content\/uploads\/2020\/06\/logo-1-e1592001907410.png","width":195,"height":181,"caption":"OIG\u0160"},"image":{"@id":"https:\/\/oigs.hr\/novo\/#\/schema\/logo\/image\/"},"sameAs":["https:\/\/www.facebook.com\/oigs.srednjaskola\/"]}]}},"_links":{"self":[{"href":"https:\/\/oigs.hr\/novo\/wp-json\/wp\/v2\/pages\/5671","targetHints":{"allow":["GET"]}}],"collection":[{"href":"https:\/\/oigs.hr\/novo\/wp-json\/wp\/v2\/pages"}],"about":[{"href":"https:\/\/oigs.hr\/novo\/wp-json\/wp\/v2\/types\/page"}],"author":[{"embeddable":true,"href":"https:\/\/oigs.hr\/novo\/wp-json\/wp\/v2\/users\/2"}],"replies":[{"embeddable":true,"href":"https:\/\/oigs.hr\/novo\/wp-json\/wp\/v2\/comments?post=5671"}],"version-history":[{"count":1,"href":"https:\/\/oigs.hr\/novo\/wp-json\/wp\/v2\/pages\/5671\/revisions"}],"predecessor-version":[{"id":5672,"href":"https:\/\/oigs.hr\/novo\/wp-json\/wp\/v2\/pages\/5671\/revisions\/5672"}],"wp:attachment":[{"href":"https:\/\/oigs.hr\/novo\/wp-json\/wp\/v2\/media?parent=5671"}],"curies":[{"name":"wp","href":"https:\/\/api.w.org\/{rel}","templated":true}]}}