{"id":5444,"date":"2021-10-05T20:21:47","date_gmt":"2021-10-05T18:21:47","guid":{"rendered":"https:\/\/oigs.hr\/novo\/?page_id=5444"},"modified":"2021-10-05T20:22:48","modified_gmt":"2021-10-05T18:22:48","slug":"1f-na-carnet-ovom-natjecaju","status":"publish","type":"page","link":"https:\/\/oigs.hr\/novo\/1f-na-carnet-ovom-natjecaju\/","title":{"rendered":"1f na Carnet-ovom natje\u010daju"},"content":{"rendered":"<div  id=\"jtg-5429\" class=\"modula modula-gallery modula-custom-grid\" data-config=\"{&quot;height&quot;:800,&quot;tabletHeight&quot;:800,&quot;mobileHeight&quot;:800,&quot;desktopHeight&quot;:800,&quot;enableTwitter&quot;:false,&quot;enableWhatsapp&quot;:false,&quot;enableFacebook&quot;:false,&quot;enablePinterest&quot;:false,&quot;enableLinkedin&quot;:false,&quot;enableEmail&quot;:false,&quot;randomFactor&quot;:0.5,&quot;type&quot;:&quot;custom-grid&quot;,&quot;columns&quot;:12,&quot;gutter&quot;:10,&quot;mobileGutter&quot;:10,&quot;tabletGutter&quot;:10,&quot;desktopGutter&quot;:10,&quot;enableResponsive&quot;:&quot;0&quot;,&quot;tabletColumns&quot;:&quot;2&quot;,&quot;mobileColumns&quot;:&quot;1&quot;,&quot;lazyLoad&quot;:0,&quot;lightboxOpts&quot;:{&quot;animated&quot;:true,&quot;Thumbs&quot;:{&quot;type&quot;:&quot;modern&quot;,&quot;showOnStart&quot;:false},&quot;Toolbar&quot;:{&quot;display&quot;:{&quot;right&quot;:[&quot;close&quot;]},&quot;enabled&quot;:true},&quot;Carousel&quot;:{&quot;Panzoom&quot;:{&quot;touch&quot;:true},&quot;infinite&quot;:false},&quot;keyboard&quot;:{&quot;Escape&quot;:&quot;close&quot;,&quot;Delete&quot;:&quot;close&quot;,&quot;Backspace&quot;:&quot;close&quot;,&quot;PageUp&quot;:false,&quot;PageDown&quot;:false,&quot;ArrowUp&quot;:false,&quot;ArrowDown&quot;:false,&quot;ArrowRight&quot;:false,&quot;ArrowLeft&quot;:false},&quot;touch&quot;:false,&quot;backdropClick&quot;:false,&quot;l10n&quot;:{&quot;CLOSE&quot;:&quot;Close&quot;,&quot;NEXT&quot;:&quot;Next&quot;,&quot;PREV&quot;:&quot;Previous&quot;,&quot;Error&quot;:&quot;The requested content cannot be loaded. Please try again later.&quot;,&quot;PLAY_START&quot;:&quot;Start slideshow&quot;,&quot;PLAY_STOP&quot;:&quot;Pause slideshow&quot;,&quot;FULL_SCREEN&quot;:&quot;Full screen&quot;,&quot;THUMBS&quot;:&quot;Thumbnails&quot;,&quot;DOWNLOAD&quot;:&quot;Download&quot;,&quot;SHARE&quot;:&quot;Share&quot;,&quot;ZOOM&quot;:&quot;Zoom&quot;,&quot;EMAIL&quot;:&quot;Here is the link to the image : %%image_link%% and this is the link to the gallery : %%gallery_link%%&quot;,&quot;MODAL&quot;:&quot;You can close this modal content with the ESC key&quot;,&quot;ERROR&quot;:&quot;Something Went Wrong, Please Try Again Later&quot;,&quot;IMAGE_ERROR&quot;:&quot;Image Not Found&quot;,&quot;ELEMENT_NOT_FOUND&quot;:&quot;HTML Element Not Found&quot;,&quot;AJAX_NOT_FOUND&quot;:&quot;Error Loading AJAX : Not Found&quot;,&quot;AJAX_FORBIDDEN&quot;:&quot;Error Loading AJAX : Forbidden&quot;,&quot;IFRAME_ERROR&quot;:&quot;Error Loading Page&quot;,&quot;TOGGLE_ZOOM&quot;:&quot;Toggle zoom level&quot;,&quot;TOGGLE_THUMBS&quot;:&quot;Toggle thumbnails&quot;,&quot;TOGGLE_SLIDESHOW&quot;:&quot;Toggle slideshow&quot;,&quot;TOGGLE_FULLSCREEN&quot;:&quot;Toggle full-screen mode&quot;},&quot;Images&quot;:{&quot;Panzoom&quot;:{&quot;maxScale&quot;:2}},&quot;mainClass&quot;:&quot;modula-fancybox-container modula-lightbox-jtg-5429&quot;,&quot;Html&quot;:{&quot;videoAutoplay&quot;:0,&quot;videoTpl&quot;:&quot;&lt;video class=\\&quot;fancybox__html5video\\&quot; controls muted playsinline controlsList controlsList=\\&quot;nodownload\\&quot; poster=\\&quot;{{poster}}\\&quot; src=\\&quot;{{src}}\\&quot; type=\\&quot;{{format}}\\&quot; &gt;  Sorry, your browser doesn&#039;t support embedded videos, &lt;a href=\\&quot;{{src}}\\&quot;&gt; download &lt;\\\/a&gt; and watch with your favorite video player! &lt;\\\/video&gt;&quot;}},&quot;inView&quot;:false,&quot;email_subject&quot;:&quot;Check out this awesome image !!&quot;,&quot;email_message&quot;:&quot;Here is the link to the image : %%image_link%% and this is the link to the gallery : %%gallery_link%%&quot;,&quot;lightbox&quot;:&quot;direct&quot;}\">\n\n\t\n\t<div  class=\"modula-items\">\n\t\t<div class=\"modula-item modula-simple-link effect-pufrobo\" data-width=\"2\" data-height=\"2\" >\n\t<div class=\"modula-item-overlay\"><\/div>\n\n\t<div class=\"modula-item-content\">\n\n\t\t<a data-image-id=\"5418\" role=\"button\" tabindex=\"0\" href=\"https:\/\/oigs.hr\/novo\/wp-content\/uploads\/2021\/10\/244477418_2941204929435473_2421122494073602135_n.jpg\" class=\"modula-simple-link\" aria-label=\"Open image\" class=\"tile-inner modula-item-link\"><\/a><img loading=\"lazy\" decoding=\"async\" class=\"pic wp-image-5418\"  data-valign=\"middle\" data-halign=\"center\" alt=\"\" data-full=\"https:\/\/oigs.hr\/novo\/wp-content\/uploads\/2021\/10\/244477418_2941204929435473_2421122494073602135_n.jpg\" title=\"244477418_2941204929435473_2421122494073602135_n\" crop=\"\" width=\"300\" height=\"169\" src=\"https:\/\/oigs.hr\/novo\/wp-content\/uploads\/2021\/10\/244477418_2941204929435473_2421122494073602135_n-300x169.jpg\" data-src=\"https:\/\/oigs.hr\/novo\/wp-content\/uploads\/2021\/10\/244477418_2941204929435473_2421122494073602135_n-300x169.jpg\" data-caption=\"\" srcset=\"https:\/\/oigs.hr\/novo\/wp-content\/uploads\/2021\/10\/244477418_2941204929435473_2421122494073602135_n.jpg 960w, https:\/\/oigs.hr\/novo\/wp-content\/uploads\/2021\/10\/244477418_2941204929435473_2421122494073602135_n-300x169.jpg 300w, https:\/\/oigs.hr\/novo\/wp-content\/uploads\/2021\/10\/244477418_2941204929435473_2421122494073602135_n-768x432.jpg 768w, https:\/\/oigs.hr\/novo\/wp-content\/uploads\/2021\/10\/244477418_2941204929435473_2421122494073602135_n-848x480.jpg 848w\" sizes=\"auto, (max-width: 300px) 100vw, 300px\" \/>\n\t\t<div class=\"figc no-description\">\n\t\t\t<div class=\"figc-inner\">\n\t\t\t\t\t\t\t\t\t\t\t\t\t\t\t<\/div>\n\t\t<\/div>\n\n\t<\/div>\n\n<\/div><div class=\"modula-item modula-simple-link effect-pufrobo\" data-width=\"2\" data-height=\"2\" >\n\t<div class=\"modula-item-overlay\"><\/div>\n\n\t<div class=\"modula-item-content\">\n\n\t\t<a data-image-id=\"5417\" role=\"button\" tabindex=\"0\" href=\"https:\/\/oigs.hr\/novo\/wp-content\/uploads\/2021\/10\/244444090_2941204859435480_4736512241135153033_n.jpg\" class=\"modula-simple-link\" aria-label=\"Open image\" class=\"tile-inner modula-item-link\"><\/a><img loading=\"lazy\" decoding=\"async\" class=\"pic wp-image-5417\"  data-valign=\"middle\" data-halign=\"center\" alt=\"\" data-full=\"https:\/\/oigs.hr\/novo\/wp-content\/uploads\/2021\/10\/244444090_2941204859435480_4736512241135153033_n.jpg\" title=\"244444090_2941204859435480_4736512241135153033_n\" crop=\"\" width=\"300\" height=\"169\" src=\"https:\/\/oigs.hr\/novo\/wp-content\/uploads\/2021\/10\/244444090_2941204859435480_4736512241135153033_n-300x169.jpg\" data-src=\"https:\/\/oigs.hr\/novo\/wp-content\/uploads\/2021\/10\/244444090_2941204859435480_4736512241135153033_n-300x169.jpg\" data-caption=\"\" srcset=\"https:\/\/oigs.hr\/novo\/wp-content\/uploads\/2021\/10\/244444090_2941204859435480_4736512241135153033_n.jpg 960w, https:\/\/oigs.hr\/novo\/wp-content\/uploads\/2021\/10\/244444090_2941204859435480_4736512241135153033_n-300x169.jpg 300w, https:\/\/oigs.hr\/novo\/wp-content\/uploads\/2021\/10\/244444090_2941204859435480_4736512241135153033_n-768x432.jpg 768w, https:\/\/oigs.hr\/novo\/wp-content\/uploads\/2021\/10\/244444090_2941204859435480_4736512241135153033_n-848x480.jpg 848w\" sizes=\"auto, (max-width: 300px) 100vw, 300px\" \/>\n\t\t<div class=\"figc no-description\">\n\t\t\t<div class=\"figc-inner\">\n\t\t\t\t\t\t\t\t\t\t\t\t\t\t\t<\/div>\n\t\t<\/div>\n\n\t<\/div>\n\n<\/div><div class=\"modula-item modula-simple-link effect-pufrobo\" data-width=\"2\" data-height=\"2\" >\n\t<div class=\"modula-item-overlay\"><\/div>\n\n\t<div class=\"modula-item-content\">\n\n\t\t<a data-image-id=\"5416\" role=\"button\" tabindex=\"0\" href=\"https:\/\/oigs.hr\/novo\/wp-content\/uploads\/2021\/10\/244414348_2941204746102158_6015909364107356677_n.jpg\" class=\"modula-simple-link\" aria-label=\"Open image\" class=\"tile-inner modula-item-link\"><\/a><img loading=\"lazy\" decoding=\"async\" class=\"pic wp-image-5416\"  data-valign=\"middle\" data-halign=\"center\" alt=\"\" data-full=\"https:\/\/oigs.hr\/novo\/wp-content\/uploads\/2021\/10\/244414348_2941204746102158_6015909364107356677_n.jpg\" title=\"244414348_2941204746102158_6015909364107356677_n\" crop=\"\" width=\"300\" height=\"169\" src=\"https:\/\/oigs.hr\/novo\/wp-content\/uploads\/2021\/10\/244414348_2941204746102158_6015909364107356677_n-300x169.jpg\" data-src=\"https:\/\/oigs.hr\/novo\/wp-content\/uploads\/2021\/10\/244414348_2941204746102158_6015909364107356677_n-300x169.jpg\" data-caption=\"\" srcset=\"https:\/\/oigs.hr\/novo\/wp-content\/uploads\/2021\/10\/244414348_2941204746102158_6015909364107356677_n.jpg 960w, https:\/\/oigs.hr\/novo\/wp-content\/uploads\/2021\/10\/244414348_2941204746102158_6015909364107356677_n-300x169.jpg 300w, https:\/\/oigs.hr\/novo\/wp-content\/uploads\/2021\/10\/244414348_2941204746102158_6015909364107356677_n-768x432.jpg 768w, https:\/\/oigs.hr\/novo\/wp-content\/uploads\/2021\/10\/244414348_2941204746102158_6015909364107356677_n-848x480.jpg 848w\" sizes=\"auto, (max-width: 300px) 100vw, 300px\" \/>\n\t\t<div class=\"figc no-description\">\n\t\t\t<div class=\"figc-inner\">\n\t\t\t\t\t\t\t\t\t\t\t\t\t\t\t<\/div>\n\t\t<\/div>\n\n\t<\/div>\n\n<\/div><div class=\"modula-item modula-simple-link effect-pufrobo\" data-width=\"2\" data-height=\"2\" >\n\t<div class=\"modula-item-overlay\"><\/div>\n\n\t<div class=\"modula-item-content\">\n\n\t\t<a data-image-id=\"5414\" role=\"button\" tabindex=\"0\" href=\"https:\/\/oigs.hr\/novo\/wp-content\/uploads\/2021\/10\/244091805_2941204816102151_226812874851460457_n.jpg\" class=\"modula-simple-link\" aria-label=\"Open image\" class=\"tile-inner modula-item-link\"><\/a><img loading=\"lazy\" decoding=\"async\" class=\"pic wp-image-5414\"  data-valign=\"middle\" data-halign=\"center\" alt=\"\" data-full=\"https:\/\/oigs.hr\/novo\/wp-content\/uploads\/2021\/10\/244091805_2941204816102151_226812874851460457_n.jpg\" title=\"244091805_2941204816102151_226812874851460457_n\" crop=\"\" width=\"300\" height=\"169\" src=\"https:\/\/oigs.hr\/novo\/wp-content\/uploads\/2021\/10\/244091805_2941204816102151_226812874851460457_n-300x169.jpg\" data-src=\"https:\/\/oigs.hr\/novo\/wp-content\/uploads\/2021\/10\/244091805_2941204816102151_226812874851460457_n-300x169.jpg\" data-caption=\"\" srcset=\"https:\/\/oigs.hr\/novo\/wp-content\/uploads\/2021\/10\/244091805_2941204816102151_226812874851460457_n.jpg 960w, https:\/\/oigs.hr\/novo\/wp-content\/uploads\/2021\/10\/244091805_2941204816102151_226812874851460457_n-300x169.jpg 300w, https:\/\/oigs.hr\/novo\/wp-content\/uploads\/2021\/10\/244091805_2941204816102151_226812874851460457_n-768x432.jpg 768w, https:\/\/oigs.hr\/novo\/wp-content\/uploads\/2021\/10\/244091805_2941204816102151_226812874851460457_n-848x480.jpg 848w\" sizes=\"auto, (max-width: 300px) 100vw, 300px\" \/>\n\t\t<div class=\"figc no-description\">\n\t\t\t<div class=\"figc-inner\">\n\t\t\t\t\t\t\t\t\t\t\t\t\t\t\t<\/div>\n\t\t<\/div>\n\n\t<\/div>\n\n<\/div><div class=\"modula-item modula-simple-link effect-pufrobo\" data-width=\"2\" data-height=\"2\" >\n\t<div class=\"modula-item-overlay\"><\/div>\n\n\t<div class=\"modula-item-content\">\n\n\t\t<a data-image-id=\"5415\" role=\"button\" tabindex=\"0\" href=\"https:\/\/oigs.hr\/novo\/wp-content\/uploads\/2021\/10\/244163398_2941204679435498_1795463670731677187_n.jpg\" class=\"modula-simple-link\" aria-label=\"Open image\" class=\"tile-inner modula-item-link\"><\/a><img loading=\"lazy\" decoding=\"async\" class=\"pic wp-image-5415\"  data-valign=\"middle\" data-halign=\"center\" alt=\"\" data-full=\"https:\/\/oigs.hr\/novo\/wp-content\/uploads\/2021\/10\/244163398_2941204679435498_1795463670731677187_n.jpg\" title=\"244163398_2941204679435498_1795463670731677187_n\" crop=\"\" width=\"300\" height=\"169\" src=\"https:\/\/oigs.hr\/novo\/wp-content\/uploads\/2021\/10\/244163398_2941204679435498_1795463670731677187_n-300x169.jpg\" data-src=\"https:\/\/oigs.hr\/novo\/wp-content\/uploads\/2021\/10\/244163398_2941204679435498_1795463670731677187_n-300x169.jpg\" data-caption=\"\" srcset=\"https:\/\/oigs.hr\/novo\/wp-content\/uploads\/2021\/10\/244163398_2941204679435498_1795463670731677187_n.jpg 960w, https:\/\/oigs.hr\/novo\/wp-content\/uploads\/2021\/10\/244163398_2941204679435498_1795463670731677187_n-300x169.jpg 300w, https:\/\/oigs.hr\/novo\/wp-content\/uploads\/2021\/10\/244163398_2941204679435498_1795463670731677187_n-768x432.jpg 768w, https:\/\/oigs.hr\/novo\/wp-content\/uploads\/2021\/10\/244163398_2941204679435498_1795463670731677187_n-848x480.jpg 848w\" sizes=\"auto, (max-width: 300px) 100vw, 300px\" \/>\n\t\t<div class=\"figc no-description\">\n\t\t\t<div class=\"figc-inner\">\n\t\t\t\t\t\t\t\t\t\t\t\t\t\t\t<\/div>\n\t\t<\/div>\n\n\t<\/div>\n\n<\/div>\t\t\n\t<\/div>\n\n\t\n\t\n\t<script type=\"application\/ld+json\">\n\t{\n\t\t\"@context\": \"http:\/\/schema.org\",\n\t\t\"@type\"   : \"ImageGallery\",\n\t\t\"id\"      : \"https:\/\/oigs.hr\/novo\/1f-na-carnet-ovom-natjecaju\/\",\n\t\t\"url\"     : \"https:\/\/oigs.hr\/novo\/1f-na-carnet-ovom-natjecaju\/\"\n\t}\n\n\t<\/script>\n\n\t\n<\/div>\n\n","protected":false},"excerpt":{"rendered":"","protected":false},"author":2,"featured_media":0,"parent":0,"menu_order":0,"comment_status":"closed","ping_status":"closed","template":"","meta":{"footnotes":""},"class_list":["post-5444","page","type-page","status-publish","hentry"],"yoast_head":"<!-- This site is optimized with the Yoast SEO plugin v27.4 - https:\/\/yoast.com\/product\/yoast-seo-wordpress\/ -->\n<title>1f na Carnet-ovom natje\u010daju - OIG\u0160<\/title>\n<meta name=\"robots\" content=\"index, follow, max-snippet:-1, max-image-preview:large, max-video-preview:-1\" \/>\n<link rel=\"canonical\" href=\"https:\/\/oigs.hr\/novo\/1f-na-carnet-ovom-natjecaju\/\" \/>\n<meta property=\"og:locale\" content=\"hr_HR\" \/>\n<meta property=\"og:type\" content=\"article\" \/>\n<meta property=\"og:title\" content=\"1f na Carnet-ovom natje\u010daju - OIG\u0160\" \/>\n<meta property=\"og:url\" content=\"https:\/\/oigs.hr\/novo\/1f-na-carnet-ovom-natjecaju\/\" \/>\n<meta property=\"og:site_name\" content=\"OIG\u0160\" \/>\n<meta property=\"article:publisher\" content=\"https:\/\/www.facebook.com\/oigs.srednjaskola\/\" \/>\n<meta property=\"article:modified_time\" content=\"2021-10-05T18:22:48+00:00\" \/>\n<meta name=\"twitter:card\" content=\"summary_large_image\" \/>\n<meta name=\"twitter:label1\" content=\"Procijenjeno vrijeme \u010ditanja\" \/>\n\t<meta name=\"twitter:data1\" content=\"1 minuta\" \/>\n<script type=\"application\/ld+json\" class=\"yoast-schema-graph\">{\"@context\":\"https:\\\/\\\/schema.org\",\"@graph\":[{\"@type\":\"WebPage\",\"@id\":\"https:\\\/\\\/oigs.hr\\\/novo\\\/1f-na-carnet-ovom-natjecaju\\\/\",\"url\":\"https:\\\/\\\/oigs.hr\\\/novo\\\/1f-na-carnet-ovom-natjecaju\\\/\",\"name\":\"1f na Carnet-ovom natje\u010daju - OIG\u0160\",\"isPartOf\":{\"@id\":\"https:\\\/\\\/oigs.hr\\\/novo\\\/#website\"},\"datePublished\":\"2021-10-05T18:21:47+00:00\",\"dateModified\":\"2021-10-05T18:22:48+00:00\",\"breadcrumb\":{\"@id\":\"https:\\\/\\\/oigs.hr\\\/novo\\\/1f-na-carnet-ovom-natjecaju\\\/#breadcrumb\"},\"inLanguage\":\"hr\",\"potentialAction\":[{\"@type\":\"ReadAction\",\"target\":[\"https:\\\/\\\/oigs.hr\\\/novo\\\/1f-na-carnet-ovom-natjecaju\\\/\"]}]},{\"@type\":\"BreadcrumbList\",\"@id\":\"https:\\\/\\\/oigs.hr\\\/novo\\\/1f-na-carnet-ovom-natjecaju\\\/#breadcrumb\",\"itemListElement\":[{\"@type\":\"ListItem\",\"position\":1,\"name\":\"Po\u010detna stranica\",\"item\":\"https:\\\/\\\/oigs.hr\\\/novo\\\/\"},{\"@type\":\"ListItem\",\"position\":2,\"name\":\"1f na Carnet-ovom natje\u010daju\"}]},{\"@type\":\"WebSite\",\"@id\":\"https:\\\/\\\/oigs.hr\\\/novo\\\/#website\",\"url\":\"https:\\\/\\\/oigs.hr\\\/novo\\\/\",\"name\":\"OIG\u0160\",\"description\":\"Obrtni\u010dka i industrijska graditeljska \u0161kola\",\"publisher\":{\"@id\":\"https:\\\/\\\/oigs.hr\\\/novo\\\/#organization\"},\"potentialAction\":[{\"@type\":\"SearchAction\",\"target\":{\"@type\":\"EntryPoint\",\"urlTemplate\":\"https:\\\/\\\/oigs.hr\\\/novo\\\/?s={search_term_string}\"},\"query-input\":{\"@type\":\"PropertyValueSpecification\",\"valueRequired\":true,\"valueName\":\"search_term_string\"}}],\"inLanguage\":\"hr\"},{\"@type\":\"Organization\",\"@id\":\"https:\\\/\\\/oigs.hr\\\/novo\\\/#organization\",\"name\":\"OIG\u0160\",\"url\":\"https:\\\/\\\/oigs.hr\\\/novo\\\/\",\"logo\":{\"@type\":\"ImageObject\",\"inLanguage\":\"hr\",\"@id\":\"https:\\\/\\\/oigs.hr\\\/novo\\\/#\\\/schema\\\/logo\\\/image\\\/\",\"url\":\"https:\\\/\\\/oigs.hr\\\/novo\\\/wp-content\\\/uploads\\\/2020\\\/06\\\/logo-1-e1592001907410.png\",\"contentUrl\":\"https:\\\/\\\/oigs.hr\\\/novo\\\/wp-content\\\/uploads\\\/2020\\\/06\\\/logo-1-e1592001907410.png\",\"width\":195,\"height\":181,\"caption\":\"OIG\u0160\"},\"image\":{\"@id\":\"https:\\\/\\\/oigs.hr\\\/novo\\\/#\\\/schema\\\/logo\\\/image\\\/\"},\"sameAs\":[\"https:\\\/\\\/www.facebook.com\\\/oigs.srednjaskola\\\/\"]}]}<\/script>\n<!-- \/ Yoast SEO plugin. -->","yoast_head_json":{"title":"1f na Carnet-ovom natje\u010daju - OIG\u0160","robots":{"index":"index","follow":"follow","max-snippet":"max-snippet:-1","max-image-preview":"max-image-preview:large","max-video-preview":"max-video-preview:-1"},"canonical":"https:\/\/oigs.hr\/novo\/1f-na-carnet-ovom-natjecaju\/","og_locale":"hr_HR","og_type":"article","og_title":"1f na Carnet-ovom natje\u010daju - OIG\u0160","og_url":"https:\/\/oigs.hr\/novo\/1f-na-carnet-ovom-natjecaju\/","og_site_name":"OIG\u0160","article_publisher":"https:\/\/www.facebook.com\/oigs.srednjaskola\/","article_modified_time":"2021-10-05T18:22:48+00:00","twitter_card":"summary_large_image","twitter_misc":{"Procijenjeno vrijeme \u010ditanja":"1 minuta"},"schema":{"@context":"https:\/\/schema.org","@graph":[{"@type":"WebPage","@id":"https:\/\/oigs.hr\/novo\/1f-na-carnet-ovom-natjecaju\/","url":"https:\/\/oigs.hr\/novo\/1f-na-carnet-ovom-natjecaju\/","name":"1f na Carnet-ovom natje\u010daju - OIG\u0160","isPartOf":{"@id":"https:\/\/oigs.hr\/novo\/#website"},"datePublished":"2021-10-05T18:21:47+00:00","dateModified":"2021-10-05T18:22:48+00:00","breadcrumb":{"@id":"https:\/\/oigs.hr\/novo\/1f-na-carnet-ovom-natjecaju\/#breadcrumb"},"inLanguage":"hr","potentialAction":[{"@type":"ReadAction","target":["https:\/\/oigs.hr\/novo\/1f-na-carnet-ovom-natjecaju\/"]}]},{"@type":"BreadcrumbList","@id":"https:\/\/oigs.hr\/novo\/1f-na-carnet-ovom-natjecaju\/#breadcrumb","itemListElement":[{"@type":"ListItem","position":1,"name":"Po\u010detna stranica","item":"https:\/\/oigs.hr\/novo\/"},{"@type":"ListItem","position":2,"name":"1f na Carnet-ovom natje\u010daju"}]},{"@type":"WebSite","@id":"https:\/\/oigs.hr\/novo\/#website","url":"https:\/\/oigs.hr\/novo\/","name":"OIG\u0160","description":"Obrtni\u010dka i industrijska graditeljska \u0161kola","publisher":{"@id":"https:\/\/oigs.hr\/novo\/#organization"},"potentialAction":[{"@type":"SearchAction","target":{"@type":"EntryPoint","urlTemplate":"https:\/\/oigs.hr\/novo\/?s={search_term_string}"},"query-input":{"@type":"PropertyValueSpecification","valueRequired":true,"valueName":"search_term_string"}}],"inLanguage":"hr"},{"@type":"Organization","@id":"https:\/\/oigs.hr\/novo\/#organization","name":"OIG\u0160","url":"https:\/\/oigs.hr\/novo\/","logo":{"@type":"ImageObject","inLanguage":"hr","@id":"https:\/\/oigs.hr\/novo\/#\/schema\/logo\/image\/","url":"https:\/\/oigs.hr\/novo\/wp-content\/uploads\/2020\/06\/logo-1-e1592001907410.png","contentUrl":"https:\/\/oigs.hr\/novo\/wp-content\/uploads\/2020\/06\/logo-1-e1592001907410.png","width":195,"height":181,"caption":"OIG\u0160"},"image":{"@id":"https:\/\/oigs.hr\/novo\/#\/schema\/logo\/image\/"},"sameAs":["https:\/\/www.facebook.com\/oigs.srednjaskola\/"]}]}},"_links":{"self":[{"href":"https:\/\/oigs.hr\/novo\/wp-json\/wp\/v2\/pages\/5444","targetHints":{"allow":["GET"]}}],"collection":[{"href":"https:\/\/oigs.hr\/novo\/wp-json\/wp\/v2\/pages"}],"about":[{"href":"https:\/\/oigs.hr\/novo\/wp-json\/wp\/v2\/types\/page"}],"author":[{"embeddable":true,"href":"https:\/\/oigs.hr\/novo\/wp-json\/wp\/v2\/users\/2"}],"replies":[{"embeddable":true,"href":"https:\/\/oigs.hr\/novo\/wp-json\/wp\/v2\/comments?post=5444"}],"version-history":[{"count":1,"href":"https:\/\/oigs.hr\/novo\/wp-json\/wp\/v2\/pages\/5444\/revisions"}],"predecessor-version":[{"id":5445,"href":"https:\/\/oigs.hr\/novo\/wp-json\/wp\/v2\/pages\/5444\/revisions\/5445"}],"wp:attachment":[{"href":"https:\/\/oigs.hr\/novo\/wp-json\/wp\/v2\/media?parent=5444"}],"curies":[{"name":"wp","href":"https:\/\/api.w.org\/{rel}","templated":true}]}}