{"id":5386,"date":"2021-10-04T19:28:20","date_gmt":"2021-10-04T17:28:20","guid":{"rendered":"https:\/\/oigs.hr\/novo\/?page_id=5386"},"modified":"2026-02-07T13:21:17","modified_gmt":"2026-02-07T12:21:17","slug":"rasporedi-2021-2022","status":"publish","type":"page","link":"https:\/\/oigs.hr\/novo\/rasporedi-2021-2022\/","title":{"rendered":"RASPOREDI"},"content":{"rendered":"<h1 style=\"text-align: center;\"><strong><span style=\"color: #ff0000;\"><span style=\"color: #000000;\">RASPOREDI\u00a0<\/span><br \/>\n<\/span><\/strong><\/h1>\n<p>Na poveznici mo\u017eete provjeriti to\u010dan raspored po\u010detka svakog sata u oba turnusa.<br data-start=\"140\" data-end=\"143\" \/>Zbog posljedica zagreba\u010dkog potresa na\u0161a \u0161kola radi u dvije smjene jer u\u010denice \u0160kole za primalje privremeno koriste na\u0161e prostore. Radi organizacije, nastavni sat traje 40 minuta.<br data-start=\"326\" data-end=\"329\" data-is-only-node=\"\" \/>To\u010dno vrijeme po\u010detka i zavr\u0161etka svakog sata, kao i malih i velikih odmora, nalazi se na sljede\u0107oj poveznici: <span style=\"color: #000000;\"><a style=\"color: #000000;\" href=\"https:\/\/oigs.hr\/novo\/wp-content\/uploads\/2023\/09\/Raspored-zvonjenja-oba-turnusa.pdf\">Raspored zvonjenja za oba turnusa<\/a><\/span><\/p>\n<p><a href=\"https:\/\/oigs.hr\/novo\/wp-content\/uploads\/2023\/09\/Raspored-zvonjenja-oba-turnusa.pdf\"><img loading=\"lazy\" decoding=\"async\" class=\"alignnone wp-image-10161\" src=\"https:\/\/oigs.hr\/novo\/wp-content\/uploads\/2025\/10\/S2xb-tdjFthAly9XgU96R-300x300.jpg\" alt=\"\" width=\"384\" height=\"384\" srcset=\"https:\/\/oigs.hr\/novo\/wp-content\/uploads\/2025\/10\/S2xb-tdjFthAly9XgU96R-300x300.jpg 300w, https:\/\/oigs.hr\/novo\/wp-content\/uploads\/2025\/10\/S2xb-tdjFthAly9XgU96R-1024x1024.jpg 1024w, https:\/\/oigs.hr\/novo\/wp-content\/uploads\/2025\/10\/S2xb-tdjFthAly9XgU96R-150x150.jpg 150w, https:\/\/oigs.hr\/novo\/wp-content\/uploads\/2025\/10\/S2xb-tdjFthAly9XgU96R-768x768.jpg 768w, https:\/\/oigs.hr\/novo\/wp-content\/uploads\/2025\/10\/S2xb-tdjFthAly9XgU96R-70x70.jpg 70w, https:\/\/oigs.hr\/novo\/wp-content\/uploads\/2025\/10\/S2xb-tdjFthAly9XgU96R-246x246.jpg 246w, https:\/\/oigs.hr\/novo\/wp-content\/uploads\/2025\/10\/S2xb-tdjFthAly9XgU96R-276x276.jpg 276w, https:\/\/oigs.hr\/novo\/wp-content\/uploads\/2025\/10\/S2xb-tdjFthAly9XgU96R-125x125.jpg 125w, https:\/\/oigs.hr\/novo\/wp-content\/uploads\/2025\/10\/S2xb-tdjFthAly9XgU96R.jpg 1536w\" sizes=\"auto, (max-width: 384px) 100vw, 384px\" \/><\/a><\/p>\n<h1 style=\"text-align: center;\"><span style=\"color: #000080;\"><strong>1. TURNUS<\/strong><\/span><\/h1>\n<h3><span style=\"color: #000080;\">Raspored sati<\/span><\/h3>\n<h3><span style=\"color: #000080;\">Raspored razreda po u\u010dionicama<\/span><\/h3>\n<p><img loading=\"lazy\" decoding=\"async\" class=\"alignnone wp-image-10167\" src=\"https:\/\/oigs.hr\/novo\/wp-content\/uploads\/2025\/10\/7k2AD49XLyhxAYnGeXRJt-300x300.jpg\" alt=\"\" width=\"377\" height=\"377\" srcset=\"https:\/\/oigs.hr\/novo\/wp-content\/uploads\/2025\/10\/7k2AD49XLyhxAYnGeXRJt-300x300.jpg 300w, https:\/\/oigs.hr\/novo\/wp-content\/uploads\/2025\/10\/7k2AD49XLyhxAYnGeXRJt-1024x1024.jpg 1024w, https:\/\/oigs.hr\/novo\/wp-content\/uploads\/2025\/10\/7k2AD49XLyhxAYnGeXRJt-150x150.jpg 150w, https:\/\/oigs.hr\/novo\/wp-content\/uploads\/2025\/10\/7k2AD49XLyhxAYnGeXRJt-768x768.jpg 768w, https:\/\/oigs.hr\/novo\/wp-content\/uploads\/2025\/10\/7k2AD49XLyhxAYnGeXRJt-70x70.jpg 70w, https:\/\/oigs.hr\/novo\/wp-content\/uploads\/2025\/10\/7k2AD49XLyhxAYnGeXRJt-246x246.jpg 246w, https:\/\/oigs.hr\/novo\/wp-content\/uploads\/2025\/10\/7k2AD49XLyhxAYnGeXRJt-276x276.jpg 276w, https:\/\/oigs.hr\/novo\/wp-content\/uploads\/2025\/10\/7k2AD49XLyhxAYnGeXRJt-125x125.jpg 125w, https:\/\/oigs.hr\/novo\/wp-content\/uploads\/2025\/10\/7k2AD49XLyhxAYnGeXRJt.jpg 1536w\" sizes=\"auto, (max-width: 377px) 100vw, 377px\" \/><\/p>\n<h1 style=\"text-align: center;\"><span style=\"color: #000080;\"><strong>2. TURNUS<\/strong><\/span><\/h1>\n<h3><span style=\"color: #000080;\">Raspored sati<\/span><\/h3>\n<h3><span style=\"color: #000080;\">Raspored razreda po u\u010dionicama<\/span><\/h3>\n<p><img loading=\"lazy\" decoding=\"async\" class=\"alignnone wp-image-10168\" src=\"https:\/\/oigs.hr\/novo\/wp-content\/uploads\/2025\/10\/AdE-SQIx_tBSSJlfbG7eL-300x300.jpg\" alt=\"\" width=\"367\" height=\"367\" srcset=\"https:\/\/oigs.hr\/novo\/wp-content\/uploads\/2025\/10\/AdE-SQIx_tBSSJlfbG7eL-300x300.jpg 300w, https:\/\/oigs.hr\/novo\/wp-content\/uploads\/2025\/10\/AdE-SQIx_tBSSJlfbG7eL-1024x1024.jpg 1024w, https:\/\/oigs.hr\/novo\/wp-content\/uploads\/2025\/10\/AdE-SQIx_tBSSJlfbG7eL-150x150.jpg 150w, https:\/\/oigs.hr\/novo\/wp-content\/uploads\/2025\/10\/AdE-SQIx_tBSSJlfbG7eL-768x768.jpg 768w, https:\/\/oigs.hr\/novo\/wp-content\/uploads\/2025\/10\/AdE-SQIx_tBSSJlfbG7eL-70x70.jpg 70w, https:\/\/oigs.hr\/novo\/wp-content\/uploads\/2025\/10\/AdE-SQIx_tBSSJlfbG7eL-246x246.jpg 246w, https:\/\/oigs.hr\/novo\/wp-content\/uploads\/2025\/10\/AdE-SQIx_tBSSJlfbG7eL-276x276.jpg 276w, https:\/\/oigs.hr\/novo\/wp-content\/uploads\/2025\/10\/AdE-SQIx_tBSSJlfbG7eL-125x125.jpg 125w, https:\/\/oigs.hr\/novo\/wp-content\/uploads\/2025\/10\/AdE-SQIx_tBSSJlfbG7eL.jpg 1536w\" sizes=\"auto, (max-width: 367px) 100vw, 367px\" \/><\/p>\n","protected":false},"excerpt":{"rendered":"<p>RASPOREDI\u00a0 Na poveznici mo\u017eete provjeriti to\u010dan raspored po\u010detka svakog sata u oba turnusa.Zbog posljedica zagreba\u010dkog potresa na\u0161a \u0161kola radi u &hellip; <\/p>\n","protected":false},"author":2,"featured_media":0,"parent":0,"menu_order":0,"comment_status":"closed","ping_status":"closed","template":"","meta":{"footnotes":""},"class_list":["post-5386","page","type-page","status-publish","hentry"],"yoast_head":"<!-- This site is optimized with the Yoast SEO plugin v27.4 - https:\/\/yoast.com\/product\/yoast-seo-wordpress\/ -->\n<title>RASPOREDI - OIG\u0160<\/title>\n<meta name=\"description\" content=\"RASPOREDI\u00a0 Na poveznici mo\u017eete provjeriti to\u010dan raspored po\u010detka svakog sata u oba turnusa.Zbog posljedica zagreba\u010dkog potresa na\u0161a \u0161kola radi u dvije\" \/>\n<meta name=\"robots\" content=\"index, follow, max-snippet:-1, max-image-preview:large, max-video-preview:-1\" \/>\n<link rel=\"canonical\" href=\"https:\/\/oigs.hr\/novo\/rasporedi-2021-2022\/\" \/>\n<meta property=\"og:locale\" content=\"hr_HR\" \/>\n<meta property=\"og:type\" content=\"article\" \/>\n<meta property=\"og:title\" content=\"RASPOREDI - OIG\u0160\" \/>\n<meta property=\"og:description\" content=\"RASPOREDI\u00a0 Na poveznici mo\u017eete provjeriti to\u010dan raspored po\u010detka svakog sata u oba turnusa.Zbog posljedica zagreba\u010dkog potresa na\u0161a \u0161kola radi u dvije\" \/>\n<meta property=\"og:url\" content=\"https:\/\/oigs.hr\/novo\/rasporedi-2021-2022\/\" \/>\n<meta property=\"og:site_name\" content=\"OIG\u0160\" \/>\n<meta property=\"article:publisher\" content=\"https:\/\/www.facebook.com\/oigs.srednjaskola\/\" \/>\n<meta property=\"article:modified_time\" content=\"2026-02-07T12:21:17+00:00\" \/>\n<meta property=\"og:image\" content=\"https:\/\/oigs.hr\/novo\/wp-content\/uploads\/2025\/10\/S2xb-tdjFthAly9XgU96R.jpg\" \/>\n\t<meta property=\"og:image:width\" content=\"1536\" \/>\n\t<meta property=\"og:image:height\" content=\"1536\" \/>\n\t<meta property=\"og:image:type\" content=\"image\/jpeg\" \/>\n<meta name=\"twitter:card\" content=\"summary_large_image\" \/>\n<meta name=\"twitter:label1\" content=\"Procijenjeno vrijeme \u010ditanja\" \/>\n\t<meta name=\"twitter:data1\" content=\"2 minute\" \/>\n<script type=\"application\/ld+json\" class=\"yoast-schema-graph\">{\"@context\":\"https:\\\/\\\/schema.org\",\"@graph\":[{\"@type\":\"WebPage\",\"@id\":\"https:\\\/\\\/oigs.hr\\\/novo\\\/rasporedi-2021-2022\\\/\",\"url\":\"https:\\\/\\\/oigs.hr\\\/novo\\\/rasporedi-2021-2022\\\/\",\"name\":\"RASPOREDI - OIG\u0160\",\"isPartOf\":{\"@id\":\"https:\\\/\\\/oigs.hr\\\/novo\\\/#website\"},\"primaryImageOfPage\":{\"@id\":\"https:\\\/\\\/oigs.hr\\\/novo\\\/rasporedi-2021-2022\\\/#primaryimage\"},\"image\":{\"@id\":\"https:\\\/\\\/oigs.hr\\\/novo\\\/rasporedi-2021-2022\\\/#primaryimage\"},\"thumbnailUrl\":\"https:\\\/\\\/oigs.hr\\\/novo\\\/wp-content\\\/uploads\\\/2025\\\/10\\\/S2xb-tdjFthAly9XgU96R-300x300.jpg\",\"datePublished\":\"2021-10-04T17:28:20+00:00\",\"dateModified\":\"2026-02-07T12:21:17+00:00\",\"description\":\"RASPOREDI\u00a0 Na poveznici mo\u017eete provjeriti to\u010dan raspored po\u010detka svakog sata u oba turnusa.Zbog posljedica zagreba\u010dkog potresa na\u0161a \u0161kola radi u dvije\",\"breadcrumb\":{\"@id\":\"https:\\\/\\\/oigs.hr\\\/novo\\\/rasporedi-2021-2022\\\/#breadcrumb\"},\"inLanguage\":\"hr\",\"potentialAction\":[{\"@type\":\"ReadAction\",\"target\":[\"https:\\\/\\\/oigs.hr\\\/novo\\\/rasporedi-2021-2022\\\/\"]}]},{\"@type\":\"ImageObject\",\"inLanguage\":\"hr\",\"@id\":\"https:\\\/\\\/oigs.hr\\\/novo\\\/rasporedi-2021-2022\\\/#primaryimage\",\"url\":\"https:\\\/\\\/oigs.hr\\\/novo\\\/wp-content\\\/uploads\\\/2025\\\/10\\\/S2xb-tdjFthAly9XgU96R.jpg\",\"contentUrl\":\"https:\\\/\\\/oigs.hr\\\/novo\\\/wp-content\\\/uploads\\\/2025\\\/10\\\/S2xb-tdjFthAly9XgU96R.jpg\",\"width\":1536,\"height\":1536},{\"@type\":\"BreadcrumbList\",\"@id\":\"https:\\\/\\\/oigs.hr\\\/novo\\\/rasporedi-2021-2022\\\/#breadcrumb\",\"itemListElement\":[{\"@type\":\"ListItem\",\"position\":1,\"name\":\"Po\u010detna stranica\",\"item\":\"https:\\\/\\\/oigs.hr\\\/novo\\\/\"},{\"@type\":\"ListItem\",\"position\":2,\"name\":\"RASPOREDI\"}]},{\"@type\":\"WebSite\",\"@id\":\"https:\\\/\\\/oigs.hr\\\/novo\\\/#website\",\"url\":\"https:\\\/\\\/oigs.hr\\\/novo\\\/\",\"name\":\"OIG\u0160\",\"description\":\"Obrtni\u010dka i industrijska graditeljska \u0161kola\",\"publisher\":{\"@id\":\"https:\\\/\\\/oigs.hr\\\/novo\\\/#organization\"},\"potentialAction\":[{\"@type\":\"SearchAction\",\"target\":{\"@type\":\"EntryPoint\",\"urlTemplate\":\"https:\\\/\\\/oigs.hr\\\/novo\\\/?s={search_term_string}\"},\"query-input\":{\"@type\":\"PropertyValueSpecification\",\"valueRequired\":true,\"valueName\":\"search_term_string\"}}],\"inLanguage\":\"hr\"},{\"@type\":\"Organization\",\"@id\":\"https:\\\/\\\/oigs.hr\\\/novo\\\/#organization\",\"name\":\"OIG\u0160\",\"url\":\"https:\\\/\\\/oigs.hr\\\/novo\\\/\",\"logo\":{\"@type\":\"ImageObject\",\"inLanguage\":\"hr\",\"@id\":\"https:\\\/\\\/oigs.hr\\\/novo\\\/#\\\/schema\\\/logo\\\/image\\\/\",\"url\":\"https:\\\/\\\/oigs.hr\\\/novo\\\/wp-content\\\/uploads\\\/2020\\\/06\\\/logo-1-e1592001907410.png\",\"contentUrl\":\"https:\\\/\\\/oigs.hr\\\/novo\\\/wp-content\\\/uploads\\\/2020\\\/06\\\/logo-1-e1592001907410.png\",\"width\":195,\"height\":181,\"caption\":\"OIG\u0160\"},\"image\":{\"@id\":\"https:\\\/\\\/oigs.hr\\\/novo\\\/#\\\/schema\\\/logo\\\/image\\\/\"},\"sameAs\":[\"https:\\\/\\\/www.facebook.com\\\/oigs.srednjaskola\\\/\"]}]}<\/script>\n<!-- \/ Yoast SEO plugin. -->","yoast_head_json":{"title":"RASPOREDI - OIG\u0160","description":"RASPOREDI\u00a0 Na poveznici mo\u017eete provjeriti to\u010dan raspored po\u010detka svakog sata u oba turnusa.Zbog posljedica zagreba\u010dkog potresa na\u0161a \u0161kola radi u dvije","robots":{"index":"index","follow":"follow","max-snippet":"max-snippet:-1","max-image-preview":"max-image-preview:large","max-video-preview":"max-video-preview:-1"},"canonical":"https:\/\/oigs.hr\/novo\/rasporedi-2021-2022\/","og_locale":"hr_HR","og_type":"article","og_title":"RASPOREDI - OIG\u0160","og_description":"RASPOREDI\u00a0 Na poveznici mo\u017eete provjeriti to\u010dan raspored po\u010detka svakog sata u oba turnusa.Zbog posljedica zagreba\u010dkog potresa na\u0161a \u0161kola radi u dvije","og_url":"https:\/\/oigs.hr\/novo\/rasporedi-2021-2022\/","og_site_name":"OIG\u0160","article_publisher":"https:\/\/www.facebook.com\/oigs.srednjaskola\/","article_modified_time":"2026-02-07T12:21:17+00:00","og_image":[{"width":1536,"height":1536,"url":"https:\/\/oigs.hr\/novo\/wp-content\/uploads\/2025\/10\/S2xb-tdjFthAly9XgU96R.jpg","type":"image\/jpeg"}],"twitter_card":"summary_large_image","twitter_misc":{"Procijenjeno vrijeme \u010ditanja":"2 minute"},"schema":{"@context":"https:\/\/schema.org","@graph":[{"@type":"WebPage","@id":"https:\/\/oigs.hr\/novo\/rasporedi-2021-2022\/","url":"https:\/\/oigs.hr\/novo\/rasporedi-2021-2022\/","name":"RASPOREDI - OIG\u0160","isPartOf":{"@id":"https:\/\/oigs.hr\/novo\/#website"},"primaryImageOfPage":{"@id":"https:\/\/oigs.hr\/novo\/rasporedi-2021-2022\/#primaryimage"},"image":{"@id":"https:\/\/oigs.hr\/novo\/rasporedi-2021-2022\/#primaryimage"},"thumbnailUrl":"https:\/\/oigs.hr\/novo\/wp-content\/uploads\/2025\/10\/S2xb-tdjFthAly9XgU96R-300x300.jpg","datePublished":"2021-10-04T17:28:20+00:00","dateModified":"2026-02-07T12:21:17+00:00","description":"RASPOREDI\u00a0 Na poveznici mo\u017eete provjeriti to\u010dan raspored po\u010detka svakog sata u oba turnusa.Zbog posljedica zagreba\u010dkog potresa na\u0161a \u0161kola radi u dvije","breadcrumb":{"@id":"https:\/\/oigs.hr\/novo\/rasporedi-2021-2022\/#breadcrumb"},"inLanguage":"hr","potentialAction":[{"@type":"ReadAction","target":["https:\/\/oigs.hr\/novo\/rasporedi-2021-2022\/"]}]},{"@type":"ImageObject","inLanguage":"hr","@id":"https:\/\/oigs.hr\/novo\/rasporedi-2021-2022\/#primaryimage","url":"https:\/\/oigs.hr\/novo\/wp-content\/uploads\/2025\/10\/S2xb-tdjFthAly9XgU96R.jpg","contentUrl":"https:\/\/oigs.hr\/novo\/wp-content\/uploads\/2025\/10\/S2xb-tdjFthAly9XgU96R.jpg","width":1536,"height":1536},{"@type":"BreadcrumbList","@id":"https:\/\/oigs.hr\/novo\/rasporedi-2021-2022\/#breadcrumb","itemListElement":[{"@type":"ListItem","position":1,"name":"Po\u010detna stranica","item":"https:\/\/oigs.hr\/novo\/"},{"@type":"ListItem","position":2,"name":"RASPOREDI"}]},{"@type":"WebSite","@id":"https:\/\/oigs.hr\/novo\/#website","url":"https:\/\/oigs.hr\/novo\/","name":"OIG\u0160","description":"Obrtni\u010dka i industrijska graditeljska \u0161kola","publisher":{"@id":"https:\/\/oigs.hr\/novo\/#organization"},"potentialAction":[{"@type":"SearchAction","target":{"@type":"EntryPoint","urlTemplate":"https:\/\/oigs.hr\/novo\/?s={search_term_string}"},"query-input":{"@type":"PropertyValueSpecification","valueRequired":true,"valueName":"search_term_string"}}],"inLanguage":"hr"},{"@type":"Organization","@id":"https:\/\/oigs.hr\/novo\/#organization","name":"OIG\u0160","url":"https:\/\/oigs.hr\/novo\/","logo":{"@type":"ImageObject","inLanguage":"hr","@id":"https:\/\/oigs.hr\/novo\/#\/schema\/logo\/image\/","url":"https:\/\/oigs.hr\/novo\/wp-content\/uploads\/2020\/06\/logo-1-e1592001907410.png","contentUrl":"https:\/\/oigs.hr\/novo\/wp-content\/uploads\/2020\/06\/logo-1-e1592001907410.png","width":195,"height":181,"caption":"OIG\u0160"},"image":{"@id":"https:\/\/oigs.hr\/novo\/#\/schema\/logo\/image\/"},"sameAs":["https:\/\/www.facebook.com\/oigs.srednjaskola\/"]}]}},"_links":{"self":[{"href":"https:\/\/oigs.hr\/novo\/wp-json\/wp\/v2\/pages\/5386","targetHints":{"allow":["GET"]}}],"collection":[{"href":"https:\/\/oigs.hr\/novo\/wp-json\/wp\/v2\/pages"}],"about":[{"href":"https:\/\/oigs.hr\/novo\/wp-json\/wp\/v2\/types\/page"}],"author":[{"embeddable":true,"href":"https:\/\/oigs.hr\/novo\/wp-json\/wp\/v2\/users\/2"}],"replies":[{"embeddable":true,"href":"https:\/\/oigs.hr\/novo\/wp-json\/wp\/v2\/comments?post=5386"}],"version-history":[{"count":63,"href":"https:\/\/oigs.hr\/novo\/wp-json\/wp\/v2\/pages\/5386\/revisions"}],"predecessor-version":[{"id":10704,"href":"https:\/\/oigs.hr\/novo\/wp-json\/wp\/v2\/pages\/5386\/revisions\/10704"}],"wp:attachment":[{"href":"https:\/\/oigs.hr\/novo\/wp-json\/wp\/v2\/media?parent=5386"}],"curies":[{"name":"wp","href":"https:\/\/api.w.org\/{rel}","templated":true}]}}