{"id":494,"date":"2019-01-11T14:41:28","date_gmt":"2019-01-11T13:41:28","guid":{"rendered":"https:\/\/www.oigs.hr\/novo\/?page_id=494"},"modified":"2020-06-28T10:00:46","modified_gmt":"2020-06-28T08:00:46","slug":"zidar","status":"publish","type":"page","link":"https:\/\/oigs.hr\/novo\/zidar\/","title":{"rendered":"Zidar"},"content":{"rendered":"<p><span class=\"content\">Zidar je osnovno graditeljsko zanimanje. Nijedna gra\u0111evina ne mo\u017ee se podi\u0107i bez zidara. Osnovni je posao zidara izrada zidova od opeke, kamena ili raznih vrsta blokova. Osim toga zidar obavlja: betoniranja, ugradnju raznih vrsta izolacija , unutra\u0161nje i vanjsko \u017ebukanje, izradu podnih podloga, ugradnju prozora i vrata. \u00a0Postavlja temelje, gradi zidove, stupove, stropove, mostove, betonira ceste, tunele i sl. Osim zidanja postavlja hidroizolaciju, kanalizaciju, otvore za vrata i prozore, te obavlja druge zidarske poslove. <\/span>Za upis u srednjo\u0161kolski obrazovni program \u00ad\u00ad\u00ad\u00ad\u00ad\u00ad\u00ad\u00ad\u00adzidara, potrebno je imati zavr\u0161enu osnovnu \u0161kolu i lije\u010dni\u010dku svjedod\u017ebu specijalista medicine rada o nepostojanju zdravstvenih kontraindikacija za obavljanje zanimanja. Za obavljanje poslova zidara, potrebno je zavr\u0161iti srednje strukovno obrazovanje u trajanju od tri godine. Nakon zavr\u0161etka obrazovanja, pola\u017ee se zavr\u0161ni ispit i stje\u010de se kvalifikacija tr\u017ei\u0161te rada.<\/p>\n<p><img loading=\"lazy\" decoding=\"async\" class=\"alignnone size-medium wp-image-1449\" src=\"https:\/\/oigs.hr\/novo\/wp-content\/uploads\/2020\/06\/0M3A7537-200x300.jpg\" alt=\"\" width=\"200\" height=\"300\" srcset=\"https:\/\/oigs.hr\/novo\/wp-content\/uploads\/2020\/06\/0M3A7537-200x300.jpg 200w, https:\/\/oigs.hr\/novo\/wp-content\/uploads\/2020\/06\/0M3A7537-683x1024.jpg 683w, https:\/\/oigs.hr\/novo\/wp-content\/uploads\/2020\/06\/0M3A7537-768x1152.jpg 768w, https:\/\/oigs.hr\/novo\/wp-content\/uploads\/2020\/06\/0M3A7537-1024x1536.jpg 1024w, https:\/\/oigs.hr\/novo\/wp-content\/uploads\/2020\/06\/0M3A7537-1365x2048.jpg 1365w, https:\/\/oigs.hr\/novo\/wp-content\/uploads\/2020\/06\/0M3A7537-scaled.jpg 1707w\" sizes=\"auto, (max-width: 200px) 100vw, 200px\" \/> <img loading=\"lazy\" decoding=\"async\" class=\"alignnone size-medium wp-image-1450\" src=\"https:\/\/oigs.hr\/novo\/wp-content\/uploads\/2020\/06\/55641861_2235931233296183_7074604296712486912_o-200x300.jpg\" alt=\"\" width=\"200\" height=\"300\" srcset=\"https:\/\/oigs.hr\/novo\/wp-content\/uploads\/2020\/06\/55641861_2235931233296183_7074604296712486912_o-200x300.jpg 200w, https:\/\/oigs.hr\/novo\/wp-content\/uploads\/2020\/06\/55641861_2235931233296183_7074604296712486912_o.jpg 640w\" sizes=\"auto, (max-width: 200px) 100vw, 200px\" \/> <img loading=\"lazy\" decoding=\"async\" class=\"alignnone size-medium wp-image-1402\" src=\"https:\/\/oigs.hr\/novo\/wp-content\/uploads\/2020\/06\/zidar-200x300.jpg\" alt=\"\" width=\"200\" height=\"300\" srcset=\"https:\/\/oigs.hr\/novo\/wp-content\/uploads\/2020\/06\/zidar-200x300.jpg 200w, https:\/\/oigs.hr\/novo\/wp-content\/uploads\/2020\/06\/zidar.jpg 640w\" sizes=\"auto, (max-width: 200px) 100vw, 200px\" \/> \u00a0<img loading=\"lazy\" decoding=\"async\" class=\"alignnone size-medium wp-image-1560\" src=\"https:\/\/oigs.hr\/novo\/wp-content\/uploads\/2020\/06\/89796232_2503500816539222_4430494370549989376_o-200x300.jpg\" alt=\"\" width=\"200\" height=\"300\" srcset=\"https:\/\/oigs.hr\/novo\/wp-content\/uploads\/2020\/06\/89796232_2503500816539222_4430494370549989376_o-200x300.jpg 200w, https:\/\/oigs.hr\/novo\/wp-content\/uploads\/2020\/06\/89796232_2503500816539222_4430494370549989376_o.jpg 640w\" sizes=\"auto, (max-width: 200px) 100vw, 200px\" \/> <img loading=\"lazy\" decoding=\"async\" class=\"alignnone size-medium wp-image-1606\" src=\"https:\/\/oigs.hr\/novo\/wp-content\/uploads\/2020\/06\/IMG_8332-200x300.jpg\" alt=\"\" width=\"200\" height=\"300\" srcset=\"https:\/\/oigs.hr\/novo\/wp-content\/uploads\/2020\/06\/IMG_8332-200x300.jpg 200w, https:\/\/oigs.hr\/novo\/wp-content\/uploads\/2020\/06\/IMG_8332-683x1024.jpg 683w, https:\/\/oigs.hr\/novo\/wp-content\/uploads\/2020\/06\/IMG_8332-768x1152.jpg 768w, https:\/\/oigs.hr\/novo\/wp-content\/uploads\/2020\/06\/IMG_8332-1024x1536.jpg 1024w, https:\/\/oigs.hr\/novo\/wp-content\/uploads\/2020\/06\/IMG_8332-1365x2048.jpg 1365w, https:\/\/oigs.hr\/novo\/wp-content\/uploads\/2020\/06\/IMG_8332-scaled.jpg 1707w\" sizes=\"auto, (max-width: 200px) 100vw, 200px\" \/><\/p>\n<p><iframe loading=\"lazy\" title=\"Zidar, zanimanje\" width=\"750\" height=\"422\" src=\"https:\/\/www.youtube.com\/embed\/aJkMLPhVDDw?feature=oembed\" frameborder=\"0\" allow=\"accelerometer; autoplay; encrypted-media; gyroscope; picture-in-picture\" allowfullscreen><\/iframe><\/p>\n<p>&nbsp;<\/p>\n<p><iframe loading=\"lazy\" title=\"WorldSkills 2019., dr\u017eavno natjecanje u\u010denika strukovnih \u0161kola\" width=\"750\" height=\"422\" src=\"https:\/\/www.youtube.com\/embed\/XM6VQVOQuSs?feature=oembed\" frameborder=\"0\" allow=\"accelerometer; autoplay; encrypted-media; gyroscope; picture-in-picture\" allowfullscreen><\/iframe><\/p>\n","protected":false},"excerpt":{"rendered":"<p>Zidar je osnovno graditeljsko zanimanje. Nijedna gra\u0111evina ne mo\u017ee se podi\u0107i bez zidara. Osnovni je posao zidara izrada zidova od &hellip; <\/p>\n","protected":false},"author":1,"featured_media":0,"parent":0,"menu_order":0,"comment_status":"closed","ping_status":"closed","template":"","meta":{"footnotes":""},"class_list":["post-494","page","type-page","status-publish","hentry"],"yoast_head":"<!-- This site is optimized with the Yoast SEO plugin v27.5 - https:\/\/yoast.com\/product\/yoast-seo-wordpress\/ -->\n<title>Zidar - OIG\u0160<\/title>\n<meta name=\"description\" content=\"Zidar je osnovno graditeljsko zanimanje. Nijedna gra\u0111evina ne mo\u017ee se podi\u0107i bez zidara. Osnovni je posao zidara izrada zidova od opeke, kamena ili raznih\" \/>\n<meta name=\"robots\" content=\"index, follow, max-snippet:-1, max-image-preview:large, max-video-preview:-1\" \/>\n<link rel=\"canonical\" href=\"https:\/\/oigs.hr\/novo\/zidar\/\" \/>\n<meta property=\"og:locale\" content=\"hr_HR\" \/>\n<meta property=\"og:type\" content=\"article\" \/>\n<meta property=\"og:title\" content=\"Zidar - OIG\u0160\" \/>\n<meta property=\"og:description\" content=\"Zidar je osnovno graditeljsko zanimanje. Nijedna gra\u0111evina ne mo\u017ee se podi\u0107i bez zidara. Osnovni je posao zidara izrada zidova od opeke, kamena ili raznih\" \/>\n<meta property=\"og:url\" content=\"https:\/\/oigs.hr\/novo\/zidar\/\" \/>\n<meta property=\"og:site_name\" content=\"OIG\u0160\" \/>\n<meta property=\"article:publisher\" content=\"https:\/\/www.facebook.com\/oigs.srednjaskola\/\" \/>\n<meta property=\"article:modified_time\" content=\"2020-06-28T08:00:46+00:00\" \/>\n<meta property=\"og:image\" content=\"https:\/\/oigs.hr\/novo\/wp-content\/uploads\/2020\/06\/0M3A7537-200x300.jpg\" \/>\n<meta name=\"twitter:card\" content=\"summary_large_image\" \/>\n<meta name=\"twitter:label1\" content=\"Procijenjeno vrijeme \u010ditanja\" \/>\n\t<meta name=\"twitter:data1\" content=\"1 minuta\" \/>\n<script type=\"application\/ld+json\" class=\"yoast-schema-graph\">{\"@context\":\"https:\\\/\\\/schema.org\",\"@graph\":[{\"@type\":\"WebPage\",\"@id\":\"https:\\\/\\\/oigs.hr\\\/novo\\\/zidar\\\/\",\"url\":\"https:\\\/\\\/oigs.hr\\\/novo\\\/zidar\\\/\",\"name\":\"Zidar - OIG\u0160\",\"isPartOf\":{\"@id\":\"https:\\\/\\\/oigs.hr\\\/novo\\\/#website\"},\"primaryImageOfPage\":{\"@id\":\"https:\\\/\\\/oigs.hr\\\/novo\\\/zidar\\\/#primaryimage\"},\"image\":{\"@id\":\"https:\\\/\\\/oigs.hr\\\/novo\\\/zidar\\\/#primaryimage\"},\"thumbnailUrl\":\"https:\\\/\\\/oigs.hr\\\/novo\\\/wp-content\\\/uploads\\\/2020\\\/06\\\/0M3A7537-200x300.jpg\",\"datePublished\":\"2019-01-11T13:41:28+00:00\",\"dateModified\":\"2020-06-28T08:00:46+00:00\",\"description\":\"Zidar je osnovno graditeljsko zanimanje. Nijedna gra\u0111evina ne mo\u017ee se podi\u0107i bez zidara. Osnovni je posao zidara izrada zidova od opeke, kamena ili raznih\",\"breadcrumb\":{\"@id\":\"https:\\\/\\\/oigs.hr\\\/novo\\\/zidar\\\/#breadcrumb\"},\"inLanguage\":\"hr\",\"potentialAction\":[{\"@type\":\"ReadAction\",\"target\":[\"https:\\\/\\\/oigs.hr\\\/novo\\\/zidar\\\/\"]}]},{\"@type\":\"ImageObject\",\"inLanguage\":\"hr\",\"@id\":\"https:\\\/\\\/oigs.hr\\\/novo\\\/zidar\\\/#primaryimage\",\"url\":\"https:\\\/\\\/oigs.hr\\\/novo\\\/wp-content\\\/uploads\\\/2020\\\/06\\\/0M3A7537-scaled.jpg\",\"contentUrl\":\"https:\\\/\\\/oigs.hr\\\/novo\\\/wp-content\\\/uploads\\\/2020\\\/06\\\/0M3A7537-scaled.jpg\",\"width\":1707,\"height\":2560},{\"@type\":\"BreadcrumbList\",\"@id\":\"https:\\\/\\\/oigs.hr\\\/novo\\\/zidar\\\/#breadcrumb\",\"itemListElement\":[{\"@type\":\"ListItem\",\"position\":1,\"name\":\"Po\u010detna stranica\",\"item\":\"https:\\\/\\\/oigs.hr\\\/novo\\\/\"},{\"@type\":\"ListItem\",\"position\":2,\"name\":\"Zidar\"}]},{\"@type\":\"WebSite\",\"@id\":\"https:\\\/\\\/oigs.hr\\\/novo\\\/#website\",\"url\":\"https:\\\/\\\/oigs.hr\\\/novo\\\/\",\"name\":\"OIG\u0160\",\"description\":\"Obrtni\u010dka i industrijska graditeljska \u0161kola\",\"publisher\":{\"@id\":\"https:\\\/\\\/oigs.hr\\\/novo\\\/#organization\"},\"potentialAction\":[{\"@type\":\"SearchAction\",\"target\":{\"@type\":\"EntryPoint\",\"urlTemplate\":\"https:\\\/\\\/oigs.hr\\\/novo\\\/?s={search_term_string}\"},\"query-input\":{\"@type\":\"PropertyValueSpecification\",\"valueRequired\":true,\"valueName\":\"search_term_string\"}}],\"inLanguage\":\"hr\"},{\"@type\":\"Organization\",\"@id\":\"https:\\\/\\\/oigs.hr\\\/novo\\\/#organization\",\"name\":\"OIG\u0160\",\"url\":\"https:\\\/\\\/oigs.hr\\\/novo\\\/\",\"logo\":{\"@type\":\"ImageObject\",\"inLanguage\":\"hr\",\"@id\":\"https:\\\/\\\/oigs.hr\\\/novo\\\/#\\\/schema\\\/logo\\\/image\\\/\",\"url\":\"https:\\\/\\\/oigs.hr\\\/novo\\\/wp-content\\\/uploads\\\/2020\\\/06\\\/logo-1-e1592001907410.png\",\"contentUrl\":\"https:\\\/\\\/oigs.hr\\\/novo\\\/wp-content\\\/uploads\\\/2020\\\/06\\\/logo-1-e1592001907410.png\",\"width\":195,\"height\":181,\"caption\":\"OIG\u0160\"},\"image\":{\"@id\":\"https:\\\/\\\/oigs.hr\\\/novo\\\/#\\\/schema\\\/logo\\\/image\\\/\"},\"sameAs\":[\"https:\\\/\\\/www.facebook.com\\\/oigs.srednjaskola\\\/\"]}]}<\/script>\n<!-- \/ Yoast SEO plugin. -->","yoast_head_json":{"title":"Zidar - OIG\u0160","description":"Zidar je osnovno graditeljsko zanimanje. Nijedna gra\u0111evina ne mo\u017ee se podi\u0107i bez zidara. Osnovni je posao zidara izrada zidova od opeke, kamena ili raznih","robots":{"index":"index","follow":"follow","max-snippet":"max-snippet:-1","max-image-preview":"max-image-preview:large","max-video-preview":"max-video-preview:-1"},"canonical":"https:\/\/oigs.hr\/novo\/zidar\/","og_locale":"hr_HR","og_type":"article","og_title":"Zidar - OIG\u0160","og_description":"Zidar je osnovno graditeljsko zanimanje. Nijedna gra\u0111evina ne mo\u017ee se podi\u0107i bez zidara. Osnovni je posao zidara izrada zidova od opeke, kamena ili raznih","og_url":"https:\/\/oigs.hr\/novo\/zidar\/","og_site_name":"OIG\u0160","article_publisher":"https:\/\/www.facebook.com\/oigs.srednjaskola\/","article_modified_time":"2020-06-28T08:00:46+00:00","og_image":[{"url":"https:\/\/oigs.hr\/novo\/wp-content\/uploads\/2020\/06\/0M3A7537-200x300.jpg","type":"","width":"","height":""}],"twitter_card":"summary_large_image","twitter_misc":{"Procijenjeno vrijeme \u010ditanja":"1 minuta"},"schema":{"@context":"https:\/\/schema.org","@graph":[{"@type":"WebPage","@id":"https:\/\/oigs.hr\/novo\/zidar\/","url":"https:\/\/oigs.hr\/novo\/zidar\/","name":"Zidar - OIG\u0160","isPartOf":{"@id":"https:\/\/oigs.hr\/novo\/#website"},"primaryImageOfPage":{"@id":"https:\/\/oigs.hr\/novo\/zidar\/#primaryimage"},"image":{"@id":"https:\/\/oigs.hr\/novo\/zidar\/#primaryimage"},"thumbnailUrl":"https:\/\/oigs.hr\/novo\/wp-content\/uploads\/2020\/06\/0M3A7537-200x300.jpg","datePublished":"2019-01-11T13:41:28+00:00","dateModified":"2020-06-28T08:00:46+00:00","description":"Zidar je osnovno graditeljsko zanimanje. Nijedna gra\u0111evina ne mo\u017ee se podi\u0107i bez zidara. Osnovni je posao zidara izrada zidova od opeke, kamena ili raznih","breadcrumb":{"@id":"https:\/\/oigs.hr\/novo\/zidar\/#breadcrumb"},"inLanguage":"hr","potentialAction":[{"@type":"ReadAction","target":["https:\/\/oigs.hr\/novo\/zidar\/"]}]},{"@type":"ImageObject","inLanguage":"hr","@id":"https:\/\/oigs.hr\/novo\/zidar\/#primaryimage","url":"https:\/\/oigs.hr\/novo\/wp-content\/uploads\/2020\/06\/0M3A7537-scaled.jpg","contentUrl":"https:\/\/oigs.hr\/novo\/wp-content\/uploads\/2020\/06\/0M3A7537-scaled.jpg","width":1707,"height":2560},{"@type":"BreadcrumbList","@id":"https:\/\/oigs.hr\/novo\/zidar\/#breadcrumb","itemListElement":[{"@type":"ListItem","position":1,"name":"Po\u010detna stranica","item":"https:\/\/oigs.hr\/novo\/"},{"@type":"ListItem","position":2,"name":"Zidar"}]},{"@type":"WebSite","@id":"https:\/\/oigs.hr\/novo\/#website","url":"https:\/\/oigs.hr\/novo\/","name":"OIG\u0160","description":"Obrtni\u010dka i industrijska graditeljska \u0161kola","publisher":{"@id":"https:\/\/oigs.hr\/novo\/#organization"},"potentialAction":[{"@type":"SearchAction","target":{"@type":"EntryPoint","urlTemplate":"https:\/\/oigs.hr\/novo\/?s={search_term_string}"},"query-input":{"@type":"PropertyValueSpecification","valueRequired":true,"valueName":"search_term_string"}}],"inLanguage":"hr"},{"@type":"Organization","@id":"https:\/\/oigs.hr\/novo\/#organization","name":"OIG\u0160","url":"https:\/\/oigs.hr\/novo\/","logo":{"@type":"ImageObject","inLanguage":"hr","@id":"https:\/\/oigs.hr\/novo\/#\/schema\/logo\/image\/","url":"https:\/\/oigs.hr\/novo\/wp-content\/uploads\/2020\/06\/logo-1-e1592001907410.png","contentUrl":"https:\/\/oigs.hr\/novo\/wp-content\/uploads\/2020\/06\/logo-1-e1592001907410.png","width":195,"height":181,"caption":"OIG\u0160"},"image":{"@id":"https:\/\/oigs.hr\/novo\/#\/schema\/logo\/image\/"},"sameAs":["https:\/\/www.facebook.com\/oigs.srednjaskola\/"]}]}},"_links":{"self":[{"href":"https:\/\/oigs.hr\/novo\/wp-json\/wp\/v2\/pages\/494","targetHints":{"allow":["GET"]}}],"collection":[{"href":"https:\/\/oigs.hr\/novo\/wp-json\/wp\/v2\/pages"}],"about":[{"href":"https:\/\/oigs.hr\/novo\/wp-json\/wp\/v2\/types\/page"}],"author":[{"embeddable":true,"href":"https:\/\/oigs.hr\/novo\/wp-json\/wp\/v2\/users\/1"}],"replies":[{"embeddable":true,"href":"https:\/\/oigs.hr\/novo\/wp-json\/wp\/v2\/comments?post=494"}],"version-history":[{"count":8,"href":"https:\/\/oigs.hr\/novo\/wp-json\/wp\/v2\/pages\/494\/revisions"}],"predecessor-version":[{"id":1607,"href":"https:\/\/oigs.hr\/novo\/wp-json\/wp\/v2\/pages\/494\/revisions\/1607"}],"wp:attachment":[{"href":"https:\/\/oigs.hr\/novo\/wp-json\/wp\/v2\/media?parent=494"}],"curies":[{"name":"wp","href":"https:\/\/api.w.org\/{rel}","templated":true}]}}