{"id":490,"date":"2019-01-11T14:40:59","date_gmt":"2019-01-11T13:40:59","guid":{"rendered":"https:\/\/www.oigs.hr\/novo\/?page_id=490"},"modified":"2021-03-16T07:12:35","modified_gmt":"2021-03-16T06:12:35","slug":"podopolagac","status":"publish","type":"page","link":"https:\/\/oigs.hr\/novo\/podopolagac\/","title":{"rendered":"Podopolaga\u010d"},"content":{"rendered":"<p><span class=\"content\">Podopolaga\u010d izra\u0111uje sve vrste podova: podove od parketa, parketnih plo\u010da raznih formata, podove od sinteti\u010dkih materijala, od tekstila, obla\u017ee stubi\u0161ta, brusi i lakira postoje\u0107e drvene podove.<\/span><\/p>\n<p><img loading=\"lazy\" decoding=\"async\" class=\"alignnone size-medium wp-image-1484\" src=\"https:\/\/oigs.hr\/novo\/wp-content\/uploads\/2020\/06\/10-1-200x300.jpg\" alt=\"\" width=\"200\" height=\"300\" srcset=\"https:\/\/oigs.hr\/novo\/wp-content\/uploads\/2020\/06\/10-1-200x300.jpg 200w, https:\/\/oigs.hr\/novo\/wp-content\/uploads\/2020\/06\/10-1-683x1024.jpg 683w, https:\/\/oigs.hr\/novo\/wp-content\/uploads\/2020\/06\/10-1-768x1152.jpg 768w, https:\/\/oigs.hr\/novo\/wp-content\/uploads\/2020\/06\/10-1-1024x1536.jpg 1024w, https:\/\/oigs.hr\/novo\/wp-content\/uploads\/2020\/06\/10-1-1365x2048.jpg 1365w, https:\/\/oigs.hr\/novo\/wp-content\/uploads\/2020\/06\/10-1-scaled.jpg 1707w\" sizes=\"auto, (max-width: 200px) 100vw, 200px\" \/><img loading=\"lazy\" decoding=\"async\" class=\"alignnone size-medium wp-image-4198\" src=\"https:\/\/oigs.hr\/novo\/wp-content\/uploads\/2021\/03\/4-225x300.jpg\" alt=\"\" width=\"225\" height=\"300\" srcset=\"https:\/\/oigs.hr\/novo\/wp-content\/uploads\/2021\/03\/4-225x300.jpg 225w, https:\/\/oigs.hr\/novo\/wp-content\/uploads\/2021\/03\/4.jpg 720w\" sizes=\"auto, (max-width: 225px) 100vw, 225px\" \/><img loading=\"lazy\" decoding=\"async\" class=\"alignnone size-medium wp-image-4090\" src=\"https:\/\/oigs.hr\/novo\/wp-content\/uploads\/2021\/03\/158829630_2791123411110293_5567169348213433296_n-225x300.jpg\" alt=\"\" width=\"225\" height=\"300\" srcset=\"https:\/\/oigs.hr\/novo\/wp-content\/uploads\/2021\/03\/158829630_2791123411110293_5567169348213433296_n-225x300.jpg 225w, https:\/\/oigs.hr\/novo\/wp-content\/uploads\/2021\/03\/158829630_2791123411110293_5567169348213433296_n.jpg 720w\" sizes=\"auto, (max-width: 225px) 100vw, 225px\" \/><img loading=\"lazy\" decoding=\"async\" class=\"alignnone size-medium wp-image-4094\" src=\"https:\/\/oigs.hr\/novo\/wp-content\/uploads\/2021\/03\/IMG-20210309-WA0018-300x300.jpg\" alt=\"\" width=\"300\" height=\"300\" srcset=\"https:\/\/oigs.hr\/novo\/wp-content\/uploads\/2021\/03\/IMG-20210309-WA0018-300x300.jpg 300w, https:\/\/oigs.hr\/novo\/wp-content\/uploads\/2021\/03\/IMG-20210309-WA0018-1024x1024.jpg 1024w, https:\/\/oigs.hr\/novo\/wp-content\/uploads\/2021\/03\/IMG-20210309-WA0018-150x150.jpg 150w, https:\/\/oigs.hr\/novo\/wp-content\/uploads\/2021\/03\/IMG-20210309-WA0018-768x768.jpg 768w, https:\/\/oigs.hr\/novo\/wp-content\/uploads\/2021\/03\/IMG-20210309-WA0018-70x70.jpg 70w, https:\/\/oigs.hr\/novo\/wp-content\/uploads\/2021\/03\/IMG-20210309-WA0018-246x246.jpg 246w, https:\/\/oigs.hr\/novo\/wp-content\/uploads\/2021\/03\/IMG-20210309-WA0018-276x276.jpg 276w, https:\/\/oigs.hr\/novo\/wp-content\/uploads\/2021\/03\/IMG-20210309-WA0018-125x125.jpg 125w, https:\/\/oigs.hr\/novo\/wp-content\/uploads\/2021\/03\/IMG-20210309-WA0018.jpg 1440w\" sizes=\"auto, (max-width: 300px) 100vw, 300px\" \/><img loading=\"lazy\" decoding=\"async\" class=\"alignnone size-medium wp-image-4088\" src=\"https:\/\/oigs.hr\/novo\/wp-content\/uploads\/2021\/03\/158796411_2791123334443634_5702502050642775994_n-225x300.jpg\" alt=\"\" width=\"225\" height=\"300\" srcset=\"https:\/\/oigs.hr\/novo\/wp-content\/uploads\/2021\/03\/158796411_2791123334443634_5702502050642775994_n-225x300.jpg 225w, https:\/\/oigs.hr\/novo\/wp-content\/uploads\/2021\/03\/158796411_2791123334443634_5702502050642775994_n.jpg 720w\" sizes=\"auto, (max-width: 225px) 100vw, 225px\" \/><img loading=\"lazy\" decoding=\"async\" class=\"alignnone size-medium wp-image-4093\" src=\"https:\/\/oigs.hr\/novo\/wp-content\/uploads\/2021\/03\/159217738_2791123354443632_8615726008940097307_n-225x300.jpg\" alt=\"\" width=\"225\" height=\"300\" srcset=\"https:\/\/oigs.hr\/novo\/wp-content\/uploads\/2021\/03\/159217738_2791123354443632_8615726008940097307_n-225x300.jpg 225w, https:\/\/oigs.hr\/novo\/wp-content\/uploads\/2021\/03\/159217738_2791123354443632_8615726008940097307_n.jpg 720w\" sizes=\"auto, (max-width: 225px) 100vw, 225px\" \/><img loading=\"lazy\" decoding=\"async\" class=\"alignnone size-medium wp-image-4086\" src=\"https:\/\/oigs.hr\/novo\/wp-content\/uploads\/2021\/03\/158758982_2791123551110279_7152248103722354103_n-225x300.jpg\" alt=\"\" width=\"225\" height=\"300\" srcset=\"https:\/\/oigs.hr\/novo\/wp-content\/uploads\/2021\/03\/158758982_2791123551110279_7152248103722354103_n-225x300.jpg 225w, https:\/\/oigs.hr\/novo\/wp-content\/uploads\/2021\/03\/158758982_2791123551110279_7152248103722354103_n.jpg 720w\" sizes=\"auto, (max-width: 225px) 100vw, 225px\" \/><img loading=\"lazy\" decoding=\"async\" class=\"alignnone size-medium wp-image-4087\" src=\"https:\/\/oigs.hr\/novo\/wp-content\/uploads\/2021\/03\/158789795_2791123307776970_971336754828271987_n-225x300.jpg\" alt=\"\" width=\"225\" height=\"300\" srcset=\"https:\/\/oigs.hr\/novo\/wp-content\/uploads\/2021\/03\/158789795_2791123307776970_971336754828271987_n-225x300.jpg 225w, https:\/\/oigs.hr\/novo\/wp-content\/uploads\/2021\/03\/158789795_2791123307776970_971336754828271987_n.jpg 720w\" sizes=\"auto, (max-width: 225px) 100vw, 225px\" \/><\/p>\n","protected":false},"excerpt":{"rendered":"<p>Podopolaga\u010d izra\u0111uje sve vrste podova: podove od parketa, parketnih plo\u010da raznih formata, podove od sinteti\u010dkih materijala, od tekstila, obla\u017ee stubi\u0161ta, &hellip; <\/p>\n","protected":false},"author":1,"featured_media":0,"parent":0,"menu_order":0,"comment_status":"closed","ping_status":"closed","template":"","meta":{"footnotes":""},"class_list":["post-490","page","type-page","status-publish","hentry"],"yoast_head":"<!-- This site is optimized with the Yoast SEO plugin v27.5 - https:\/\/yoast.com\/product\/yoast-seo-wordpress\/ -->\n<title>Podopolaga\u010d - OIG\u0160<\/title>\n<meta name=\"description\" content=\"Podopolaga\u010d izra\u0111uje sve vrste podova: podove od parketa, parketnih plo\u010da raznih formata, podove od sinteti\u010dkih materijala, od tekstila, obla\u017ee stubi\u0161ta,\" \/>\n<meta name=\"robots\" content=\"index, follow, max-snippet:-1, max-image-preview:large, max-video-preview:-1\" \/>\n<link rel=\"canonical\" href=\"https:\/\/oigs.hr\/novo\/podopolagac\/\" \/>\n<meta property=\"og:locale\" content=\"hr_HR\" \/>\n<meta property=\"og:type\" content=\"article\" \/>\n<meta property=\"og:title\" content=\"Podopolaga\u010d - OIG\u0160\" \/>\n<meta property=\"og:description\" content=\"Podopolaga\u010d izra\u0111uje sve vrste podova: podove od parketa, parketnih plo\u010da raznih formata, podove od sinteti\u010dkih materijala, od tekstila, obla\u017ee stubi\u0161ta,\" \/>\n<meta property=\"og:url\" content=\"https:\/\/oigs.hr\/novo\/podopolagac\/\" \/>\n<meta property=\"og:site_name\" content=\"OIG\u0160\" \/>\n<meta property=\"article:publisher\" content=\"https:\/\/www.facebook.com\/oigs.srednjaskola\/\" \/>\n<meta property=\"article:modified_time\" content=\"2021-03-16T06:12:35+00:00\" \/>\n<meta property=\"og:image\" content=\"https:\/\/oigs.hr\/novo\/wp-content\/uploads\/2020\/06\/10-1-200x300.jpg\" \/>\n<meta name=\"twitter:card\" content=\"summary_large_image\" \/>\n<meta name=\"twitter:label1\" content=\"Procijenjeno vrijeme \u010ditanja\" \/>\n\t<meta name=\"twitter:data1\" content=\"2 minute\" \/>\n<script type=\"application\/ld+json\" class=\"yoast-schema-graph\">{\"@context\":\"https:\\\/\\\/schema.org\",\"@graph\":[{\"@type\":\"WebPage\",\"@id\":\"https:\\\/\\\/oigs.hr\\\/novo\\\/podopolagac\\\/\",\"url\":\"https:\\\/\\\/oigs.hr\\\/novo\\\/podopolagac\\\/\",\"name\":\"Podopolaga\u010d - OIG\u0160\",\"isPartOf\":{\"@id\":\"https:\\\/\\\/oigs.hr\\\/novo\\\/#website\"},\"primaryImageOfPage\":{\"@id\":\"https:\\\/\\\/oigs.hr\\\/novo\\\/podopolagac\\\/#primaryimage\"},\"image\":{\"@id\":\"https:\\\/\\\/oigs.hr\\\/novo\\\/podopolagac\\\/#primaryimage\"},\"thumbnailUrl\":\"https:\\\/\\\/oigs.hr\\\/novo\\\/wp-content\\\/uploads\\\/2020\\\/06\\\/10-1-200x300.jpg\",\"datePublished\":\"2019-01-11T13:40:59+00:00\",\"dateModified\":\"2021-03-16T06:12:35+00:00\",\"description\":\"Podopolaga\u010d izra\u0111uje sve vrste podova: podove od parketa, parketnih plo\u010da raznih formata, podove od sinteti\u010dkih materijala, od tekstila, obla\u017ee stubi\u0161ta,\",\"breadcrumb\":{\"@id\":\"https:\\\/\\\/oigs.hr\\\/novo\\\/podopolagac\\\/#breadcrumb\"},\"inLanguage\":\"hr\",\"potentialAction\":[{\"@type\":\"ReadAction\",\"target\":[\"https:\\\/\\\/oigs.hr\\\/novo\\\/podopolagac\\\/\"]}]},{\"@type\":\"ImageObject\",\"inLanguage\":\"hr\",\"@id\":\"https:\\\/\\\/oigs.hr\\\/novo\\\/podopolagac\\\/#primaryimage\",\"url\":\"https:\\\/\\\/oigs.hr\\\/novo\\\/wp-content\\\/uploads\\\/2020\\\/06\\\/10-1-200x300.jpg\",\"contentUrl\":\"https:\\\/\\\/oigs.hr\\\/novo\\\/wp-content\\\/uploads\\\/2020\\\/06\\\/10-1-200x300.jpg\"},{\"@type\":\"BreadcrumbList\",\"@id\":\"https:\\\/\\\/oigs.hr\\\/novo\\\/podopolagac\\\/#breadcrumb\",\"itemListElement\":[{\"@type\":\"ListItem\",\"position\":1,\"name\":\"Po\u010detna stranica\",\"item\":\"https:\\\/\\\/oigs.hr\\\/novo\\\/\"},{\"@type\":\"ListItem\",\"position\":2,\"name\":\"Podopolaga\u010d\"}]},{\"@type\":\"WebSite\",\"@id\":\"https:\\\/\\\/oigs.hr\\\/novo\\\/#website\",\"url\":\"https:\\\/\\\/oigs.hr\\\/novo\\\/\",\"name\":\"OIG\u0160\",\"description\":\"Obrtni\u010dka i industrijska graditeljska \u0161kola\",\"publisher\":{\"@id\":\"https:\\\/\\\/oigs.hr\\\/novo\\\/#organization\"},\"potentialAction\":[{\"@type\":\"SearchAction\",\"target\":{\"@type\":\"EntryPoint\",\"urlTemplate\":\"https:\\\/\\\/oigs.hr\\\/novo\\\/?s={search_term_string}\"},\"query-input\":{\"@type\":\"PropertyValueSpecification\",\"valueRequired\":true,\"valueName\":\"search_term_string\"}}],\"inLanguage\":\"hr\"},{\"@type\":\"Organization\",\"@id\":\"https:\\\/\\\/oigs.hr\\\/novo\\\/#organization\",\"name\":\"OIG\u0160\",\"url\":\"https:\\\/\\\/oigs.hr\\\/novo\\\/\",\"logo\":{\"@type\":\"ImageObject\",\"inLanguage\":\"hr\",\"@id\":\"https:\\\/\\\/oigs.hr\\\/novo\\\/#\\\/schema\\\/logo\\\/image\\\/\",\"url\":\"https:\\\/\\\/oigs.hr\\\/novo\\\/wp-content\\\/uploads\\\/2020\\\/06\\\/logo-1-e1592001907410.png\",\"contentUrl\":\"https:\\\/\\\/oigs.hr\\\/novo\\\/wp-content\\\/uploads\\\/2020\\\/06\\\/logo-1-e1592001907410.png\",\"width\":195,\"height\":181,\"caption\":\"OIG\u0160\"},\"image\":{\"@id\":\"https:\\\/\\\/oigs.hr\\\/novo\\\/#\\\/schema\\\/logo\\\/image\\\/\"},\"sameAs\":[\"https:\\\/\\\/www.facebook.com\\\/oigs.srednjaskola\\\/\"]}]}<\/script>\n<!-- \/ Yoast SEO plugin. -->","yoast_head_json":{"title":"Podopolaga\u010d - OIG\u0160","description":"Podopolaga\u010d izra\u0111uje sve vrste podova: podove od parketa, parketnih plo\u010da raznih formata, podove od sinteti\u010dkih materijala, od tekstila, obla\u017ee stubi\u0161ta,","robots":{"index":"index","follow":"follow","max-snippet":"max-snippet:-1","max-image-preview":"max-image-preview:large","max-video-preview":"max-video-preview:-1"},"canonical":"https:\/\/oigs.hr\/novo\/podopolagac\/","og_locale":"hr_HR","og_type":"article","og_title":"Podopolaga\u010d - OIG\u0160","og_description":"Podopolaga\u010d izra\u0111uje sve vrste podova: podove od parketa, parketnih plo\u010da raznih formata, podove od sinteti\u010dkih materijala, od tekstila, obla\u017ee stubi\u0161ta,","og_url":"https:\/\/oigs.hr\/novo\/podopolagac\/","og_site_name":"OIG\u0160","article_publisher":"https:\/\/www.facebook.com\/oigs.srednjaskola\/","article_modified_time":"2021-03-16T06:12:35+00:00","og_image":[{"url":"https:\/\/oigs.hr\/novo\/wp-content\/uploads\/2020\/06\/10-1-200x300.jpg","type":"","width":"","height":""}],"twitter_card":"summary_large_image","twitter_misc":{"Procijenjeno vrijeme \u010ditanja":"2 minute"},"schema":{"@context":"https:\/\/schema.org","@graph":[{"@type":"WebPage","@id":"https:\/\/oigs.hr\/novo\/podopolagac\/","url":"https:\/\/oigs.hr\/novo\/podopolagac\/","name":"Podopolaga\u010d - OIG\u0160","isPartOf":{"@id":"https:\/\/oigs.hr\/novo\/#website"},"primaryImageOfPage":{"@id":"https:\/\/oigs.hr\/novo\/podopolagac\/#primaryimage"},"image":{"@id":"https:\/\/oigs.hr\/novo\/podopolagac\/#primaryimage"},"thumbnailUrl":"https:\/\/oigs.hr\/novo\/wp-content\/uploads\/2020\/06\/10-1-200x300.jpg","datePublished":"2019-01-11T13:40:59+00:00","dateModified":"2021-03-16T06:12:35+00:00","description":"Podopolaga\u010d izra\u0111uje sve vrste podova: podove od parketa, parketnih plo\u010da raznih formata, podove od sinteti\u010dkih materijala, od tekstila, obla\u017ee stubi\u0161ta,","breadcrumb":{"@id":"https:\/\/oigs.hr\/novo\/podopolagac\/#breadcrumb"},"inLanguage":"hr","potentialAction":[{"@type":"ReadAction","target":["https:\/\/oigs.hr\/novo\/podopolagac\/"]}]},{"@type":"ImageObject","inLanguage":"hr","@id":"https:\/\/oigs.hr\/novo\/podopolagac\/#primaryimage","url":"https:\/\/oigs.hr\/novo\/wp-content\/uploads\/2020\/06\/10-1-200x300.jpg","contentUrl":"https:\/\/oigs.hr\/novo\/wp-content\/uploads\/2020\/06\/10-1-200x300.jpg"},{"@type":"BreadcrumbList","@id":"https:\/\/oigs.hr\/novo\/podopolagac\/#breadcrumb","itemListElement":[{"@type":"ListItem","position":1,"name":"Po\u010detna stranica","item":"https:\/\/oigs.hr\/novo\/"},{"@type":"ListItem","position":2,"name":"Podopolaga\u010d"}]},{"@type":"WebSite","@id":"https:\/\/oigs.hr\/novo\/#website","url":"https:\/\/oigs.hr\/novo\/","name":"OIG\u0160","description":"Obrtni\u010dka i industrijska graditeljska \u0161kola","publisher":{"@id":"https:\/\/oigs.hr\/novo\/#organization"},"potentialAction":[{"@type":"SearchAction","target":{"@type":"EntryPoint","urlTemplate":"https:\/\/oigs.hr\/novo\/?s={search_term_string}"},"query-input":{"@type":"PropertyValueSpecification","valueRequired":true,"valueName":"search_term_string"}}],"inLanguage":"hr"},{"@type":"Organization","@id":"https:\/\/oigs.hr\/novo\/#organization","name":"OIG\u0160","url":"https:\/\/oigs.hr\/novo\/","logo":{"@type":"ImageObject","inLanguage":"hr","@id":"https:\/\/oigs.hr\/novo\/#\/schema\/logo\/image\/","url":"https:\/\/oigs.hr\/novo\/wp-content\/uploads\/2020\/06\/logo-1-e1592001907410.png","contentUrl":"https:\/\/oigs.hr\/novo\/wp-content\/uploads\/2020\/06\/logo-1-e1592001907410.png","width":195,"height":181,"caption":"OIG\u0160"},"image":{"@id":"https:\/\/oigs.hr\/novo\/#\/schema\/logo\/image\/"},"sameAs":["https:\/\/www.facebook.com\/oigs.srednjaskola\/"]}]}},"_links":{"self":[{"href":"https:\/\/oigs.hr\/novo\/wp-json\/wp\/v2\/pages\/490","targetHints":{"allow":["GET"]}}],"collection":[{"href":"https:\/\/oigs.hr\/novo\/wp-json\/wp\/v2\/pages"}],"about":[{"href":"https:\/\/oigs.hr\/novo\/wp-json\/wp\/v2\/types\/page"}],"author":[{"embeddable":true,"href":"https:\/\/oigs.hr\/novo\/wp-json\/wp\/v2\/users\/1"}],"replies":[{"embeddable":true,"href":"https:\/\/oigs.hr\/novo\/wp-json\/wp\/v2\/comments?post=490"}],"version-history":[{"count":5,"href":"https:\/\/oigs.hr\/novo\/wp-json\/wp\/v2\/pages\/490\/revisions"}],"predecessor-version":[{"id":4199,"href":"https:\/\/oigs.hr\/novo\/wp-json\/wp\/v2\/pages\/490\/revisions\/4199"}],"wp:attachment":[{"href":"https:\/\/oigs.hr\/novo\/wp-json\/wp\/v2\/media?parent=490"}],"curies":[{"name":"wp","href":"https:\/\/api.w.org\/{rel}","templated":true}]}}