{"id":488,"date":"2019-01-11T14:40:26","date_gmt":"2019-01-11T13:40:26","guid":{"rendered":"https:\/\/www.oigs.hr\/novo\/?page_id=488"},"modified":"2025-06-24T14:16:28","modified_gmt":"2025-06-24T12:16:28","slug":"monter-suhe-gradnje","status":"publish","type":"page","link":"https:\/\/oigs.hr\/novo\/monter-suhe-gradnje\/","title":{"rendered":"Monter suhe gradnje"},"content":{"rendered":"<pre data-start=\"323\" data-end=\"370\"><strong data-start=\"327\" data-end=\"368\">Gra\u0111evinski radnik u odr\u017eivoj gradnji<\/strong>\r\n\r\n<em data-start=\"371\" data-end=\"415\">(modularni program obrazovanja \u2013 3 godine)<\/em><\/pre>\n<h3 data-start=\"323\" data-end=\"370\"><a href=\"https:\/\/oigs.hr\/novo\/zanimanja\/\"><strong data-start=\"327\" data-end=\"368\"><img loading=\"lazy\" decoding=\"async\" class=\"alignnone wp-image-9456\" src=\"https:\/\/oigs.hr\/novo\/wp-content\/uploads\/2025\/06\/Meeting-Agenda-Mind-Map-Brainstorm-Whiteboard-in-Pink-Red-Modern-Professional-Style-8-300x169.png\" alt=\"\" width=\"951\" height=\"536\" srcset=\"https:\/\/oigs.hr\/novo\/wp-content\/uploads\/2025\/06\/Meeting-Agenda-Mind-Map-Brainstorm-Whiteboard-in-Pink-Red-Modern-Professional-Style-8-300x169.png 300w, https:\/\/oigs.hr\/novo\/wp-content\/uploads\/2025\/06\/Meeting-Agenda-Mind-Map-Brainstorm-Whiteboard-in-Pink-Red-Modern-Professional-Style-8-1024x576.png 1024w, https:\/\/oigs.hr\/novo\/wp-content\/uploads\/2025\/06\/Meeting-Agenda-Mind-Map-Brainstorm-Whiteboard-in-Pink-Red-Modern-Professional-Style-8-768x432.png 768w, https:\/\/oigs.hr\/novo\/wp-content\/uploads\/2025\/06\/Meeting-Agenda-Mind-Map-Brainstorm-Whiteboard-in-Pink-Red-Modern-Professional-Style-8-1536x864.png 1536w, https:\/\/oigs.hr\/novo\/wp-content\/uploads\/2025\/06\/Meeting-Agenda-Mind-Map-Brainstorm-Whiteboard-in-Pink-Red-Modern-Professional-Style-8.png 1920w\" sizes=\"auto, (max-width: 951px) 100vw, 951px\" \/><\/strong><\/a><\/h3>\n<h3 data-start=\"323\" data-end=\"370\">Novi program <strong data-start=\"430\" data-end=\"471\">Gra\u0111evinski radnik u odr\u017eivoj gradnji<\/strong> osmi\u0161ljen je kao odgovor na potrebe suvremenog graditeljstva koje zahtijeva <strong data-start=\"548\" data-end=\"609\">brza, \u010dista, ekolo\u0161ki prihvatljiva i fleksibilna rje\u0161enja<\/strong> u ure\u0111enju prostora. Objedinjuje znanja i vje\u0161tine <strong data-start=\"661\" data-end=\"685\">montera suhe gradnje<\/strong>, ali s dodatnim modulima usmjerenima na <strong data-start=\"726\" data-end=\"782\">energetsku u\u010dinkovitost, izolaciju i za\u0161titu okoli\u0161a<\/strong>.<\/h3>\n<p data-start=\"785\" data-end=\"802\">U\u010denici u\u010de kako:<\/p>\n<ul data-start=\"803\" data-end=\"1401\">\n<li data-start=\"803\" data-end=\"966\">\n<p data-start=\"805\" data-end=\"966\">izra\u0111ivati pregradne zidove, spu\u0161tene stropove i povi\u0161ene podove kori\u0161tenjem sustava suhe gradnje (gipskartonske plo\u010de, metalni profili, izolacijski materijali),<\/p>\n<\/li>\n<li data-start=\"967\" data-end=\"1099\">\n<p data-start=\"969\" data-end=\"1099\">oblikovati prostor u skladu s estetskim, funkcionalnim i za\u0161titnim zahtjevima (toplinska, zvu\u010dna, protupo\u017earna i vlaga izolacija),<\/p>\n<\/li>\n<li data-start=\"1100\" data-end=\"1180\">\n<p data-start=\"1102\" data-end=\"1180\">raditi s ekolo\u0161ki prihvatljivim materijalima te reciklirati gra\u0111evinski otpad,<\/p>\n<\/li>\n<li data-start=\"1181\" data-end=\"1245\">\n<p data-start=\"1183\" data-end=\"1245\">koristiti moderne alate i strojeve za preciznu i brzu monta\u017eu,<\/p>\n<\/li>\n<li data-start=\"1246\" data-end=\"1310\">\n<p data-start=\"1248\" data-end=\"1310\">razumjeti principe odr\u017eive gradnje i energetske u\u010dinkovitosti,<\/p>\n<\/li>\n<li data-start=\"1311\" data-end=\"1401\">\n<p data-start=\"1313\" data-end=\"1401\">izra\u0111ivati zaobljene zidove, svodove, ni\u0161e i ostale dekorativne i funkcionalne elemente.<\/p>\n<\/li>\n<\/ul>\n<p data-start=\"1403\" data-end=\"1645\">Program traje <strong data-start=\"1417\" data-end=\"1431\">tri godine<\/strong>, a zavr\u0161ava <strong data-start=\"1444\" data-end=\"1464\">zavr\u0161nim ispitom<\/strong>. Nakon toga u\u010denici stje\u010du kvalifikaciju <strong data-start=\"1506\" data-end=\"1549\">gra\u0111evinskog radnika u odr\u017eivoj gradnji<\/strong>, spremnu za tr\u017ei\u0161te rada, ali i kompatibilnu s potrebama za rad u \u201czelenom graditeljstvu\u201d u EU.<\/p>\n<p data-start=\"1647\" data-end=\"1774\">Zanimanje montera suhe gradnje bilo je predstavljeno i u \u0161kolskom<span style=\"color: #000000;\">\u00a0 <\/span><a href=\"https:\/\/oigs.hr\/novo\/wp-content\/uploads\/2020\/06\/Kalendar_2020..pdf\"><span style=\"color: #000000;\">Kalendar_2020<\/span>.<\/a>\u2013 <strong data-start=\"1728\" data-end=\"1745\">velja\u010da 2020.<\/strong> bila je mjesec suhe gradnje!<\/p>\n<p data-start=\"1776\" data-end=\"1928\">Ovo zanimanje idealno je za u\u010denike koji \u017eele kombinirati <strong data-start=\"1834\" data-end=\"1881\">ru\u010dnu vje\u0161tinu, estetiku i ekolo\u0161ku svijest<\/strong>, te sudjelovati u gradnji prostora budu\u0107nosti.<\/p>\n<p><iframe loading=\"lazy\" title=\"Monter suhe gradnje\" width=\"750\" height=\"422\" src=\"https:\/\/www.youtube.com\/embed\/-9FW8rLMra4?feature=oembed\" frameborder=\"0\" allow=\"accelerometer; autoplay; clipboard-write; encrypted-media; gyroscope; picture-in-picture; web-share\" referrerpolicy=\"strict-origin-when-cross-origin\" allowfullscreen><\/iframe><\/p>\n<p><iframe loading=\"lazy\" title=\"Monter suhe gradnje\" width=\"750\" height=\"422\" src=\"https:\/\/www.youtube.com\/embed\/NNiH_PRrFdc?feature=oembed\" frameborder=\"0\" allow=\"accelerometer; autoplay; clipboard-write; encrypted-media; gyroscope; picture-in-picture; web-share\" referrerpolicy=\"strict-origin-when-cross-origin\" allowfullscreen><\/iframe><\/p>\n<p><iframe loading=\"lazy\" title=\"WorldSkills 2022, monteri suhe gradnje\" width=\"750\" height=\"422\" src=\"https:\/\/www.youtube.com\/embed\/Rn_QPxCnuDo?feature=oembed\" frameborder=\"0\" allow=\"accelerometer; autoplay; clipboard-write; encrypted-media; gyroscope; picture-in-picture; web-share\" referrerpolicy=\"strict-origin-when-cross-origin\" allowfullscreen><\/iframe><\/p>\n<p><iframe loading=\"lazy\" title=\"Monter suhe gradnje, natjecanje za WorldSkills\" width=\"750\" height=\"422\" src=\"https:\/\/www.youtube.com\/embed\/D1CJQp9_1Xs?feature=oembed\" frameborder=\"0\" allow=\"accelerometer; autoplay; clipboard-write; encrypted-media; gyroscope; picture-in-picture; web-share\" referrerpolicy=\"strict-origin-when-cross-origin\" allowfullscreen><\/iframe><\/p>\n<p>&nbsp;<\/p>\n<p><img loading=\"lazy\" decoding=\"async\" class=\"alignnone size-medium wp-image-1476\" src=\"https:\/\/oigs.hr\/novo\/wp-content\/uploads\/2020\/06\/2-1-225x300.jpg\" alt=\"\" width=\"225\" height=\"300\" srcset=\"https:\/\/oigs.hr\/novo\/wp-content\/uploads\/2020\/06\/2-1-225x300.jpg 225w, https:\/\/oigs.hr\/novo\/wp-content\/uploads\/2020\/06\/2-1-768x1024.jpg 768w, https:\/\/oigs.hr\/novo\/wp-content\/uploads\/2020\/06\/2-1.jpg 1080w\" sizes=\"auto, (max-width: 225px) 100vw, 225px\" \/> \u00a0<img loading=\"lazy\" decoding=\"async\" class=\"alignnone wp-image-1486\" src=\"https:\/\/oigs.hr\/novo\/wp-content\/uploads\/2020\/06\/12-300x197.jpg\" alt=\"\" width=\"454\" height=\"298\" srcset=\"https:\/\/oigs.hr\/novo\/wp-content\/uploads\/2020\/06\/12-300x197.jpg 300w, https:\/\/oigs.hr\/novo\/wp-content\/uploads\/2020\/06\/12-1024x673.jpg 1024w, https:\/\/oigs.hr\/novo\/wp-content\/uploads\/2020\/06\/12-768x505.jpg 768w, https:\/\/oigs.hr\/novo\/wp-content\/uploads\/2020\/06\/12-1536x1009.jpg 1536w, https:\/\/oigs.hr\/novo\/wp-content\/uploads\/2020\/06\/12-2048x1345.jpg 2048w\" sizes=\"auto, (max-width: 454px) 100vw, 454px\" \/> <img loading=\"lazy\" decoding=\"async\" class=\"alignnone wp-image-1599\" src=\"https:\/\/oigs.hr\/novo\/wp-content\/uploads\/2020\/06\/18156372_1879000072322636_8919580153928562367_o-300x200.jpg\" alt=\"\" width=\"443\" height=\"295\" srcset=\"https:\/\/oigs.hr\/novo\/wp-content\/uploads\/2020\/06\/18156372_1879000072322636_8919580153928562367_o-300x200.jpg 300w, https:\/\/oigs.hr\/novo\/wp-content\/uploads\/2020\/06\/18156372_1879000072322636_8919580153928562367_o-1024x683.jpg 1024w, https:\/\/oigs.hr\/novo\/wp-content\/uploads\/2020\/06\/18156372_1879000072322636_8919580153928562367_o-768x512.jpg 768w, https:\/\/oigs.hr\/novo\/wp-content\/uploads\/2020\/06\/18156372_1879000072322636_8919580153928562367_o.jpg 1368w\" sizes=\"auto, (max-width: 443px) 100vw, 443px\" \/><\/p>\n<p><iframe loading=\"lazy\" title=\"WorldSkills 2019., dr\u017eavno natjecanje u\u010denika strukovnih \u0161kola\" width=\"750\" height=\"422\" src=\"https:\/\/www.youtube.com\/embed\/XM6VQVOQuSs?feature=oembed\" frameborder=\"0\" allow=\"accelerometer; autoplay; clipboard-write; encrypted-media; gyroscope; picture-in-picture; web-share\" referrerpolicy=\"strict-origin-when-cross-origin\" allowfullscreen><\/iframe><\/p>\n","protected":false},"excerpt":{"rendered":"<p>Gra\u0111evinski radnik u odr\u017eivoj gradnji (modularni program obrazovanja \u2013 3 godine) Novi program Gra\u0111evinski radnik u odr\u017eivoj gradnji osmi\u0161ljen je &hellip; <\/p>\n","protected":false},"author":1,"featured_media":0,"parent":0,"menu_order":0,"comment_status":"closed","ping_status":"closed","template":"","meta":{"footnotes":""},"class_list":["post-488","page","type-page","status-publish","hentry"],"yoast_head":"<!-- This site is optimized with the Yoast SEO plugin v27.5 - https:\/\/yoast.com\/product\/yoast-seo-wordpress\/ -->\n<title>Monter suhe gradnje - OIG\u0160<\/title>\n<meta name=\"description\" content=\"Gra\u0111evinski radnik u odr\u017eivoj gradnji (modularni program obrazovanja \u2013 3 godine) Novi program Gra\u0111evinski radnik u odr\u017eivoj gradnji osmi\u0161ljen je kao\" \/>\n<meta name=\"robots\" content=\"index, follow, max-snippet:-1, max-image-preview:large, max-video-preview:-1\" \/>\n<link rel=\"canonical\" href=\"https:\/\/oigs.hr\/novo\/monter-suhe-gradnje\/\" \/>\n<meta property=\"og:locale\" content=\"hr_HR\" \/>\n<meta property=\"og:type\" content=\"article\" \/>\n<meta property=\"og:title\" content=\"Monter suhe gradnje - OIG\u0160\" \/>\n<meta property=\"og:description\" content=\"Gra\u0111evinski radnik u odr\u017eivoj gradnji (modularni program obrazovanja \u2013 3 godine) Novi program Gra\u0111evinski radnik u odr\u017eivoj gradnji osmi\u0161ljen je kao\" \/>\n<meta property=\"og:url\" content=\"https:\/\/oigs.hr\/novo\/monter-suhe-gradnje\/\" \/>\n<meta property=\"og:site_name\" content=\"OIG\u0160\" \/>\n<meta property=\"article:publisher\" content=\"https:\/\/www.facebook.com\/oigs.srednjaskola\/\" \/>\n<meta property=\"article:modified_time\" content=\"2025-06-24T12:16:28+00:00\" \/>\n<meta property=\"og:image\" content=\"https:\/\/oigs.hr\/novo\/wp-content\/uploads\/2025\/06\/Meeting-Agenda-Mind-Map-Brainstorm-Whiteboard-in-Pink-Red-Modern-Professional-Style-8.png\" \/>\n\t<meta property=\"og:image:width\" content=\"1920\" \/>\n\t<meta property=\"og:image:height\" content=\"1080\" \/>\n\t<meta property=\"og:image:type\" content=\"image\/png\" \/>\n<meta name=\"twitter:card\" content=\"summary_large_image\" \/>\n<meta name=\"twitter:label1\" content=\"Procijenjeno vrijeme \u010ditanja\" \/>\n\t<meta name=\"twitter:data1\" content=\"2 minute\" \/>\n<script type=\"application\/ld+json\" class=\"yoast-schema-graph\">{\"@context\":\"https:\\\/\\\/schema.org\",\"@graph\":[{\"@type\":\"WebPage\",\"@id\":\"https:\\\/\\\/oigs.hr\\\/novo\\\/monter-suhe-gradnje\\\/\",\"url\":\"https:\\\/\\\/oigs.hr\\\/novo\\\/monter-suhe-gradnje\\\/\",\"name\":\"Monter suhe gradnje - OIG\u0160\",\"isPartOf\":{\"@id\":\"https:\\\/\\\/oigs.hr\\\/novo\\\/#website\"},\"primaryImageOfPage\":{\"@id\":\"https:\\\/\\\/oigs.hr\\\/novo\\\/monter-suhe-gradnje\\\/#primaryimage\"},\"image\":{\"@id\":\"https:\\\/\\\/oigs.hr\\\/novo\\\/monter-suhe-gradnje\\\/#primaryimage\"},\"thumbnailUrl\":\"https:\\\/\\\/oigs.hr\\\/novo\\\/wp-content\\\/uploads\\\/2025\\\/06\\\/Meeting-Agenda-Mind-Map-Brainstorm-Whiteboard-in-Pink-Red-Modern-Professional-Style-8-300x169.png\",\"datePublished\":\"2019-01-11T13:40:26+00:00\",\"dateModified\":\"2025-06-24T12:16:28+00:00\",\"description\":\"Gra\u0111evinski radnik u odr\u017eivoj gradnji (modularni program obrazovanja \u2013 3 godine) Novi program Gra\u0111evinski radnik u odr\u017eivoj gradnji osmi\u0161ljen je kao\",\"breadcrumb\":{\"@id\":\"https:\\\/\\\/oigs.hr\\\/novo\\\/monter-suhe-gradnje\\\/#breadcrumb\"},\"inLanguage\":\"hr\",\"potentialAction\":[{\"@type\":\"ReadAction\",\"target\":[\"https:\\\/\\\/oigs.hr\\\/novo\\\/monter-suhe-gradnje\\\/\"]}]},{\"@type\":\"ImageObject\",\"inLanguage\":\"hr\",\"@id\":\"https:\\\/\\\/oigs.hr\\\/novo\\\/monter-suhe-gradnje\\\/#primaryimage\",\"url\":\"https:\\\/\\\/oigs.hr\\\/novo\\\/wp-content\\\/uploads\\\/2025\\\/06\\\/Meeting-Agenda-Mind-Map-Brainstorm-Whiteboard-in-Pink-Red-Modern-Professional-Style-8.png\",\"contentUrl\":\"https:\\\/\\\/oigs.hr\\\/novo\\\/wp-content\\\/uploads\\\/2025\\\/06\\\/Meeting-Agenda-Mind-Map-Brainstorm-Whiteboard-in-Pink-Red-Modern-Professional-Style-8.png\",\"width\":1920,\"height\":1080},{\"@type\":\"BreadcrumbList\",\"@id\":\"https:\\\/\\\/oigs.hr\\\/novo\\\/monter-suhe-gradnje\\\/#breadcrumb\",\"itemListElement\":[{\"@type\":\"ListItem\",\"position\":1,\"name\":\"Po\u010detna stranica\",\"item\":\"https:\\\/\\\/oigs.hr\\\/novo\\\/\"},{\"@type\":\"ListItem\",\"position\":2,\"name\":\"Monter suhe gradnje\"}]},{\"@type\":\"WebSite\",\"@id\":\"https:\\\/\\\/oigs.hr\\\/novo\\\/#website\",\"url\":\"https:\\\/\\\/oigs.hr\\\/novo\\\/\",\"name\":\"OIG\u0160\",\"description\":\"Obrtni\u010dka i industrijska graditeljska \u0161kola\",\"publisher\":{\"@id\":\"https:\\\/\\\/oigs.hr\\\/novo\\\/#organization\"},\"potentialAction\":[{\"@type\":\"SearchAction\",\"target\":{\"@type\":\"EntryPoint\",\"urlTemplate\":\"https:\\\/\\\/oigs.hr\\\/novo\\\/?s={search_term_string}\"},\"query-input\":{\"@type\":\"PropertyValueSpecification\",\"valueRequired\":true,\"valueName\":\"search_term_string\"}}],\"inLanguage\":\"hr\"},{\"@type\":\"Organization\",\"@id\":\"https:\\\/\\\/oigs.hr\\\/novo\\\/#organization\",\"name\":\"OIG\u0160\",\"url\":\"https:\\\/\\\/oigs.hr\\\/novo\\\/\",\"logo\":{\"@type\":\"ImageObject\",\"inLanguage\":\"hr\",\"@id\":\"https:\\\/\\\/oigs.hr\\\/novo\\\/#\\\/schema\\\/logo\\\/image\\\/\",\"url\":\"https:\\\/\\\/oigs.hr\\\/novo\\\/wp-content\\\/uploads\\\/2020\\\/06\\\/logo-1-e1592001907410.png\",\"contentUrl\":\"https:\\\/\\\/oigs.hr\\\/novo\\\/wp-content\\\/uploads\\\/2020\\\/06\\\/logo-1-e1592001907410.png\",\"width\":195,\"height\":181,\"caption\":\"OIG\u0160\"},\"image\":{\"@id\":\"https:\\\/\\\/oigs.hr\\\/novo\\\/#\\\/schema\\\/logo\\\/image\\\/\"},\"sameAs\":[\"https:\\\/\\\/www.facebook.com\\\/oigs.srednjaskola\\\/\"]}]}<\/script>\n<!-- \/ Yoast SEO plugin. -->","yoast_head_json":{"title":"Monter suhe gradnje - OIG\u0160","description":"Gra\u0111evinski radnik u odr\u017eivoj gradnji (modularni program obrazovanja \u2013 3 godine) Novi program Gra\u0111evinski radnik u odr\u017eivoj gradnji osmi\u0161ljen je kao","robots":{"index":"index","follow":"follow","max-snippet":"max-snippet:-1","max-image-preview":"max-image-preview:large","max-video-preview":"max-video-preview:-1"},"canonical":"https:\/\/oigs.hr\/novo\/monter-suhe-gradnje\/","og_locale":"hr_HR","og_type":"article","og_title":"Monter suhe gradnje - OIG\u0160","og_description":"Gra\u0111evinski radnik u odr\u017eivoj gradnji (modularni program obrazovanja \u2013 3 godine) Novi program Gra\u0111evinski radnik u odr\u017eivoj gradnji osmi\u0161ljen je kao","og_url":"https:\/\/oigs.hr\/novo\/monter-suhe-gradnje\/","og_site_name":"OIG\u0160","article_publisher":"https:\/\/www.facebook.com\/oigs.srednjaskola\/","article_modified_time":"2025-06-24T12:16:28+00:00","og_image":[{"width":1920,"height":1080,"url":"https:\/\/oigs.hr\/novo\/wp-content\/uploads\/2025\/06\/Meeting-Agenda-Mind-Map-Brainstorm-Whiteboard-in-Pink-Red-Modern-Professional-Style-8.png","type":"image\/png"}],"twitter_card":"summary_large_image","twitter_misc":{"Procijenjeno vrijeme \u010ditanja":"2 minute"},"schema":{"@context":"https:\/\/schema.org","@graph":[{"@type":"WebPage","@id":"https:\/\/oigs.hr\/novo\/monter-suhe-gradnje\/","url":"https:\/\/oigs.hr\/novo\/monter-suhe-gradnje\/","name":"Monter suhe gradnje - OIG\u0160","isPartOf":{"@id":"https:\/\/oigs.hr\/novo\/#website"},"primaryImageOfPage":{"@id":"https:\/\/oigs.hr\/novo\/monter-suhe-gradnje\/#primaryimage"},"image":{"@id":"https:\/\/oigs.hr\/novo\/monter-suhe-gradnje\/#primaryimage"},"thumbnailUrl":"https:\/\/oigs.hr\/novo\/wp-content\/uploads\/2025\/06\/Meeting-Agenda-Mind-Map-Brainstorm-Whiteboard-in-Pink-Red-Modern-Professional-Style-8-300x169.png","datePublished":"2019-01-11T13:40:26+00:00","dateModified":"2025-06-24T12:16:28+00:00","description":"Gra\u0111evinski radnik u odr\u017eivoj gradnji (modularni program obrazovanja \u2013 3 godine) Novi program Gra\u0111evinski radnik u odr\u017eivoj gradnji osmi\u0161ljen je kao","breadcrumb":{"@id":"https:\/\/oigs.hr\/novo\/monter-suhe-gradnje\/#breadcrumb"},"inLanguage":"hr","potentialAction":[{"@type":"ReadAction","target":["https:\/\/oigs.hr\/novo\/monter-suhe-gradnje\/"]}]},{"@type":"ImageObject","inLanguage":"hr","@id":"https:\/\/oigs.hr\/novo\/monter-suhe-gradnje\/#primaryimage","url":"https:\/\/oigs.hr\/novo\/wp-content\/uploads\/2025\/06\/Meeting-Agenda-Mind-Map-Brainstorm-Whiteboard-in-Pink-Red-Modern-Professional-Style-8.png","contentUrl":"https:\/\/oigs.hr\/novo\/wp-content\/uploads\/2025\/06\/Meeting-Agenda-Mind-Map-Brainstorm-Whiteboard-in-Pink-Red-Modern-Professional-Style-8.png","width":1920,"height":1080},{"@type":"BreadcrumbList","@id":"https:\/\/oigs.hr\/novo\/monter-suhe-gradnje\/#breadcrumb","itemListElement":[{"@type":"ListItem","position":1,"name":"Po\u010detna stranica","item":"https:\/\/oigs.hr\/novo\/"},{"@type":"ListItem","position":2,"name":"Monter suhe gradnje"}]},{"@type":"WebSite","@id":"https:\/\/oigs.hr\/novo\/#website","url":"https:\/\/oigs.hr\/novo\/","name":"OIG\u0160","description":"Obrtni\u010dka i industrijska graditeljska \u0161kola","publisher":{"@id":"https:\/\/oigs.hr\/novo\/#organization"},"potentialAction":[{"@type":"SearchAction","target":{"@type":"EntryPoint","urlTemplate":"https:\/\/oigs.hr\/novo\/?s={search_term_string}"},"query-input":{"@type":"PropertyValueSpecification","valueRequired":true,"valueName":"search_term_string"}}],"inLanguage":"hr"},{"@type":"Organization","@id":"https:\/\/oigs.hr\/novo\/#organization","name":"OIG\u0160","url":"https:\/\/oigs.hr\/novo\/","logo":{"@type":"ImageObject","inLanguage":"hr","@id":"https:\/\/oigs.hr\/novo\/#\/schema\/logo\/image\/","url":"https:\/\/oigs.hr\/novo\/wp-content\/uploads\/2020\/06\/logo-1-e1592001907410.png","contentUrl":"https:\/\/oigs.hr\/novo\/wp-content\/uploads\/2020\/06\/logo-1-e1592001907410.png","width":195,"height":181,"caption":"OIG\u0160"},"image":{"@id":"https:\/\/oigs.hr\/novo\/#\/schema\/logo\/image\/"},"sameAs":["https:\/\/www.facebook.com\/oigs.srednjaskola\/"]}]}},"_links":{"self":[{"href":"https:\/\/oigs.hr\/novo\/wp-json\/wp\/v2\/pages\/488","targetHints":{"allow":["GET"]}}],"collection":[{"href":"https:\/\/oigs.hr\/novo\/wp-json\/wp\/v2\/pages"}],"about":[{"href":"https:\/\/oigs.hr\/novo\/wp-json\/wp\/v2\/types\/page"}],"author":[{"embeddable":true,"href":"https:\/\/oigs.hr\/novo\/wp-json\/wp\/v2\/users\/1"}],"replies":[{"embeddable":true,"href":"https:\/\/oigs.hr\/novo\/wp-json\/wp\/v2\/comments?post=488"}],"version-history":[{"count":13,"href":"https:\/\/oigs.hr\/novo\/wp-json\/wp\/v2\/pages\/488\/revisions"}],"predecessor-version":[{"id":9544,"href":"https:\/\/oigs.hr\/novo\/wp-json\/wp\/v2\/pages\/488\/revisions\/9544"}],"wp:attachment":[{"href":"https:\/\/oigs.hr\/novo\/wp-json\/wp\/v2\/media?parent=488"}],"curies":[{"name":"wp","href":"https:\/\/api.w.org\/{rel}","templated":true}]}}