{"id":486,"date":"2019-01-11T14:39:32","date_gmt":"2019-01-11T13:39:32","guid":{"rendered":"https:\/\/www.oigs.hr\/novo\/?page_id=486"},"modified":"2025-06-24T14:09:56","modified_gmt":"2025-06-24T12:09:56","slug":"instalater-grijanja-i-klimatizacije","status":"publish","type":"page","link":"https:\/\/oigs.hr\/novo\/instalater-grijanja-i-klimatizacije\/","title":{"rendered":"Instalater grijanja i klimatizacije"},"content":{"rendered":"<pre data-start=\"171\" data-end=\"211\"><strong data-start=\"175\" data-end=\"209\">Monter strojarskih instalacija<\/strong>\r\n\r\n<em data-start=\"212\" data-end=\"256\">(modularni program obrazovan<\/em><em data-start=\"212\" data-end=\"256\"><em data-start=\"212\" data-end=\"256\">ja \u2013 3 godine) <a href=\"https:\/\/oigs.hr\/novo\/zanimanja\/\"><img loading=\"lazy\" decoding=\"async\" class=\"alignnone wp-image-9420\" src=\"https:\/\/oigs.hr\/novo\/wp-content\/uploads\/2025\/05\/Meeting-Agenda-Mind-Map-Brainstorm-Whiteboard-in-Pink-Red-Modern-Professional-Style-300x169.png\" alt=\"\" width=\"634\" height=\"357\" srcset=\"https:\/\/oigs.hr\/novo\/wp-content\/uploads\/2025\/05\/Meeting-Agenda-Mind-Map-Brainstorm-Whiteboard-in-Pink-Red-Modern-Professional-Style-300x169.png 300w, https:\/\/oigs.hr\/novo\/wp-content\/uploads\/2025\/05\/Meeting-Agenda-Mind-Map-Brainstorm-Whiteboard-in-Pink-Red-Modern-Professional-Style-1024x576.png 1024w, https:\/\/oigs.hr\/novo\/wp-content\/uploads\/2025\/05\/Meeting-Agenda-Mind-Map-Brainstorm-Whiteboard-in-Pink-Red-Modern-Professional-Style-768x432.png 768w, https:\/\/oigs.hr\/novo\/wp-content\/uploads\/2025\/05\/Meeting-Agenda-Mind-Map-Brainstorm-Whiteboard-in-Pink-Red-Modern-Professional-Style-1536x864.png 1536w, https:\/\/oigs.hr\/novo\/wp-content\/uploads\/2025\/05\/Meeting-Agenda-Mind-Map-Brainstorm-Whiteboard-in-Pink-Red-Modern-Professional-Style.png 1920w\" sizes=\"auto, (max-width: 634px) 100vw, 634px\" \/><\/a><\/em><\/em><\/pre>\n<p data-start=\"258\" data-end=\"456\">Zanimanje <strong data-start=\"268\" data-end=\"302\">Monter strojarskih instalacija<\/strong> razvijeno je kao zamjena za nekada\u0161nje zanimanje <strong data-start=\"352\" data-end=\"391\">Instalater grijanja i klimatizacije<\/strong>, ali uz <strong data-start=\"400\" data-end=\"455\">pro\u0161irene kompetencije i suvremeniji pristup u\u010denju<\/strong>.<\/p>\n<p data-start=\"458\" data-end=\"519\">U ovom programu u\u010denici stje\u010du znanja i vje\u0161tine potrebne za:<\/p>\n<ul data-start=\"520\" data-end=\"1036\">\n<li data-start=\"520\" data-end=\"612\">\n<p data-start=\"522\" data-end=\"612\">monta\u017eu, odr\u017eavanje i ispitivanje sustava grijanja, hla\u0111enja, ventilacije i klimatizacije,<\/p>\n<\/li>\n<li data-start=\"613\" data-end=\"658\">\n<p data-start=\"615\" data-end=\"658\">ugradnju plinskih i vodovodnih instalacija,<\/p>\n<\/li>\n<li data-start=\"659\" data-end=\"776\">\n<p data-start=\"661\" data-end=\"776\">rukovanje alatima i ure\u0111ajima za obradu cijevi i monta\u017eu sustava (npr. rezanje, lemljenje, zavarivanje, izolacija),<\/p>\n<\/li>\n<li data-start=\"777\" data-end=\"861\">\n<p data-start=\"779\" data-end=\"861\">spajanje i testiranje sustava prema tehni\u010dkoj dokumentaciji i sigurnosnim normama,<\/p>\n<\/li>\n<li data-start=\"862\" data-end=\"930\">\n<p data-start=\"864\" data-end=\"930\">odr\u017eavanje energetske u\u010dinkovitosti sustava i ekolo\u0161kih standarda,<\/p>\n<\/li>\n<li data-start=\"931\" data-end=\"1036\">\n<p data-start=\"933\" data-end=\"1036\">izvo\u0111enje monta\u017enih radova na objektima svih vrsta (ku\u0107anstva, poslovni prostori, industrijski pogoni).<\/p>\n<\/li>\n<\/ul>\n<p data-start=\"1038\" data-end=\"1260\">U\u010denici kroz prakti\u010dnu nastavu u \u0161kolskim radionicama i na terenu stje\u010du konkretne vje\u0161tine potrebne za zapo\u0161ljavanje, a program se provodi prema <strong data-start=\"1184\" data-end=\"1207\">modularnom pristupu<\/strong> koji omogu\u0107uje fleksibilnije i prilago\u0111enije u\u010denje.<\/p>\n<p data-start=\"1262\" data-end=\"1532\">Nakon zavr\u0161etka obrazovanja i polo\u017eenog zavr\u0161nog ispita, u\u010denici stje\u010du <strong data-start=\"1334\" data-end=\"1375\">kvalifikaciju spremnu za tr\u017ei\u0161te rada<\/strong>, s mogu\u0107no\u0161\u0107u do\u0161kolovanja i daljnjeg usavr\u0161avanja u podru\u010dju energetske u\u010dinkovitosti, obnovljivih izvora energije i naprednih sustava grijanja i hla\u0111enja.<\/p>\n<p data-start=\"1534\" data-end=\"1666\">Ovo zanimanje idealno je za one koji vole <strong data-start=\"1576\" data-end=\"1645\">tehniku, prakti\u010dan rad i rje\u0161avanje konkretnih tehni\u010dkih problema<\/strong> u stvarnom prostoru.<\/p>\n<p><iframe loading=\"lazy\" title=\"Instalater grijanja, vje\u017eba mekog lemnjenja\" width=\"750\" height=\"422\" src=\"https:\/\/www.youtube.com\/embed\/nCZw6b5mAuI?feature=oembed\" frameborder=\"0\" allow=\"accelerometer; autoplay; clipboard-write; encrypted-media; gyroscope; picture-in-picture; web-share\" referrerpolicy=\"strict-origin-when-cross-origin\" allowfullscreen><\/iframe><\/p>\n<p><iframe loading=\"lazy\" title=\"Instalateri grijanja i klimatizacije, izlu\u010dno natjecanje za WorldSkills\" width=\"750\" height=\"422\" src=\"https:\/\/www.youtube.com\/embed\/z5VW_J_DtZs?feature=oembed\" frameborder=\"0\" allow=\"accelerometer; autoplay; clipboard-write; encrypted-media; gyroscope; picture-in-picture; web-share\" referrerpolicy=\"strict-origin-when-cross-origin\" allowfullscreen><\/iframe><\/p>\n","protected":false},"excerpt":{"rendered":"<p>Monter strojarskih instalacija (modularni program obrazovanja \u2013 3 godine) Zanimanje Monter strojarskih instalacija razvijeno je kao zamjena za nekada\u0161nje zanimanje &hellip; <\/p>\n","protected":false},"author":1,"featured_media":0,"parent":0,"menu_order":0,"comment_status":"closed","ping_status":"closed","template":"","meta":{"footnotes":""},"class_list":["post-486","page","type-page","status-publish","hentry"],"yoast_head":"<!-- This site is optimized with the Yoast SEO plugin v27.4 - https:\/\/yoast.com\/product\/yoast-seo-wordpress\/ -->\n<title>Instalater grijanja i klimatizacije - OIG\u0160<\/title>\n<meta name=\"description\" content=\"Monter strojarskih instalacija (modularni program obrazovanja \u2013 3 godine) Zanimanje Monter strojarskih instalacija razvijeno je kao zamjena za nekada\u0161nje\" \/>\n<meta name=\"robots\" content=\"index, follow, max-snippet:-1, max-image-preview:large, max-video-preview:-1\" \/>\n<link rel=\"canonical\" href=\"https:\/\/oigs.hr\/novo\/instalater-grijanja-i-klimatizacije\/\" \/>\n<meta property=\"og:locale\" content=\"hr_HR\" \/>\n<meta property=\"og:type\" content=\"article\" \/>\n<meta property=\"og:title\" content=\"Instalater grijanja i klimatizacije - OIG\u0160\" \/>\n<meta property=\"og:description\" content=\"Monter strojarskih instalacija (modularni program obrazovanja \u2013 3 godine) Zanimanje Monter strojarskih instalacija razvijeno je kao zamjena za nekada\u0161nje\" \/>\n<meta property=\"og:url\" content=\"https:\/\/oigs.hr\/novo\/instalater-grijanja-i-klimatizacije\/\" \/>\n<meta property=\"og:site_name\" content=\"OIG\u0160\" \/>\n<meta property=\"article:publisher\" content=\"https:\/\/www.facebook.com\/oigs.srednjaskola\/\" \/>\n<meta property=\"article:modified_time\" content=\"2025-06-24T12:09:56+00:00\" \/>\n<meta property=\"og:image\" content=\"https:\/\/oigs.hr\/novo\/wp-content\/uploads\/2025\/05\/Meeting-Agenda-Mind-Map-Brainstorm-Whiteboard-in-Pink-Red-Modern-Professional-Style.png\" \/>\n\t<meta property=\"og:image:width\" content=\"1920\" \/>\n\t<meta property=\"og:image:height\" content=\"1080\" \/>\n\t<meta property=\"og:image:type\" content=\"image\/png\" \/>\n<meta name=\"twitter:card\" content=\"summary_large_image\" \/>\n<meta name=\"twitter:label1\" content=\"Procijenjeno vrijeme \u010ditanja\" \/>\n\t<meta name=\"twitter:data1\" content=\"1 minuta\" \/>\n<script type=\"application\/ld+json\" class=\"yoast-schema-graph\">{\"@context\":\"https:\\\/\\\/schema.org\",\"@graph\":[{\"@type\":\"WebPage\",\"@id\":\"https:\\\/\\\/oigs.hr\\\/novo\\\/instalater-grijanja-i-klimatizacije\\\/\",\"url\":\"https:\\\/\\\/oigs.hr\\\/novo\\\/instalater-grijanja-i-klimatizacije\\\/\",\"name\":\"Instalater grijanja i klimatizacije - OIG\u0160\",\"isPartOf\":{\"@id\":\"https:\\\/\\\/oigs.hr\\\/novo\\\/#website\"},\"primaryImageOfPage\":{\"@id\":\"https:\\\/\\\/oigs.hr\\\/novo\\\/instalater-grijanja-i-klimatizacije\\\/#primaryimage\"},\"image\":{\"@id\":\"https:\\\/\\\/oigs.hr\\\/novo\\\/instalater-grijanja-i-klimatizacije\\\/#primaryimage\"},\"thumbnailUrl\":\"https:\\\/\\\/oigs.hr\\\/novo\\\/wp-content\\\/uploads\\\/2025\\\/05\\\/Meeting-Agenda-Mind-Map-Brainstorm-Whiteboard-in-Pink-Red-Modern-Professional-Style-300x169.png\",\"datePublished\":\"2019-01-11T13:39:32+00:00\",\"dateModified\":\"2025-06-24T12:09:56+00:00\",\"description\":\"Monter strojarskih instalacija (modularni program obrazovanja \u2013 3 godine) Zanimanje Monter strojarskih instalacija razvijeno je kao zamjena za nekada\u0161nje\",\"breadcrumb\":{\"@id\":\"https:\\\/\\\/oigs.hr\\\/novo\\\/instalater-grijanja-i-klimatizacije\\\/#breadcrumb\"},\"inLanguage\":\"hr\",\"potentialAction\":[{\"@type\":\"ReadAction\",\"target\":[\"https:\\\/\\\/oigs.hr\\\/novo\\\/instalater-grijanja-i-klimatizacije\\\/\"]}]},{\"@type\":\"ImageObject\",\"inLanguage\":\"hr\",\"@id\":\"https:\\\/\\\/oigs.hr\\\/novo\\\/instalater-grijanja-i-klimatizacije\\\/#primaryimage\",\"url\":\"https:\\\/\\\/oigs.hr\\\/novo\\\/wp-content\\\/uploads\\\/2025\\\/05\\\/Meeting-Agenda-Mind-Map-Brainstorm-Whiteboard-in-Pink-Red-Modern-Professional-Style.png\",\"contentUrl\":\"https:\\\/\\\/oigs.hr\\\/novo\\\/wp-content\\\/uploads\\\/2025\\\/05\\\/Meeting-Agenda-Mind-Map-Brainstorm-Whiteboard-in-Pink-Red-Modern-Professional-Style.png\",\"width\":1920,\"height\":1080},{\"@type\":\"BreadcrumbList\",\"@id\":\"https:\\\/\\\/oigs.hr\\\/novo\\\/instalater-grijanja-i-klimatizacije\\\/#breadcrumb\",\"itemListElement\":[{\"@type\":\"ListItem\",\"position\":1,\"name\":\"Po\u010detna stranica\",\"item\":\"https:\\\/\\\/oigs.hr\\\/novo\\\/\"},{\"@type\":\"ListItem\",\"position\":2,\"name\":\"Instalater grijanja i klimatizacije\"}]},{\"@type\":\"WebSite\",\"@id\":\"https:\\\/\\\/oigs.hr\\\/novo\\\/#website\",\"url\":\"https:\\\/\\\/oigs.hr\\\/novo\\\/\",\"name\":\"OIG\u0160\",\"description\":\"Obrtni\u010dka i industrijska graditeljska \u0161kola\",\"publisher\":{\"@id\":\"https:\\\/\\\/oigs.hr\\\/novo\\\/#organization\"},\"potentialAction\":[{\"@type\":\"SearchAction\",\"target\":{\"@type\":\"EntryPoint\",\"urlTemplate\":\"https:\\\/\\\/oigs.hr\\\/novo\\\/?s={search_term_string}\"},\"query-input\":{\"@type\":\"PropertyValueSpecification\",\"valueRequired\":true,\"valueName\":\"search_term_string\"}}],\"inLanguage\":\"hr\"},{\"@type\":\"Organization\",\"@id\":\"https:\\\/\\\/oigs.hr\\\/novo\\\/#organization\",\"name\":\"OIG\u0160\",\"url\":\"https:\\\/\\\/oigs.hr\\\/novo\\\/\",\"logo\":{\"@type\":\"ImageObject\",\"inLanguage\":\"hr\",\"@id\":\"https:\\\/\\\/oigs.hr\\\/novo\\\/#\\\/schema\\\/logo\\\/image\\\/\",\"url\":\"https:\\\/\\\/oigs.hr\\\/novo\\\/wp-content\\\/uploads\\\/2020\\\/06\\\/logo-1-e1592001907410.png\",\"contentUrl\":\"https:\\\/\\\/oigs.hr\\\/novo\\\/wp-content\\\/uploads\\\/2020\\\/06\\\/logo-1-e1592001907410.png\",\"width\":195,\"height\":181,\"caption\":\"OIG\u0160\"},\"image\":{\"@id\":\"https:\\\/\\\/oigs.hr\\\/novo\\\/#\\\/schema\\\/logo\\\/image\\\/\"},\"sameAs\":[\"https:\\\/\\\/www.facebook.com\\\/oigs.srednjaskola\\\/\"]}]}<\/script>\n<!-- \/ Yoast SEO plugin. -->","yoast_head_json":{"title":"Instalater grijanja i klimatizacije - OIG\u0160","description":"Monter strojarskih instalacija (modularni program obrazovanja \u2013 3 godine) Zanimanje Monter strojarskih instalacija razvijeno je kao zamjena za nekada\u0161nje","robots":{"index":"index","follow":"follow","max-snippet":"max-snippet:-1","max-image-preview":"max-image-preview:large","max-video-preview":"max-video-preview:-1"},"canonical":"https:\/\/oigs.hr\/novo\/instalater-grijanja-i-klimatizacije\/","og_locale":"hr_HR","og_type":"article","og_title":"Instalater grijanja i klimatizacije - OIG\u0160","og_description":"Monter strojarskih instalacija (modularni program obrazovanja \u2013 3 godine) Zanimanje Monter strojarskih instalacija razvijeno je kao zamjena za nekada\u0161nje","og_url":"https:\/\/oigs.hr\/novo\/instalater-grijanja-i-klimatizacije\/","og_site_name":"OIG\u0160","article_publisher":"https:\/\/www.facebook.com\/oigs.srednjaskola\/","article_modified_time":"2025-06-24T12:09:56+00:00","og_image":[{"width":1920,"height":1080,"url":"https:\/\/oigs.hr\/novo\/wp-content\/uploads\/2025\/05\/Meeting-Agenda-Mind-Map-Brainstorm-Whiteboard-in-Pink-Red-Modern-Professional-Style.png","type":"image\/png"}],"twitter_card":"summary_large_image","twitter_misc":{"Procijenjeno vrijeme \u010ditanja":"1 minuta"},"schema":{"@context":"https:\/\/schema.org","@graph":[{"@type":"WebPage","@id":"https:\/\/oigs.hr\/novo\/instalater-grijanja-i-klimatizacije\/","url":"https:\/\/oigs.hr\/novo\/instalater-grijanja-i-klimatizacije\/","name":"Instalater grijanja i klimatizacije - OIG\u0160","isPartOf":{"@id":"https:\/\/oigs.hr\/novo\/#website"},"primaryImageOfPage":{"@id":"https:\/\/oigs.hr\/novo\/instalater-grijanja-i-klimatizacije\/#primaryimage"},"image":{"@id":"https:\/\/oigs.hr\/novo\/instalater-grijanja-i-klimatizacije\/#primaryimage"},"thumbnailUrl":"https:\/\/oigs.hr\/novo\/wp-content\/uploads\/2025\/05\/Meeting-Agenda-Mind-Map-Brainstorm-Whiteboard-in-Pink-Red-Modern-Professional-Style-300x169.png","datePublished":"2019-01-11T13:39:32+00:00","dateModified":"2025-06-24T12:09:56+00:00","description":"Monter strojarskih instalacija (modularni program obrazovanja \u2013 3 godine) Zanimanje Monter strojarskih instalacija razvijeno je kao zamjena za nekada\u0161nje","breadcrumb":{"@id":"https:\/\/oigs.hr\/novo\/instalater-grijanja-i-klimatizacije\/#breadcrumb"},"inLanguage":"hr","potentialAction":[{"@type":"ReadAction","target":["https:\/\/oigs.hr\/novo\/instalater-grijanja-i-klimatizacije\/"]}]},{"@type":"ImageObject","inLanguage":"hr","@id":"https:\/\/oigs.hr\/novo\/instalater-grijanja-i-klimatizacije\/#primaryimage","url":"https:\/\/oigs.hr\/novo\/wp-content\/uploads\/2025\/05\/Meeting-Agenda-Mind-Map-Brainstorm-Whiteboard-in-Pink-Red-Modern-Professional-Style.png","contentUrl":"https:\/\/oigs.hr\/novo\/wp-content\/uploads\/2025\/05\/Meeting-Agenda-Mind-Map-Brainstorm-Whiteboard-in-Pink-Red-Modern-Professional-Style.png","width":1920,"height":1080},{"@type":"BreadcrumbList","@id":"https:\/\/oigs.hr\/novo\/instalater-grijanja-i-klimatizacije\/#breadcrumb","itemListElement":[{"@type":"ListItem","position":1,"name":"Po\u010detna stranica","item":"https:\/\/oigs.hr\/novo\/"},{"@type":"ListItem","position":2,"name":"Instalater grijanja i klimatizacije"}]},{"@type":"WebSite","@id":"https:\/\/oigs.hr\/novo\/#website","url":"https:\/\/oigs.hr\/novo\/","name":"OIG\u0160","description":"Obrtni\u010dka i industrijska graditeljska \u0161kola","publisher":{"@id":"https:\/\/oigs.hr\/novo\/#organization"},"potentialAction":[{"@type":"SearchAction","target":{"@type":"EntryPoint","urlTemplate":"https:\/\/oigs.hr\/novo\/?s={search_term_string}"},"query-input":{"@type":"PropertyValueSpecification","valueRequired":true,"valueName":"search_term_string"}}],"inLanguage":"hr"},{"@type":"Organization","@id":"https:\/\/oigs.hr\/novo\/#organization","name":"OIG\u0160","url":"https:\/\/oigs.hr\/novo\/","logo":{"@type":"ImageObject","inLanguage":"hr","@id":"https:\/\/oigs.hr\/novo\/#\/schema\/logo\/image\/","url":"https:\/\/oigs.hr\/novo\/wp-content\/uploads\/2020\/06\/logo-1-e1592001907410.png","contentUrl":"https:\/\/oigs.hr\/novo\/wp-content\/uploads\/2020\/06\/logo-1-e1592001907410.png","width":195,"height":181,"caption":"OIG\u0160"},"image":{"@id":"https:\/\/oigs.hr\/novo\/#\/schema\/logo\/image\/"},"sameAs":["https:\/\/www.facebook.com\/oigs.srednjaskola\/"]}]}},"_links":{"self":[{"href":"https:\/\/oigs.hr\/novo\/wp-json\/wp\/v2\/pages\/486","targetHints":{"allow":["GET"]}}],"collection":[{"href":"https:\/\/oigs.hr\/novo\/wp-json\/wp\/v2\/pages"}],"about":[{"href":"https:\/\/oigs.hr\/novo\/wp-json\/wp\/v2\/types\/page"}],"author":[{"embeddable":true,"href":"https:\/\/oigs.hr\/novo\/wp-json\/wp\/v2\/users\/1"}],"replies":[{"embeddable":true,"href":"https:\/\/oigs.hr\/novo\/wp-json\/wp\/v2\/comments?post=486"}],"version-history":[{"count":15,"href":"https:\/\/oigs.hr\/novo\/wp-json\/wp\/v2\/pages\/486\/revisions"}],"predecessor-version":[{"id":9536,"href":"https:\/\/oigs.hr\/novo\/wp-json\/wp\/v2\/pages\/486\/revisions\/9536"}],"wp:attachment":[{"href":"https:\/\/oigs.hr\/novo\/wp-json\/wp\/v2\/media?parent=486"}],"curies":[{"name":"wp","href":"https:\/\/api.w.org\/{rel}","templated":true}]}}