{"id":484,"date":"2019-01-11T14:39:08","date_gmt":"2019-01-11T13:39:08","guid":{"rendered":"https:\/\/www.oigs.hr\/novo\/?page_id=484"},"modified":"2025-06-24T14:11:46","modified_gmt":"2025-06-24T12:11:46","slug":"autolakirer","status":"publish","type":"page","link":"https:\/\/oigs.hr\/novo\/autolakirer\/","title":{"rendered":"Autolakirer"},"content":{"rendered":"<pre data-start=\"1100\" data-end=\"1145\"><strong data-start=\"1104\" data-end=\"1143\">Serviser karoserije motornih vozila<\/strong>\r\n\r\n<em data-start=\"1146\" data-end=\"1190\">(modularni program obrazovanja \u2013 3 godine)<\/em><\/pre>\n<h3 data-start=\"1100\" data-end=\"1145\"><a href=\"https:\/\/oigs.hr\/novo\/zanimanja\/\"><img loading=\"lazy\" decoding=\"async\" class=\"alignnone wp-image-9437\" src=\"https:\/\/oigs.hr\/novo\/wp-content\/uploads\/2025\/06\/Meeting-Agenda-Mind-Map-Brainstorm-Whiteboard-in-Pink-Red-Modern-Professional-Style-3-300x169.png\" alt=\"\" width=\"829\" height=\"467\" srcset=\"https:\/\/oigs.hr\/novo\/wp-content\/uploads\/2025\/06\/Meeting-Agenda-Mind-Map-Brainstorm-Whiteboard-in-Pink-Red-Modern-Professional-Style-3-300x169.png 300w, https:\/\/oigs.hr\/novo\/wp-content\/uploads\/2025\/06\/Meeting-Agenda-Mind-Map-Brainstorm-Whiteboard-in-Pink-Red-Modern-Professional-Style-3-1024x576.png 1024w, https:\/\/oigs.hr\/novo\/wp-content\/uploads\/2025\/06\/Meeting-Agenda-Mind-Map-Brainstorm-Whiteboard-in-Pink-Red-Modern-Professional-Style-3-768x432.png 768w, https:\/\/oigs.hr\/novo\/wp-content\/uploads\/2025\/06\/Meeting-Agenda-Mind-Map-Brainstorm-Whiteboard-in-Pink-Red-Modern-Professional-Style-3-1536x864.png 1536w, https:\/\/oigs.hr\/novo\/wp-content\/uploads\/2025\/06\/Meeting-Agenda-Mind-Map-Brainstorm-Whiteboard-in-Pink-Red-Modern-Professional-Style-3.png 1920w\" sizes=\"auto, (max-width: 829px) 100vw, 829px\" \/><\/a><\/h3>\n<p data-start=\"1192\" data-end=\"1468\">Novi program <strong data-start=\"1205\" data-end=\"1244\">Serviser karoserije motornih vozila<\/strong> naslje\u0111uje tradicionalno zanimanje <strong data-start=\"1280\" data-end=\"1296\">autolakirera<\/strong>, ali ga u modularnom pristupu zna\u010dajno pro\u0161iruje. U\u010denici se osposobljavaju za \u0161irok raspon poslova koji uklju\u010duju <strong data-start=\"1412\" data-end=\"1467\">popravak, za\u0161titu i obnovu vanjskih dijelova vozila<\/strong>.<\/p>\n<p data-start=\"1470\" data-end=\"1508\">Tijekom \u0161kolovanja u\u010denici \u0107e nau\u010diti:<\/p>\n<ul data-start=\"1509\" data-end=\"1877\">\n<li data-start=\"1509\" data-end=\"1589\">\n<p data-start=\"1511\" data-end=\"1589\">prepoznati i sanirati o\u0161te\u0107enja karoserije (udubljenja, ogrebotine, pukotine),<\/p>\n<\/li>\n<li data-start=\"1590\" data-end=\"1640\">\n<p data-start=\"1592\" data-end=\"1640\">rastavljati i sastavljati karoserijske dijelove,<\/p>\n<\/li>\n<li data-start=\"1641\" data-end=\"1675\">\n<p data-start=\"1643\" data-end=\"1675\">ravnati lim i izra\u0111ivati nosa\u010de,<\/p>\n<\/li>\n<li data-start=\"1676\" data-end=\"1755\">\n<p data-start=\"1678\" data-end=\"1755\">pripremati povr\u0161inu vozila za lakiranje i nanositi razli\u010dite slojeve premaza,<\/p>\n<\/li>\n<li data-start=\"1756\" data-end=\"1814\">\n<p data-start=\"1758\" data-end=\"1814\">koristiti suvremene alate i strojeve za obradu povr\u0161ina,<\/p>\n<\/li>\n<li data-start=\"1815\" data-end=\"1877\">\n<p data-start=\"1817\" data-end=\"1877\">raditi prema standardima za\u0161tite na radu i o\u010duvanja okoli\u0161a.<\/p>\n<\/li>\n<\/ul>\n<p data-start=\"1879\" data-end=\"2037\">Program traje <strong data-start=\"1893\" data-end=\"1907\">tri godine<\/strong>, a zavr\u0161ava <strong data-start=\"1920\" data-end=\"1940\">zavr\u0161nim ispitom<\/strong> nakon kojeg u\u010denik stje\u010de <strong data-start=\"1967\" data-end=\"2000\">kvalifikaciju za tr\u017ei\u0161te rada<\/strong>, s mogu\u0107no\u0161\u0107u dodatnog usavr\u0161avanja.<\/p>\n<p data-start=\"2039\" data-end=\"2167\">U \u0161kolskom filmu <strong data-start=\"2056\" data-end=\"2089\">&#8220;Budu\u0107nost je u mojim rukama&#8221;<\/strong> mo\u017eete pogledati kako izgleda prakti\u010dan rad u ovom zanimanju (od 10:22 min.), a mo\u017eete i pogledati kako je izgledalo po prvi put natjecanje WorldSkills 2025. u disciplini tehnologija autolakiranja, natjecanje u kojem je na\u0161 u\u010denik osvojio prvo mjesto u \u017eestokoj konkurenciji.<\/p>\n<p><iframe loading=\"lazy\" title=\"WorldSkills Croatia 2025 \u2013 Tehnologija autolakiranja\" width=\"750\" height=\"422\" src=\"https:\/\/www.youtube.com\/embed\/eSjVRMq3hNk?start=2&#038;feature=oembed\" frameborder=\"0\" allow=\"accelerometer; autoplay; clipboard-write; encrypted-media; gyroscope; picture-in-picture; web-share\" referrerpolicy=\"strict-origin-when-cross-origin\" allowfullscreen><\/iframe><\/p>\n<p><iframe loading=\"lazy\" title=\"AUTOLAKIRER\" width=\"750\" height=\"422\" src=\"https:\/\/www.youtube.com\/embed\/S7lEeATa95Q?feature=oembed\" frameborder=\"0\" allow=\"accelerometer; autoplay; clipboard-write; encrypted-media; gyroscope; picture-in-picture; web-share\" referrerpolicy=\"strict-origin-when-cross-origin\" allowfullscreen><\/iframe><\/p>\n<p><iframe loading=\"lazy\" title=\"Airbrush, autolakirer\" width=\"750\" height=\"422\" src=\"https:\/\/www.youtube.com\/embed\/BK5t-W7mZdU?feature=oembed\" frameborder=\"0\" allow=\"accelerometer; autoplay; clipboard-write; encrypted-media; gyroscope; picture-in-picture; web-share\" referrerpolicy=\"strict-origin-when-cross-origin\" allowfullscreen><\/iframe><\/p>\n<p><img loading=\"lazy\" decoding=\"async\" class=\"alignnone size-medium wp-image-1483\" src=\"https:\/\/oigs.hr\/novo\/wp-content\/uploads\/2020\/06\/9-1-200x300.jpg\" alt=\"\" width=\"200\" height=\"300\" srcset=\"https:\/\/oigs.hr\/novo\/wp-content\/uploads\/2020\/06\/9-1-200x300.jpg 200w, https:\/\/oigs.hr\/novo\/wp-content\/uploads\/2020\/06\/9-1-683x1024.jpg 683w, https:\/\/oigs.hr\/novo\/wp-content\/uploads\/2020\/06\/9-1-768x1152.jpg 768w, https:\/\/oigs.hr\/novo\/wp-content\/uploads\/2020\/06\/9-1-1024x1536.jpg 1024w, https:\/\/oigs.hr\/novo\/wp-content\/uploads\/2020\/06\/9-1-1365x2048.jpg 1365w, https:\/\/oigs.hr\/novo\/wp-content\/uploads\/2020\/06\/9-1-scaled.jpg 1707w\" sizes=\"auto, (max-width: 200px) 100vw, 200px\" \/><img loading=\"lazy\" decoding=\"async\" class=\"alignnone size-medium wp-image-1462\" src=\"https:\/\/oigs.hr\/novo\/wp-content\/uploads\/2020\/06\/0M3A8426-200x300.jpg\" alt=\"\" width=\"200\" height=\"300\" srcset=\"https:\/\/oigs.hr\/novo\/wp-content\/uploads\/2020\/06\/0M3A8426-200x300.jpg 200w, https:\/\/oigs.hr\/novo\/wp-content\/uploads\/2020\/06\/0M3A8426-683x1024.jpg 683w, https:\/\/oigs.hr\/novo\/wp-content\/uploads\/2020\/06\/0M3A8426-768x1152.jpg 768w, https:\/\/oigs.hr\/novo\/wp-content\/uploads\/2020\/06\/0M3A8426-1024x1536.jpg 1024w, https:\/\/oigs.hr\/novo\/wp-content\/uploads\/2020\/06\/0M3A8426-1365x2048.jpg 1365w, https:\/\/oigs.hr\/novo\/wp-content\/uploads\/2020\/06\/0M3A8426-scaled.jpg 1707w\" sizes=\"auto, (max-width: 200px) 100vw, 200px\" \/><img loading=\"lazy\" decoding=\"async\" class=\"alignnone size-medium wp-image-1463\" src=\"https:\/\/oigs.hr\/novo\/wp-content\/uploads\/2020\/06\/0M3A8419-200x300.jpg\" alt=\"\" width=\"200\" height=\"300\" srcset=\"https:\/\/oigs.hr\/novo\/wp-content\/uploads\/2020\/06\/0M3A8419-200x300.jpg 200w, https:\/\/oigs.hr\/novo\/wp-content\/uploads\/2020\/06\/0M3A8419-683x1024.jpg 683w, https:\/\/oigs.hr\/novo\/wp-content\/uploads\/2020\/06\/0M3A8419-768x1152.jpg 768w, https:\/\/oigs.hr\/novo\/wp-content\/uploads\/2020\/06\/0M3A8419-1024x1536.jpg 1024w, https:\/\/oigs.hr\/novo\/wp-content\/uploads\/2020\/06\/0M3A8419-1365x2048.jpg 1365w, https:\/\/oigs.hr\/novo\/wp-content\/uploads\/2020\/06\/0M3A8419-scaled.jpg 1707w\" sizes=\"auto, (max-width: 200px) 100vw, 200px\" \/><img loading=\"lazy\" decoding=\"async\" class=\"alignnone wp-image-1467\" src=\"https:\/\/oigs.hr\/novo\/wp-content\/uploads\/2020\/06\/0M3A8415-300x200.jpg\" alt=\"\" width=\"449\" height=\"299\" srcset=\"https:\/\/oigs.hr\/novo\/wp-content\/uploads\/2020\/06\/0M3A8415-300x200.jpg 300w, https:\/\/oigs.hr\/novo\/wp-content\/uploads\/2020\/06\/0M3A8415-1024x683.jpg 1024w, https:\/\/oigs.hr\/novo\/wp-content\/uploads\/2020\/06\/0M3A8415-768x512.jpg 768w, https:\/\/oigs.hr\/novo\/wp-content\/uploads\/2020\/06\/0M3A8415-1536x1024.jpg 1536w, https:\/\/oigs.hr\/novo\/wp-content\/uploads\/2020\/06\/0M3A8415-2048x1365.jpg 2048w\" sizes=\"auto, (max-width: 449px) 100vw, 449px\" \/><\/p>\n<p><iframe loading=\"lazy\" title=\"Budu\u0107nost je u mojim rukama\" width=\"750\" height=\"422\" src=\"https:\/\/www.youtube.com\/embed\/gF3mghLKdHo?feature=oembed\" frameborder=\"0\" allow=\"accelerometer; autoplay; clipboard-write; encrypted-media; gyroscope; picture-in-picture; web-share\" referrerpolicy=\"strict-origin-when-cross-origin\" allowfullscreen><\/iframe><\/p>\n","protected":false},"excerpt":{"rendered":"<p>Serviser karoserije motornih vozila (modularni program obrazovanja \u2013 3 godine) Novi program Serviser karoserije motornih vozila naslje\u0111uje tradicionalno zanimanje autolakirera, &hellip; <\/p>\n","protected":false},"author":1,"featured_media":0,"parent":0,"menu_order":0,"comment_status":"closed","ping_status":"closed","template":"","meta":{"footnotes":""},"class_list":["post-484","page","type-page","status-publish","hentry"],"yoast_head":"<!-- This site is optimized with the Yoast SEO plugin v27.5 - https:\/\/yoast.com\/product\/yoast-seo-wordpress\/ -->\n<title>Autolakirer - OIG\u0160<\/title>\n<meta name=\"description\" content=\"Serviser karoserije motornih vozila (modularni program obrazovanja \u2013 3 godine) Novi program Serviser karoserije motornih vozila naslje\u0111uje tradicionalno\" \/>\n<meta name=\"robots\" content=\"index, follow, max-snippet:-1, max-image-preview:large, max-video-preview:-1\" \/>\n<link rel=\"canonical\" href=\"https:\/\/oigs.hr\/novo\/autolakirer\/\" \/>\n<meta property=\"og:locale\" content=\"hr_HR\" \/>\n<meta property=\"og:type\" content=\"article\" \/>\n<meta property=\"og:title\" content=\"Autolakirer - OIG\u0160\" \/>\n<meta property=\"og:description\" content=\"Serviser karoserije motornih vozila (modularni program obrazovanja \u2013 3 godine) Novi program Serviser karoserije motornih vozila naslje\u0111uje tradicionalno\" \/>\n<meta property=\"og:url\" content=\"https:\/\/oigs.hr\/novo\/autolakirer\/\" \/>\n<meta property=\"og:site_name\" content=\"OIG\u0160\" \/>\n<meta property=\"article:publisher\" content=\"https:\/\/www.facebook.com\/oigs.srednjaskola\/\" \/>\n<meta property=\"article:modified_time\" content=\"2025-06-24T12:11:46+00:00\" \/>\n<meta property=\"og:image\" content=\"https:\/\/oigs.hr\/novo\/wp-content\/uploads\/2025\/06\/Meeting-Agenda-Mind-Map-Brainstorm-Whiteboard-in-Pink-Red-Modern-Professional-Style-3.png\" \/>\n\t<meta property=\"og:image:width\" content=\"1920\" \/>\n\t<meta property=\"og:image:height\" content=\"1080\" \/>\n\t<meta property=\"og:image:type\" content=\"image\/png\" \/>\n<meta name=\"twitter:card\" content=\"summary_large_image\" \/>\n<meta name=\"twitter:label1\" content=\"Procijenjeno vrijeme \u010ditanja\" \/>\n\t<meta name=\"twitter:data1\" content=\"2 minute\" \/>\n<script type=\"application\/ld+json\" class=\"yoast-schema-graph\">{\"@context\":\"https:\\\/\\\/schema.org\",\"@graph\":[{\"@type\":\"WebPage\",\"@id\":\"https:\\\/\\\/oigs.hr\\\/novo\\\/autolakirer\\\/\",\"url\":\"https:\\\/\\\/oigs.hr\\\/novo\\\/autolakirer\\\/\",\"name\":\"Autolakirer - OIG\u0160\",\"isPartOf\":{\"@id\":\"https:\\\/\\\/oigs.hr\\\/novo\\\/#website\"},\"primaryImageOfPage\":{\"@id\":\"https:\\\/\\\/oigs.hr\\\/novo\\\/autolakirer\\\/#primaryimage\"},\"image\":{\"@id\":\"https:\\\/\\\/oigs.hr\\\/novo\\\/autolakirer\\\/#primaryimage\"},\"thumbnailUrl\":\"https:\\\/\\\/oigs.hr\\\/novo\\\/wp-content\\\/uploads\\\/2025\\\/06\\\/Meeting-Agenda-Mind-Map-Brainstorm-Whiteboard-in-Pink-Red-Modern-Professional-Style-3-300x169.png\",\"datePublished\":\"2019-01-11T13:39:08+00:00\",\"dateModified\":\"2025-06-24T12:11:46+00:00\",\"description\":\"Serviser karoserije motornih vozila (modularni program obrazovanja \u2013 3 godine) Novi program Serviser karoserije motornih vozila naslje\u0111uje tradicionalno\",\"breadcrumb\":{\"@id\":\"https:\\\/\\\/oigs.hr\\\/novo\\\/autolakirer\\\/#breadcrumb\"},\"inLanguage\":\"hr\",\"potentialAction\":[{\"@type\":\"ReadAction\",\"target\":[\"https:\\\/\\\/oigs.hr\\\/novo\\\/autolakirer\\\/\"]}]},{\"@type\":\"ImageObject\",\"inLanguage\":\"hr\",\"@id\":\"https:\\\/\\\/oigs.hr\\\/novo\\\/autolakirer\\\/#primaryimage\",\"url\":\"https:\\\/\\\/oigs.hr\\\/novo\\\/wp-content\\\/uploads\\\/2025\\\/06\\\/Meeting-Agenda-Mind-Map-Brainstorm-Whiteboard-in-Pink-Red-Modern-Professional-Style-3.png\",\"contentUrl\":\"https:\\\/\\\/oigs.hr\\\/novo\\\/wp-content\\\/uploads\\\/2025\\\/06\\\/Meeting-Agenda-Mind-Map-Brainstorm-Whiteboard-in-Pink-Red-Modern-Professional-Style-3.png\",\"width\":1920,\"height\":1080},{\"@type\":\"BreadcrumbList\",\"@id\":\"https:\\\/\\\/oigs.hr\\\/novo\\\/autolakirer\\\/#breadcrumb\",\"itemListElement\":[{\"@type\":\"ListItem\",\"position\":1,\"name\":\"Po\u010detna stranica\",\"item\":\"https:\\\/\\\/oigs.hr\\\/novo\\\/\"},{\"@type\":\"ListItem\",\"position\":2,\"name\":\"Autolakirer\"}]},{\"@type\":\"WebSite\",\"@id\":\"https:\\\/\\\/oigs.hr\\\/novo\\\/#website\",\"url\":\"https:\\\/\\\/oigs.hr\\\/novo\\\/\",\"name\":\"OIG\u0160\",\"description\":\"Obrtni\u010dka i industrijska graditeljska \u0161kola\",\"publisher\":{\"@id\":\"https:\\\/\\\/oigs.hr\\\/novo\\\/#organization\"},\"potentialAction\":[{\"@type\":\"SearchAction\",\"target\":{\"@type\":\"EntryPoint\",\"urlTemplate\":\"https:\\\/\\\/oigs.hr\\\/novo\\\/?s={search_term_string}\"},\"query-input\":{\"@type\":\"PropertyValueSpecification\",\"valueRequired\":true,\"valueName\":\"search_term_string\"}}],\"inLanguage\":\"hr\"},{\"@type\":\"Organization\",\"@id\":\"https:\\\/\\\/oigs.hr\\\/novo\\\/#organization\",\"name\":\"OIG\u0160\",\"url\":\"https:\\\/\\\/oigs.hr\\\/novo\\\/\",\"logo\":{\"@type\":\"ImageObject\",\"inLanguage\":\"hr\",\"@id\":\"https:\\\/\\\/oigs.hr\\\/novo\\\/#\\\/schema\\\/logo\\\/image\\\/\",\"url\":\"https:\\\/\\\/oigs.hr\\\/novo\\\/wp-content\\\/uploads\\\/2020\\\/06\\\/logo-1-e1592001907410.png\",\"contentUrl\":\"https:\\\/\\\/oigs.hr\\\/novo\\\/wp-content\\\/uploads\\\/2020\\\/06\\\/logo-1-e1592001907410.png\",\"width\":195,\"height\":181,\"caption\":\"OIG\u0160\"},\"image\":{\"@id\":\"https:\\\/\\\/oigs.hr\\\/novo\\\/#\\\/schema\\\/logo\\\/image\\\/\"},\"sameAs\":[\"https:\\\/\\\/www.facebook.com\\\/oigs.srednjaskola\\\/\"]}]}<\/script>\n<!-- \/ Yoast SEO plugin. -->","yoast_head_json":{"title":"Autolakirer - OIG\u0160","description":"Serviser karoserije motornih vozila (modularni program obrazovanja \u2013 3 godine) Novi program Serviser karoserije motornih vozila naslje\u0111uje tradicionalno","robots":{"index":"index","follow":"follow","max-snippet":"max-snippet:-1","max-image-preview":"max-image-preview:large","max-video-preview":"max-video-preview:-1"},"canonical":"https:\/\/oigs.hr\/novo\/autolakirer\/","og_locale":"hr_HR","og_type":"article","og_title":"Autolakirer - OIG\u0160","og_description":"Serviser karoserije motornih vozila (modularni program obrazovanja \u2013 3 godine) Novi program Serviser karoserije motornih vozila naslje\u0111uje tradicionalno","og_url":"https:\/\/oigs.hr\/novo\/autolakirer\/","og_site_name":"OIG\u0160","article_publisher":"https:\/\/www.facebook.com\/oigs.srednjaskola\/","article_modified_time":"2025-06-24T12:11:46+00:00","og_image":[{"width":1920,"height":1080,"url":"https:\/\/oigs.hr\/novo\/wp-content\/uploads\/2025\/06\/Meeting-Agenda-Mind-Map-Brainstorm-Whiteboard-in-Pink-Red-Modern-Professional-Style-3.png","type":"image\/png"}],"twitter_card":"summary_large_image","twitter_misc":{"Procijenjeno vrijeme \u010ditanja":"2 minute"},"schema":{"@context":"https:\/\/schema.org","@graph":[{"@type":"WebPage","@id":"https:\/\/oigs.hr\/novo\/autolakirer\/","url":"https:\/\/oigs.hr\/novo\/autolakirer\/","name":"Autolakirer - OIG\u0160","isPartOf":{"@id":"https:\/\/oigs.hr\/novo\/#website"},"primaryImageOfPage":{"@id":"https:\/\/oigs.hr\/novo\/autolakirer\/#primaryimage"},"image":{"@id":"https:\/\/oigs.hr\/novo\/autolakirer\/#primaryimage"},"thumbnailUrl":"https:\/\/oigs.hr\/novo\/wp-content\/uploads\/2025\/06\/Meeting-Agenda-Mind-Map-Brainstorm-Whiteboard-in-Pink-Red-Modern-Professional-Style-3-300x169.png","datePublished":"2019-01-11T13:39:08+00:00","dateModified":"2025-06-24T12:11:46+00:00","description":"Serviser karoserije motornih vozila (modularni program obrazovanja \u2013 3 godine) Novi program Serviser karoserije motornih vozila naslje\u0111uje tradicionalno","breadcrumb":{"@id":"https:\/\/oigs.hr\/novo\/autolakirer\/#breadcrumb"},"inLanguage":"hr","potentialAction":[{"@type":"ReadAction","target":["https:\/\/oigs.hr\/novo\/autolakirer\/"]}]},{"@type":"ImageObject","inLanguage":"hr","@id":"https:\/\/oigs.hr\/novo\/autolakirer\/#primaryimage","url":"https:\/\/oigs.hr\/novo\/wp-content\/uploads\/2025\/06\/Meeting-Agenda-Mind-Map-Brainstorm-Whiteboard-in-Pink-Red-Modern-Professional-Style-3.png","contentUrl":"https:\/\/oigs.hr\/novo\/wp-content\/uploads\/2025\/06\/Meeting-Agenda-Mind-Map-Brainstorm-Whiteboard-in-Pink-Red-Modern-Professional-Style-3.png","width":1920,"height":1080},{"@type":"BreadcrumbList","@id":"https:\/\/oigs.hr\/novo\/autolakirer\/#breadcrumb","itemListElement":[{"@type":"ListItem","position":1,"name":"Po\u010detna stranica","item":"https:\/\/oigs.hr\/novo\/"},{"@type":"ListItem","position":2,"name":"Autolakirer"}]},{"@type":"WebSite","@id":"https:\/\/oigs.hr\/novo\/#website","url":"https:\/\/oigs.hr\/novo\/","name":"OIG\u0160","description":"Obrtni\u010dka i industrijska graditeljska \u0161kola","publisher":{"@id":"https:\/\/oigs.hr\/novo\/#organization"},"potentialAction":[{"@type":"SearchAction","target":{"@type":"EntryPoint","urlTemplate":"https:\/\/oigs.hr\/novo\/?s={search_term_string}"},"query-input":{"@type":"PropertyValueSpecification","valueRequired":true,"valueName":"search_term_string"}}],"inLanguage":"hr"},{"@type":"Organization","@id":"https:\/\/oigs.hr\/novo\/#organization","name":"OIG\u0160","url":"https:\/\/oigs.hr\/novo\/","logo":{"@type":"ImageObject","inLanguage":"hr","@id":"https:\/\/oigs.hr\/novo\/#\/schema\/logo\/image\/","url":"https:\/\/oigs.hr\/novo\/wp-content\/uploads\/2020\/06\/logo-1-e1592001907410.png","contentUrl":"https:\/\/oigs.hr\/novo\/wp-content\/uploads\/2020\/06\/logo-1-e1592001907410.png","width":195,"height":181,"caption":"OIG\u0160"},"image":{"@id":"https:\/\/oigs.hr\/novo\/#\/schema\/logo\/image\/"},"sameAs":["https:\/\/www.facebook.com\/oigs.srednjaskola\/"]}]}},"_links":{"self":[{"href":"https:\/\/oigs.hr\/novo\/wp-json\/wp\/v2\/pages\/484","targetHints":{"allow":["GET"]}}],"collection":[{"href":"https:\/\/oigs.hr\/novo\/wp-json\/wp\/v2\/pages"}],"about":[{"href":"https:\/\/oigs.hr\/novo\/wp-json\/wp\/v2\/types\/page"}],"author":[{"embeddable":true,"href":"https:\/\/oigs.hr\/novo\/wp-json\/wp\/v2\/users\/1"}],"replies":[{"embeddable":true,"href":"https:\/\/oigs.hr\/novo\/wp-json\/wp\/v2\/comments?post=484"}],"version-history":[{"count":12,"href":"https:\/\/oigs.hr\/novo\/wp-json\/wp\/v2\/pages\/484\/revisions"}],"predecessor-version":[{"id":9538,"href":"https:\/\/oigs.hr\/novo\/wp-json\/wp\/v2\/pages\/484\/revisions\/9538"}],"wp:attachment":[{"href":"https:\/\/oigs.hr\/novo\/wp-json\/wp\/v2\/media?parent=484"}],"curies":[{"name":"wp","href":"https:\/\/api.w.org\/{rel}","templated":true}]}}