{"id":476,"date":"2019-01-11T14:37:26","date_gmt":"2019-01-11T13:37:26","guid":{"rendered":"https:\/\/www.oigs.hr\/novo\/?page_id=476"},"modified":"2020-06-28T08:22:29","modified_gmt":"2020-06-28T06:22:29","slug":"krovopokrivac","status":"publish","type":"page","link":"https:\/\/oigs.hr\/novo\/krovopokrivac\/","title":{"rendered":"Krovopokriva\u010d"},"content":{"rendered":"<p><span class=\"content\">Da bi gradevina bila za\u0161ti\u0107ena od ki\u0161e, snijega, prevelike topline ili hladno\u0107e treba imati dobar krov. Krovopokriva\u010di pokrivaju krovove ku\u0107a (ravne i kose) raznim materijalima (crijep, razne plo\u010de, limovi). Za potpunu za\u0161titu gra\u0111evine ugra\u0111uju u krovove materijale za toplinsku za\u0161titu i za\u0161titu od vlage.<\/span><\/p>\n<p><img loading=\"lazy\" decoding=\"async\" class=\"aligncenter size-full wp-image-656\" src=\"https:\/\/oigs.hr\/novo\/wp-content\/uploads\/2019\/01\/krovopokrivac.png\" alt=\"\" width=\"800\" height=\"450\" srcset=\"https:\/\/oigs.hr\/novo\/wp-content\/uploads\/2019\/01\/krovopokrivac.png 800w, https:\/\/oigs.hr\/novo\/wp-content\/uploads\/2019\/01\/krovopokrivac-300x169.png 300w, https:\/\/oigs.hr\/novo\/wp-content\/uploads\/2019\/01\/krovopokrivac-768x432.png 768w\" sizes=\"auto, (max-width: 800px) 100vw, 800px\" \/><\/p>\n<p><iframe loading=\"lazy\" title=\"WorldSkills 2019., dr\u017eavno natjecanje u\u010denika strukovnih \u0161kola\" width=\"750\" height=\"422\" src=\"https:\/\/www.youtube.com\/embed\/XM6VQVOQuSs?feature=oembed\" frameborder=\"0\" allow=\"accelerometer; autoplay; encrypted-media; gyroscope; picture-in-picture\" allowfullscreen><\/iframe><\/p>\n","protected":false},"excerpt":{"rendered":"<p>Da bi gradevina bila za\u0161ti\u0107ena od ki\u0161e, snijega, prevelike topline ili hladno\u0107e treba imati dobar krov. Krovopokriva\u010di pokrivaju krovove ku\u0107a &hellip; <\/p>\n","protected":false},"author":1,"featured_media":0,"parent":0,"menu_order":0,"comment_status":"closed","ping_status":"closed","template":"","meta":{"footnotes":""},"class_list":["post-476","page","type-page","status-publish","hentry"],"yoast_head":"<!-- This site is optimized with the Yoast SEO plugin v27.5 - https:\/\/yoast.com\/product\/yoast-seo-wordpress\/ -->\n<title>Krovopokriva\u010d - OIG\u0160<\/title>\n<meta name=\"description\" content=\"Da bi gradevina bila za\u0161ti\u0107ena od ki\u0161e, snijega, prevelike topline ili hladno\u0107e treba imati dobar krov. Krovopokriva\u010di pokrivaju krovove ku\u0107a (ravne i\" \/>\n<meta name=\"robots\" content=\"index, follow, max-snippet:-1, max-image-preview:large, max-video-preview:-1\" \/>\n<link rel=\"canonical\" href=\"https:\/\/oigs.hr\/novo\/krovopokrivac\/\" \/>\n<meta property=\"og:locale\" content=\"hr_HR\" \/>\n<meta property=\"og:type\" content=\"article\" \/>\n<meta property=\"og:title\" content=\"Krovopokriva\u010d - OIG\u0160\" \/>\n<meta property=\"og:description\" content=\"Da bi gradevina bila za\u0161ti\u0107ena od ki\u0161e, snijega, prevelike topline ili hladno\u0107e treba imati dobar krov. Krovopokriva\u010di pokrivaju krovove ku\u0107a (ravne i\" \/>\n<meta property=\"og:url\" content=\"https:\/\/oigs.hr\/novo\/krovopokrivac\/\" \/>\n<meta property=\"og:site_name\" content=\"OIG\u0160\" \/>\n<meta property=\"article:publisher\" content=\"https:\/\/www.facebook.com\/oigs.srednjaskola\/\" \/>\n<meta property=\"article:modified_time\" content=\"2020-06-28T06:22:29+00:00\" \/>\n<meta property=\"og:image\" content=\"https:\/\/oigs.hr\/novo\/wp-content\/uploads\/2019\/01\/krovopokrivac.png\" \/>\n<meta name=\"twitter:card\" content=\"summary_large_image\" \/>\n<script type=\"application\/ld+json\" class=\"yoast-schema-graph\">{\"@context\":\"https:\\\/\\\/schema.org\",\"@graph\":[{\"@type\":\"WebPage\",\"@id\":\"https:\\\/\\\/oigs.hr\\\/novo\\\/krovopokrivac\\\/\",\"url\":\"https:\\\/\\\/oigs.hr\\\/novo\\\/krovopokrivac\\\/\",\"name\":\"Krovopokriva\u010d - OIG\u0160\",\"isPartOf\":{\"@id\":\"https:\\\/\\\/oigs.hr\\\/novo\\\/#website\"},\"primaryImageOfPage\":{\"@id\":\"https:\\\/\\\/oigs.hr\\\/novo\\\/krovopokrivac\\\/#primaryimage\"},\"image\":{\"@id\":\"https:\\\/\\\/oigs.hr\\\/novo\\\/krovopokrivac\\\/#primaryimage\"},\"thumbnailUrl\":\"https:\\\/\\\/oigs.hr\\\/novo\\\/wp-content\\\/uploads\\\/2019\\\/01\\\/krovopokrivac.png\",\"datePublished\":\"2019-01-11T13:37:26+00:00\",\"dateModified\":\"2020-06-28T06:22:29+00:00\",\"description\":\"Da bi gradevina bila za\u0161ti\u0107ena od ki\u0161e, snijega, prevelike topline ili hladno\u0107e treba imati dobar krov. Krovopokriva\u010di pokrivaju krovove ku\u0107a (ravne i\",\"breadcrumb\":{\"@id\":\"https:\\\/\\\/oigs.hr\\\/novo\\\/krovopokrivac\\\/#breadcrumb\"},\"inLanguage\":\"hr\",\"potentialAction\":[{\"@type\":\"ReadAction\",\"target\":[\"https:\\\/\\\/oigs.hr\\\/novo\\\/krovopokrivac\\\/\"]}]},{\"@type\":\"ImageObject\",\"inLanguage\":\"hr\",\"@id\":\"https:\\\/\\\/oigs.hr\\\/novo\\\/krovopokrivac\\\/#primaryimage\",\"url\":\"https:\\\/\\\/oigs.hr\\\/novo\\\/wp-content\\\/uploads\\\/2019\\\/01\\\/krovopokrivac.png\",\"contentUrl\":\"https:\\\/\\\/oigs.hr\\\/novo\\\/wp-content\\\/uploads\\\/2019\\\/01\\\/krovopokrivac.png\",\"width\":800,\"height\":450},{\"@type\":\"BreadcrumbList\",\"@id\":\"https:\\\/\\\/oigs.hr\\\/novo\\\/krovopokrivac\\\/#breadcrumb\",\"itemListElement\":[{\"@type\":\"ListItem\",\"position\":1,\"name\":\"Po\u010detna stranica\",\"item\":\"https:\\\/\\\/oigs.hr\\\/novo\\\/\"},{\"@type\":\"ListItem\",\"position\":2,\"name\":\"Krovopokriva\u010d\"}]},{\"@type\":\"WebSite\",\"@id\":\"https:\\\/\\\/oigs.hr\\\/novo\\\/#website\",\"url\":\"https:\\\/\\\/oigs.hr\\\/novo\\\/\",\"name\":\"OIG\u0160\",\"description\":\"Obrtni\u010dka i industrijska graditeljska \u0161kola\",\"publisher\":{\"@id\":\"https:\\\/\\\/oigs.hr\\\/novo\\\/#organization\"},\"potentialAction\":[{\"@type\":\"SearchAction\",\"target\":{\"@type\":\"EntryPoint\",\"urlTemplate\":\"https:\\\/\\\/oigs.hr\\\/novo\\\/?s={search_term_string}\"},\"query-input\":{\"@type\":\"PropertyValueSpecification\",\"valueRequired\":true,\"valueName\":\"search_term_string\"}}],\"inLanguage\":\"hr\"},{\"@type\":\"Organization\",\"@id\":\"https:\\\/\\\/oigs.hr\\\/novo\\\/#organization\",\"name\":\"OIG\u0160\",\"url\":\"https:\\\/\\\/oigs.hr\\\/novo\\\/\",\"logo\":{\"@type\":\"ImageObject\",\"inLanguage\":\"hr\",\"@id\":\"https:\\\/\\\/oigs.hr\\\/novo\\\/#\\\/schema\\\/logo\\\/image\\\/\",\"url\":\"https:\\\/\\\/oigs.hr\\\/novo\\\/wp-content\\\/uploads\\\/2020\\\/06\\\/logo-1-e1592001907410.png\",\"contentUrl\":\"https:\\\/\\\/oigs.hr\\\/novo\\\/wp-content\\\/uploads\\\/2020\\\/06\\\/logo-1-e1592001907410.png\",\"width\":195,\"height\":181,\"caption\":\"OIG\u0160\"},\"image\":{\"@id\":\"https:\\\/\\\/oigs.hr\\\/novo\\\/#\\\/schema\\\/logo\\\/image\\\/\"},\"sameAs\":[\"https:\\\/\\\/www.facebook.com\\\/oigs.srednjaskola\\\/\"]}]}<\/script>\n<!-- \/ Yoast SEO plugin. -->","yoast_head_json":{"title":"Krovopokriva\u010d - OIG\u0160","description":"Da bi gradevina bila za\u0161ti\u0107ena od ki\u0161e, snijega, prevelike topline ili hladno\u0107e treba imati dobar krov. Krovopokriva\u010di pokrivaju krovove ku\u0107a (ravne i","robots":{"index":"index","follow":"follow","max-snippet":"max-snippet:-1","max-image-preview":"max-image-preview:large","max-video-preview":"max-video-preview:-1"},"canonical":"https:\/\/oigs.hr\/novo\/krovopokrivac\/","og_locale":"hr_HR","og_type":"article","og_title":"Krovopokriva\u010d - OIG\u0160","og_description":"Da bi gradevina bila za\u0161ti\u0107ena od ki\u0161e, snijega, prevelike topline ili hladno\u0107e treba imati dobar krov. Krovopokriva\u010di pokrivaju krovove ku\u0107a (ravne i","og_url":"https:\/\/oigs.hr\/novo\/krovopokrivac\/","og_site_name":"OIG\u0160","article_publisher":"https:\/\/www.facebook.com\/oigs.srednjaskola\/","article_modified_time":"2020-06-28T06:22:29+00:00","og_image":[{"url":"https:\/\/oigs.hr\/novo\/wp-content\/uploads\/2019\/01\/krovopokrivac.png","type":"","width":"","height":""}],"twitter_card":"summary_large_image","schema":{"@context":"https:\/\/schema.org","@graph":[{"@type":"WebPage","@id":"https:\/\/oigs.hr\/novo\/krovopokrivac\/","url":"https:\/\/oigs.hr\/novo\/krovopokrivac\/","name":"Krovopokriva\u010d - OIG\u0160","isPartOf":{"@id":"https:\/\/oigs.hr\/novo\/#website"},"primaryImageOfPage":{"@id":"https:\/\/oigs.hr\/novo\/krovopokrivac\/#primaryimage"},"image":{"@id":"https:\/\/oigs.hr\/novo\/krovopokrivac\/#primaryimage"},"thumbnailUrl":"https:\/\/oigs.hr\/novo\/wp-content\/uploads\/2019\/01\/krovopokrivac.png","datePublished":"2019-01-11T13:37:26+00:00","dateModified":"2020-06-28T06:22:29+00:00","description":"Da bi gradevina bila za\u0161ti\u0107ena od ki\u0161e, snijega, prevelike topline ili hladno\u0107e treba imati dobar krov. Krovopokriva\u010di pokrivaju krovove ku\u0107a (ravne i","breadcrumb":{"@id":"https:\/\/oigs.hr\/novo\/krovopokrivac\/#breadcrumb"},"inLanguage":"hr","potentialAction":[{"@type":"ReadAction","target":["https:\/\/oigs.hr\/novo\/krovopokrivac\/"]}]},{"@type":"ImageObject","inLanguage":"hr","@id":"https:\/\/oigs.hr\/novo\/krovopokrivac\/#primaryimage","url":"https:\/\/oigs.hr\/novo\/wp-content\/uploads\/2019\/01\/krovopokrivac.png","contentUrl":"https:\/\/oigs.hr\/novo\/wp-content\/uploads\/2019\/01\/krovopokrivac.png","width":800,"height":450},{"@type":"BreadcrumbList","@id":"https:\/\/oigs.hr\/novo\/krovopokrivac\/#breadcrumb","itemListElement":[{"@type":"ListItem","position":1,"name":"Po\u010detna stranica","item":"https:\/\/oigs.hr\/novo\/"},{"@type":"ListItem","position":2,"name":"Krovopokriva\u010d"}]},{"@type":"WebSite","@id":"https:\/\/oigs.hr\/novo\/#website","url":"https:\/\/oigs.hr\/novo\/","name":"OIG\u0160","description":"Obrtni\u010dka i industrijska graditeljska \u0161kola","publisher":{"@id":"https:\/\/oigs.hr\/novo\/#organization"},"potentialAction":[{"@type":"SearchAction","target":{"@type":"EntryPoint","urlTemplate":"https:\/\/oigs.hr\/novo\/?s={search_term_string}"},"query-input":{"@type":"PropertyValueSpecification","valueRequired":true,"valueName":"search_term_string"}}],"inLanguage":"hr"},{"@type":"Organization","@id":"https:\/\/oigs.hr\/novo\/#organization","name":"OIG\u0160","url":"https:\/\/oigs.hr\/novo\/","logo":{"@type":"ImageObject","inLanguage":"hr","@id":"https:\/\/oigs.hr\/novo\/#\/schema\/logo\/image\/","url":"https:\/\/oigs.hr\/novo\/wp-content\/uploads\/2020\/06\/logo-1-e1592001907410.png","contentUrl":"https:\/\/oigs.hr\/novo\/wp-content\/uploads\/2020\/06\/logo-1-e1592001907410.png","width":195,"height":181,"caption":"OIG\u0160"},"image":{"@id":"https:\/\/oigs.hr\/novo\/#\/schema\/logo\/image\/"},"sameAs":["https:\/\/www.facebook.com\/oigs.srednjaskola\/"]}]}},"_links":{"self":[{"href":"https:\/\/oigs.hr\/novo\/wp-json\/wp\/v2\/pages\/476","targetHints":{"allow":["GET"]}}],"collection":[{"href":"https:\/\/oigs.hr\/novo\/wp-json\/wp\/v2\/pages"}],"about":[{"href":"https:\/\/oigs.hr\/novo\/wp-json\/wp\/v2\/types\/page"}],"author":[{"embeddable":true,"href":"https:\/\/oigs.hr\/novo\/wp-json\/wp\/v2\/users\/1"}],"replies":[{"embeddable":true,"href":"https:\/\/oigs.hr\/novo\/wp-json\/wp\/v2\/comments?post=476"}],"version-history":[{"count":3,"href":"https:\/\/oigs.hr\/novo\/wp-json\/wp\/v2\/pages\/476\/revisions"}],"predecessor-version":[{"id":1567,"href":"https:\/\/oigs.hr\/novo\/wp-json\/wp\/v2\/pages\/476\/revisions\/1567"}],"wp:attachment":[{"href":"https:\/\/oigs.hr\/novo\/wp-json\/wp\/v2\/media?parent=476"}],"curies":[{"name":"wp","href":"https:\/\/api.w.org\/{rel}","templated":true}]}}