{"id":470,"date":"2019-01-11T14:36:31","date_gmt":"2019-01-11T13:36:31","guid":{"rendered":"https:\/\/www.oigs.hr\/novo\/?page_id=470"},"modified":"2025-06-27T07:44:08","modified_gmt":"2025-06-27T05:44:08","slug":"prakticna-nastava","status":"publish","type":"page","link":"https:\/\/oigs.hr\/novo\/prakticna-nastava\/","title":{"rendered":"Prakti\u010dna nastava"},"content":{"rendered":"<h1>Stru\u010dna praksa \u2013 temelj za uspje\u0161nu budu\u0107nost<\/h1>\n<p><img loading=\"lazy\" decoding=\"async\" class=\"alignnone wp-image-8811\" src=\"https:\/\/oigs.hr\/novo\/wp-content\/uploads\/2024\/11\/autolakireri-300x207.jpg\" alt=\"\" width=\"417\" height=\"288\" srcset=\"https:\/\/oigs.hr\/novo\/wp-content\/uploads\/2024\/11\/autolakireri-300x207.jpg 300w, https:\/\/oigs.hr\/novo\/wp-content\/uploads\/2024\/11\/autolakireri-1024x706.jpg 1024w, https:\/\/oigs.hr\/novo\/wp-content\/uploads\/2024\/11\/autolakireri-768x530.jpg 768w, https:\/\/oigs.hr\/novo\/wp-content\/uploads\/2024\/11\/autolakireri.jpg 1231w\" sizes=\"auto, (max-width: 417px) 100vw, 417px\" \/><\/p>\n<p data-start=\"266\" data-end=\"507\">U Obrtni\u010dkoj i industrijskoj graditeljskoj \u0161koli Zagreb, stru\u010dna praksa zauzima klju\u010dno mjesto u obrazovanju na\u0161ih u\u010denika. Vjerujemo da znanje nije potpuno bez prakti\u010dne primjene, stoga je praksa sastavni dio svih na\u0161ih strukovnih programa.<\/p>\n<p data-start=\"509\" data-end=\"547\">Stru\u010dna praksa omogu\u0107uje u\u010denicima da:<\/p>\n<ul data-start=\"548\" data-end=\"827\">\n<li data-start=\"548\" data-end=\"607\">\n<p data-start=\"550\" data-end=\"607\">steknu konkretna znanja i vje\u0161tine iz svog zanimanja,<\/p>\n<\/li>\n<li data-start=\"608\" data-end=\"682\">\n<p data-start=\"610\" data-end=\"682\">nau\u010de raditi u stvarnim uvjetima, uz mentorstvo iskusnih stru\u010dnjaka,<\/p>\n<\/li>\n<li data-start=\"683\" data-end=\"739\">\n<p data-start=\"685\" data-end=\"739\">razviju radne navike, odgovornost i samopouzdanje,<\/p>\n<\/li>\n<li data-start=\"740\" data-end=\"827\">\n<p data-start=\"742\" data-end=\"827\">upoznaju tr\u017ei\u0161te rada i lak\u0161e se uklju\u010de u profesionalni svijet nakon \u0161kolovanja.<\/p>\n<\/li>\n<\/ul>\n<p data-start=\"829\" data-end=\"1093\">Na\u0161i u\u010denici praksu obavljaju u relevantnim obrtni\u010dkim radionicama, gra\u0111evinskim i industrijskim tvrtkama, s kojima \u0161kola ostvaruje dugogodi\u0161nju suradnju. Pratimo njihove napretke, vrednujemo njihov trud i poti\u010demo ih da postanu vrsni majstori svog zanata.<\/p>\n<p data-start=\"1095\" data-end=\"1355\">Zahvaljuju\u0107i praksi, u\u010denici se lak\u0161e zapo\u0161ljavaju, a \u010desto dobivaju i ponude za radna mjesta odmah po zavr\u0161etku \u0161kolovanja. Ponosni smo na uspjehe na\u0161ih u\u010denika koji su svoje prve korake u struci napravili upravo kroz stru\u010dnu praksu organiziranu u OIG\u0160-u.<\/p>\n<p><strong><a href=\"https:\/\/oigs.hr\/novo\/wp-content\/uploads\/2025\/06\/Potvrda_o_strucnoj_praksi.pdf\">Preuzmi predlo\u017eak Potvrde o stru\u010dnoj praksi <\/a><\/strong><\/p>\n","protected":false},"excerpt":{"rendered":"<p>Stru\u010dna praksa \u2013 temelj za uspje\u0161nu budu\u0107nost U Obrtni\u010dkoj i industrijskoj graditeljskoj \u0161koli Zagreb, stru\u010dna praksa zauzima klju\u010dno mjesto u &hellip; <\/p>\n","protected":false},"author":1,"featured_media":0,"parent":0,"menu_order":0,"comment_status":"closed","ping_status":"closed","template":"","meta":{"footnotes":""},"class_list":["post-470","page","type-page","status-publish","hentry"],"yoast_head":"<!-- This site is optimized with the Yoast SEO plugin v27.4 - https:\/\/yoast.com\/product\/yoast-seo-wordpress\/ -->\n<title>Prakti\u010dna nastava - OIG\u0160<\/title>\n<meta name=\"description\" content=\"Stru\u010dna praksa \u2013 temelj za uspje\u0161nu budu\u0107nost U Obrtni\u010dkoj i industrijskoj graditeljskoj \u0161koli Zagreb, stru\u010dna praksa zauzima klju\u010dno mjesto u obrazovanju\" \/>\n<meta name=\"robots\" content=\"index, follow, max-snippet:-1, max-image-preview:large, max-video-preview:-1\" \/>\n<link rel=\"canonical\" href=\"https:\/\/oigs.hr\/novo\/prakticna-nastava\/\" \/>\n<meta property=\"og:locale\" content=\"hr_HR\" \/>\n<meta property=\"og:type\" content=\"article\" \/>\n<meta property=\"og:title\" content=\"Prakti\u010dna nastava - OIG\u0160\" \/>\n<meta property=\"og:description\" content=\"Stru\u010dna praksa \u2013 temelj za uspje\u0161nu budu\u0107nost U Obrtni\u010dkoj i industrijskoj graditeljskoj \u0161koli Zagreb, stru\u010dna praksa zauzima klju\u010dno mjesto u obrazovanju\" \/>\n<meta property=\"og:url\" content=\"https:\/\/oigs.hr\/novo\/prakticna-nastava\/\" \/>\n<meta property=\"og:site_name\" content=\"OIG\u0160\" \/>\n<meta property=\"article:publisher\" content=\"https:\/\/www.facebook.com\/oigs.srednjaskola\/\" \/>\n<meta property=\"article:modified_time\" content=\"2025-06-27T05:44:08+00:00\" \/>\n<meta property=\"og:image\" content=\"https:\/\/oigs.hr\/novo\/wp-content\/uploads\/2024\/11\/autolakireri.jpg\" \/>\n\t<meta property=\"og:image:width\" content=\"1231\" \/>\n\t<meta property=\"og:image:height\" content=\"849\" \/>\n\t<meta property=\"og:image:type\" content=\"image\/jpeg\" \/>\n<meta name=\"twitter:card\" content=\"summary_large_image\" \/>\n<meta name=\"twitter:label1\" content=\"Procijenjeno vrijeme \u010ditanja\" \/>\n\t<meta name=\"twitter:data1\" content=\"2 minute\" \/>\n<script type=\"application\/ld+json\" class=\"yoast-schema-graph\">{\"@context\":\"https:\\\/\\\/schema.org\",\"@graph\":[{\"@type\":\"WebPage\",\"@id\":\"https:\\\/\\\/oigs.hr\\\/novo\\\/prakticna-nastava\\\/\",\"url\":\"https:\\\/\\\/oigs.hr\\\/novo\\\/prakticna-nastava\\\/\",\"name\":\"Prakti\u010dna nastava - OIG\u0160\",\"isPartOf\":{\"@id\":\"https:\\\/\\\/oigs.hr\\\/novo\\\/#website\"},\"primaryImageOfPage\":{\"@id\":\"https:\\\/\\\/oigs.hr\\\/novo\\\/prakticna-nastava\\\/#primaryimage\"},\"image\":{\"@id\":\"https:\\\/\\\/oigs.hr\\\/novo\\\/prakticna-nastava\\\/#primaryimage\"},\"thumbnailUrl\":\"https:\\\/\\\/oigs.hr\\\/novo\\\/wp-content\\\/uploads\\\/2024\\\/11\\\/autolakireri-300x207.jpg\",\"datePublished\":\"2019-01-11T13:36:31+00:00\",\"dateModified\":\"2025-06-27T05:44:08+00:00\",\"description\":\"Stru\u010dna praksa \u2013 temelj za uspje\u0161nu budu\u0107nost U Obrtni\u010dkoj i industrijskoj graditeljskoj \u0161koli Zagreb, stru\u010dna praksa zauzima klju\u010dno mjesto u obrazovanju\",\"breadcrumb\":{\"@id\":\"https:\\\/\\\/oigs.hr\\\/novo\\\/prakticna-nastava\\\/#breadcrumb\"},\"inLanguage\":\"hr\",\"potentialAction\":[{\"@type\":\"ReadAction\",\"target\":[\"https:\\\/\\\/oigs.hr\\\/novo\\\/prakticna-nastava\\\/\"]}]},{\"@type\":\"ImageObject\",\"inLanguage\":\"hr\",\"@id\":\"https:\\\/\\\/oigs.hr\\\/novo\\\/prakticna-nastava\\\/#primaryimage\",\"url\":\"https:\\\/\\\/oigs.hr\\\/novo\\\/wp-content\\\/uploads\\\/2024\\\/11\\\/autolakireri.jpg\",\"contentUrl\":\"https:\\\/\\\/oigs.hr\\\/novo\\\/wp-content\\\/uploads\\\/2024\\\/11\\\/autolakireri.jpg\",\"width\":1231,\"height\":849},{\"@type\":\"BreadcrumbList\",\"@id\":\"https:\\\/\\\/oigs.hr\\\/novo\\\/prakticna-nastava\\\/#breadcrumb\",\"itemListElement\":[{\"@type\":\"ListItem\",\"position\":1,\"name\":\"Po\u010detna stranica\",\"item\":\"https:\\\/\\\/oigs.hr\\\/novo\\\/\"},{\"@type\":\"ListItem\",\"position\":2,\"name\":\"Prakti\u010dna nastava\"}]},{\"@type\":\"WebSite\",\"@id\":\"https:\\\/\\\/oigs.hr\\\/novo\\\/#website\",\"url\":\"https:\\\/\\\/oigs.hr\\\/novo\\\/\",\"name\":\"OIG\u0160\",\"description\":\"Obrtni\u010dka i industrijska graditeljska \u0161kola\",\"publisher\":{\"@id\":\"https:\\\/\\\/oigs.hr\\\/novo\\\/#organization\"},\"potentialAction\":[{\"@type\":\"SearchAction\",\"target\":{\"@type\":\"EntryPoint\",\"urlTemplate\":\"https:\\\/\\\/oigs.hr\\\/novo\\\/?s={search_term_string}\"},\"query-input\":{\"@type\":\"PropertyValueSpecification\",\"valueRequired\":true,\"valueName\":\"search_term_string\"}}],\"inLanguage\":\"hr\"},{\"@type\":\"Organization\",\"@id\":\"https:\\\/\\\/oigs.hr\\\/novo\\\/#organization\",\"name\":\"OIG\u0160\",\"url\":\"https:\\\/\\\/oigs.hr\\\/novo\\\/\",\"logo\":{\"@type\":\"ImageObject\",\"inLanguage\":\"hr\",\"@id\":\"https:\\\/\\\/oigs.hr\\\/novo\\\/#\\\/schema\\\/logo\\\/image\\\/\",\"url\":\"https:\\\/\\\/oigs.hr\\\/novo\\\/wp-content\\\/uploads\\\/2020\\\/06\\\/logo-1-e1592001907410.png\",\"contentUrl\":\"https:\\\/\\\/oigs.hr\\\/novo\\\/wp-content\\\/uploads\\\/2020\\\/06\\\/logo-1-e1592001907410.png\",\"width\":195,\"height\":181,\"caption\":\"OIG\u0160\"},\"image\":{\"@id\":\"https:\\\/\\\/oigs.hr\\\/novo\\\/#\\\/schema\\\/logo\\\/image\\\/\"},\"sameAs\":[\"https:\\\/\\\/www.facebook.com\\\/oigs.srednjaskola\\\/\"]}]}<\/script>\n<!-- \/ Yoast SEO plugin. -->","yoast_head_json":{"title":"Prakti\u010dna nastava - OIG\u0160","description":"Stru\u010dna praksa \u2013 temelj za uspje\u0161nu budu\u0107nost U Obrtni\u010dkoj i industrijskoj graditeljskoj \u0161koli Zagreb, stru\u010dna praksa zauzima klju\u010dno mjesto u obrazovanju","robots":{"index":"index","follow":"follow","max-snippet":"max-snippet:-1","max-image-preview":"max-image-preview:large","max-video-preview":"max-video-preview:-1"},"canonical":"https:\/\/oigs.hr\/novo\/prakticna-nastava\/","og_locale":"hr_HR","og_type":"article","og_title":"Prakti\u010dna nastava - OIG\u0160","og_description":"Stru\u010dna praksa \u2013 temelj za uspje\u0161nu budu\u0107nost U Obrtni\u010dkoj i industrijskoj graditeljskoj \u0161koli Zagreb, stru\u010dna praksa zauzima klju\u010dno mjesto u obrazovanju","og_url":"https:\/\/oigs.hr\/novo\/prakticna-nastava\/","og_site_name":"OIG\u0160","article_publisher":"https:\/\/www.facebook.com\/oigs.srednjaskola\/","article_modified_time":"2025-06-27T05:44:08+00:00","og_image":[{"width":1231,"height":849,"url":"https:\/\/oigs.hr\/novo\/wp-content\/uploads\/2024\/11\/autolakireri.jpg","type":"image\/jpeg"}],"twitter_card":"summary_large_image","twitter_misc":{"Procijenjeno vrijeme \u010ditanja":"2 minute"},"schema":{"@context":"https:\/\/schema.org","@graph":[{"@type":"WebPage","@id":"https:\/\/oigs.hr\/novo\/prakticna-nastava\/","url":"https:\/\/oigs.hr\/novo\/prakticna-nastava\/","name":"Prakti\u010dna nastava - OIG\u0160","isPartOf":{"@id":"https:\/\/oigs.hr\/novo\/#website"},"primaryImageOfPage":{"@id":"https:\/\/oigs.hr\/novo\/prakticna-nastava\/#primaryimage"},"image":{"@id":"https:\/\/oigs.hr\/novo\/prakticna-nastava\/#primaryimage"},"thumbnailUrl":"https:\/\/oigs.hr\/novo\/wp-content\/uploads\/2024\/11\/autolakireri-300x207.jpg","datePublished":"2019-01-11T13:36:31+00:00","dateModified":"2025-06-27T05:44:08+00:00","description":"Stru\u010dna praksa \u2013 temelj za uspje\u0161nu budu\u0107nost U Obrtni\u010dkoj i industrijskoj graditeljskoj \u0161koli Zagreb, stru\u010dna praksa zauzima klju\u010dno mjesto u obrazovanju","breadcrumb":{"@id":"https:\/\/oigs.hr\/novo\/prakticna-nastava\/#breadcrumb"},"inLanguage":"hr","potentialAction":[{"@type":"ReadAction","target":["https:\/\/oigs.hr\/novo\/prakticna-nastava\/"]}]},{"@type":"ImageObject","inLanguage":"hr","@id":"https:\/\/oigs.hr\/novo\/prakticna-nastava\/#primaryimage","url":"https:\/\/oigs.hr\/novo\/wp-content\/uploads\/2024\/11\/autolakireri.jpg","contentUrl":"https:\/\/oigs.hr\/novo\/wp-content\/uploads\/2024\/11\/autolakireri.jpg","width":1231,"height":849},{"@type":"BreadcrumbList","@id":"https:\/\/oigs.hr\/novo\/prakticna-nastava\/#breadcrumb","itemListElement":[{"@type":"ListItem","position":1,"name":"Po\u010detna stranica","item":"https:\/\/oigs.hr\/novo\/"},{"@type":"ListItem","position":2,"name":"Prakti\u010dna nastava"}]},{"@type":"WebSite","@id":"https:\/\/oigs.hr\/novo\/#website","url":"https:\/\/oigs.hr\/novo\/","name":"OIG\u0160","description":"Obrtni\u010dka i industrijska graditeljska \u0161kola","publisher":{"@id":"https:\/\/oigs.hr\/novo\/#organization"},"potentialAction":[{"@type":"SearchAction","target":{"@type":"EntryPoint","urlTemplate":"https:\/\/oigs.hr\/novo\/?s={search_term_string}"},"query-input":{"@type":"PropertyValueSpecification","valueRequired":true,"valueName":"search_term_string"}}],"inLanguage":"hr"},{"@type":"Organization","@id":"https:\/\/oigs.hr\/novo\/#organization","name":"OIG\u0160","url":"https:\/\/oigs.hr\/novo\/","logo":{"@type":"ImageObject","inLanguage":"hr","@id":"https:\/\/oigs.hr\/novo\/#\/schema\/logo\/image\/","url":"https:\/\/oigs.hr\/novo\/wp-content\/uploads\/2020\/06\/logo-1-e1592001907410.png","contentUrl":"https:\/\/oigs.hr\/novo\/wp-content\/uploads\/2020\/06\/logo-1-e1592001907410.png","width":195,"height":181,"caption":"OIG\u0160"},"image":{"@id":"https:\/\/oigs.hr\/novo\/#\/schema\/logo\/image\/"},"sameAs":["https:\/\/www.facebook.com\/oigs.srednjaskola\/"]}]}},"_links":{"self":[{"href":"https:\/\/oigs.hr\/novo\/wp-json\/wp\/v2\/pages\/470","targetHints":{"allow":["GET"]}}],"collection":[{"href":"https:\/\/oigs.hr\/novo\/wp-json\/wp\/v2\/pages"}],"about":[{"href":"https:\/\/oigs.hr\/novo\/wp-json\/wp\/v2\/types\/page"}],"author":[{"embeddable":true,"href":"https:\/\/oigs.hr\/novo\/wp-json\/wp\/v2\/users\/1"}],"replies":[{"embeddable":true,"href":"https:\/\/oigs.hr\/novo\/wp-json\/wp\/v2\/comments?post=470"}],"version-history":[{"count":16,"href":"https:\/\/oigs.hr\/novo\/wp-json\/wp\/v2\/pages\/470\/revisions"}],"predecessor-version":[{"id":9764,"href":"https:\/\/oigs.hr\/novo\/wp-json\/wp\/v2\/pages\/470\/revisions\/9764"}],"wp:attachment":[{"href":"https:\/\/oigs.hr\/novo\/wp-json\/wp\/v2\/media?parent=470"}],"curies":[{"name":"wp","href":"https:\/\/api.w.org\/{rel}","templated":true}]}}