{"id":462,"date":"2019-01-11T14:34:47","date_gmt":"2019-01-11T13:34:47","guid":{"rendered":"https:\/\/www.oigs.hr\/novo\/?page_id=462"},"modified":"2019-01-14T10:01:41","modified_gmt":"2019-01-14T09:01:41","slug":"povijest","status":"publish","type":"page","link":"https:\/\/oigs.hr\/novo\/povijest\/","title":{"rendered":"Povijest"},"content":{"rendered":"<div id=\"pl-462\"  class=\"panel-layout\" ><div id=\"pg-462-0\"  class=\"panel-grid panel-no-style\" ><div id=\"pgc-462-0-0\"  class=\"panel-grid-cell\" ><div id=\"panel-462-0-0-0\" class=\"so-panel widget widget_text panel-first-child panel-last-child\" data-index=\"0\" >\t\t\t<div class=\"textwidget\"><p style=\"text-align: center;\"><span class=\"style8\">POVIJEST GRADITELJSKOG \u0160KOLSTVA U ZAGREBU\u00a0<\/span><\/p>\n<p><span class=\"style8\">Druga polovica XIX. stolje\u0107a u znaku je industrijalizacije Hrvatske. Gradovi poput Osijeka, Rijeke, Splita, a posebno Zagreba, postaju sredi\u0161ta industrije i po\u010dinju oblikovati svoje industrijske kvartove. Otvaranje tvornica doselilo je u gradove nove stanovnike koji grade svoje ku\u0107e, \u010dime se gradski prostori \u0161ire na dotada poljoprivredna podru\u010dja. Ove promjene utjecale su i na potrebu stru\u010dno osposobljenih majstora, posebno za graditeljska zanimanja. Inicijativu za otvaranje Obrtne \u0161kole u Zagrebu potaklo je Dru\u0161tvo umjetnika koje je okupljalo znamenite javne i kulturne osobe Zagreba i Hrvatske. Svoj zahtjev podnijeli su Kraljevskoj i zemaljskoj vladi Hrvatske, Slavonije i Dalmacije. 9. listopada 1882. Zemaljska vlada donijela je naredbu o osnivanju Obrtne \u0161kole, a 11. studenoga iste godine odobrila je njezin plan i program rada. Nastava u novoosnovanoj Obrtnoj \u0161koli zapo\u010dela je 17. studenoga 1882. godine.U prvi razred prve \u0161kolske godine 1882\/1883. bilo je upisano 20 u\u010denika: 7 stolara, 7 bravara, 4 klesara i 2 kipara. Kasnijih godina broj u\u010denika je rastao, ali su se uvodila i nova zanimanja za koja je bilo potrebe na tada\u0161njem tr\u017ei\u0161tu rada. Prvu \u0161kolsku godinu Obrtna \u0161kola provela je u zgradi na Dolcu. Kasnije se selila na razli\u010dite lokacije po gradu. 1891. godine otvorena je zgrada na dana\u0161njem Trgu mar\u0161ala Tita koja je izgra\u0111ena prema projektu Hermana Bollea. U njezinom kompleksu nalazila se Obrtna \u0161kola s \u0111a\u010dkim domom i Muzej za umjetnost i obrt. Obrtna \u0161kola, odnosno Tehni\u010dka srednja \u0161kola u ovoj zgradi djelovale su od otvorenja 1891. do kraja Drugog svjetskog rata 1945. godine. Danas se uz Muzej nalazi i \u0160kola za primijenjenu umjetnost i dizajn.<\/span><\/p>\n<p>Nakon Drugog svjetskog rata na\u0161a \u0160kola bila je jedno kra\u0107e vrijeme u smje\u0161tena zgradi dana\u0161njih gimnazija u Kri\u017eani\u0107evoj ulici 4. (od 1945. do 1947. godine). Od 1947. godine pa do izgradnje Gra\u0111evinskog centra u Sopotu 60-ih godina pro\u0161log stolje\u0107a, \u0160kola je dijelila prostor s ostalim tehni\u010dkim \u0161kolama u Kali\u0107evoj ulici 7. Godine 1959. zapo\u010dela je gradnja gra\u0111evinskog centra u Sopotu. Projekt za Centar izradili su arhitekti Ivo Kordi\u0161 i Grozdan Kne\u017eevi\u0107. Gradnja je trajala u etapama desetak godina. Centar je zami\u0161ljen kao jedinstvena ustanova koja objedinjava sve odgojno-obrazovne institucije vezane za graditeljstvo. U 9 zgrada smje\u0161tene su srednje \u0161kole s razli\u010ditim graditeljskim zanimanjima, u\u010deni\u010dki dom, te vi\u0161a \u0161kola za graditelje. Prvi u\u010denici u Centru s nastavom su zapo\u010deli \u0161kolske godine 1963.\/1964. Nakon zavr\u0161etka gradnje Centra 1972. godine, Gra\u0111evinski se centar razvijao kao sredi\u0161te graditeljstva za Hrvatsku, ali i za tada\u0161nju socijalisti\u010dku Jugoslaviju. Osamostaljenjem Hrvatske do\u0161lo je do organizacijskih promjena u Centru. U jesen 1991. godine Gra\u0111evinski je centar rasformiran i osnovane su 4 srednje \u0161kole i U\u010deni\u010dki dom kao zasebne ustanove. Jedna od tih \u0161kola bila je i na\u0161a OBRTNI\u010cKA I INDUSTRIJSKA GRADITELJSKA \u0160KOLA koja je zapo\u010dela s obrazovanjem trogodi\u0161njih obrtni\u010dkih zanimanja. Prvi ravnatelj OIG \u0161kole bio je Bruno Siretz, prof. koji je \u0160koli radio do umirovljenja (1991. \u2013 2000.). U dva mandata ravnatelj je bio Antun Hrvoj\u010dec, dipl. ing. arh. (2000. \u2013 2008.). Sada\u0161nji, tre\u0107i ravnatelj OIG\u0160, je Anto Vidovi\u0107, dipl. teolog. Svi ravnatelji na\u0161e \u0160kole bili su nastavnici u \u0160koli i prije stupanja na funkciju ravnatelja dobro su upoznali specifi\u010dnosti rada i obrazovanja na\u0161ih u\u010denika.<\/p>\n<p>&nbsp;<\/p>\n<\/div>\n\t\t<\/div><\/div><\/div><div id=\"pg-462-1\"  class=\"panel-grid panel-no-style\" ><div id=\"pgc-462-1-0\"  class=\"panel-grid-cell\" ><div id=\"panel-462-1-0-0\" class=\"so-panel widget widget_media_image panel-first-child\" data-index=\"1\" ><img loading=\"lazy\" decoding=\"async\" width=\"300\" height=\"192\" src=\"https:\/\/oigs.hr\/novo\/wp-content\/uploads\/2019\/01\/tlocrt-centra-copy-300x192.jpg\" class=\"image wp-image-592  attachment-medium size-medium\" alt=\"\" style=\"max-width: 100%; height: auto;\" srcset=\"https:\/\/oigs.hr\/novo\/wp-content\/uploads\/2019\/01\/tlocrt-centra-copy-300x192.jpg 300w, https:\/\/oigs.hr\/novo\/wp-content\/uploads\/2019\/01\/tlocrt-centra-copy.jpg 358w\" sizes=\"auto, (max-width: 300px) 100vw, 300px\" \/><\/div><div id=\"panel-462-1-0-1\" class=\"so-panel widget widget_media_image panel-last-child\" data-index=\"2\" ><img loading=\"lazy\" decoding=\"async\" width=\"148\" height=\"300\" src=\"https:\/\/oigs.hr\/novo\/wp-content\/uploads\/2019\/01\/povijest_lijevo_text-148x300.jpg\" class=\"image wp-image-591  attachment-medium size-medium\" alt=\"\" style=\"max-width: 100%; height: auto;\" srcset=\"https:\/\/oigs.hr\/novo\/wp-content\/uploads\/2019\/01\/povijest_lijevo_text-148x300.jpg 148w, https:\/\/oigs.hr\/novo\/wp-content\/uploads\/2019\/01\/povijest_lijevo_text.jpg 231w\" sizes=\"auto, (max-width: 148px) 100vw, 148px\" \/><\/div><\/div><div id=\"pgc-462-1-1\"  class=\"panel-grid-cell\" ><div id=\"panel-462-1-1-0\" class=\"so-panel widget widget_media_image panel-first-child\" data-index=\"3\" ><img loading=\"lazy\" decoding=\"async\" width=\"300\" height=\"205\" src=\"https:\/\/oigs.hr\/novo\/wp-content\/uploads\/2019\/01\/MUO-copy-300x205.jpg\" class=\"image wp-image-589  attachment-medium size-medium\" alt=\"\" style=\"max-width: 100%; height: auto;\" srcset=\"https:\/\/oigs.hr\/novo\/wp-content\/uploads\/2019\/01\/MUO-copy-300x205.jpg 300w, https:\/\/oigs.hr\/novo\/wp-content\/uploads\/2019\/01\/MUO-copy.jpg 358w\" sizes=\"auto, (max-width: 300px) 100vw, 300px\" \/><\/div><div id=\"panel-462-1-1-1\" class=\"so-panel widget widget_media_image panel-last-child\" data-index=\"4\" ><img loading=\"lazy\" decoding=\"async\" width=\"193\" height=\"300\" src=\"https:\/\/oigs.hr\/novo\/wp-content\/uploads\/2019\/01\/povijest_desno_text-193x300.jpg\" class=\"image wp-image-590  attachment-medium size-medium\" alt=\"\" style=\"max-width: 100%; height: auto;\" srcset=\"https:\/\/oigs.hr\/novo\/wp-content\/uploads\/2019\/01\/povijest_desno_text-193x300.jpg 193w, https:\/\/oigs.hr\/novo\/wp-content\/uploads\/2019\/01\/povijest_desno_text.jpg 231w\" sizes=\"auto, (max-width: 193px) 100vw, 193px\" \/><\/div><\/div><\/div><\/div>","protected":false},"excerpt":{"rendered":"<p>POVIJEST GRADITELJSKOG \u0160KOLSTVA U ZAGREBU\u00a0 Druga polovica XIX. stolje\u0107a u znaku je industrijalizacije Hrvatske. Gradovi poput Osijeka, Rijeke, Splita, a &hellip; <\/p>\n","protected":false},"author":1,"featured_media":0,"parent":0,"menu_order":0,"comment_status":"closed","ping_status":"closed","template":"","meta":{"footnotes":""},"class_list":["post-462","page","type-page","status-publish","hentry"],"yoast_head":"<!-- This site is optimized with the Yoast SEO plugin v27.4 - https:\/\/yoast.com\/product\/yoast-seo-wordpress\/ -->\n<title>Povijest - OIG\u0160<\/title>\n<meta name=\"description\" content=\"POVIJEST GRADITELJSKOG \u0160KOLSTVA U ZAGREBU\u00a0 Druga polovica XIX. stolje\u0107a u znaku je industrijalizacije Hrvatske. Gradovi poput Osijeka, Rijeke, Splita, a\" \/>\n<meta name=\"robots\" content=\"index, follow, max-snippet:-1, max-image-preview:large, max-video-preview:-1\" \/>\n<link rel=\"canonical\" href=\"https:\/\/oigs.hr\/novo\/povijest\/\" \/>\n<meta property=\"og:locale\" content=\"hr_HR\" \/>\n<meta property=\"og:type\" content=\"article\" \/>\n<meta property=\"og:title\" content=\"Povijest - OIG\u0160\" \/>\n<meta property=\"og:description\" content=\"POVIJEST GRADITELJSKOG \u0160KOLSTVA U ZAGREBU\u00a0 Druga polovica XIX. stolje\u0107a u znaku je industrijalizacije Hrvatske. Gradovi poput Osijeka, Rijeke, Splita, a\" \/>\n<meta property=\"og:url\" content=\"https:\/\/oigs.hr\/novo\/povijest\/\" \/>\n<meta property=\"og:site_name\" content=\"OIG\u0160\" \/>\n<meta property=\"article:publisher\" content=\"https:\/\/www.facebook.com\/oigs.srednjaskola\/\" \/>\n<meta property=\"article:modified_time\" content=\"2019-01-14T09:01:41+00:00\" \/>\n<meta name=\"twitter:card\" content=\"summary_large_image\" \/>\n<meta name=\"twitter:label1\" content=\"Procijenjeno vrijeme \u010ditanja\" \/>\n\t<meta name=\"twitter:data1\" content=\"3 minute\" \/>\n<script type=\"application\/ld+json\" class=\"yoast-schema-graph\">{\"@context\":\"https:\\\/\\\/schema.org\",\"@graph\":[{\"@type\":\"WebPage\",\"@id\":\"https:\\\/\\\/oigs.hr\\\/novo\\\/povijest\\\/\",\"url\":\"https:\\\/\\\/oigs.hr\\\/novo\\\/povijest\\\/\",\"name\":\"Povijest - OIG\u0160\",\"isPartOf\":{\"@id\":\"https:\\\/\\\/oigs.hr\\\/novo\\\/#website\"},\"datePublished\":\"2019-01-11T13:34:47+00:00\",\"dateModified\":\"2019-01-14T09:01:41+00:00\",\"description\":\"POVIJEST GRADITELJSKOG \u0160KOLSTVA U ZAGREBU\u00a0 Druga polovica XIX. stolje\u0107a u znaku je industrijalizacije Hrvatske. Gradovi poput Osijeka, Rijeke, Splita, a\",\"breadcrumb\":{\"@id\":\"https:\\\/\\\/oigs.hr\\\/novo\\\/povijest\\\/#breadcrumb\"},\"inLanguage\":\"hr\",\"potentialAction\":[{\"@type\":\"ReadAction\",\"target\":[\"https:\\\/\\\/oigs.hr\\\/novo\\\/povijest\\\/\"]}]},{\"@type\":\"BreadcrumbList\",\"@id\":\"https:\\\/\\\/oigs.hr\\\/novo\\\/povijest\\\/#breadcrumb\",\"itemListElement\":[{\"@type\":\"ListItem\",\"position\":1,\"name\":\"Po\u010detna stranica\",\"item\":\"https:\\\/\\\/oigs.hr\\\/novo\\\/\"},{\"@type\":\"ListItem\",\"position\":2,\"name\":\"Povijest\"}]},{\"@type\":\"WebSite\",\"@id\":\"https:\\\/\\\/oigs.hr\\\/novo\\\/#website\",\"url\":\"https:\\\/\\\/oigs.hr\\\/novo\\\/\",\"name\":\"OIG\u0160\",\"description\":\"Obrtni\u010dka i industrijska graditeljska \u0161kola\",\"publisher\":{\"@id\":\"https:\\\/\\\/oigs.hr\\\/novo\\\/#organization\"},\"potentialAction\":[{\"@type\":\"SearchAction\",\"target\":{\"@type\":\"EntryPoint\",\"urlTemplate\":\"https:\\\/\\\/oigs.hr\\\/novo\\\/?s={search_term_string}\"},\"query-input\":{\"@type\":\"PropertyValueSpecification\",\"valueRequired\":true,\"valueName\":\"search_term_string\"}}],\"inLanguage\":\"hr\"},{\"@type\":\"Organization\",\"@id\":\"https:\\\/\\\/oigs.hr\\\/novo\\\/#organization\",\"name\":\"OIG\u0160\",\"url\":\"https:\\\/\\\/oigs.hr\\\/novo\\\/\",\"logo\":{\"@type\":\"ImageObject\",\"inLanguage\":\"hr\",\"@id\":\"https:\\\/\\\/oigs.hr\\\/novo\\\/#\\\/schema\\\/logo\\\/image\\\/\",\"url\":\"https:\\\/\\\/oigs.hr\\\/novo\\\/wp-content\\\/uploads\\\/2020\\\/06\\\/logo-1-e1592001907410.png\",\"contentUrl\":\"https:\\\/\\\/oigs.hr\\\/novo\\\/wp-content\\\/uploads\\\/2020\\\/06\\\/logo-1-e1592001907410.png\",\"width\":195,\"height\":181,\"caption\":\"OIG\u0160\"},\"image\":{\"@id\":\"https:\\\/\\\/oigs.hr\\\/novo\\\/#\\\/schema\\\/logo\\\/image\\\/\"},\"sameAs\":[\"https:\\\/\\\/www.facebook.com\\\/oigs.srednjaskola\\\/\"]}]}<\/script>\n<!-- \/ Yoast SEO plugin. -->","yoast_head_json":{"title":"Povijest - OIG\u0160","description":"POVIJEST GRADITELJSKOG \u0160KOLSTVA U ZAGREBU\u00a0 Druga polovica XIX. stolje\u0107a u znaku je industrijalizacije Hrvatske. Gradovi poput Osijeka, Rijeke, Splita, a","robots":{"index":"index","follow":"follow","max-snippet":"max-snippet:-1","max-image-preview":"max-image-preview:large","max-video-preview":"max-video-preview:-1"},"canonical":"https:\/\/oigs.hr\/novo\/povijest\/","og_locale":"hr_HR","og_type":"article","og_title":"Povijest - OIG\u0160","og_description":"POVIJEST GRADITELJSKOG \u0160KOLSTVA U ZAGREBU\u00a0 Druga polovica XIX. stolje\u0107a u znaku je industrijalizacije Hrvatske. Gradovi poput Osijeka, Rijeke, Splita, a","og_url":"https:\/\/oigs.hr\/novo\/povijest\/","og_site_name":"OIG\u0160","article_publisher":"https:\/\/www.facebook.com\/oigs.srednjaskola\/","article_modified_time":"2019-01-14T09:01:41+00:00","twitter_card":"summary_large_image","twitter_misc":{"Procijenjeno vrijeme \u010ditanja":"3 minute"},"schema":{"@context":"https:\/\/schema.org","@graph":[{"@type":"WebPage","@id":"https:\/\/oigs.hr\/novo\/povijest\/","url":"https:\/\/oigs.hr\/novo\/povijest\/","name":"Povijest - OIG\u0160","isPartOf":{"@id":"https:\/\/oigs.hr\/novo\/#website"},"datePublished":"2019-01-11T13:34:47+00:00","dateModified":"2019-01-14T09:01:41+00:00","description":"POVIJEST GRADITELJSKOG \u0160KOLSTVA U ZAGREBU\u00a0 Druga polovica XIX. stolje\u0107a u znaku je industrijalizacije Hrvatske. Gradovi poput Osijeka, Rijeke, Splita, a","breadcrumb":{"@id":"https:\/\/oigs.hr\/novo\/povijest\/#breadcrumb"},"inLanguage":"hr","potentialAction":[{"@type":"ReadAction","target":["https:\/\/oigs.hr\/novo\/povijest\/"]}]},{"@type":"BreadcrumbList","@id":"https:\/\/oigs.hr\/novo\/povijest\/#breadcrumb","itemListElement":[{"@type":"ListItem","position":1,"name":"Po\u010detna stranica","item":"https:\/\/oigs.hr\/novo\/"},{"@type":"ListItem","position":2,"name":"Povijest"}]},{"@type":"WebSite","@id":"https:\/\/oigs.hr\/novo\/#website","url":"https:\/\/oigs.hr\/novo\/","name":"OIG\u0160","description":"Obrtni\u010dka i industrijska graditeljska \u0161kola","publisher":{"@id":"https:\/\/oigs.hr\/novo\/#organization"},"potentialAction":[{"@type":"SearchAction","target":{"@type":"EntryPoint","urlTemplate":"https:\/\/oigs.hr\/novo\/?s={search_term_string}"},"query-input":{"@type":"PropertyValueSpecification","valueRequired":true,"valueName":"search_term_string"}}],"inLanguage":"hr"},{"@type":"Organization","@id":"https:\/\/oigs.hr\/novo\/#organization","name":"OIG\u0160","url":"https:\/\/oigs.hr\/novo\/","logo":{"@type":"ImageObject","inLanguage":"hr","@id":"https:\/\/oigs.hr\/novo\/#\/schema\/logo\/image\/","url":"https:\/\/oigs.hr\/novo\/wp-content\/uploads\/2020\/06\/logo-1-e1592001907410.png","contentUrl":"https:\/\/oigs.hr\/novo\/wp-content\/uploads\/2020\/06\/logo-1-e1592001907410.png","width":195,"height":181,"caption":"OIG\u0160"},"image":{"@id":"https:\/\/oigs.hr\/novo\/#\/schema\/logo\/image\/"},"sameAs":["https:\/\/www.facebook.com\/oigs.srednjaskola\/"]}]}},"_links":{"self":[{"href":"https:\/\/oigs.hr\/novo\/wp-json\/wp\/v2\/pages\/462","targetHints":{"allow":["GET"]}}],"collection":[{"href":"https:\/\/oigs.hr\/novo\/wp-json\/wp\/v2\/pages"}],"about":[{"href":"https:\/\/oigs.hr\/novo\/wp-json\/wp\/v2\/types\/page"}],"author":[{"embeddable":true,"href":"https:\/\/oigs.hr\/novo\/wp-json\/wp\/v2\/users\/1"}],"replies":[{"embeddable":true,"href":"https:\/\/oigs.hr\/novo\/wp-json\/wp\/v2\/comments?post=462"}],"version-history":[{"count":22,"href":"https:\/\/oigs.hr\/novo\/wp-json\/wp\/v2\/pages\/462\/revisions"}],"predecessor-version":[{"id":614,"href":"https:\/\/oigs.hr\/novo\/wp-json\/wp\/v2\/pages\/462\/revisions\/614"}],"wp:attachment":[{"href":"https:\/\/oigs.hr\/novo\/wp-json\/wp\/v2\/media?parent=462"}],"curies":[{"name":"wp","href":"https:\/\/api.w.org\/{rel}","templated":true}]}}