{"id":456,"date":"2019-01-11T14:34:04","date_gmt":"2019-01-11T13:34:04","guid":{"rendered":"https:\/\/www.oigs.hr\/novo\/?page_id=456"},"modified":"2020-06-30T14:20:12","modified_gmt":"2020-06-30T12:20:12","slug":"popis-projekata-2","status":"publish","type":"page","link":"https:\/\/oigs.hr\/novo\/popis-projekata-2\/","title":{"rendered":"Erasmus +KA1"},"content":{"rendered":"<p><iframe loading=\"lazy\" title=\"OIG\u0160, Frankfurt 2016.\" width=\"750\" height=\"422\" src=\"https:\/\/www.youtube.com\/embed\/13t9SOW30y8?feature=oembed\" frameborder=\"0\" allow=\"accelerometer; autoplay; encrypted-media; gyroscope; picture-in-picture\" allowfullscreen><\/iframe><\/p>\n<p>Uspje\u0161no zavr\u0161en natje\u010daj na koji se Obrtni\u010dka i industrijska graditeljska \u0161kola uspje\u0161no aplicirala za program Erasmus +KA1 Mobilnost u svrhu u\u010denja za pojedince. Odabrano je 20 u\u010denika, sudionika projekta. Detalje mo\u017eete vidjeti na sljede\u0107im linkovima:<\/p>\n<p><strong><a href=\"https:\/\/oigs.hr\/novo\/wp-content\/uploads\/2019\/01\/1.PrviRoditeljskiSastanak.pdf\" target=\"_blank\" rel=\"noopener noreferrer\">Prvi roditeljski sastanak<\/a><\/strong><\/p>\n<p><strong><a href=\"https:\/\/oigs.hr\/novo\/wp-content\/uploads\/2019\/01\/2.JezicnokulturoloskaPripremaErasmus.pdf\" target=\"_blank\" rel=\"noopener noreferrer\">Jezi\u010dno kulturolo\u0161ka priprema<\/a><\/strong><\/p>\n<p><a href=\"https:\/\/oigs.hr\/novo\/wp-content\/uploads\/2019\/01\/3.DiseminacijaProjektaErasmus-.pdf\" target=\"_blank\" rel=\"noopener noreferrer\"><strong>Diseminacija projekta Erasmus<\/strong><\/a><\/p>\n<p><strong><a href=\"https:\/\/oigs.hr\/novo\/wp-content\/uploads\/2019\/01\/PPTRoditeljski.pptx\" target=\"_blank\" rel=\"noopener noreferrer\">Power Point prezentacija<\/a><\/strong><\/p>\n<p><a href=\"https:\/\/oigs.hr\/novo\/wp-content\/uploads\/2019\/01\/Erasmus.pdf\"><img loading=\"lazy\" decoding=\"async\" class=\"alignnone wp-image-624 size-full\" src=\"https:\/\/oigs.hr\/novo\/wp-content\/uploads\/2019\/01\/1.png\" alt=\"\" width=\"173\" height=\"59\" \/><\/a><\/p>\n<p><a href=\"https:\/\/oigs.hr\/novo\/wp-content\/uploads\/2019\/01\/Erasmus.pdf\"><img loading=\"lazy\" decoding=\"async\" class=\"alignnone wp-image-625 size-full\" src=\"https:\/\/oigs.hr\/novo\/wp-content\/uploads\/2019\/01\/2.png\" alt=\"\" width=\"189\" height=\"73\" \/><\/a><\/p>\n<p>&nbsp;<\/p>\n<p><a href=\"https:\/\/oigs.hr\/novo\/wp-content\/uploads\/2019\/01\/projekt_frankfurt_01.4.2016.-24.4.2016._Erasmus.pdf\"><strong>Projekt \u201cINternational Practice for better job OppORTunities &#8211; INPORT\u201d<br \/>\nFrankfurt na Majni, 10.4.2016.-24.4.2016.<\/strong>\u00a0<\/a><\/p>\n<p><strong>Blog, vezano za gornji projekat mo\u017eete vidjeti <a href=\"https:\/\/zaklinaskaric.edublogs.org\/\" target=\"_blank\" rel=\"noopener noreferrer\">ovdje<\/a>&#8230; a video snimku <a href=\"https:\/\/www.youtube.com\/watch?v=dIVrYqX_zDw&amp;feature=youtu.be\" target=\"_blank\" rel=\"noopener noreferrer\">ovdje<\/a>.<\/strong><\/p>\n<p>&nbsp;<\/p>\n<p><img loading=\"lazy\" decoding=\"async\" class=\"alignnone size-full wp-image-627\" src=\"https:\/\/oigs.hr\/novo\/wp-content\/uploads\/2019\/01\/mobilnost1_img_0.jpg\" alt=\"\" width=\"234\" height=\"92\" \/><\/p>\n<p>&nbsp;<\/p>\n<p><strong>Leonardo da Vinci<\/strong><\/p>\n<p>-fotografije<\/p>\n<p>-video<\/p>\n<p>&#8211;<a href=\"https:\/\/oigs.hr\/novo\/wp-content\/uploads\/2019\/01\/mobilnost_choric.pdf\">izvje\u0161\u0107e<\/a><\/p>\n<p>&nbsp;<\/p>\n<p>Rezultati natje\u010daja za izbor u\u010denika &#8211; sudionika mobilnosti:<\/p>\n<p>Popis u\u010denika<br \/>\n1. Karlo Pavlovi\u0107<br \/>\n2. Tamara Justament<br \/>\n3. Lorena Ros<br \/>\n4. Ian Vidovi\u0107<br \/>\nNavedeni su u\u010denici prilo\u017eili potrebnu dokumentaciju:<br \/>\nmotivacijsko pismo, presliku svjedod\u017ebe 1. i 2. razreda, pisanu preporuku razrednika<br \/>\no vladanju i pisanu izjavu roditelja kojom dopu\u0161taju odlazak u\u010denika na stru\u010dnu praksu<br \/>\nu Italiju u trajanju od 14 dana<\/p>\n<p>&nbsp;<\/p>\n<p><strong>Popis sudionika projekta NOVE METODE I TEHNOLOGIJE U KONSTRUKCIJAMA I GRA\u0110ENJU MO\u017dETE POGLEDATI\u00a0<em>OVDJE<\/em>.<\/strong><\/p>\n<p><iframe loading=\"lazy\" title=\"OIG\u0160, Frankfurt 2016.\" width=\"750\" height=\"422\" src=\"https:\/\/www.youtube.com\/embed\/dIVrYqX_zDw?feature=oembed\" frameborder=\"0\" allow=\"accelerometer; autoplay; encrypted-media; gyroscope; picture-in-picture\" allowfullscreen><\/iframe><\/p>\n","protected":false},"excerpt":{"rendered":"<p>Uspje\u0161no zavr\u0161en natje\u010daj na koji se Obrtni\u010dka i industrijska graditeljska \u0161kola uspje\u0161no aplicirala za program Erasmus +KA1 Mobilnost u svrhu &hellip; <\/p>\n","protected":false},"author":1,"featured_media":0,"parent":0,"menu_order":0,"comment_status":"closed","ping_status":"closed","template":"","meta":{"footnotes":""},"class_list":["post-456","page","type-page","status-publish","hentry"],"yoast_head":"<!-- This site is optimized with the Yoast SEO plugin v27.6 - https:\/\/yoast.com\/product\/yoast-seo-wordpress\/ -->\n<title>Erasmus +KA1 - OIG\u0160<\/title>\n<meta name=\"description\" content=\"https:\/\/www.youtube.com\/watch?v=13t9SOW30y8 Uspje\u0161no zavr\u0161en natje\u010daj na koji se Obrtni\u010dka i industrijska graditeljska \u0161kola uspje\u0161no aplicirala za\" \/>\n<meta name=\"robots\" content=\"index, follow, max-snippet:-1, max-image-preview:large, max-video-preview:-1\" \/>\n<link rel=\"canonical\" href=\"https:\/\/oigs.hr\/novo\/popis-projekata-2\/\" \/>\n<meta property=\"og:locale\" content=\"hr_HR\" \/>\n<meta property=\"og:type\" content=\"article\" \/>\n<meta property=\"og:title\" content=\"Erasmus +KA1 - OIG\u0160\" \/>\n<meta property=\"og:description\" content=\"https:\/\/www.youtube.com\/watch?v=13t9SOW30y8 Uspje\u0161no zavr\u0161en natje\u010daj na koji se Obrtni\u010dka i industrijska graditeljska \u0161kola uspje\u0161no aplicirala za\" \/>\n<meta property=\"og:url\" content=\"https:\/\/oigs.hr\/novo\/popis-projekata-2\/\" \/>\n<meta property=\"og:site_name\" content=\"OIG\u0160\" \/>\n<meta property=\"article:publisher\" content=\"https:\/\/www.facebook.com\/oigs.srednjaskola\/\" \/>\n<meta property=\"article:modified_time\" content=\"2020-06-30T12:20:12+00:00\" \/>\n<meta property=\"og:image\" content=\"https:\/\/oigs.hr\/novo\/wp-content\/uploads\/2019\/01\/1.png\" \/>\n<meta name=\"twitter:card\" content=\"summary_large_image\" \/>\n<meta name=\"twitter:label1\" content=\"Procijenjeno vrijeme \u010ditanja\" \/>\n\t<meta name=\"twitter:data1\" content=\"1 minuta\" \/>\n<script type=\"application\/ld+json\" class=\"yoast-schema-graph\">{\"@context\":\"https:\\\/\\\/schema.org\",\"@graph\":[{\"@type\":\"WebPage\",\"@id\":\"https:\\\/\\\/oigs.hr\\\/novo\\\/popis-projekata-2\\\/\",\"url\":\"https:\\\/\\\/oigs.hr\\\/novo\\\/popis-projekata-2\\\/\",\"name\":\"Erasmus +KA1 - OIG\u0160\",\"isPartOf\":{\"@id\":\"https:\\\/\\\/oigs.hr\\\/novo\\\/#website\"},\"primaryImageOfPage\":{\"@id\":\"https:\\\/\\\/oigs.hr\\\/novo\\\/popis-projekata-2\\\/#primaryimage\"},\"image\":{\"@id\":\"https:\\\/\\\/oigs.hr\\\/novo\\\/popis-projekata-2\\\/#primaryimage\"},\"thumbnailUrl\":\"https:\\\/\\\/oigs.hr\\\/novo\\\/wp-content\\\/uploads\\\/2019\\\/01\\\/1.png\",\"datePublished\":\"2019-01-11T13:34:04+00:00\",\"dateModified\":\"2020-06-30T12:20:12+00:00\",\"description\":\"https:\\\/\\\/www.youtube.com\\\/watch?v=13t9SOW30y8 Uspje\u0161no zavr\u0161en natje\u010daj na koji se Obrtni\u010dka i industrijska graditeljska \u0161kola uspje\u0161no aplicirala za\",\"breadcrumb\":{\"@id\":\"https:\\\/\\\/oigs.hr\\\/novo\\\/popis-projekata-2\\\/#breadcrumb\"},\"inLanguage\":\"hr\",\"potentialAction\":[{\"@type\":\"ReadAction\",\"target\":[\"https:\\\/\\\/oigs.hr\\\/novo\\\/popis-projekata-2\\\/\"]}]},{\"@type\":\"ImageObject\",\"inLanguage\":\"hr\",\"@id\":\"https:\\\/\\\/oigs.hr\\\/novo\\\/popis-projekata-2\\\/#primaryimage\",\"url\":\"https:\\\/\\\/oigs.hr\\\/novo\\\/wp-content\\\/uploads\\\/2019\\\/01\\\/1.png\",\"contentUrl\":\"https:\\\/\\\/oigs.hr\\\/novo\\\/wp-content\\\/uploads\\\/2019\\\/01\\\/1.png\",\"width\":173,\"height\":59},{\"@type\":\"BreadcrumbList\",\"@id\":\"https:\\\/\\\/oigs.hr\\\/novo\\\/popis-projekata-2\\\/#breadcrumb\",\"itemListElement\":[{\"@type\":\"ListItem\",\"position\":1,\"name\":\"Po\u010detna stranica\",\"item\":\"https:\\\/\\\/oigs.hr\\\/novo\\\/\"},{\"@type\":\"ListItem\",\"position\":2,\"name\":\"Erasmus +KA1\"}]},{\"@type\":\"WebSite\",\"@id\":\"https:\\\/\\\/oigs.hr\\\/novo\\\/#website\",\"url\":\"https:\\\/\\\/oigs.hr\\\/novo\\\/\",\"name\":\"OIG\u0160\",\"description\":\"Obrtni\u010dka i industrijska graditeljska \u0161kola\",\"publisher\":{\"@id\":\"https:\\\/\\\/oigs.hr\\\/novo\\\/#organization\"},\"potentialAction\":[{\"@type\":\"SearchAction\",\"target\":{\"@type\":\"EntryPoint\",\"urlTemplate\":\"https:\\\/\\\/oigs.hr\\\/novo\\\/?s={search_term_string}\"},\"query-input\":{\"@type\":\"PropertyValueSpecification\",\"valueRequired\":true,\"valueName\":\"search_term_string\"}}],\"inLanguage\":\"hr\"},{\"@type\":\"Organization\",\"@id\":\"https:\\\/\\\/oigs.hr\\\/novo\\\/#organization\",\"name\":\"OIG\u0160\",\"url\":\"https:\\\/\\\/oigs.hr\\\/novo\\\/\",\"logo\":{\"@type\":\"ImageObject\",\"inLanguage\":\"hr\",\"@id\":\"https:\\\/\\\/oigs.hr\\\/novo\\\/#\\\/schema\\\/logo\\\/image\\\/\",\"url\":\"https:\\\/\\\/oigs.hr\\\/novo\\\/wp-content\\\/uploads\\\/2020\\\/06\\\/logo-1-e1592001907410.png\",\"contentUrl\":\"https:\\\/\\\/oigs.hr\\\/novo\\\/wp-content\\\/uploads\\\/2020\\\/06\\\/logo-1-e1592001907410.png\",\"width\":195,\"height\":181,\"caption\":\"OIG\u0160\"},\"image\":{\"@id\":\"https:\\\/\\\/oigs.hr\\\/novo\\\/#\\\/schema\\\/logo\\\/image\\\/\"},\"sameAs\":[\"https:\\\/\\\/www.facebook.com\\\/oigs.srednjaskola\\\/\"]}]}<\/script>\n<!-- \/ Yoast SEO plugin. -->","yoast_head_json":{"title":"Erasmus +KA1 - OIG\u0160","description":"https:\/\/www.youtube.com\/watch?v=13t9SOW30y8 Uspje\u0161no zavr\u0161en natje\u010daj na koji se Obrtni\u010dka i industrijska graditeljska \u0161kola uspje\u0161no aplicirala za","robots":{"index":"index","follow":"follow","max-snippet":"max-snippet:-1","max-image-preview":"max-image-preview:large","max-video-preview":"max-video-preview:-1"},"canonical":"https:\/\/oigs.hr\/novo\/popis-projekata-2\/","og_locale":"hr_HR","og_type":"article","og_title":"Erasmus +KA1 - OIG\u0160","og_description":"https:\/\/www.youtube.com\/watch?v=13t9SOW30y8 Uspje\u0161no zavr\u0161en natje\u010daj na koji se Obrtni\u010dka i industrijska graditeljska \u0161kola uspje\u0161no aplicirala za","og_url":"https:\/\/oigs.hr\/novo\/popis-projekata-2\/","og_site_name":"OIG\u0160","article_publisher":"https:\/\/www.facebook.com\/oigs.srednjaskola\/","article_modified_time":"2020-06-30T12:20:12+00:00","og_image":[{"url":"https:\/\/oigs.hr\/novo\/wp-content\/uploads\/2019\/01\/1.png","type":"","width":"","height":""}],"twitter_card":"summary_large_image","twitter_misc":{"Procijenjeno vrijeme \u010ditanja":"1 minuta"},"schema":{"@context":"https:\/\/schema.org","@graph":[{"@type":"WebPage","@id":"https:\/\/oigs.hr\/novo\/popis-projekata-2\/","url":"https:\/\/oigs.hr\/novo\/popis-projekata-2\/","name":"Erasmus +KA1 - OIG\u0160","isPartOf":{"@id":"https:\/\/oigs.hr\/novo\/#website"},"primaryImageOfPage":{"@id":"https:\/\/oigs.hr\/novo\/popis-projekata-2\/#primaryimage"},"image":{"@id":"https:\/\/oigs.hr\/novo\/popis-projekata-2\/#primaryimage"},"thumbnailUrl":"https:\/\/oigs.hr\/novo\/wp-content\/uploads\/2019\/01\/1.png","datePublished":"2019-01-11T13:34:04+00:00","dateModified":"2020-06-30T12:20:12+00:00","description":"https:\/\/www.youtube.com\/watch?v=13t9SOW30y8 Uspje\u0161no zavr\u0161en natje\u010daj na koji se Obrtni\u010dka i industrijska graditeljska \u0161kola uspje\u0161no aplicirala za","breadcrumb":{"@id":"https:\/\/oigs.hr\/novo\/popis-projekata-2\/#breadcrumb"},"inLanguage":"hr","potentialAction":[{"@type":"ReadAction","target":["https:\/\/oigs.hr\/novo\/popis-projekata-2\/"]}]},{"@type":"ImageObject","inLanguage":"hr","@id":"https:\/\/oigs.hr\/novo\/popis-projekata-2\/#primaryimage","url":"https:\/\/oigs.hr\/novo\/wp-content\/uploads\/2019\/01\/1.png","contentUrl":"https:\/\/oigs.hr\/novo\/wp-content\/uploads\/2019\/01\/1.png","width":173,"height":59},{"@type":"BreadcrumbList","@id":"https:\/\/oigs.hr\/novo\/popis-projekata-2\/#breadcrumb","itemListElement":[{"@type":"ListItem","position":1,"name":"Po\u010detna stranica","item":"https:\/\/oigs.hr\/novo\/"},{"@type":"ListItem","position":2,"name":"Erasmus +KA1"}]},{"@type":"WebSite","@id":"https:\/\/oigs.hr\/novo\/#website","url":"https:\/\/oigs.hr\/novo\/","name":"OIG\u0160","description":"Obrtni\u010dka i industrijska graditeljska \u0161kola","publisher":{"@id":"https:\/\/oigs.hr\/novo\/#organization"},"potentialAction":[{"@type":"SearchAction","target":{"@type":"EntryPoint","urlTemplate":"https:\/\/oigs.hr\/novo\/?s={search_term_string}"},"query-input":{"@type":"PropertyValueSpecification","valueRequired":true,"valueName":"search_term_string"}}],"inLanguage":"hr"},{"@type":"Organization","@id":"https:\/\/oigs.hr\/novo\/#organization","name":"OIG\u0160","url":"https:\/\/oigs.hr\/novo\/","logo":{"@type":"ImageObject","inLanguage":"hr","@id":"https:\/\/oigs.hr\/novo\/#\/schema\/logo\/image\/","url":"https:\/\/oigs.hr\/novo\/wp-content\/uploads\/2020\/06\/logo-1-e1592001907410.png","contentUrl":"https:\/\/oigs.hr\/novo\/wp-content\/uploads\/2020\/06\/logo-1-e1592001907410.png","width":195,"height":181,"caption":"OIG\u0160"},"image":{"@id":"https:\/\/oigs.hr\/novo\/#\/schema\/logo\/image\/"},"sameAs":["https:\/\/www.facebook.com\/oigs.srednjaskola\/"]}]}},"_links":{"self":[{"href":"https:\/\/oigs.hr\/novo\/wp-json\/wp\/v2\/pages\/456","targetHints":{"allow":["GET"]}}],"collection":[{"href":"https:\/\/oigs.hr\/novo\/wp-json\/wp\/v2\/pages"}],"about":[{"href":"https:\/\/oigs.hr\/novo\/wp-json\/wp\/v2\/types\/page"}],"author":[{"embeddable":true,"href":"https:\/\/oigs.hr\/novo\/wp-json\/wp\/v2\/users\/1"}],"replies":[{"embeddable":true,"href":"https:\/\/oigs.hr\/novo\/wp-json\/wp\/v2\/comments?post=456"}],"version-history":[{"count":7,"href":"https:\/\/oigs.hr\/novo\/wp-json\/wp\/v2\/pages\/456\/revisions"}],"predecessor-version":[{"id":1818,"href":"https:\/\/oigs.hr\/novo\/wp-json\/wp\/v2\/pages\/456\/revisions\/1818"}],"wp:attachment":[{"href":"https:\/\/oigs.hr\/novo\/wp-json\/wp\/v2\/media?parent=456"}],"curies":[{"name":"wp","href":"https:\/\/api.w.org\/{rel}","templated":true}]}}