{"id":440,"date":"2019-01-11T14:31:07","date_gmt":"2019-01-11T13:31:07","guid":{"rendered":"https:\/\/www.oigs.hr\/novo\/?page_id=440"},"modified":"2025-08-27T19:37:27","modified_gmt":"2025-08-27T17:37:27","slug":"rezultati-natjecaja","status":"publish","type":"page","link":"https:\/\/oigs.hr\/novo\/rezultati-natjecaja\/","title":{"rendered":"Za zakup prostora"},"content":{"rendered":"<p><img loading=\"lazy\" decoding=\"async\" class=\"alignnone  wp-image-10054\" src=\"https:\/\/oigs.hr\/novo\/wp-content\/uploads\/2025\/08\/n8hnzAXXHsHfs8ys3DbEf-300x300.png\" alt=\"\" width=\"384\" height=\"384\" srcset=\"https:\/\/oigs.hr\/novo\/wp-content\/uploads\/2025\/08\/n8hnzAXXHsHfs8ys3DbEf-300x300.png 300w, https:\/\/oigs.hr\/novo\/wp-content\/uploads\/2025\/08\/n8hnzAXXHsHfs8ys3DbEf-150x150.png 150w, https:\/\/oigs.hr\/novo\/wp-content\/uploads\/2025\/08\/n8hnzAXXHsHfs8ys3DbEf-768x768.png 768w, https:\/\/oigs.hr\/novo\/wp-content\/uploads\/2025\/08\/n8hnzAXXHsHfs8ys3DbEf-70x70.png 70w, https:\/\/oigs.hr\/novo\/wp-content\/uploads\/2025\/08\/n8hnzAXXHsHfs8ys3DbEf-246x246.png 246w, https:\/\/oigs.hr\/novo\/wp-content\/uploads\/2025\/08\/n8hnzAXXHsHfs8ys3DbEf-276x276.png 276w, https:\/\/oigs.hr\/novo\/wp-content\/uploads\/2025\/08\/n8hnzAXXHsHfs8ys3DbEf-125x125.png 125w, https:\/\/oigs.hr\/novo\/wp-content\/uploads\/2025\/08\/n8hnzAXXHsHfs8ys3DbEf.png 1024w\" sizes=\"auto, (max-width: 384px) 100vw, 384px\" \/><\/p>\n<p>Trenutno nema natje\u010daja za zakup prostora.<\/p>\n","protected":false},"excerpt":{"rendered":"<p>Trenutno nema natje\u010daja za zakup prostora.<\/p>\n","protected":false},"author":1,"featured_media":0,"parent":0,"menu_order":0,"comment_status":"closed","ping_status":"closed","template":"","meta":{"footnotes":""},"class_list":["post-440","page","type-page","status-publish","hentry"],"yoast_head":"<!-- This site is optimized with the Yoast SEO plugin v27.5 - https:\/\/yoast.com\/product\/yoast-seo-wordpress\/ -->\n<title>Za zakup prostora - OIG\u0160<\/title>\n<meta name=\"description\" content=\"Trenutno nema natje\u010daja za zakup prostora.\" \/>\n<meta name=\"robots\" content=\"index, follow, max-snippet:-1, max-image-preview:large, max-video-preview:-1\" \/>\n<link rel=\"canonical\" href=\"https:\/\/oigs.hr\/novo\/rezultati-natjecaja\/\" \/>\n<meta property=\"og:locale\" content=\"hr_HR\" \/>\n<meta property=\"og:type\" content=\"article\" \/>\n<meta property=\"og:title\" content=\"Za zakup prostora - OIG\u0160\" \/>\n<meta property=\"og:description\" content=\"Trenutno nema natje\u010daja za zakup prostora.\" \/>\n<meta property=\"og:url\" content=\"https:\/\/oigs.hr\/novo\/rezultati-natjecaja\/\" \/>\n<meta property=\"og:site_name\" content=\"OIG\u0160\" \/>\n<meta property=\"article:publisher\" content=\"https:\/\/www.facebook.com\/oigs.srednjaskola\/\" \/>\n<meta property=\"article:modified_time\" content=\"2025-08-27T17:37:27+00:00\" \/>\n<meta property=\"og:image\" content=\"https:\/\/oigs.hr\/novo\/wp-content\/uploads\/2025\/08\/n8hnzAXXHsHfs8ys3DbEf.png\" \/>\n\t<meta property=\"og:image:width\" content=\"1024\" \/>\n\t<meta property=\"og:image:height\" content=\"1024\" \/>\n\t<meta property=\"og:image:type\" content=\"image\/png\" \/>\n<meta name=\"twitter:card\" content=\"summary_large_image\" \/>\n<meta name=\"twitter:label1\" content=\"Procijenjeno vrijeme \u010ditanja\" \/>\n\t<meta name=\"twitter:data1\" content=\"1 minuta\" \/>\n<script type=\"application\/ld+json\" class=\"yoast-schema-graph\">{\"@context\":\"https:\\\/\\\/schema.org\",\"@graph\":[{\"@type\":\"WebPage\",\"@id\":\"https:\\\/\\\/oigs.hr\\\/novo\\\/rezultati-natjecaja\\\/\",\"url\":\"https:\\\/\\\/oigs.hr\\\/novo\\\/rezultati-natjecaja\\\/\",\"name\":\"Za zakup prostora - OIG\u0160\",\"isPartOf\":{\"@id\":\"https:\\\/\\\/oigs.hr\\\/novo\\\/#website\"},\"primaryImageOfPage\":{\"@id\":\"https:\\\/\\\/oigs.hr\\\/novo\\\/rezultati-natjecaja\\\/#primaryimage\"},\"image\":{\"@id\":\"https:\\\/\\\/oigs.hr\\\/novo\\\/rezultati-natjecaja\\\/#primaryimage\"},\"thumbnailUrl\":\"https:\\\/\\\/oigs.hr\\\/novo\\\/wp-content\\\/uploads\\\/2025\\\/08\\\/n8hnzAXXHsHfs8ys3DbEf-300x300.png\",\"datePublished\":\"2019-01-11T13:31:07+00:00\",\"dateModified\":\"2025-08-27T17:37:27+00:00\",\"description\":\"Trenutno nema natje\u010daja za zakup prostora.\",\"breadcrumb\":{\"@id\":\"https:\\\/\\\/oigs.hr\\\/novo\\\/rezultati-natjecaja\\\/#breadcrumb\"},\"inLanguage\":\"hr\",\"potentialAction\":[{\"@type\":\"ReadAction\",\"target\":[\"https:\\\/\\\/oigs.hr\\\/novo\\\/rezultati-natjecaja\\\/\"]}]},{\"@type\":\"ImageObject\",\"inLanguage\":\"hr\",\"@id\":\"https:\\\/\\\/oigs.hr\\\/novo\\\/rezultati-natjecaja\\\/#primaryimage\",\"url\":\"https:\\\/\\\/oigs.hr\\\/novo\\\/wp-content\\\/uploads\\\/2025\\\/08\\\/n8hnzAXXHsHfs8ys3DbEf.png\",\"contentUrl\":\"https:\\\/\\\/oigs.hr\\\/novo\\\/wp-content\\\/uploads\\\/2025\\\/08\\\/n8hnzAXXHsHfs8ys3DbEf.png\",\"width\":1024,\"height\":1024},{\"@type\":\"BreadcrumbList\",\"@id\":\"https:\\\/\\\/oigs.hr\\\/novo\\\/rezultati-natjecaja\\\/#breadcrumb\",\"itemListElement\":[{\"@type\":\"ListItem\",\"position\":1,\"name\":\"Po\u010detna stranica\",\"item\":\"https:\\\/\\\/oigs.hr\\\/novo\\\/\"},{\"@type\":\"ListItem\",\"position\":2,\"name\":\"Za zakup prostora\"}]},{\"@type\":\"WebSite\",\"@id\":\"https:\\\/\\\/oigs.hr\\\/novo\\\/#website\",\"url\":\"https:\\\/\\\/oigs.hr\\\/novo\\\/\",\"name\":\"OIG\u0160\",\"description\":\"Obrtni\u010dka i industrijska graditeljska \u0161kola\",\"publisher\":{\"@id\":\"https:\\\/\\\/oigs.hr\\\/novo\\\/#organization\"},\"potentialAction\":[{\"@type\":\"SearchAction\",\"target\":{\"@type\":\"EntryPoint\",\"urlTemplate\":\"https:\\\/\\\/oigs.hr\\\/novo\\\/?s={search_term_string}\"},\"query-input\":{\"@type\":\"PropertyValueSpecification\",\"valueRequired\":true,\"valueName\":\"search_term_string\"}}],\"inLanguage\":\"hr\"},{\"@type\":\"Organization\",\"@id\":\"https:\\\/\\\/oigs.hr\\\/novo\\\/#organization\",\"name\":\"OIG\u0160\",\"url\":\"https:\\\/\\\/oigs.hr\\\/novo\\\/\",\"logo\":{\"@type\":\"ImageObject\",\"inLanguage\":\"hr\",\"@id\":\"https:\\\/\\\/oigs.hr\\\/novo\\\/#\\\/schema\\\/logo\\\/image\\\/\",\"url\":\"https:\\\/\\\/oigs.hr\\\/novo\\\/wp-content\\\/uploads\\\/2020\\\/06\\\/logo-1-e1592001907410.png\",\"contentUrl\":\"https:\\\/\\\/oigs.hr\\\/novo\\\/wp-content\\\/uploads\\\/2020\\\/06\\\/logo-1-e1592001907410.png\",\"width\":195,\"height\":181,\"caption\":\"OIG\u0160\"},\"image\":{\"@id\":\"https:\\\/\\\/oigs.hr\\\/novo\\\/#\\\/schema\\\/logo\\\/image\\\/\"},\"sameAs\":[\"https:\\\/\\\/www.facebook.com\\\/oigs.srednjaskola\\\/\"]}]}<\/script>\n<!-- \/ Yoast SEO plugin. -->","yoast_head_json":{"title":"Za zakup prostora - OIG\u0160","description":"Trenutno nema natje\u010daja za zakup prostora.","robots":{"index":"index","follow":"follow","max-snippet":"max-snippet:-1","max-image-preview":"max-image-preview:large","max-video-preview":"max-video-preview:-1"},"canonical":"https:\/\/oigs.hr\/novo\/rezultati-natjecaja\/","og_locale":"hr_HR","og_type":"article","og_title":"Za zakup prostora - OIG\u0160","og_description":"Trenutno nema natje\u010daja za zakup prostora.","og_url":"https:\/\/oigs.hr\/novo\/rezultati-natjecaja\/","og_site_name":"OIG\u0160","article_publisher":"https:\/\/www.facebook.com\/oigs.srednjaskola\/","article_modified_time":"2025-08-27T17:37:27+00:00","og_image":[{"width":1024,"height":1024,"url":"https:\/\/oigs.hr\/novo\/wp-content\/uploads\/2025\/08\/n8hnzAXXHsHfs8ys3DbEf.png","type":"image\/png"}],"twitter_card":"summary_large_image","twitter_misc":{"Procijenjeno vrijeme \u010ditanja":"1 minuta"},"schema":{"@context":"https:\/\/schema.org","@graph":[{"@type":"WebPage","@id":"https:\/\/oigs.hr\/novo\/rezultati-natjecaja\/","url":"https:\/\/oigs.hr\/novo\/rezultati-natjecaja\/","name":"Za zakup prostora - OIG\u0160","isPartOf":{"@id":"https:\/\/oigs.hr\/novo\/#website"},"primaryImageOfPage":{"@id":"https:\/\/oigs.hr\/novo\/rezultati-natjecaja\/#primaryimage"},"image":{"@id":"https:\/\/oigs.hr\/novo\/rezultati-natjecaja\/#primaryimage"},"thumbnailUrl":"https:\/\/oigs.hr\/novo\/wp-content\/uploads\/2025\/08\/n8hnzAXXHsHfs8ys3DbEf-300x300.png","datePublished":"2019-01-11T13:31:07+00:00","dateModified":"2025-08-27T17:37:27+00:00","description":"Trenutno nema natje\u010daja za zakup prostora.","breadcrumb":{"@id":"https:\/\/oigs.hr\/novo\/rezultati-natjecaja\/#breadcrumb"},"inLanguage":"hr","potentialAction":[{"@type":"ReadAction","target":["https:\/\/oigs.hr\/novo\/rezultati-natjecaja\/"]}]},{"@type":"ImageObject","inLanguage":"hr","@id":"https:\/\/oigs.hr\/novo\/rezultati-natjecaja\/#primaryimage","url":"https:\/\/oigs.hr\/novo\/wp-content\/uploads\/2025\/08\/n8hnzAXXHsHfs8ys3DbEf.png","contentUrl":"https:\/\/oigs.hr\/novo\/wp-content\/uploads\/2025\/08\/n8hnzAXXHsHfs8ys3DbEf.png","width":1024,"height":1024},{"@type":"BreadcrumbList","@id":"https:\/\/oigs.hr\/novo\/rezultati-natjecaja\/#breadcrumb","itemListElement":[{"@type":"ListItem","position":1,"name":"Po\u010detna stranica","item":"https:\/\/oigs.hr\/novo\/"},{"@type":"ListItem","position":2,"name":"Za zakup prostora"}]},{"@type":"WebSite","@id":"https:\/\/oigs.hr\/novo\/#website","url":"https:\/\/oigs.hr\/novo\/","name":"OIG\u0160","description":"Obrtni\u010dka i industrijska graditeljska \u0161kola","publisher":{"@id":"https:\/\/oigs.hr\/novo\/#organization"},"potentialAction":[{"@type":"SearchAction","target":{"@type":"EntryPoint","urlTemplate":"https:\/\/oigs.hr\/novo\/?s={search_term_string}"},"query-input":{"@type":"PropertyValueSpecification","valueRequired":true,"valueName":"search_term_string"}}],"inLanguage":"hr"},{"@type":"Organization","@id":"https:\/\/oigs.hr\/novo\/#organization","name":"OIG\u0160","url":"https:\/\/oigs.hr\/novo\/","logo":{"@type":"ImageObject","inLanguage":"hr","@id":"https:\/\/oigs.hr\/novo\/#\/schema\/logo\/image\/","url":"https:\/\/oigs.hr\/novo\/wp-content\/uploads\/2020\/06\/logo-1-e1592001907410.png","contentUrl":"https:\/\/oigs.hr\/novo\/wp-content\/uploads\/2020\/06\/logo-1-e1592001907410.png","width":195,"height":181,"caption":"OIG\u0160"},"image":{"@id":"https:\/\/oigs.hr\/novo\/#\/schema\/logo\/image\/"},"sameAs":["https:\/\/www.facebook.com\/oigs.srednjaskola\/"]}]}},"_links":{"self":[{"href":"https:\/\/oigs.hr\/novo\/wp-json\/wp\/v2\/pages\/440","targetHints":{"allow":["GET"]}}],"collection":[{"href":"https:\/\/oigs.hr\/novo\/wp-json\/wp\/v2\/pages"}],"about":[{"href":"https:\/\/oigs.hr\/novo\/wp-json\/wp\/v2\/types\/page"}],"author":[{"embeddable":true,"href":"https:\/\/oigs.hr\/novo\/wp-json\/wp\/v2\/users\/1"}],"replies":[{"embeddable":true,"href":"https:\/\/oigs.hr\/novo\/wp-json\/wp\/v2\/comments?post=440"}],"version-history":[{"count":10,"href":"https:\/\/oigs.hr\/novo\/wp-json\/wp\/v2\/pages\/440\/revisions"}],"predecessor-version":[{"id":10056,"href":"https:\/\/oigs.hr\/novo\/wp-json\/wp\/v2\/pages\/440\/revisions\/10056"}],"wp:attachment":[{"href":"https:\/\/oigs.hr\/novo\/wp-json\/wp\/v2\/media?parent=440"}],"curies":[{"name":"wp","href":"https:\/\/api.w.org\/{rel}","templated":true}]}}