{"id":1931,"date":"2020-07-01T22:30:58","date_gmt":"2020-07-01T20:30:58","guid":{"rendered":"https:\/\/www.oigs.hr\/novo\/?page_id=1931"},"modified":"2026-02-27T12:47:27","modified_gmt":"2026-02-27T11:47:27","slug":"javna-nabava","status":"publish","type":"page","link":"https:\/\/oigs.hr\/novo\/javna-nabava\/","title":{"rendered":"Javna nabava"},"content":{"rendered":"<p><img loading=\"lazy\" decoding=\"async\" class=\"alignnone wp-image-10049\" src=\"https:\/\/oigs.hr\/novo\/wp-content\/uploads\/2025\/08\/690WbYonry-tAVvnaYzo-300x300.png\" alt=\"\" width=\"397\" height=\"397\" srcset=\"https:\/\/oigs.hr\/novo\/wp-content\/uploads\/2025\/08\/690WbYonry-tAVvnaYzo-300x300.png 300w, https:\/\/oigs.hr\/novo\/wp-content\/uploads\/2025\/08\/690WbYonry-tAVvnaYzo-150x150.png 150w, https:\/\/oigs.hr\/novo\/wp-content\/uploads\/2025\/08\/690WbYonry-tAVvnaYzo-768x768.png 768w, https:\/\/oigs.hr\/novo\/wp-content\/uploads\/2025\/08\/690WbYonry-tAVvnaYzo-70x70.png 70w, https:\/\/oigs.hr\/novo\/wp-content\/uploads\/2025\/08\/690WbYonry-tAVvnaYzo-246x246.png 246w, https:\/\/oigs.hr\/novo\/wp-content\/uploads\/2025\/08\/690WbYonry-tAVvnaYzo-276x276.png 276w, https:\/\/oigs.hr\/novo\/wp-content\/uploads\/2025\/08\/690WbYonry-tAVvnaYzo-125x125.png 125w, https:\/\/oigs.hr\/novo\/wp-content\/uploads\/2025\/08\/690WbYonry-tAVvnaYzo.png 1024w\" sizes=\"auto, (max-width: 397px) 100vw, 397px\" \/><\/p>\n<p><span style=\"color: #0000ff;\"><a style=\"color: #0000ff;\" href=\"https:\/\/oigs.hr\/novo\/wp-content\/uploads\/2026\/02\/Registar-ugovora-2025.xlsx\">Registar-ugovora-2025<\/a><\/span><\/p>\n<p><span style=\"color: #0000ff;\"><a style=\"color: #0000ff;\" href=\"https:\/\/oigs.hr\/novo\/wp-content\/uploads\/2026\/02\/Plan-nabave-2026.xlsx\">Plan nabave 2026<\/a><\/span><\/p>\n<p><span style=\"color: #0000ff;\"><a style=\"color: #0000ff;\" href=\"https:\/\/oigs.hr\/novo\/wp-content\/uploads\/2025\/01\/Plan-nabave-2025.xlsx\">Plan nabave 2025.<\/a><\/span><\/p>\n<p><span style=\"color: #0000ff;\"><a style=\"color: #0000ff;\" href=\"https:\/\/oigs.hr\/novo\/wp-content\/uploads\/2025\/01\/Registar-ugovora-2024.xlsx\">Registar ugovora-2024 Oig\u0161<\/a><\/span><\/p>\n<p><span style=\"color: #0000ff;\"><a style=\"color: #0000ff;\" href=\"https:\/\/oigs.hr\/novo\/wp-content\/uploads\/2024\/01\/Plan-nabave-2024.xlsx\">Plan nabave 2024.<\/a><\/span><\/p>\n<p><span style=\"color: #0000ff;\"><a style=\"color: #0000ff;\" href=\"https:\/\/oigs.hr\/novo\/wp-content\/uploads\/2023\/10\/POZIV-za-dostavu-ponuda-za-nabavu-informaticke-opreme.pdf\">Poziv za ponudu informati\u010dke opreme<\/a><\/span><\/p>\n<p><span style=\"color: #0000ff;\"><a style=\"color: #0000ff;\" href=\"https:\/\/oigs.hr\/novo\/wp-content\/uploads\/2023\/09\/PRAVILNIK-o-provedbi-postupaka-jednostavne-nabave_2023-.pdf\">Postupak jednostavne nabave<\/a><\/span><\/p>\n<p><span style=\"color: #0000ff;\"><a style=\"color: #0000ff;\" href=\"https:\/\/oigs.hr\/novo\/wp-content\/uploads\/2023\/09\/Registar-ugovora.xlsx\">Registar ugovora Oig\u0161<\/a><\/span><\/p>\n<p><span style=\"color: #0000ff;\"><a style=\"color: #0000ff;\" href=\"https:\/\/oigs.hr\/novo\/wp-content\/uploads\/2023\/09\/Plan-nabave-2023.pdf\">Plan nabave 2023.<\/a><\/span><\/p>\n<p><span style=\"color: #0000ff;\"><a style=\"color: #0000ff;\" href=\"https:\/\/oigs.hr\/novo\/wp-content\/uploads\/2022\/04\/Pravilnik-o-postupku-jednostavne-nabave.pdf\">Pravilnik o postupku jednostavne nabave<\/a><\/span><\/p>\n<p><span style=\"color: #0000ff;\"><a style=\"color: #0000ff;\" href=\"https:\/\/oigs.hr\/novo\/wp-content\/uploads\/2022\/04\/Registar-ugovora-Obrtnicka-i-industrijska-graditeljska-skola.xlsx\">Registar ugovora Oig\u0161<\/a><\/span><\/p>\n<p><span style=\"color: #0000ff;\"><a style=\"color: #0000ff;\" href=\"https:\/\/oigs.hr\/novo\/wp-content\/uploads\/2022\/04\/Plan-nabave-2022.xls\">Plan nabave 2022.<\/a><\/span><\/p>\n<p>&nbsp;<\/p>\n<p>Datum objave: 02.09.2020.<\/p>\n<p><span style=\"color: #0000ff;\"><a style=\"color: #0000ff;\" href=\"https:\/\/oigs.hr\/novo\/wp-content\/uploads\/2020\/11\/odluka-over-2-4-2.pdf\">Odluka &#8211; Over 2<\/a><\/span><\/p>\n<p><span style=\"color: #0000ff;\"><a style=\"color: #0000ff;\" href=\"https:\/\/oigs.hr\/novo\/wp-content\/uploads\/2020\/11\/odluka-bokart-2-4-2.pdf\">Odluka &#8211; Bokart 2<\/a><\/span><\/p>\n<p><span style=\"color: #0000ff;\"><a style=\"color: #0000ff;\" href=\"https:\/\/oigs.hr\/novo\/wp-content\/uploads\/2020\/11\/Odluka-Bokart-3-4-2.pdf\">Odluka &#8211; Bokart\u00a0 3<\/a><\/span><\/p>\n<p>&nbsp;<\/p>\n<p>Datum objave: 24.08.2020.<\/p>\n<p><span style=\"color: #0000ff;\"><a style=\"color: #0000ff;\" href=\"https:\/\/oigs.hr\/novo\/wp-content\/uploads\/2020\/11\/javni-poziv-pec-za-fuziju-stakla-2-4-1.pdf\">Javni poziv staklar &#8211; pe\u0107 za fuziju stakla<\/a><\/span><\/p>\n<p><span style=\"color: #0000ff;\"><a style=\"color: #0000ff;\" href=\"https:\/\/oigs.hr\/novo\/wp-content\/uploads\/2020\/11\/Poziv-za-dostavu-ponuda-staklar-2-4-1.pdf\">Poziv za dostavu &#8211; staklar 1<\/a><\/span><\/p>\n<p><span style=\"color: #0000ff;\"><a style=\"color: #0000ff;\" href=\"https:\/\/oigs.hr\/novo\/wp-content\/uploads\/2020\/11\/Poziv-za-dostavu-ponuda-staklar-3-4-1.pdf\">Poziv za dostavu &#8211; staklar 2<\/a><\/span><\/p>\n<p>&nbsp;<\/p>\n<p>Datum objave: 19.06.2020.<\/p>\n<p><span style=\"color: #0000ff;\"><a style=\"color: #0000ff;\" href=\"https:\/\/oigs.hr\/novo\/wp-content\/uploads\/2020\/11\/odluka-kanal-3-2.pdf\">Dimnja\u010darski kabinet &#8211; Odluka Kanal<\/a><\/span><\/p>\n<p><span style=\"color: #0000ff;\"><a style=\"color: #0000ff;\" href=\"https:\/\/oigs.hr\/novo\/wp-content\/uploads\/2020\/11\/odluka-tokamak-3-3.pdf\">Dimnja\u010darski praktikum &#8211; Odluka Tokamak<\/a><\/span><\/p>\n<p><span style=\"color: #0000ff;\"><a style=\"color: #0000ff;\" href=\"https:\/\/oigs.hr\/novo\/wp-content\/uploads\/2020\/11\/odluka-ivicek-3-4.pdf\">Soboslikar. li\u010d. praktikum &#8211; Odluka Ivi\u010dek<\/a><\/span><\/p>\n<p><span style=\"color: #0000ff;\"><a style=\"color: #0000ff;\" href=\"https:\/\/oigs.hr\/novo\/wp-content\/uploads\/2020\/11\/odluka-bokart-3-5.pdf\">Stol za rezanje stakla &#8211; Odluka Bokart<\/a><\/span><\/p>\n<p>&nbsp;<\/p>\n<p>Datum objave: 29.05.2020.<\/p>\n<p><span style=\"color: #0000ff;\"><a style=\"color: #0000ff;\" href=\"https:\/\/oigs.hr\/novo\/wp-content\/uploads\/2020\/11\/odluka-ponistenje-3-1.pdf\">Odluka poni\u0161tenja &#8211; staklarski praktikum<\/a><\/span><\/p>\n<p>&nbsp;<\/p>\n<p>Datum objave: 22.05.2020.<\/p>\n<p><span style=\"color: #0000ff;\"><a style=\"color: #0000ff;\" href=\"https:\/\/oigs.hr\/novo\/wp-content\/uploads\/2020\/11\/ponovljeni-javni-poziv-dimnjacarski-kabinet-2-3.pdf\">Ponovljeni javni poziv &#8211; dimnja\u010darski kabinet<\/a><\/span><\/p>\n<p><span style=\"color: #0000ff;\"><a style=\"color: #0000ff;\" href=\"https:\/\/oigs.hr\/novo\/wp-content\/uploads\/2020\/11\/ponovljeni-javni-poziv-dimnjacarski-praktikum-2-3.pdf\">Ponovljeni javni poziv &#8211; dimnja\u010darski praktikum<\/a><\/span><\/p>\n<p><span style=\"color: #0000ff;\"><a style=\"color: #0000ff;\" href=\"https:\/\/oigs.hr\/novo\/wp-content\/uploads\/2020\/11\/ponovljeni-poziv-soboslik.lic_.prakt_.-2-3.pdf\">Ponovljeni javni poziv &#8211; soboslikar. li\u010d. praktikum<\/a><\/span><\/p>\n<p><span style=\"color: #0000ff;\"><a style=\"color: #0000ff;\" href=\"https:\/\/oigs.hr\/novo\/wp-content\/uploads\/2020\/11\/ponovljeni-javni-poziv-staklar-stol-za-rezanje-stakla-2-3.pdf\">Ponovljeni javni poziv &#8211; stol za rezanje stakla<\/a><\/span><\/p>\n<p><span style=\"color: #0000ff;\"><a style=\"color: #0000ff;\" href=\"https:\/\/oigs.hr\/novo\/wp-content\/uploads\/2020\/11\/ponovljeni-javni-poziv-staklarski-praktikum-2-3.pdf\">Ponovljeni javni poziv &#8211; staklarski praktikum<\/a><\/span><\/p>\n<p>&nbsp;<\/p>\n<p>Datum objave: 24.03.2020.<\/p>\n<p><a href=\"https:\/\/oigs.hr\/novo\/wp-content\/uploads\/2020\/11\/opoziv-poziva-dimnjacarksi-kabinet-2-2.pdf\"><span style=\"color: #0000ff;\">Opoziv poziva &#8211; dimnja\u010darski kabinet<\/span><\/a><\/p>\n<p><span style=\"color: #0000ff;\"><a style=\"color: #0000ff;\" href=\"https:\/\/oigs.hr\/novo\/wp-content\/uploads\/2020\/11\/opoziv-poziva-dimnjacarski-praktikum-2-2.pdf\">Opoziv poziva &#8211; dimnja\u010darski praktikum<\/a><\/span><\/p>\n<p><span style=\"color: #0000ff;\"><a style=\"color: #0000ff;\" href=\"https:\/\/oigs.hr\/novo\/wp-content\/uploads\/2020\/11\/opoziv-poziva-soboslik.lic_.prakt_.-2-2.pdf\">Opoziv poziva &#8211; soboslikar. li\u010d. praktikum<\/a><\/span><\/p>\n<p><span style=\"color: #0000ff;\"><a style=\"color: #0000ff;\" href=\"https:\/\/oigs.hr\/novo\/wp-content\/uploads\/2020\/11\/opoziv-poziva-staklar-stol-za-rezanje-stakla-2-2.pdf\">Opoziv poziva &#8211; stol za rezanje stakla<\/a><\/span><\/p>\n<p><span style=\"color: #0000ff;\"><a style=\"color: #0000ff;\" href=\"https:\/\/oigs.hr\/novo\/wp-content\/uploads\/2020\/11\/opoziv-poziva-staklarski-praktikum-2-2.pdf\">Opoziv poziva &#8211; staklarski praktikum<\/a><\/span><\/p>\n<p>&nbsp;<\/p>\n<p>Datum objave: 13.03.2020.<\/p>\n<p><a href=\"https:\/\/oigs.hr\/novo\/wp-content\/uploads\/2020\/11\/javni-poziv-dimnjacarski-kabinet-2-1.pdf\"><span style=\"color: #0000ff;\">Javni poziv &#8211; dimnja\u010darski kabinet<\/span><\/a><\/p>\n<p><span style=\"color: #0000ff;\"><a style=\"color: #0000ff;\" href=\"https:\/\/oigs.hr\/novo\/wp-content\/uploads\/2020\/11\/javni-poziv-dimnjacarski-praktikum-2-1.pdf\">Javni poziv &#8211; dimnja\u010darski praktikum<\/a><\/span><\/p>\n<p><span style=\"color: #0000ff;\"><a style=\"color: #0000ff;\" href=\"https:\/\/oigs.hr\/novo\/wp-content\/uploads\/2020\/11\/javni-poziv-soboslik.lic_.-praktikum-2-1.pdf\">Javni poziv &#8211; soboslikar. li\u010d. praktikum<\/a><\/span><\/p>\n<p><span style=\"color: #0000ff;\"><a style=\"color: #0000ff;\" href=\"https:\/\/oigs.hr\/novo\/wp-content\/uploads\/2020\/11\/javni-poziv-staklar-stol-za-rezanje-stakla-2-1.pdf\">Javni poziv &#8211; stol za rezanje stakla<\/a><\/span><\/p>\n<p><span style=\"color: #0000ff;\"><a style=\"color: #0000ff;\" href=\"https:\/\/oigs.hr\/novo\/wp-content\/uploads\/2020\/11\/javni-poziv-staklarski-praktikum-2-1.pdf\">Javni poziv &#8211; staklarski praktikum<\/a><\/span><\/p>\n<p>&nbsp;<\/p>\n<p>Datum objave: 17.01.2020.<\/p>\n<p><a href=\"https:\/\/oigs.hr\/novo\/wp-content\/uploads\/2020\/11\/odluka-over-1-2.pdf\"><span style=\"color: #0000ff;\">Odluka &#8211; Over<\/span><\/a><\/p>\n<p>&nbsp;<\/p>\n<p>Datum objave: 10.01.2020.<\/p>\n<p><a href=\"https:\/\/oigs.hr\/novo\/wp-content\/uploads\/2020\/11\/javni-poziv-staklar-pec-za-fuziju-stakla-1-1.pdf\"><span style=\"color: #0000ff;\">Javni poziv staklar &#8211; pe\u0107 za fuziju stakla<\/span><\/a><\/p>\n<p>&nbsp;<\/p>\n","protected":false},"excerpt":{"rendered":"<p>Registar-ugovora-2025 Plan nabave 2026 Plan nabave 2025. Registar ugovora-2024 Oig\u0161 Plan nabave 2024. Poziv za ponudu informati\u010dke opreme Postupak jednostavne &hellip; <\/p>\n","protected":false},"author":2,"featured_media":0,"parent":0,"menu_order":0,"comment_status":"closed","ping_status":"closed","template":"","meta":{"footnotes":""},"class_list":["post-1931","page","type-page","status-publish","hentry"],"yoast_head":"<!-- This site is optimized with the Yoast SEO plugin v27.4 - https:\/\/yoast.com\/product\/yoast-seo-wordpress\/ -->\n<title>Javna nabava - OIG\u0160<\/title>\n<meta name=\"description\" content=\"Registar-ugovora-2025 Plan nabave 2026 Plan nabave 2025. Registar ugovora-2024 Oig\u0161 Plan nabave 2024. Poziv za ponudu informati\u010dke opreme Postupak\" \/>\n<meta name=\"robots\" content=\"index, follow, max-snippet:-1, max-image-preview:large, max-video-preview:-1\" \/>\n<link rel=\"canonical\" href=\"https:\/\/oigs.hr\/novo\/javna-nabava\/\" \/>\n<meta property=\"og:locale\" content=\"hr_HR\" \/>\n<meta property=\"og:type\" content=\"article\" \/>\n<meta property=\"og:title\" content=\"Javna nabava - OIG\u0160\" \/>\n<meta property=\"og:description\" content=\"Registar-ugovora-2025 Plan nabave 2026 Plan nabave 2025. Registar ugovora-2024 Oig\u0161 Plan nabave 2024. Poziv za ponudu informati\u010dke opreme Postupak\" \/>\n<meta property=\"og:url\" content=\"https:\/\/oigs.hr\/novo\/javna-nabava\/\" \/>\n<meta property=\"og:site_name\" content=\"OIG\u0160\" \/>\n<meta property=\"article:publisher\" content=\"https:\/\/www.facebook.com\/oigs.srednjaskola\/\" \/>\n<meta property=\"article:modified_time\" content=\"2026-02-27T11:47:27+00:00\" \/>\n<meta property=\"og:image\" content=\"https:\/\/oigs.hr\/novo\/wp-content\/uploads\/2025\/08\/690WbYonry-tAVvnaYzo.png\" \/>\n\t<meta property=\"og:image:width\" content=\"1024\" \/>\n\t<meta property=\"og:image:height\" content=\"1024\" \/>\n\t<meta property=\"og:image:type\" content=\"image\/png\" \/>\n<meta name=\"twitter:card\" content=\"summary_large_image\" \/>\n<meta name=\"twitter:label1\" content=\"Procijenjeno vrijeme \u010ditanja\" \/>\n\t<meta name=\"twitter:data1\" content=\"2 minute\" \/>\n<script type=\"application\/ld+json\" class=\"yoast-schema-graph\">{\"@context\":\"https:\\\/\\\/schema.org\",\"@graph\":[{\"@type\":\"WebPage\",\"@id\":\"https:\\\/\\\/oigs.hr\\\/novo\\\/javna-nabava\\\/\",\"url\":\"https:\\\/\\\/oigs.hr\\\/novo\\\/javna-nabava\\\/\",\"name\":\"Javna nabava - OIG\u0160\",\"isPartOf\":{\"@id\":\"https:\\\/\\\/oigs.hr\\\/novo\\\/#website\"},\"primaryImageOfPage\":{\"@id\":\"https:\\\/\\\/oigs.hr\\\/novo\\\/javna-nabava\\\/#primaryimage\"},\"image\":{\"@id\":\"https:\\\/\\\/oigs.hr\\\/novo\\\/javna-nabava\\\/#primaryimage\"},\"thumbnailUrl\":\"https:\\\/\\\/oigs.hr\\\/novo\\\/wp-content\\\/uploads\\\/2025\\\/08\\\/690WbYonry-tAVvnaYzo-300x300.png\",\"datePublished\":\"2020-07-01T20:30:58+00:00\",\"dateModified\":\"2026-02-27T11:47:27+00:00\",\"description\":\"Registar-ugovora-2025 Plan nabave 2026 Plan nabave 2025. Registar ugovora-2024 Oig\u0161 Plan nabave 2024. Poziv za ponudu informati\u010dke opreme Postupak\",\"breadcrumb\":{\"@id\":\"https:\\\/\\\/oigs.hr\\\/novo\\\/javna-nabava\\\/#breadcrumb\"},\"inLanguage\":\"hr\",\"potentialAction\":[{\"@type\":\"ReadAction\",\"target\":[\"https:\\\/\\\/oigs.hr\\\/novo\\\/javna-nabava\\\/\"]}]},{\"@type\":\"ImageObject\",\"inLanguage\":\"hr\",\"@id\":\"https:\\\/\\\/oigs.hr\\\/novo\\\/javna-nabava\\\/#primaryimage\",\"url\":\"https:\\\/\\\/oigs.hr\\\/novo\\\/wp-content\\\/uploads\\\/2025\\\/08\\\/690WbYonry-tAVvnaYzo.png\",\"contentUrl\":\"https:\\\/\\\/oigs.hr\\\/novo\\\/wp-content\\\/uploads\\\/2025\\\/08\\\/690WbYonry-tAVvnaYzo.png\",\"width\":1024,\"height\":1024},{\"@type\":\"BreadcrumbList\",\"@id\":\"https:\\\/\\\/oigs.hr\\\/novo\\\/javna-nabava\\\/#breadcrumb\",\"itemListElement\":[{\"@type\":\"ListItem\",\"position\":1,\"name\":\"Po\u010detna stranica\",\"item\":\"https:\\\/\\\/oigs.hr\\\/novo\\\/\"},{\"@type\":\"ListItem\",\"position\":2,\"name\":\"Javna nabava\"}]},{\"@type\":\"WebSite\",\"@id\":\"https:\\\/\\\/oigs.hr\\\/novo\\\/#website\",\"url\":\"https:\\\/\\\/oigs.hr\\\/novo\\\/\",\"name\":\"OIG\u0160\",\"description\":\"Obrtni\u010dka i industrijska graditeljska \u0161kola\",\"publisher\":{\"@id\":\"https:\\\/\\\/oigs.hr\\\/novo\\\/#organization\"},\"potentialAction\":[{\"@type\":\"SearchAction\",\"target\":{\"@type\":\"EntryPoint\",\"urlTemplate\":\"https:\\\/\\\/oigs.hr\\\/novo\\\/?s={search_term_string}\"},\"query-input\":{\"@type\":\"PropertyValueSpecification\",\"valueRequired\":true,\"valueName\":\"search_term_string\"}}],\"inLanguage\":\"hr\"},{\"@type\":\"Organization\",\"@id\":\"https:\\\/\\\/oigs.hr\\\/novo\\\/#organization\",\"name\":\"OIG\u0160\",\"url\":\"https:\\\/\\\/oigs.hr\\\/novo\\\/\",\"logo\":{\"@type\":\"ImageObject\",\"inLanguage\":\"hr\",\"@id\":\"https:\\\/\\\/oigs.hr\\\/novo\\\/#\\\/schema\\\/logo\\\/image\\\/\",\"url\":\"https:\\\/\\\/oigs.hr\\\/novo\\\/wp-content\\\/uploads\\\/2020\\\/06\\\/logo-1-e1592001907410.png\",\"contentUrl\":\"https:\\\/\\\/oigs.hr\\\/novo\\\/wp-content\\\/uploads\\\/2020\\\/06\\\/logo-1-e1592001907410.png\",\"width\":195,\"height\":181,\"caption\":\"OIG\u0160\"},\"image\":{\"@id\":\"https:\\\/\\\/oigs.hr\\\/novo\\\/#\\\/schema\\\/logo\\\/image\\\/\"},\"sameAs\":[\"https:\\\/\\\/www.facebook.com\\\/oigs.srednjaskola\\\/\"]}]}<\/script>\n<!-- \/ Yoast SEO plugin. -->","yoast_head_json":{"title":"Javna nabava - OIG\u0160","description":"Registar-ugovora-2025 Plan nabave 2026 Plan nabave 2025. Registar ugovora-2024 Oig\u0161 Plan nabave 2024. Poziv za ponudu informati\u010dke opreme Postupak","robots":{"index":"index","follow":"follow","max-snippet":"max-snippet:-1","max-image-preview":"max-image-preview:large","max-video-preview":"max-video-preview:-1"},"canonical":"https:\/\/oigs.hr\/novo\/javna-nabava\/","og_locale":"hr_HR","og_type":"article","og_title":"Javna nabava - OIG\u0160","og_description":"Registar-ugovora-2025 Plan nabave 2026 Plan nabave 2025. Registar ugovora-2024 Oig\u0161 Plan nabave 2024. Poziv za ponudu informati\u010dke opreme Postupak","og_url":"https:\/\/oigs.hr\/novo\/javna-nabava\/","og_site_name":"OIG\u0160","article_publisher":"https:\/\/www.facebook.com\/oigs.srednjaskola\/","article_modified_time":"2026-02-27T11:47:27+00:00","og_image":[{"width":1024,"height":1024,"url":"https:\/\/oigs.hr\/novo\/wp-content\/uploads\/2025\/08\/690WbYonry-tAVvnaYzo.png","type":"image\/png"}],"twitter_card":"summary_large_image","twitter_misc":{"Procijenjeno vrijeme \u010ditanja":"2 minute"},"schema":{"@context":"https:\/\/schema.org","@graph":[{"@type":"WebPage","@id":"https:\/\/oigs.hr\/novo\/javna-nabava\/","url":"https:\/\/oigs.hr\/novo\/javna-nabava\/","name":"Javna nabava - OIG\u0160","isPartOf":{"@id":"https:\/\/oigs.hr\/novo\/#website"},"primaryImageOfPage":{"@id":"https:\/\/oigs.hr\/novo\/javna-nabava\/#primaryimage"},"image":{"@id":"https:\/\/oigs.hr\/novo\/javna-nabava\/#primaryimage"},"thumbnailUrl":"https:\/\/oigs.hr\/novo\/wp-content\/uploads\/2025\/08\/690WbYonry-tAVvnaYzo-300x300.png","datePublished":"2020-07-01T20:30:58+00:00","dateModified":"2026-02-27T11:47:27+00:00","description":"Registar-ugovora-2025 Plan nabave 2026 Plan nabave 2025. Registar ugovora-2024 Oig\u0161 Plan nabave 2024. Poziv za ponudu informati\u010dke opreme Postupak","breadcrumb":{"@id":"https:\/\/oigs.hr\/novo\/javna-nabava\/#breadcrumb"},"inLanguage":"hr","potentialAction":[{"@type":"ReadAction","target":["https:\/\/oigs.hr\/novo\/javna-nabava\/"]}]},{"@type":"ImageObject","inLanguage":"hr","@id":"https:\/\/oigs.hr\/novo\/javna-nabava\/#primaryimage","url":"https:\/\/oigs.hr\/novo\/wp-content\/uploads\/2025\/08\/690WbYonry-tAVvnaYzo.png","contentUrl":"https:\/\/oigs.hr\/novo\/wp-content\/uploads\/2025\/08\/690WbYonry-tAVvnaYzo.png","width":1024,"height":1024},{"@type":"BreadcrumbList","@id":"https:\/\/oigs.hr\/novo\/javna-nabava\/#breadcrumb","itemListElement":[{"@type":"ListItem","position":1,"name":"Po\u010detna stranica","item":"https:\/\/oigs.hr\/novo\/"},{"@type":"ListItem","position":2,"name":"Javna nabava"}]},{"@type":"WebSite","@id":"https:\/\/oigs.hr\/novo\/#website","url":"https:\/\/oigs.hr\/novo\/","name":"OIG\u0160","description":"Obrtni\u010dka i industrijska graditeljska \u0161kola","publisher":{"@id":"https:\/\/oigs.hr\/novo\/#organization"},"potentialAction":[{"@type":"SearchAction","target":{"@type":"EntryPoint","urlTemplate":"https:\/\/oigs.hr\/novo\/?s={search_term_string}"},"query-input":{"@type":"PropertyValueSpecification","valueRequired":true,"valueName":"search_term_string"}}],"inLanguage":"hr"},{"@type":"Organization","@id":"https:\/\/oigs.hr\/novo\/#organization","name":"OIG\u0160","url":"https:\/\/oigs.hr\/novo\/","logo":{"@type":"ImageObject","inLanguage":"hr","@id":"https:\/\/oigs.hr\/novo\/#\/schema\/logo\/image\/","url":"https:\/\/oigs.hr\/novo\/wp-content\/uploads\/2020\/06\/logo-1-e1592001907410.png","contentUrl":"https:\/\/oigs.hr\/novo\/wp-content\/uploads\/2020\/06\/logo-1-e1592001907410.png","width":195,"height":181,"caption":"OIG\u0160"},"image":{"@id":"https:\/\/oigs.hr\/novo\/#\/schema\/logo\/image\/"},"sameAs":["https:\/\/www.facebook.com\/oigs.srednjaskola\/"]}]}},"_links":{"self":[{"href":"https:\/\/oigs.hr\/novo\/wp-json\/wp\/v2\/pages\/1931","targetHints":{"allow":["GET"]}}],"collection":[{"href":"https:\/\/oigs.hr\/novo\/wp-json\/wp\/v2\/pages"}],"about":[{"href":"https:\/\/oigs.hr\/novo\/wp-json\/wp\/v2\/types\/page"}],"author":[{"embeddable":true,"href":"https:\/\/oigs.hr\/novo\/wp-json\/wp\/v2\/users\/2"}],"replies":[{"embeddable":true,"href":"https:\/\/oigs.hr\/novo\/wp-json\/wp\/v2\/comments?post=1931"}],"version-history":[{"count":24,"href":"https:\/\/oigs.hr\/novo\/wp-json\/wp\/v2\/pages\/1931\/revisions"}],"predecessor-version":[{"id":10760,"href":"https:\/\/oigs.hr\/novo\/wp-json\/wp\/v2\/pages\/1931\/revisions\/10760"}],"wp:attachment":[{"href":"https:\/\/oigs.hr\/novo\/wp-json\/wp\/v2\/media?parent=1931"}],"curies":[{"name":"wp","href":"https:\/\/api.w.org\/{rel}","templated":true}]}}