{"id":1925,"date":"2020-07-01T22:26:13","date_gmt":"2020-07-01T20:26:13","guid":{"rendered":"https:\/\/www.oigs.hr\/novo\/?page_id=1925"},"modified":"2026-01-22T15:55:41","modified_gmt":"2026-01-22T14:55:41","slug":"pristup-informacijama","status":"publish","type":"page","link":"https:\/\/oigs.hr\/novo\/pristup-informacijama\/","title":{"rendered":"Pristup informacijama"},"content":{"rendered":"<p><strong><span style=\"color: #000080;\"><a style=\"color: #000080;\" href=\"https:\/\/oigs.hr\/novo\/wp-content\/uploads\/2026\/01\/Godisnje_izvjesce-2025.pdf\">Godisnje_izvjesce 2025<\/a><\/span><\/strong><\/p>\n<p><span style=\"color: #0000ff;\"><a style=\"color: #0000ff;\" href=\"https:\/\/oigs.hr\/novo\/wp-content\/uploads\/2025\/01\/Godisnje_izvjesce-za-2024.-godinu.pdf\">Godi\u0161nje izvje\u0161\u0107e o provedbi ZPPI za 2024.<\/a><br \/>\n<a style=\"color: #0000ff;\" href=\"https:\/\/oigs.hr\/novo\/wp-content\/uploads\/2024\/01\/Godisnje_izvjesce-za-2023.pdf\">Godi\u0161nje izvje\u0161\u0107e za 2023.<\/a><br \/>\n<a style=\"color: #0000ff;\" href=\"https:\/\/oigs.hr\/novo\/wp-content\/uploads\/2023\/08\/Upitnik-za-samoprocjenu-tjv.xls\">Upitnik za samoprocjenu<\/a><\/span><br \/>\n<span style=\"color: #0000ff;\"><a style=\"color: #0000ff;\" href=\"https:\/\/oigs.hr\/novo\/wp-content\/uploads\/2022\/01\/Politika-privatnosti.pdf\">Politika privatnosti<\/a><\/span><br \/>\n<span style=\"color: #0000ff;\"><a style=\"color: #0000ff;\" href=\"https:\/\/oigs.hr\/novo\/wp-content\/uploads\/2022\/01\/Godisnje_izvjesce-2021.pdf\">Godisnje_izvjesce_2021.<\/a><\/span><br \/>\n<span style=\"color: #0000ff;\"><a style=\"color: #0000ff;\" href=\"https:\/\/oigs.hr\/novo\/wp-content\/uploads\/2020\/07\/Odluka-o-imenovanju-sluzbenika-za-informiranje.pdf\">Odluka o imenovanju sluzbenika za informiranje<\/a><br \/>\n<a style=\"color: #0000ff;\" href=\"https:\/\/oigs.hr\/novo\/wp-content\/uploads\/2023\/01\/Godisnje_izvjesce.pdf\">Godisnje_izvjesce_2022.<\/a><br \/>\n<\/span><\/p>\n","protected":false},"excerpt":{"rendered":"<p>Godisnje_izvjesce 2025 Godi\u0161nje izvje\u0161\u0107e o provedbi ZPPI za 2024. Godi\u0161nje izvje\u0161\u0107e za 2023. Upitnik za samoprocjenu Politika privatnosti Godisnje_izvjesce_2021. Odluka &hellip; <\/p>\n","protected":false},"author":2,"featured_media":0,"parent":0,"menu_order":0,"comment_status":"closed","ping_status":"closed","template":"","meta":{"footnotes":""},"class_list":["post-1925","page","type-page","status-publish","hentry"],"yoast_head":"<!-- This site is optimized with the Yoast SEO plugin v27.4 - https:\/\/yoast.com\/product\/yoast-seo-wordpress\/ -->\n<title>Pristup informacijama - OIG\u0160<\/title>\n<meta name=\"description\" content=\"Godisnje_izvjesce 2025 Godi\u0161nje izvje\u0161\u0107e o provedbi ZPPI za 2024. Godi\u0161nje izvje\u0161\u0107e za 2023. Upitnik za samoprocjenu Politika privatnosti\" \/>\n<meta name=\"robots\" content=\"index, follow, max-snippet:-1, max-image-preview:large, max-video-preview:-1\" \/>\n<link rel=\"canonical\" href=\"https:\/\/oigs.hr\/novo\/pristup-informacijama\/\" \/>\n<meta property=\"og:locale\" content=\"hr_HR\" \/>\n<meta property=\"og:type\" content=\"article\" \/>\n<meta property=\"og:title\" content=\"Pristup informacijama - OIG\u0160\" \/>\n<meta property=\"og:description\" content=\"Godisnje_izvjesce 2025 Godi\u0161nje izvje\u0161\u0107e o provedbi ZPPI za 2024. Godi\u0161nje izvje\u0161\u0107e za 2023. Upitnik za samoprocjenu Politika privatnosti\" \/>\n<meta property=\"og:url\" content=\"https:\/\/oigs.hr\/novo\/pristup-informacijama\/\" \/>\n<meta property=\"og:site_name\" content=\"OIG\u0160\" \/>\n<meta property=\"article:publisher\" content=\"https:\/\/www.facebook.com\/oigs.srednjaskola\/\" \/>\n<meta property=\"article:modified_time\" content=\"2026-01-22T14:55:41+00:00\" \/>\n<meta name=\"twitter:card\" content=\"summary_large_image\" \/>\n<meta name=\"twitter:label1\" content=\"Procijenjeno vrijeme \u010ditanja\" \/>\n\t<meta name=\"twitter:data1\" content=\"1 minuta\" \/>\n<script type=\"application\/ld+json\" class=\"yoast-schema-graph\">{\"@context\":\"https:\\\/\\\/schema.org\",\"@graph\":[{\"@type\":\"WebPage\",\"@id\":\"https:\\\/\\\/oigs.hr\\\/novo\\\/pristup-informacijama\\\/\",\"url\":\"https:\\\/\\\/oigs.hr\\\/novo\\\/pristup-informacijama\\\/\",\"name\":\"Pristup informacijama - OIG\u0160\",\"isPartOf\":{\"@id\":\"https:\\\/\\\/oigs.hr\\\/novo\\\/#website\"},\"datePublished\":\"2020-07-01T20:26:13+00:00\",\"dateModified\":\"2026-01-22T14:55:41+00:00\",\"description\":\"Godisnje_izvjesce 2025 Godi\u0161nje izvje\u0161\u0107e o provedbi ZPPI za 2024. Godi\u0161nje izvje\u0161\u0107e za 2023. Upitnik za samoprocjenu Politika privatnosti\",\"breadcrumb\":{\"@id\":\"https:\\\/\\\/oigs.hr\\\/novo\\\/pristup-informacijama\\\/#breadcrumb\"},\"inLanguage\":\"hr\",\"potentialAction\":[{\"@type\":\"ReadAction\",\"target\":[\"https:\\\/\\\/oigs.hr\\\/novo\\\/pristup-informacijama\\\/\"]}]},{\"@type\":\"BreadcrumbList\",\"@id\":\"https:\\\/\\\/oigs.hr\\\/novo\\\/pristup-informacijama\\\/#breadcrumb\",\"itemListElement\":[{\"@type\":\"ListItem\",\"position\":1,\"name\":\"Po\u010detna stranica\",\"item\":\"https:\\\/\\\/oigs.hr\\\/novo\\\/\"},{\"@type\":\"ListItem\",\"position\":2,\"name\":\"Pristup informacijama\"}]},{\"@type\":\"WebSite\",\"@id\":\"https:\\\/\\\/oigs.hr\\\/novo\\\/#website\",\"url\":\"https:\\\/\\\/oigs.hr\\\/novo\\\/\",\"name\":\"OIG\u0160\",\"description\":\"Obrtni\u010dka i industrijska graditeljska \u0161kola\",\"publisher\":{\"@id\":\"https:\\\/\\\/oigs.hr\\\/novo\\\/#organization\"},\"potentialAction\":[{\"@type\":\"SearchAction\",\"target\":{\"@type\":\"EntryPoint\",\"urlTemplate\":\"https:\\\/\\\/oigs.hr\\\/novo\\\/?s={search_term_string}\"},\"query-input\":{\"@type\":\"PropertyValueSpecification\",\"valueRequired\":true,\"valueName\":\"search_term_string\"}}],\"inLanguage\":\"hr\"},{\"@type\":\"Organization\",\"@id\":\"https:\\\/\\\/oigs.hr\\\/novo\\\/#organization\",\"name\":\"OIG\u0160\",\"url\":\"https:\\\/\\\/oigs.hr\\\/novo\\\/\",\"logo\":{\"@type\":\"ImageObject\",\"inLanguage\":\"hr\",\"@id\":\"https:\\\/\\\/oigs.hr\\\/novo\\\/#\\\/schema\\\/logo\\\/image\\\/\",\"url\":\"https:\\\/\\\/oigs.hr\\\/novo\\\/wp-content\\\/uploads\\\/2020\\\/06\\\/logo-1-e1592001907410.png\",\"contentUrl\":\"https:\\\/\\\/oigs.hr\\\/novo\\\/wp-content\\\/uploads\\\/2020\\\/06\\\/logo-1-e1592001907410.png\",\"width\":195,\"height\":181,\"caption\":\"OIG\u0160\"},\"image\":{\"@id\":\"https:\\\/\\\/oigs.hr\\\/novo\\\/#\\\/schema\\\/logo\\\/image\\\/\"},\"sameAs\":[\"https:\\\/\\\/www.facebook.com\\\/oigs.srednjaskola\\\/\"]}]}<\/script>\n<!-- \/ Yoast SEO plugin. -->","yoast_head_json":{"title":"Pristup informacijama - OIG\u0160","description":"Godisnje_izvjesce 2025 Godi\u0161nje izvje\u0161\u0107e o provedbi ZPPI za 2024. Godi\u0161nje izvje\u0161\u0107e za 2023. Upitnik za samoprocjenu Politika privatnosti","robots":{"index":"index","follow":"follow","max-snippet":"max-snippet:-1","max-image-preview":"max-image-preview:large","max-video-preview":"max-video-preview:-1"},"canonical":"https:\/\/oigs.hr\/novo\/pristup-informacijama\/","og_locale":"hr_HR","og_type":"article","og_title":"Pristup informacijama - OIG\u0160","og_description":"Godisnje_izvjesce 2025 Godi\u0161nje izvje\u0161\u0107e o provedbi ZPPI za 2024. Godi\u0161nje izvje\u0161\u0107e za 2023. Upitnik za samoprocjenu Politika privatnosti","og_url":"https:\/\/oigs.hr\/novo\/pristup-informacijama\/","og_site_name":"OIG\u0160","article_publisher":"https:\/\/www.facebook.com\/oigs.srednjaskola\/","article_modified_time":"2026-01-22T14:55:41+00:00","twitter_card":"summary_large_image","twitter_misc":{"Procijenjeno vrijeme \u010ditanja":"1 minuta"},"schema":{"@context":"https:\/\/schema.org","@graph":[{"@type":"WebPage","@id":"https:\/\/oigs.hr\/novo\/pristup-informacijama\/","url":"https:\/\/oigs.hr\/novo\/pristup-informacijama\/","name":"Pristup informacijama - OIG\u0160","isPartOf":{"@id":"https:\/\/oigs.hr\/novo\/#website"},"datePublished":"2020-07-01T20:26:13+00:00","dateModified":"2026-01-22T14:55:41+00:00","description":"Godisnje_izvjesce 2025 Godi\u0161nje izvje\u0161\u0107e o provedbi ZPPI za 2024. Godi\u0161nje izvje\u0161\u0107e za 2023. Upitnik za samoprocjenu Politika privatnosti","breadcrumb":{"@id":"https:\/\/oigs.hr\/novo\/pristup-informacijama\/#breadcrumb"},"inLanguage":"hr","potentialAction":[{"@type":"ReadAction","target":["https:\/\/oigs.hr\/novo\/pristup-informacijama\/"]}]},{"@type":"BreadcrumbList","@id":"https:\/\/oigs.hr\/novo\/pristup-informacijama\/#breadcrumb","itemListElement":[{"@type":"ListItem","position":1,"name":"Po\u010detna stranica","item":"https:\/\/oigs.hr\/novo\/"},{"@type":"ListItem","position":2,"name":"Pristup informacijama"}]},{"@type":"WebSite","@id":"https:\/\/oigs.hr\/novo\/#website","url":"https:\/\/oigs.hr\/novo\/","name":"OIG\u0160","description":"Obrtni\u010dka i industrijska graditeljska \u0161kola","publisher":{"@id":"https:\/\/oigs.hr\/novo\/#organization"},"potentialAction":[{"@type":"SearchAction","target":{"@type":"EntryPoint","urlTemplate":"https:\/\/oigs.hr\/novo\/?s={search_term_string}"},"query-input":{"@type":"PropertyValueSpecification","valueRequired":true,"valueName":"search_term_string"}}],"inLanguage":"hr"},{"@type":"Organization","@id":"https:\/\/oigs.hr\/novo\/#organization","name":"OIG\u0160","url":"https:\/\/oigs.hr\/novo\/","logo":{"@type":"ImageObject","inLanguage":"hr","@id":"https:\/\/oigs.hr\/novo\/#\/schema\/logo\/image\/","url":"https:\/\/oigs.hr\/novo\/wp-content\/uploads\/2020\/06\/logo-1-e1592001907410.png","contentUrl":"https:\/\/oigs.hr\/novo\/wp-content\/uploads\/2020\/06\/logo-1-e1592001907410.png","width":195,"height":181,"caption":"OIG\u0160"},"image":{"@id":"https:\/\/oigs.hr\/novo\/#\/schema\/logo\/image\/"},"sameAs":["https:\/\/www.facebook.com\/oigs.srednjaskola\/"]}]}},"_links":{"self":[{"href":"https:\/\/oigs.hr\/novo\/wp-json\/wp\/v2\/pages\/1925","targetHints":{"allow":["GET"]}}],"collection":[{"href":"https:\/\/oigs.hr\/novo\/wp-json\/wp\/v2\/pages"}],"about":[{"href":"https:\/\/oigs.hr\/novo\/wp-json\/wp\/v2\/types\/page"}],"author":[{"embeddable":true,"href":"https:\/\/oigs.hr\/novo\/wp-json\/wp\/v2\/users\/2"}],"replies":[{"embeddable":true,"href":"https:\/\/oigs.hr\/novo\/wp-json\/wp\/v2\/comments?post=1925"}],"version-history":[{"count":19,"href":"https:\/\/oigs.hr\/novo\/wp-json\/wp\/v2\/pages\/1925\/revisions"}],"predecessor-version":[{"id":10635,"href":"https:\/\/oigs.hr\/novo\/wp-json\/wp\/v2\/pages\/1925\/revisions\/10635"}],"wp:attachment":[{"href":"https:\/\/oigs.hr\/novo\/wp-json\/wp\/v2\/media?parent=1925"}],"curies":[{"name":"wp","href":"https:\/\/api.w.org\/{rel}","templated":true}]}}