{"id":1440,"date":"2020-06-26T22:08:41","date_gmt":"2020-06-26T20:08:41","guid":{"rendered":"https:\/\/www.oigs.hr\/novo\/?page_id=1440"},"modified":"2026-02-02T08:30:44","modified_gmt":"2026-02-02T07:30:44","slug":"novine","status":"publish","type":"page","link":"https:\/\/oigs.hr\/novo\/novine\/","title":{"rendered":"Novine"},"content":{"rendered":"<p>Popis objavljenih brojeva:<\/p>\n<p><a href=\"https:\/\/oigs.hr\/novo\/wp-content\/uploads\/2026\/01\/Novine-12.-broj.pdf\"><img loading=\"lazy\" decoding=\"async\" class=\"alignnone size-medium wp-image-10642\" src=\"https:\/\/oigs.hr\/novo\/wp-content\/uploads\/2026\/01\/Screenshot-2026-01-27-182603-211x300.png\" alt=\"\" width=\"211\" height=\"300\" srcset=\"https:\/\/oigs.hr\/novo\/wp-content\/uploads\/2026\/01\/Screenshot-2026-01-27-182603-211x300.png 211w, https:\/\/oigs.hr\/novo\/wp-content\/uploads\/2026\/01\/Screenshot-2026-01-27-182603.png 594w\" sizes=\"auto, (max-width: 211px) 100vw, 211px\" \/><\/a><span style=\"color: #0000ff;\"><a style=\"color: #0000ff;\" href=\"https:\/\/oigs.hr\/novo\/wp-content\/uploads\/2026\/01\/Novine-12.-broj.pdf\">Novine 2025.<\/a><\/span><\/p>\n<p><a href=\"https:\/\/oigs.hr\/novo\/wp-content\/uploads\/2025\/01\/ispravljeno-Majstori-final._compressed.pdf\"><img loading=\"lazy\" decoding=\"async\" class=\"alignnone size-medium wp-image-9009\" src=\"https:\/\/oigs.hr\/novo\/wp-content\/uploads\/2020\/12\/Grey-and-Black-Geometric-Modern-Art-Magazine-82-212x300.png\" alt=\"\" width=\"212\" height=\"300\" srcset=\"https:\/\/oigs.hr\/novo\/wp-content\/uploads\/2020\/12\/Grey-and-Black-Geometric-Modern-Art-Magazine-82-212x300.png 212w, https:\/\/oigs.hr\/novo\/wp-content\/uploads\/2020\/12\/Grey-and-Black-Geometric-Modern-Art-Magazine-82-724x1024.png 724w, https:\/\/oigs.hr\/novo\/wp-content\/uploads\/2020\/12\/Grey-and-Black-Geometric-Modern-Art-Magazine-82-768x1086.png 768w, https:\/\/oigs.hr\/novo\/wp-content\/uploads\/2020\/12\/Grey-and-Black-Geometric-Modern-Art-Magazine-82-1086x1536.png 1086w, https:\/\/oigs.hr\/novo\/wp-content\/uploads\/2020\/12\/Grey-and-Black-Geometric-Modern-Art-Magazine-82.png 1414w\" sizes=\"auto, (max-width: 212px) 100vw, 212px\" \/> <span style=\"color: #0000ff;\">Novine 2024.<\/span><\/a><\/p>\n<p><span style=\"color: #0000ff;\"><a style=\"color: #0000ff;\" href=\"https:\/\/oigs.hr\/novo\/wp-content\/uploads\/2020\/12\/Novine-2023.-final-compressed-min.pdf\"><img loading=\"lazy\" decoding=\"async\" class=\"alignnone size-medium wp-image-9014\" src=\"https:\/\/oigs.hr\/novo\/wp-content\/uploads\/2025\/01\/8-216x300.jpeg\" alt=\"\" width=\"216\" height=\"300\" srcset=\"https:\/\/oigs.hr\/novo\/wp-content\/uploads\/2025\/01\/8-216x300.jpeg 216w, https:\/\/oigs.hr\/novo\/wp-content\/uploads\/2025\/01\/8-737x1024.jpeg 737w, https:\/\/oigs.hr\/novo\/wp-content\/uploads\/2025\/01\/8-768x1067.jpeg 768w, https:\/\/oigs.hr\/novo\/wp-content\/uploads\/2025\/01\/8.jpeg 1080w\" sizes=\"auto, (max-width: 216px) 100vw, 216px\" \/>Novine 2023.<\/a><\/span><\/p>\n<p><span style=\"color: #0000ff;\"><a style=\"color: #0000ff;\" href=\"https:\/\/oigs.hr\/novo\/wp-content\/uploads\/2023\/01\/novine-2022.-final-2.pdf\"><img loading=\"lazy\" decoding=\"async\" class=\"alignnone size-medium wp-image-9015\" src=\"https:\/\/oigs.hr\/novo\/wp-content\/uploads\/2025\/01\/7-216x300.jpeg\" alt=\"\" width=\"216\" height=\"300\" srcset=\"https:\/\/oigs.hr\/novo\/wp-content\/uploads\/2025\/01\/7-216x300.jpeg 216w, https:\/\/oigs.hr\/novo\/wp-content\/uploads\/2025\/01\/7-737x1024.jpeg 737w, https:\/\/oigs.hr\/novo\/wp-content\/uploads\/2025\/01\/7-768x1067.jpeg 768w, https:\/\/oigs.hr\/novo\/wp-content\/uploads\/2025\/01\/7.jpeg 1080w\" sizes=\"auto, (max-width: 216px) 100vw, 216px\" \/>Novine 2022.<\/a><\/span><\/p>\n<p><a href=\"https:\/\/oigs.hr\/novo\/wp-content\/uploads\/2021\/12\/FINAL-NOVINE-21-2.pdf\"><span style=\"color: #0000ff;\"><img loading=\"lazy\" decoding=\"async\" class=\"alignnone size-medium wp-image-9016\" src=\"https:\/\/oigs.hr\/novo\/wp-content\/uploads\/2025\/01\/6-216x300.jpeg\" alt=\"\" width=\"216\" height=\"300\" srcset=\"https:\/\/oigs.hr\/novo\/wp-content\/uploads\/2025\/01\/6-216x300.jpeg 216w, https:\/\/oigs.hr\/novo\/wp-content\/uploads\/2025\/01\/6-736x1024.jpeg 736w, https:\/\/oigs.hr\/novo\/wp-content\/uploads\/2025\/01\/6-768x1069.jpeg 768w, https:\/\/oigs.hr\/novo\/wp-content\/uploads\/2025\/01\/6.jpeg 1080w\" sizes=\"auto, (max-width: 216px) 100vw, 216px\" \/>Novine 2021.<\/span><\/a><\/p>\n<p><a href=\"https:\/\/oigs.hr\/novo\/wp-content\/uploads\/2020\/12\/final-novine-2020.pdf\"><span style=\"color: #0000ff;\"><img loading=\"lazy\" decoding=\"async\" class=\"alignnone size-medium wp-image-9017\" src=\"https:\/\/oigs.hr\/novo\/wp-content\/uploads\/2025\/01\/5-215x300.jpeg\" alt=\"\" width=\"215\" height=\"300\" srcset=\"https:\/\/oigs.hr\/novo\/wp-content\/uploads\/2025\/01\/5-215x300.jpeg 215w, https:\/\/oigs.hr\/novo\/wp-content\/uploads\/2025\/01\/5-734x1024.jpeg 734w, https:\/\/oigs.hr\/novo\/wp-content\/uploads\/2025\/01\/5-768x1072.jpeg 768w, https:\/\/oigs.hr\/novo\/wp-content\/uploads\/2025\/01\/5.jpeg 1080w\" sizes=\"auto, (max-width: 215px) 100vw, 215px\" \/>Novine 2020.<\/span><\/a><\/p>\n<p><span style=\"color: #0000ff;\"><a style=\"color: #0000ff;\" href=\"https:\/\/oigs.hr\/novo\/wp-content\/uploads\/2020\/06\/Novine-2019..pdf\"><img loading=\"lazy\" decoding=\"async\" class=\"alignnone size-medium wp-image-9018\" src=\"https:\/\/oigs.hr\/novo\/wp-content\/uploads\/2025\/01\/4-218x300.jpeg\" alt=\"\" width=\"218\" height=\"300\" srcset=\"https:\/\/oigs.hr\/novo\/wp-content\/uploads\/2025\/01\/4-218x300.jpeg 218w, https:\/\/oigs.hr\/novo\/wp-content\/uploads\/2025\/01\/4-744x1024.jpeg 744w, https:\/\/oigs.hr\/novo\/wp-content\/uploads\/2025\/01\/4-768x1057.jpeg 768w, https:\/\/oigs.hr\/novo\/wp-content\/uploads\/2025\/01\/4.jpeg 1080w\" sizes=\"auto, (max-width: 218px) 100vw, 218px\" \/>Novine 2019.<\/a><\/span><\/p>\n<p><span style=\"color: #0000ff;\"><a style=\"color: #0000ff;\" href=\"https:\/\/oigs.hr\/novo\/wp-content\/uploads\/2020\/06\/Novine-2018..pdf\"><img loading=\"lazy\" decoding=\"async\" class=\"alignnone size-medium wp-image-9023\" src=\"https:\/\/oigs.hr\/novo\/wp-content\/uploads\/2025\/01\/3-1-216x300.jpeg\" alt=\"\" width=\"216\" height=\"300\" srcset=\"https:\/\/oigs.hr\/novo\/wp-content\/uploads\/2025\/01\/3-1-216x300.jpeg 216w, https:\/\/oigs.hr\/novo\/wp-content\/uploads\/2025\/01\/3-1-739x1024.jpeg 739w, https:\/\/oigs.hr\/novo\/wp-content\/uploads\/2025\/01\/3-1-768x1065.jpeg 768w, https:\/\/oigs.hr\/novo\/wp-content\/uploads\/2025\/01\/3-1.jpeg 1080w\" sizes=\"auto, (max-width: 216px) 100vw, 216px\" \/>Novine 2018.<\/a><\/span><\/p>\n<p><span style=\"color: #0000ff;\"><a style=\"color: #0000ff;\" href=\"https:\/\/oigs.hr\/novo\/wp-content\/uploads\/2020\/06\/Novine_2017.pdf\"><img loading=\"lazy\" decoding=\"async\" class=\"alignnone size-medium wp-image-9024\" src=\"https:\/\/oigs.hr\/novo\/wp-content\/uploads\/2025\/01\/2-216x300.jpeg\" alt=\"\" width=\"216\" height=\"300\" srcset=\"https:\/\/oigs.hr\/novo\/wp-content\/uploads\/2025\/01\/2-216x300.jpeg 216w, https:\/\/oigs.hr\/novo\/wp-content\/uploads\/2025\/01\/2-736x1024.jpeg 736w, https:\/\/oigs.hr\/novo\/wp-content\/uploads\/2025\/01\/2-768x1069.jpeg 768w, https:\/\/oigs.hr\/novo\/wp-content\/uploads\/2025\/01\/2.jpeg 1080w\" sizes=\"auto, (max-width: 216px) 100vw, 216px\" \/>Novine 2017.<\/a><\/span><\/p>\n<p><span style=\"color: #0000ff;\"><a style=\"color: #0000ff;\" href=\"https:\/\/oigs.hr\/novo\/wp-content\/uploads\/2020\/06\/Novine_2016.pdf\"><img loading=\"lazy\" decoding=\"async\" class=\"alignnone size-medium wp-image-9021\" src=\"https:\/\/oigs.hr\/novo\/wp-content\/uploads\/2025\/01\/1-217x300.jpeg\" alt=\"\" width=\"217\" height=\"300\" srcset=\"https:\/\/oigs.hr\/novo\/wp-content\/uploads\/2025\/01\/1-217x300.jpeg 217w, https:\/\/oigs.hr\/novo\/wp-content\/uploads\/2025\/01\/1-741x1024.jpeg 741w, https:\/\/oigs.hr\/novo\/wp-content\/uploads\/2025\/01\/1-768x1062.jpeg 768w, https:\/\/oigs.hr\/novo\/wp-content\/uploads\/2025\/01\/1.jpeg 1080w\" sizes=\"auto, (max-width: 217px) 100vw, 217px\" \/>Novine 2016.<\/a><\/span><\/p>\n<p><a href=\"https:\/\/oigs.hr\/novo\/wp-content\/uploads\/2025\/01\/II.majstori.pdf\"><img loading=\"lazy\" decoding=\"async\" class=\"alignnone size-medium wp-image-10648\" src=\"https:\/\/oigs.hr\/novo\/wp-content\/uploads\/2026\/01\/Screenshot-2026-01-27-183008-212x300.png\" alt=\"\" width=\"212\" height=\"300\" srcset=\"https:\/\/oigs.hr\/novo\/wp-content\/uploads\/2026\/01\/Screenshot-2026-01-27-183008-212x300.png 212w, https:\/\/oigs.hr\/novo\/wp-content\/uploads\/2026\/01\/Screenshot-2026-01-27-183008.png 593w\" sizes=\"auto, (max-width: 212px) 100vw, 212px\" \/><\/a><span style=\"color: #0000ff;\"><a style=\"color: #0000ff;\" href=\"https:\/\/oigs.hr\/novo\/wp-content\/uploads\/2025\/01\/II.majstori.pdf\">Novine 2015.<\/a><\/span><\/p>\n","protected":false},"excerpt":{"rendered":"<p>Popis objavljenih brojeva: Novine 2025. Novine 2024. Novine 2023. Novine 2022. Novine 2021. Novine 2020. Novine 2019. Novine 2018. Novine &hellip; <\/p>\n","protected":false},"author":2,"featured_media":0,"parent":0,"menu_order":0,"comment_status":"closed","ping_status":"closed","template":"","meta":{"footnotes":""},"class_list":["post-1440","page","type-page","status-publish","hentry"],"yoast_head":"<!-- This site is optimized with the Yoast SEO plugin v27.4 - https:\/\/yoast.com\/product\/yoast-seo-wordpress\/ -->\n<title>Novine - OIG\u0160<\/title>\n<meta name=\"description\" content=\"Popis objavljenih brojeva: Novine 2025. Novine 2024. Novine 2023. Novine 2022. Novine 2021. Novine 2020. Novine 2019. Novine 2018. Novine 2017. Novine\" \/>\n<meta name=\"robots\" content=\"index, follow, max-snippet:-1, max-image-preview:large, max-video-preview:-1\" \/>\n<link rel=\"canonical\" href=\"https:\/\/oigs.hr\/novo\/novine\/\" \/>\n<meta property=\"og:locale\" content=\"hr_HR\" \/>\n<meta property=\"og:type\" content=\"article\" \/>\n<meta property=\"og:title\" content=\"Novine - OIG\u0160\" \/>\n<meta property=\"og:description\" content=\"Popis objavljenih brojeva: Novine 2025. Novine 2024. Novine 2023. Novine 2022. Novine 2021. Novine 2020. Novine 2019. Novine 2018. Novine 2017. Novine\" \/>\n<meta property=\"og:url\" content=\"https:\/\/oigs.hr\/novo\/novine\/\" \/>\n<meta property=\"og:site_name\" content=\"OIG\u0160\" \/>\n<meta property=\"article:publisher\" content=\"https:\/\/www.facebook.com\/oigs.srednjaskola\/\" \/>\n<meta property=\"article:modified_time\" content=\"2026-02-02T07:30:44+00:00\" \/>\n<meta property=\"og:image\" content=\"https:\/\/oigs.hr\/novo\/wp-content\/uploads\/2026\/01\/Screenshot-2026-01-27-182603.png\" \/>\n\t<meta property=\"og:image:width\" content=\"594\" \/>\n\t<meta property=\"og:image:height\" content=\"843\" \/>\n\t<meta property=\"og:image:type\" content=\"image\/png\" \/>\n<meta name=\"twitter:card\" content=\"summary_large_image\" \/>\n<meta name=\"twitter:label1\" content=\"Procijenjeno vrijeme \u010ditanja\" \/>\n\t<meta name=\"twitter:data1\" content=\"3 minute\" \/>\n<script type=\"application\/ld+json\" class=\"yoast-schema-graph\">{\"@context\":\"https:\\\/\\\/schema.org\",\"@graph\":[{\"@type\":\"WebPage\",\"@id\":\"https:\\\/\\\/oigs.hr\\\/novo\\\/novine\\\/\",\"url\":\"https:\\\/\\\/oigs.hr\\\/novo\\\/novine\\\/\",\"name\":\"Novine - OIG\u0160\",\"isPartOf\":{\"@id\":\"https:\\\/\\\/oigs.hr\\\/novo\\\/#website\"},\"primaryImageOfPage\":{\"@id\":\"https:\\\/\\\/oigs.hr\\\/novo\\\/novine\\\/#primaryimage\"},\"image\":{\"@id\":\"https:\\\/\\\/oigs.hr\\\/novo\\\/novine\\\/#primaryimage\"},\"thumbnailUrl\":\"https:\\\/\\\/oigs.hr\\\/novo\\\/wp-content\\\/uploads\\\/2026\\\/01\\\/Screenshot-2026-01-27-182603-211x300.png\",\"datePublished\":\"2020-06-26T20:08:41+00:00\",\"dateModified\":\"2026-02-02T07:30:44+00:00\",\"description\":\"Popis objavljenih brojeva: Novine 2025. Novine 2024. Novine 2023. Novine 2022. Novine 2021. Novine 2020. Novine 2019. Novine 2018. Novine 2017. Novine\",\"breadcrumb\":{\"@id\":\"https:\\\/\\\/oigs.hr\\\/novo\\\/novine\\\/#breadcrumb\"},\"inLanguage\":\"hr\",\"potentialAction\":[{\"@type\":\"ReadAction\",\"target\":[\"https:\\\/\\\/oigs.hr\\\/novo\\\/novine\\\/\"]}]},{\"@type\":\"ImageObject\",\"inLanguage\":\"hr\",\"@id\":\"https:\\\/\\\/oigs.hr\\\/novo\\\/novine\\\/#primaryimage\",\"url\":\"https:\\\/\\\/oigs.hr\\\/novo\\\/wp-content\\\/uploads\\\/2026\\\/01\\\/Screenshot-2026-01-27-182603.png\",\"contentUrl\":\"https:\\\/\\\/oigs.hr\\\/novo\\\/wp-content\\\/uploads\\\/2026\\\/01\\\/Screenshot-2026-01-27-182603.png\",\"width\":594,\"height\":843},{\"@type\":\"BreadcrumbList\",\"@id\":\"https:\\\/\\\/oigs.hr\\\/novo\\\/novine\\\/#breadcrumb\",\"itemListElement\":[{\"@type\":\"ListItem\",\"position\":1,\"name\":\"Po\u010detna stranica\",\"item\":\"https:\\\/\\\/oigs.hr\\\/novo\\\/\"},{\"@type\":\"ListItem\",\"position\":2,\"name\":\"Novine\"}]},{\"@type\":\"WebSite\",\"@id\":\"https:\\\/\\\/oigs.hr\\\/novo\\\/#website\",\"url\":\"https:\\\/\\\/oigs.hr\\\/novo\\\/\",\"name\":\"OIG\u0160\",\"description\":\"Obrtni\u010dka i industrijska graditeljska \u0161kola\",\"publisher\":{\"@id\":\"https:\\\/\\\/oigs.hr\\\/novo\\\/#organization\"},\"potentialAction\":[{\"@type\":\"SearchAction\",\"target\":{\"@type\":\"EntryPoint\",\"urlTemplate\":\"https:\\\/\\\/oigs.hr\\\/novo\\\/?s={search_term_string}\"},\"query-input\":{\"@type\":\"PropertyValueSpecification\",\"valueRequired\":true,\"valueName\":\"search_term_string\"}}],\"inLanguage\":\"hr\"},{\"@type\":\"Organization\",\"@id\":\"https:\\\/\\\/oigs.hr\\\/novo\\\/#organization\",\"name\":\"OIG\u0160\",\"url\":\"https:\\\/\\\/oigs.hr\\\/novo\\\/\",\"logo\":{\"@type\":\"ImageObject\",\"inLanguage\":\"hr\",\"@id\":\"https:\\\/\\\/oigs.hr\\\/novo\\\/#\\\/schema\\\/logo\\\/image\\\/\",\"url\":\"https:\\\/\\\/oigs.hr\\\/novo\\\/wp-content\\\/uploads\\\/2020\\\/06\\\/logo-1-e1592001907410.png\",\"contentUrl\":\"https:\\\/\\\/oigs.hr\\\/novo\\\/wp-content\\\/uploads\\\/2020\\\/06\\\/logo-1-e1592001907410.png\",\"width\":195,\"height\":181,\"caption\":\"OIG\u0160\"},\"image\":{\"@id\":\"https:\\\/\\\/oigs.hr\\\/novo\\\/#\\\/schema\\\/logo\\\/image\\\/\"},\"sameAs\":[\"https:\\\/\\\/www.facebook.com\\\/oigs.srednjaskola\\\/\"]}]}<\/script>\n<!-- \/ Yoast SEO plugin. -->","yoast_head_json":{"title":"Novine - OIG\u0160","description":"Popis objavljenih brojeva: Novine 2025. Novine 2024. Novine 2023. Novine 2022. Novine 2021. Novine 2020. Novine 2019. Novine 2018. Novine 2017. Novine","robots":{"index":"index","follow":"follow","max-snippet":"max-snippet:-1","max-image-preview":"max-image-preview:large","max-video-preview":"max-video-preview:-1"},"canonical":"https:\/\/oigs.hr\/novo\/novine\/","og_locale":"hr_HR","og_type":"article","og_title":"Novine - OIG\u0160","og_description":"Popis objavljenih brojeva: Novine 2025. Novine 2024. Novine 2023. Novine 2022. Novine 2021. Novine 2020. Novine 2019. Novine 2018. Novine 2017. Novine","og_url":"https:\/\/oigs.hr\/novo\/novine\/","og_site_name":"OIG\u0160","article_publisher":"https:\/\/www.facebook.com\/oigs.srednjaskola\/","article_modified_time":"2026-02-02T07:30:44+00:00","og_image":[{"width":594,"height":843,"url":"https:\/\/oigs.hr\/novo\/wp-content\/uploads\/2026\/01\/Screenshot-2026-01-27-182603.png","type":"image\/png"}],"twitter_card":"summary_large_image","twitter_misc":{"Procijenjeno vrijeme \u010ditanja":"3 minute"},"schema":{"@context":"https:\/\/schema.org","@graph":[{"@type":"WebPage","@id":"https:\/\/oigs.hr\/novo\/novine\/","url":"https:\/\/oigs.hr\/novo\/novine\/","name":"Novine - OIG\u0160","isPartOf":{"@id":"https:\/\/oigs.hr\/novo\/#website"},"primaryImageOfPage":{"@id":"https:\/\/oigs.hr\/novo\/novine\/#primaryimage"},"image":{"@id":"https:\/\/oigs.hr\/novo\/novine\/#primaryimage"},"thumbnailUrl":"https:\/\/oigs.hr\/novo\/wp-content\/uploads\/2026\/01\/Screenshot-2026-01-27-182603-211x300.png","datePublished":"2020-06-26T20:08:41+00:00","dateModified":"2026-02-02T07:30:44+00:00","description":"Popis objavljenih brojeva: Novine 2025. Novine 2024. Novine 2023. Novine 2022. Novine 2021. Novine 2020. Novine 2019. Novine 2018. Novine 2017. Novine","breadcrumb":{"@id":"https:\/\/oigs.hr\/novo\/novine\/#breadcrumb"},"inLanguage":"hr","potentialAction":[{"@type":"ReadAction","target":["https:\/\/oigs.hr\/novo\/novine\/"]}]},{"@type":"ImageObject","inLanguage":"hr","@id":"https:\/\/oigs.hr\/novo\/novine\/#primaryimage","url":"https:\/\/oigs.hr\/novo\/wp-content\/uploads\/2026\/01\/Screenshot-2026-01-27-182603.png","contentUrl":"https:\/\/oigs.hr\/novo\/wp-content\/uploads\/2026\/01\/Screenshot-2026-01-27-182603.png","width":594,"height":843},{"@type":"BreadcrumbList","@id":"https:\/\/oigs.hr\/novo\/novine\/#breadcrumb","itemListElement":[{"@type":"ListItem","position":1,"name":"Po\u010detna stranica","item":"https:\/\/oigs.hr\/novo\/"},{"@type":"ListItem","position":2,"name":"Novine"}]},{"@type":"WebSite","@id":"https:\/\/oigs.hr\/novo\/#website","url":"https:\/\/oigs.hr\/novo\/","name":"OIG\u0160","description":"Obrtni\u010dka i industrijska graditeljska \u0161kola","publisher":{"@id":"https:\/\/oigs.hr\/novo\/#organization"},"potentialAction":[{"@type":"SearchAction","target":{"@type":"EntryPoint","urlTemplate":"https:\/\/oigs.hr\/novo\/?s={search_term_string}"},"query-input":{"@type":"PropertyValueSpecification","valueRequired":true,"valueName":"search_term_string"}}],"inLanguage":"hr"},{"@type":"Organization","@id":"https:\/\/oigs.hr\/novo\/#organization","name":"OIG\u0160","url":"https:\/\/oigs.hr\/novo\/","logo":{"@type":"ImageObject","inLanguage":"hr","@id":"https:\/\/oigs.hr\/novo\/#\/schema\/logo\/image\/","url":"https:\/\/oigs.hr\/novo\/wp-content\/uploads\/2020\/06\/logo-1-e1592001907410.png","contentUrl":"https:\/\/oigs.hr\/novo\/wp-content\/uploads\/2020\/06\/logo-1-e1592001907410.png","width":195,"height":181,"caption":"OIG\u0160"},"image":{"@id":"https:\/\/oigs.hr\/novo\/#\/schema\/logo\/image\/"},"sameAs":["https:\/\/www.facebook.com\/oigs.srednjaskola\/"]}]}},"_links":{"self":[{"href":"https:\/\/oigs.hr\/novo\/wp-json\/wp\/v2\/pages\/1440","targetHints":{"allow":["GET"]}}],"collection":[{"href":"https:\/\/oigs.hr\/novo\/wp-json\/wp\/v2\/pages"}],"about":[{"href":"https:\/\/oigs.hr\/novo\/wp-json\/wp\/v2\/types\/page"}],"author":[{"embeddable":true,"href":"https:\/\/oigs.hr\/novo\/wp-json\/wp\/v2\/users\/2"}],"replies":[{"embeddable":true,"href":"https:\/\/oigs.hr\/novo\/wp-json\/wp\/v2\/comments?post=1440"}],"version-history":[{"count":33,"href":"https:\/\/oigs.hr\/novo\/wp-json\/wp\/v2\/pages\/1440\/revisions"}],"predecessor-version":[{"id":10688,"href":"https:\/\/oigs.hr\/novo\/wp-json\/wp\/v2\/pages\/1440\/revisions\/10688"}],"wp:attachment":[{"href":"https:\/\/oigs.hr\/novo\/wp-json\/wp\/v2\/media?parent=1440"}],"curies":[{"name":"wp","href":"https:\/\/api.w.org\/{rel}","templated":true}]}}