{"id":10801,"date":"2026-04-22T07:56:05","date_gmt":"2026-04-22T05:56:05","guid":{"rendered":"https:\/\/oigs.hr\/novo\/?page_id=10801"},"modified":"2026-04-22T08:02:21","modified_gmt":"2026-04-22T06:02:21","slug":"zapisnici-so-2026","status":"publish","type":"page","link":"https:\/\/oigs.hr\/novo\/zapisnici-so-2026\/","title":{"rendered":"Zapisnici \u0160O 2026."},"content":{"rendered":"<p><img loading=\"lazy\" decoding=\"async\" class=\"alignnone size-medium wp-image-10799\" src=\"https:\/\/oigs.hr\/novo\/wp-content\/uploads\/2026\/04\/ChatGPT-Image-22.-tra-2026.-07_54_01-300x300.png\" alt=\"\" width=\"300\" height=\"300\" srcset=\"https:\/\/oigs.hr\/novo\/wp-content\/uploads\/2026\/04\/ChatGPT-Image-22.-tra-2026.-07_54_01-300x300.png 300w, https:\/\/oigs.hr\/novo\/wp-content\/uploads\/2026\/04\/ChatGPT-Image-22.-tra-2026.-07_54_01-1024x1024.png 1024w, https:\/\/oigs.hr\/novo\/wp-content\/uploads\/2026\/04\/ChatGPT-Image-22.-tra-2026.-07_54_01-150x150.png 150w, https:\/\/oigs.hr\/novo\/wp-content\/uploads\/2026\/04\/ChatGPT-Image-22.-tra-2026.-07_54_01-768x768.png 768w, https:\/\/oigs.hr\/novo\/wp-content\/uploads\/2026\/04\/ChatGPT-Image-22.-tra-2026.-07_54_01-70x70.png 70w, https:\/\/oigs.hr\/novo\/wp-content\/uploads\/2026\/04\/ChatGPT-Image-22.-tra-2026.-07_54_01-246x246.png 246w, https:\/\/oigs.hr\/novo\/wp-content\/uploads\/2026\/04\/ChatGPT-Image-22.-tra-2026.-07_54_01-276x276.png 276w, https:\/\/oigs.hr\/novo\/wp-content\/uploads\/2026\/04\/ChatGPT-Image-22.-tra-2026.-07_54_01-125x125.png 125w, https:\/\/oigs.hr\/novo\/wp-content\/uploads\/2026\/04\/ChatGPT-Image-22.-tra-2026.-07_54_01.png 1254w\" sizes=\"auto, (max-width: 300px) 100vw, 300px\" \/><\/p>\n<p><span style=\"color: #0000ff;\"><a style=\"color: #0000ff;\" href=\"https:\/\/oigs.hr\/novo\/wp-content\/uploads\/2026\/04\/9692-ZAPISNIK_3.-sjednice-SO_25_2_2026.pdf\"><strong>9692-ZAPISNIK_3. sjednice SO_25_2_2026<\/strong><\/a><\/span><\/p>\n<p><span style=\"color: #0000ff;\"><strong><a style=\"color: #0000ff;\" href=\"https:\/\/oigs.hr\/novo\/wp-content\/uploads\/2026\/04\/9848-ZAPISNIK_2.-sjednice-SO_19_2_2026.pdf\">9848-ZAPISNIK_2. sjednice SO_19_2_2026<\/a><\/strong><\/span><\/p>\n<p><span style=\"color: #0000ff;\"><strong><a style=\"color: #0000ff;\" href=\"https:\/\/oigs.hr\/novo\/wp-content\/uploads\/2026\/04\/8584-ZAPISNIK_1.-sjednice-SO_12_2_2026.pdf\">8584-ZAPISNIK_1. sjednice SO_12_2_2026<\/a><\/strong><\/span><\/p>\n<p>&nbsp;<\/p>\n","protected":false},"excerpt":{"rendered":"<p>9692-ZAPISNIK_3. sjednice SO_25_2_2026 9848-ZAPISNIK_2. sjednice SO_19_2_2026 8584-ZAPISNIK_1. sjednice SO_12_2_2026 &nbsp;<\/p>\n","protected":false},"author":3,"featured_media":0,"parent":0,"menu_order":0,"comment_status":"closed","ping_status":"closed","template":"","meta":{"footnotes":""},"class_list":["post-10801","page","type-page","status-publish","hentry"],"yoast_head":"<!-- This site is optimized with the Yoast SEO plugin v27.5 - https:\/\/yoast.com\/product\/yoast-seo-wordpress\/ -->\n<title>Zapisnici \u0160O 2026. - OIG\u0160<\/title>\n<meta name=\"description\" content=\"9692-ZAPISNIK_3. sjednice SO_25_2_2026  9848-ZAPISNIK_2. sjednice SO_19_2_2026  8584-ZAPISNIK_1. sjednice SO_12_2_2026  &nbsp;\" \/>\n<meta name=\"robots\" content=\"index, follow, max-snippet:-1, max-image-preview:large, max-video-preview:-1\" \/>\n<link rel=\"canonical\" href=\"https:\/\/oigs.hr\/novo\/zapisnici-so-2026\/\" \/>\n<meta property=\"og:locale\" content=\"hr_HR\" \/>\n<meta property=\"og:type\" content=\"article\" \/>\n<meta property=\"og:title\" content=\"Zapisnici \u0160O 2026. - OIG\u0160\" \/>\n<meta property=\"og:description\" content=\"9692-ZAPISNIK_3. sjednice SO_25_2_2026  9848-ZAPISNIK_2. sjednice SO_19_2_2026  8584-ZAPISNIK_1. sjednice SO_12_2_2026  &nbsp;\" \/>\n<meta property=\"og:url\" content=\"https:\/\/oigs.hr\/novo\/zapisnici-so-2026\/\" \/>\n<meta property=\"og:site_name\" content=\"OIG\u0160\" \/>\n<meta property=\"article:publisher\" content=\"https:\/\/www.facebook.com\/oigs.srednjaskola\/\" \/>\n<meta property=\"article:modified_time\" content=\"2026-04-22T06:02:21+00:00\" \/>\n<meta property=\"og:image\" content=\"https:\/\/oigs.hr\/novo\/wp-content\/uploads\/2026\/04\/ChatGPT-Image-22.-tra-2026.-07_54_01.png\" \/>\n\t<meta property=\"og:image:width\" content=\"1254\" \/>\n\t<meta property=\"og:image:height\" content=\"1254\" \/>\n\t<meta property=\"og:image:type\" content=\"image\/png\" \/>\n<meta name=\"twitter:card\" content=\"summary_large_image\" \/>\n<meta name=\"twitter:label1\" content=\"Procijenjeno vrijeme \u010ditanja\" \/>\n\t<meta name=\"twitter:data1\" content=\"1 minuta\" \/>\n<script type=\"application\/ld+json\" class=\"yoast-schema-graph\">{\"@context\":\"https:\\\/\\\/schema.org\",\"@graph\":[{\"@type\":\"WebPage\",\"@id\":\"https:\\\/\\\/oigs.hr\\\/novo\\\/zapisnici-so-2026\\\/\",\"url\":\"https:\\\/\\\/oigs.hr\\\/novo\\\/zapisnici-so-2026\\\/\",\"name\":\"Zapisnici \u0160O 2026. - OIG\u0160\",\"isPartOf\":{\"@id\":\"https:\\\/\\\/oigs.hr\\\/novo\\\/#website\"},\"primaryImageOfPage\":{\"@id\":\"https:\\\/\\\/oigs.hr\\\/novo\\\/zapisnici-so-2026\\\/#primaryimage\"},\"image\":{\"@id\":\"https:\\\/\\\/oigs.hr\\\/novo\\\/zapisnici-so-2026\\\/#primaryimage\"},\"thumbnailUrl\":\"https:\\\/\\\/oigs.hr\\\/novo\\\/wp-content\\\/uploads\\\/2026\\\/04\\\/ChatGPT-Image-22.-tra-2026.-07_54_01-300x300.png\",\"datePublished\":\"2026-04-22T05:56:05+00:00\",\"dateModified\":\"2026-04-22T06:02:21+00:00\",\"description\":\"9692-ZAPISNIK_3. sjednice SO_25_2_2026 9848-ZAPISNIK_2. sjednice SO_19_2_2026 8584-ZAPISNIK_1. sjednice SO_12_2_2026 &nbsp;\",\"breadcrumb\":{\"@id\":\"https:\\\/\\\/oigs.hr\\\/novo\\\/zapisnici-so-2026\\\/#breadcrumb\"},\"inLanguage\":\"hr\",\"potentialAction\":[{\"@type\":\"ReadAction\",\"target\":[\"https:\\\/\\\/oigs.hr\\\/novo\\\/zapisnici-so-2026\\\/\"]}]},{\"@type\":\"ImageObject\",\"inLanguage\":\"hr\",\"@id\":\"https:\\\/\\\/oigs.hr\\\/novo\\\/zapisnici-so-2026\\\/#primaryimage\",\"url\":\"https:\\\/\\\/oigs.hr\\\/novo\\\/wp-content\\\/uploads\\\/2026\\\/04\\\/ChatGPT-Image-22.-tra-2026.-07_54_01.png\",\"contentUrl\":\"https:\\\/\\\/oigs.hr\\\/novo\\\/wp-content\\\/uploads\\\/2026\\\/04\\\/ChatGPT-Image-22.-tra-2026.-07_54_01.png\",\"width\":1254,\"height\":1254},{\"@type\":\"BreadcrumbList\",\"@id\":\"https:\\\/\\\/oigs.hr\\\/novo\\\/zapisnici-so-2026\\\/#breadcrumb\",\"itemListElement\":[{\"@type\":\"ListItem\",\"position\":1,\"name\":\"Po\u010detna stranica\",\"item\":\"https:\\\/\\\/oigs.hr\\\/novo\\\/\"},{\"@type\":\"ListItem\",\"position\":2,\"name\":\"Zapisnici \u0160O 2026.\"}]},{\"@type\":\"WebSite\",\"@id\":\"https:\\\/\\\/oigs.hr\\\/novo\\\/#website\",\"url\":\"https:\\\/\\\/oigs.hr\\\/novo\\\/\",\"name\":\"OIG\u0160\",\"description\":\"Obrtni\u010dka i industrijska graditeljska \u0161kola\",\"publisher\":{\"@id\":\"https:\\\/\\\/oigs.hr\\\/novo\\\/#organization\"},\"potentialAction\":[{\"@type\":\"SearchAction\",\"target\":{\"@type\":\"EntryPoint\",\"urlTemplate\":\"https:\\\/\\\/oigs.hr\\\/novo\\\/?s={search_term_string}\"},\"query-input\":{\"@type\":\"PropertyValueSpecification\",\"valueRequired\":true,\"valueName\":\"search_term_string\"}}],\"inLanguage\":\"hr\"},{\"@type\":\"Organization\",\"@id\":\"https:\\\/\\\/oigs.hr\\\/novo\\\/#organization\",\"name\":\"OIG\u0160\",\"url\":\"https:\\\/\\\/oigs.hr\\\/novo\\\/\",\"logo\":{\"@type\":\"ImageObject\",\"inLanguage\":\"hr\",\"@id\":\"https:\\\/\\\/oigs.hr\\\/novo\\\/#\\\/schema\\\/logo\\\/image\\\/\",\"url\":\"https:\\\/\\\/oigs.hr\\\/novo\\\/wp-content\\\/uploads\\\/2020\\\/06\\\/logo-1-e1592001907410.png\",\"contentUrl\":\"https:\\\/\\\/oigs.hr\\\/novo\\\/wp-content\\\/uploads\\\/2020\\\/06\\\/logo-1-e1592001907410.png\",\"width\":195,\"height\":181,\"caption\":\"OIG\u0160\"},\"image\":{\"@id\":\"https:\\\/\\\/oigs.hr\\\/novo\\\/#\\\/schema\\\/logo\\\/image\\\/\"},\"sameAs\":[\"https:\\\/\\\/www.facebook.com\\\/oigs.srednjaskola\\\/\"]}]}<\/script>\n<!-- \/ Yoast SEO plugin. -->","yoast_head_json":{"title":"Zapisnici \u0160O 2026. - OIG\u0160","description":"9692-ZAPISNIK_3. sjednice SO_25_2_2026  9848-ZAPISNIK_2. sjednice SO_19_2_2026  8584-ZAPISNIK_1. sjednice SO_12_2_2026  &nbsp;","robots":{"index":"index","follow":"follow","max-snippet":"max-snippet:-1","max-image-preview":"max-image-preview:large","max-video-preview":"max-video-preview:-1"},"canonical":"https:\/\/oigs.hr\/novo\/zapisnici-so-2026\/","og_locale":"hr_HR","og_type":"article","og_title":"Zapisnici \u0160O 2026. - OIG\u0160","og_description":"9692-ZAPISNIK_3. sjednice SO_25_2_2026  9848-ZAPISNIK_2. sjednice SO_19_2_2026  8584-ZAPISNIK_1. sjednice SO_12_2_2026  &nbsp;","og_url":"https:\/\/oigs.hr\/novo\/zapisnici-so-2026\/","og_site_name":"OIG\u0160","article_publisher":"https:\/\/www.facebook.com\/oigs.srednjaskola\/","article_modified_time":"2026-04-22T06:02:21+00:00","og_image":[{"width":1254,"height":1254,"url":"https:\/\/oigs.hr\/novo\/wp-content\/uploads\/2026\/04\/ChatGPT-Image-22.-tra-2026.-07_54_01.png","type":"image\/png"}],"twitter_card":"summary_large_image","twitter_misc":{"Procijenjeno vrijeme \u010ditanja":"1 minuta"},"schema":{"@context":"https:\/\/schema.org","@graph":[{"@type":"WebPage","@id":"https:\/\/oigs.hr\/novo\/zapisnici-so-2026\/","url":"https:\/\/oigs.hr\/novo\/zapisnici-so-2026\/","name":"Zapisnici \u0160O 2026. - OIG\u0160","isPartOf":{"@id":"https:\/\/oigs.hr\/novo\/#website"},"primaryImageOfPage":{"@id":"https:\/\/oigs.hr\/novo\/zapisnici-so-2026\/#primaryimage"},"image":{"@id":"https:\/\/oigs.hr\/novo\/zapisnici-so-2026\/#primaryimage"},"thumbnailUrl":"https:\/\/oigs.hr\/novo\/wp-content\/uploads\/2026\/04\/ChatGPT-Image-22.-tra-2026.-07_54_01-300x300.png","datePublished":"2026-04-22T05:56:05+00:00","dateModified":"2026-04-22T06:02:21+00:00","description":"9692-ZAPISNIK_3. sjednice SO_25_2_2026 9848-ZAPISNIK_2. sjednice SO_19_2_2026 8584-ZAPISNIK_1. sjednice SO_12_2_2026 &nbsp;","breadcrumb":{"@id":"https:\/\/oigs.hr\/novo\/zapisnici-so-2026\/#breadcrumb"},"inLanguage":"hr","potentialAction":[{"@type":"ReadAction","target":["https:\/\/oigs.hr\/novo\/zapisnici-so-2026\/"]}]},{"@type":"ImageObject","inLanguage":"hr","@id":"https:\/\/oigs.hr\/novo\/zapisnici-so-2026\/#primaryimage","url":"https:\/\/oigs.hr\/novo\/wp-content\/uploads\/2026\/04\/ChatGPT-Image-22.-tra-2026.-07_54_01.png","contentUrl":"https:\/\/oigs.hr\/novo\/wp-content\/uploads\/2026\/04\/ChatGPT-Image-22.-tra-2026.-07_54_01.png","width":1254,"height":1254},{"@type":"BreadcrumbList","@id":"https:\/\/oigs.hr\/novo\/zapisnici-so-2026\/#breadcrumb","itemListElement":[{"@type":"ListItem","position":1,"name":"Po\u010detna stranica","item":"https:\/\/oigs.hr\/novo\/"},{"@type":"ListItem","position":2,"name":"Zapisnici \u0160O 2026."}]},{"@type":"WebSite","@id":"https:\/\/oigs.hr\/novo\/#website","url":"https:\/\/oigs.hr\/novo\/","name":"OIG\u0160","description":"Obrtni\u010dka i industrijska graditeljska \u0161kola","publisher":{"@id":"https:\/\/oigs.hr\/novo\/#organization"},"potentialAction":[{"@type":"SearchAction","target":{"@type":"EntryPoint","urlTemplate":"https:\/\/oigs.hr\/novo\/?s={search_term_string}"},"query-input":{"@type":"PropertyValueSpecification","valueRequired":true,"valueName":"search_term_string"}}],"inLanguage":"hr"},{"@type":"Organization","@id":"https:\/\/oigs.hr\/novo\/#organization","name":"OIG\u0160","url":"https:\/\/oigs.hr\/novo\/","logo":{"@type":"ImageObject","inLanguage":"hr","@id":"https:\/\/oigs.hr\/novo\/#\/schema\/logo\/image\/","url":"https:\/\/oigs.hr\/novo\/wp-content\/uploads\/2020\/06\/logo-1-e1592001907410.png","contentUrl":"https:\/\/oigs.hr\/novo\/wp-content\/uploads\/2020\/06\/logo-1-e1592001907410.png","width":195,"height":181,"caption":"OIG\u0160"},"image":{"@id":"https:\/\/oigs.hr\/novo\/#\/schema\/logo\/image\/"},"sameAs":["https:\/\/www.facebook.com\/oigs.srednjaskola\/"]}]}},"_links":{"self":[{"href":"https:\/\/oigs.hr\/novo\/wp-json\/wp\/v2\/pages\/10801","targetHints":{"allow":["GET"]}}],"collection":[{"href":"https:\/\/oigs.hr\/novo\/wp-json\/wp\/v2\/pages"}],"about":[{"href":"https:\/\/oigs.hr\/novo\/wp-json\/wp\/v2\/types\/page"}],"author":[{"embeddable":true,"href":"https:\/\/oigs.hr\/novo\/wp-json\/wp\/v2\/users\/3"}],"replies":[{"embeddable":true,"href":"https:\/\/oigs.hr\/novo\/wp-json\/wp\/v2\/comments?post=10801"}],"version-history":[{"count":9,"href":"https:\/\/oigs.hr\/novo\/wp-json\/wp\/v2\/pages\/10801\/revisions"}],"predecessor-version":[{"id":10814,"href":"https:\/\/oigs.hr\/novo\/wp-json\/wp\/v2\/pages\/10801\/revisions\/10814"}],"wp:attachment":[{"href":"https:\/\/oigs.hr\/novo\/wp-json\/wp\/v2\/media?parent=10801"}],"curies":[{"name":"wp","href":"https:\/\/api.w.org\/{rel}","templated":true}]}}