{"id":10307,"date":"2025-10-26T07:39:23","date_gmt":"2025-10-26T06:39:23","guid":{"rendered":"https:\/\/oigs.hr\/novo\/?page_id=10307"},"modified":"2025-10-26T08:22:15","modified_gmt":"2025-10-26T07:22:15","slug":"%f0%9f%92%9a-72-sata-bez-kompromisa-kad-srce-vodi","status":"publish","type":"page","link":"https:\/\/oigs.hr\/novo\/%f0%9f%92%9a-72-sata-bez-kompromisa-kad-srce-vodi\/","title":{"rendered":"72 sata bez kompromisa \u2013 kad srce vodi"},"content":{"rendered":"<h2 data-start=\"270\" data-end=\"320\"><strong data-start=\"276\" data-end=\"318\">72 sata bez kompromisa \u2013 kad srce vodi<\/strong><\/h2>\n<h3 data-start=\"321\" data-end=\"417\">Mladi volonteri Ekipe svetog Ante pridru\u017eili se najve\u0107em volonterskom projektu u Hrvatskoj<\/h3>\n<p><img loading=\"lazy\" decoding=\"async\" class=\"alignnone wp-image-10317\" src=\"https:\/\/oigs.hr\/novo\/wp-content\/uploads\/2025\/10\/515503040_1498365948392406_6492470390782715936_n-300x222.jpg\" alt=\"\" width=\"470\" height=\"348\" srcset=\"https:\/\/oigs.hr\/novo\/wp-content\/uploads\/2025\/10\/515503040_1498365948392406_6492470390782715936_n-300x222.jpg 300w, https:\/\/oigs.hr\/novo\/wp-content\/uploads\/2025\/10\/515503040_1498365948392406_6492470390782715936_n-1024x759.jpg 1024w, https:\/\/oigs.hr\/novo\/wp-content\/uploads\/2025\/10\/515503040_1498365948392406_6492470390782715936_n-768x569.jpg 768w, https:\/\/oigs.hr\/novo\/wp-content\/uploads\/2025\/10\/515503040_1498365948392406_6492470390782715936_n.jpg 1170w\" sizes=\"auto, (max-width: 470px) 100vw, 470px\" \/><\/p>\n<pre>Zajedno za druge \u2013 snaga mladih u akciji \u201e72 sata bez kompromisa\u201c<\/pre>\n<p data-start=\"418\" data-end=\"486\"><em data-start=\"418\" data-end=\"486\">Pi\u0161e: \u0161kolska volonterska grupa Ekipa svetog Ante \u2013 srcem za druge<\/em><\/p>\n<p data-start=\"488\" data-end=\"858\">Tijekom tri dana, diljem Hrvatske, tisu\u0107e mladih ljudi pokazale su \u0161to zna\u010di dati sebe \u2013 bez kompromisa.<br data-start=\"596\" data-end=\"599\" \/>Projekt \u201e72 sata bez kompromisa\u201c povezuje mlade u duhu solidarnosti, zajedni\u0161tva i ljubavi prema bli\u017enjemu. Sudionici odvajaju svoje vrijeme, energiju i vje\u0161tine kako bi pomogli drugima \u2013 bez o\u010dekivanja i \u010desto ne znaju\u0107i kome \u0107e i na koji na\u010din pomo\u0107i.<\/p>\n<p data-start=\"860\" data-end=\"1048\">Ove godine, po prvi put, i na\u0161i volonteri \u2013 Ekipa svetog Ante \u2013 Srcem za druge \u00a0priklju\u010dili su se ovoj inspirativnoj akciji i time pokazali da dobrota ne poznaje granice ni izgovore.<\/p>\n<p data-start=\"860\" data-end=\"1048\"><img loading=\"lazy\" decoding=\"async\" class=\"alignnone size-medium wp-image-10316\" src=\"https:\/\/oigs.hr\/novo\/wp-content\/uploads\/2025\/10\/514262407_1504103051152029_3082880748748449992_n-225x300.jpg\" alt=\"\" width=\"225\" height=\"300\" srcset=\"https:\/\/oigs.hr\/novo\/wp-content\/uploads\/2025\/10\/514262407_1504103051152029_3082880748748449992_n-225x300.jpg 225w, https:\/\/oigs.hr\/novo\/wp-content\/uploads\/2025\/10\/514262407_1504103051152029_3082880748748449992_n-768x1024.jpg 768w, https:\/\/oigs.hr\/novo\/wp-content\/uploads\/2025\/10\/514262407_1504103051152029_3082880748748449992_n-1152x1536.jpg 1152w, https:\/\/oigs.hr\/novo\/wp-content\/uploads\/2025\/10\/514262407_1504103051152029_3082880748748449992_n.jpg 1536w\" sizes=\"auto, (max-width: 225px) 100vw, 225px\" \/> <img loading=\"lazy\" decoding=\"async\" class=\"alignnone size-medium wp-image-10315\" src=\"https:\/\/oigs.hr\/novo\/wp-content\/uploads\/2025\/10\/514253358_1504103601151974_6121623474590251012_n-251x300.jpg\" alt=\"\" width=\"251\" height=\"300\" srcset=\"https:\/\/oigs.hr\/novo\/wp-content\/uploads\/2025\/10\/514253358_1504103601151974_6121623474590251012_n-251x300.jpg 251w, https:\/\/oigs.hr\/novo\/wp-content\/uploads\/2025\/10\/514253358_1504103601151974_6121623474590251012_n-858x1024.jpg 858w, https:\/\/oigs.hr\/novo\/wp-content\/uploads\/2025\/10\/514253358_1504103601151974_6121623474590251012_n-768x917.jpg 768w, https:\/\/oigs.hr\/novo\/wp-content\/uploads\/2025\/10\/514253358_1504103601151974_6121623474590251012_n-1287x1536.jpg 1287w, https:\/\/oigs.hr\/novo\/wp-content\/uploads\/2025\/10\/514253358_1504103601151974_6121623474590251012_n.jpg 1716w\" sizes=\"auto, (max-width: 251px) 100vw, 251px\" \/><\/p>\n<pre data-start=\"860\" data-end=\"1048\">Osmijeh, razgovor i pomo\u0107 \u2013 male stvari koje mijenjaju svijet.<\/pre>\n<h3 data-start=\"1055\" data-end=\"1092\"><strong data-start=\"1062\" data-end=\"1092\">Dati sebe \u2013 bez kompromisa<\/strong><\/h3>\n<p data-start=\"1094\" data-end=\"1298\">Deset u\u010denika na\u0161e \u0161kole tijekom vikenda sudjelovalo je u volonterskim akcijama u sklopu projekta.<br data-start=\"1192\" data-end=\"1195\" \/>Svojim su radom i zalaganjem pokazali kako se velike promjene doga\u0111aju upravo onda kad srce vodi.<\/p>\n<p data-start=\"1300\" data-end=\"1476\">\u201eBilo je lijepo vidjeti koliko smo razli\u010diti, a opet povezani istim ciljem \u2013 pomo\u0107i nekome. To iskustvo otvori o\u010di i srce\u201c, rekla je jedna od volonterki iz Ekipe svetog Ante.<\/p>\n<p data-start=\"1478\" data-end=\"1815\">Projekt 72 sata bez kompromisa razlikuje se od ostalih jer volonteri ne biraju sami gdje \u0107e djelovati \u2013 jednostavno daju sebe, svoje vrijeme i sposobnosti, a zatim budu raspore\u0111eni na radne, ekolo\u0161ke, socijalne ili kreativne zadatke.<br data-start=\"1715\" data-end=\"1718\" \/>Na taj na\u010din u\u010de pomagati bezuvjetno i iskreno, poma\u017eu\u0107i onima koji su \u010desto na rubu dru\u0161tva.<\/p>\n<p data-start=\"1478\" data-end=\"1815\"><img loading=\"lazy\" decoding=\"async\" class=\"alignnone wp-image-10319\" src=\"https:\/\/oigs.hr\/novo\/wp-content\/uploads\/2025\/10\/561180397_1504103394485328_9137822720850819694_n-300x201.jpg\" alt=\"\" width=\"334\" height=\"224\" srcset=\"https:\/\/oigs.hr\/novo\/wp-content\/uploads\/2025\/10\/561180397_1504103394485328_9137822720850819694_n-300x201.jpg 300w, https:\/\/oigs.hr\/novo\/wp-content\/uploads\/2025\/10\/561180397_1504103394485328_9137822720850819694_n-1024x687.jpg 1024w, https:\/\/oigs.hr\/novo\/wp-content\/uploads\/2025\/10\/561180397_1504103394485328_9137822720850819694_n-768x515.jpg 768w, https:\/\/oigs.hr\/novo\/wp-content\/uploads\/2025\/10\/561180397_1504103394485328_9137822720850819694_n-1536x1031.jpg 1536w, https:\/\/oigs.hr\/novo\/wp-content\/uploads\/2025\/10\/561180397_1504103394485328_9137822720850819694_n.jpg 2048w\" sizes=\"auto, (max-width: 334px) 100vw, 334px\" \/> <img loading=\"lazy\" decoding=\"async\" class=\"alignnone size-medium wp-image-10321\" src=\"https:\/\/oigs.hr\/novo\/wp-content\/uploads\/2025\/10\/565346267_1498367388392262_2479811231122715750_n-300x225.jpg\" alt=\"\" width=\"300\" height=\"225\" srcset=\"https:\/\/oigs.hr\/novo\/wp-content\/uploads\/2025\/10\/565346267_1498367388392262_2479811231122715750_n-300x225.jpg 300w, https:\/\/oigs.hr\/novo\/wp-content\/uploads\/2025\/10\/565346267_1498367388392262_2479811231122715750_n-1024x768.jpg 1024w, https:\/\/oigs.hr\/novo\/wp-content\/uploads\/2025\/10\/565346267_1498367388392262_2479811231122715750_n-768x576.jpg 768w, https:\/\/oigs.hr\/novo\/wp-content\/uploads\/2025\/10\/565346267_1498367388392262_2479811231122715750_n-1536x1152.jpg 1536w, https:\/\/oigs.hr\/novo\/wp-content\/uploads\/2025\/10\/565346267_1498367388392262_2479811231122715750_n.jpg 2048w\" sizes=\"auto, (max-width: 300px) 100vw, 300px\" \/><\/p>\n<pre data-start=\"1478\" data-end=\"1815\">U\u010denici OIG\u0160-a rame uz rame s volonterima iz cijele Hrvatske.<\/pre>\n<h3 data-start=\"1822\" data-end=\"1861\"><strong data-start=\"1829\" data-end=\"1861\">U duhu zajedni\u0161tva i ljubavi<\/strong><\/h3>\n<p data-start=\"1863\" data-end=\"2121\">Projekt u Hrvatskoj provodi se ve\u0107 desetu godinu zaredom, a svake godine okuplja tisu\u0107e mladih u vi\u0161e od 20 gradova.<br data-start=\"1983\" data-end=\"1986\" \/>Cilj mu je potaknuti mlade da osjete radost davanja i shvate kako i najmanji \u010din dobrote mo\u017ee nekome promijeniti dan \u2013 ili \u017eivot.<\/p>\n<p data-start=\"2123\" data-end=\"2339\">Na\u0161i u\u010denici posebno su ponosni \u0161to su dio te pri\u010de.<br data-start=\"2175\" data-end=\"2178\" \/>\u201eVolontirati zna\u010di u\u010diniti svijet toplijim mjestom, makar za jedan dan. Kad jednom do\u017eivi\u0161 taj osje\u0107aj, \u017eeli\u0161 ga ponavljati\u201c, poru\u010duju \u010dlanovi Ekipe svetog Ante.<\/p>\n<p data-start=\"2123\" data-end=\"2339\"><img loading=\"lazy\" decoding=\"async\" class=\"alignnone size-medium wp-image-10318\" src=\"https:\/\/oigs.hr\/novo\/wp-content\/uploads\/2025\/10\/560054137_1504103494485318_7809733424247870473_n-300x225.jpg\" alt=\"\" width=\"300\" height=\"225\" srcset=\"https:\/\/oigs.hr\/novo\/wp-content\/uploads\/2025\/10\/560054137_1504103494485318_7809733424247870473_n-300x225.jpg 300w, https:\/\/oigs.hr\/novo\/wp-content\/uploads\/2025\/10\/560054137_1504103494485318_7809733424247870473_n-1024x768.jpg 1024w, https:\/\/oigs.hr\/novo\/wp-content\/uploads\/2025\/10\/560054137_1504103494485318_7809733424247870473_n-768x576.jpg 768w, https:\/\/oigs.hr\/novo\/wp-content\/uploads\/2025\/10\/560054137_1504103494485318_7809733424247870473_n-1536x1152.jpg 1536w, https:\/\/oigs.hr\/novo\/wp-content\/uploads\/2025\/10\/560054137_1504103494485318_7809733424247870473_n.jpg 2000w\" sizes=\"auto, (max-width: 300px) 100vw, 300px\" \/><\/p>\n<pre data-start=\"2123\" data-end=\"2339\">Tri dana bez kompromisa, ali s puno srca!<\/pre>\n<h3 data-start=\"2346\" data-end=\"2414\"><strong data-start=\"2353\" data-end=\"2414\">Nastavljaju bez pauze \u2013 pomo\u0107 besku\u0107nicima u udruzi Savao<\/strong><\/h3>\n<p data-start=\"2416\" data-end=\"2716\">Ve\u0107 sutradan nakon zavr\u0161etka projekta, na\u0161i su volonteri nastavili pomagati \u2013 ovaj put u Humanitarnoj udruzi Savao, gdje su sudjelovali u pripremi i podjeli obroka za zagreba\u010dke besku\u0107nike.<br data-start=\"2609\" data-end=\"2612\" \/>Taj kontinuitet volonterskog duha potvr\u0111uje da dobrota nije jednokratna akcija, nego na\u010din \u017eivota.<\/p>\n<p data-start=\"2416\" data-end=\"2716\"><img loading=\"lazy\" decoding=\"async\" class=\"alignnone size-medium wp-image-10320\" src=\"https:\/\/oigs.hr\/novo\/wp-content\/uploads\/2025\/10\/565128171_1498367355058932_8026057954266124643_n-300x300.jpg\" alt=\"\" width=\"300\" height=\"300\" srcset=\"https:\/\/oigs.hr\/novo\/wp-content\/uploads\/2025\/10\/565128171_1498367355058932_8026057954266124643_n-300x300.jpg 300w, https:\/\/oigs.hr\/novo\/wp-content\/uploads\/2025\/10\/565128171_1498367355058932_8026057954266124643_n-1024x1020.jpg 1024w, https:\/\/oigs.hr\/novo\/wp-content\/uploads\/2025\/10\/565128171_1498367355058932_8026057954266124643_n-150x150.jpg 150w, https:\/\/oigs.hr\/novo\/wp-content\/uploads\/2025\/10\/565128171_1498367355058932_8026057954266124643_n-768x765.jpg 768w, https:\/\/oigs.hr\/novo\/wp-content\/uploads\/2025\/10\/565128171_1498367355058932_8026057954266124643_n-70x70.jpg 70w, https:\/\/oigs.hr\/novo\/wp-content\/uploads\/2025\/10\/565128171_1498367355058932_8026057954266124643_n-246x246.jpg 246w, https:\/\/oigs.hr\/novo\/wp-content\/uploads\/2025\/10\/565128171_1498367355058932_8026057954266124643_n-276x276.jpg 276w, https:\/\/oigs.hr\/novo\/wp-content\/uploads\/2025\/10\/565128171_1498367355058932_8026057954266124643_n-125x125.jpg 125w, https:\/\/oigs.hr\/novo\/wp-content\/uploads\/2025\/10\/565128171_1498367355058932_8026057954266124643_n.jpg 1080w\" sizes=\"auto, (max-width: 300px) 100vw, 300px\" \/><\/p>\n<h3 data-start=\"2723\" data-end=\"2763\"><strong data-start=\"2730\" data-end=\"2763\">Mladi koji svijet \u010dine boljim<\/strong><\/h3>\n<p data-start=\"2765\" data-end=\"3018\">Na\u0161a Ekipa svetog Ante \u2013 srcem za druge iz dana u dan dokazuje da solidarnost, zajedni\u0161tvo i empatija \u017eive u na\u0161im u\u010dionicama, hodnicima i srcima.<br data-start=\"2915\" data-end=\"2918\" \/>Ponosni smo na njihovu nesebi\u010dnost, trud i hrabrost \u2013 jer oni su lice \u0161kole koja di\u0161e dobrotu.<\/p>\n<p data-start=\"3020\" data-end=\"3104\">\u201eVolontirati zna\u010di biti svjetlo. A svjetlo je najljep\u0161e kad ga dijeli\u0161 s drugima.\u201c<\/p>\n<p data-start=\"3106\" data-end=\"3221\">\ud83d\udcc5 <em data-start=\"3109\" data-end=\"3157\">Akcija provedena od 17. do 19. listopada 2025.<\/em><br data-start=\"3157\" data-end=\"3160\" \/>\ud83d\udcf8 <em data-start=\"3163\" data-end=\"3219\">Foto: Ekipa svetog Ante \u2013 srcem za druge \/ OIG\u0160 Zagreb<\/em><\/p>\n<p data-start=\"3106\" data-end=\"3221\"><img loading=\"lazy\" decoding=\"async\" class=\"alignnone  wp-image-10323\" src=\"https:\/\/oigs.hr\/novo\/wp-content\/uploads\/2025\/10\/566355680_1498367348392266_4042487443431398369_n-300x293.jpg\" alt=\"\" width=\"511\" height=\"499\" srcset=\"https:\/\/oigs.hr\/novo\/wp-content\/uploads\/2025\/10\/566355680_1498367348392266_4042487443431398369_n-300x293.jpg 300w, https:\/\/oigs.hr\/novo\/wp-content\/uploads\/2025\/10\/566355680_1498367348392266_4042487443431398369_n-1024x998.jpg 1024w, https:\/\/oigs.hr\/novo\/wp-content\/uploads\/2025\/10\/566355680_1498367348392266_4042487443431398369_n-768x749.jpg 768w, https:\/\/oigs.hr\/novo\/wp-content\/uploads\/2025\/10\/566355680_1498367348392266_4042487443431398369_n.jpg 1080w\" sizes=\"auto, (max-width: 511px) 100vw, 511px\" \/><\/p>\n<p><a href=\"https:\/\/www.facebook.com\/oigs.srednjaskola\/posts\/pfbid02AfuFtnoaB9FZANFXXwpqduoSngQ9vMdrsYTku9TSgTQBQV4zoMMPuszd8jz9qYFul\">Link na objavu i fotografije na na\u0161oj Facebook stranici<\/a><\/p>\n","protected":false},"excerpt":{"rendered":"<p>72 sata bez kompromisa \u2013 kad srce vodi Mladi volonteri Ekipe svetog Ante pridru\u017eili se najve\u0107em volonterskom projektu u Hrvatskoj &hellip; <\/p>\n","protected":false},"author":3,"featured_media":0,"parent":0,"menu_order":0,"comment_status":"closed","ping_status":"closed","template":"","meta":{"footnotes":""},"class_list":["post-10307","page","type-page","status-publish","hentry"],"yoast_head":"<!-- This site is optimized with the Yoast SEO plugin v27.5 - https:\/\/yoast.com\/product\/yoast-seo-wordpress\/ -->\n<title>72 sata bez kompromisa \u2013 kad srce vodi - OIG\u0160<\/title>\n<meta name=\"description\" content=\"72 sata bez kompromisa \u2013 kad srce vodi Mladi volonteri Ekipe svetog Ante pridru\u017eili se najve\u0107em volonterskom projektu u Hrvatskoj Zajedno za druge \u2013 snaga\" \/>\n<meta name=\"robots\" content=\"index, follow, max-snippet:-1, max-image-preview:large, max-video-preview:-1\" \/>\n<link rel=\"canonical\" href=\"https:\/\/oigs.hr\/novo\/\ud83d\udc9a-72-sata-bez-kompromisa-kad-srce-vodi\/\" \/>\n<meta property=\"og:locale\" content=\"hr_HR\" \/>\n<meta property=\"og:type\" content=\"article\" \/>\n<meta property=\"og:title\" content=\"72 sata bez kompromisa \u2013 kad srce vodi - OIG\u0160\" \/>\n<meta property=\"og:description\" content=\"72 sata bez kompromisa \u2013 kad srce vodi Mladi volonteri Ekipe svetog Ante pridru\u017eili se najve\u0107em volonterskom projektu u Hrvatskoj Zajedno za druge \u2013 snaga\" \/>\n<meta property=\"og:url\" content=\"https:\/\/oigs.hr\/novo\/\ud83d\udc9a-72-sata-bez-kompromisa-kad-srce-vodi\/\" \/>\n<meta property=\"og:site_name\" content=\"OIG\u0160\" \/>\n<meta property=\"article:publisher\" content=\"https:\/\/www.facebook.com\/oigs.srednjaskola\/\" \/>\n<meta property=\"article:modified_time\" content=\"2025-10-26T07:22:15+00:00\" \/>\n<meta property=\"og:image\" content=\"https:\/\/oigs.hr\/novo\/wp-content\/uploads\/2025\/10\/515503040_1498365948392406_6492470390782715936_n.jpg\" \/>\n\t<meta property=\"og:image:width\" content=\"1170\" \/>\n\t<meta property=\"og:image:height\" content=\"867\" \/>\n\t<meta property=\"og:image:type\" content=\"image\/jpeg\" \/>\n<meta name=\"twitter:card\" content=\"summary_large_image\" \/>\n<meta name=\"twitter:label1\" content=\"Procijenjeno vrijeme \u010ditanja\" \/>\n\t<meta name=\"twitter:data1\" content=\"5 minuta\" \/>\n<script type=\"application\/ld+json\" class=\"yoast-schema-graph\">{\"@context\":\"https:\\\/\\\/schema.org\",\"@graph\":[{\"@type\":\"WebPage\",\"@id\":\"https:\\\/\\\/oigs.hr\\\/novo\\\/%f0%9f%92%9a-72-sata-bez-kompromisa-kad-srce-vodi\\\/\",\"url\":\"https:\\\/\\\/oigs.hr\\\/novo\\\/%f0%9f%92%9a-72-sata-bez-kompromisa-kad-srce-vodi\\\/\",\"name\":\"72 sata bez kompromisa \u2013 kad srce vodi - OIG\u0160\",\"isPartOf\":{\"@id\":\"https:\\\/\\\/oigs.hr\\\/novo\\\/#website\"},\"primaryImageOfPage\":{\"@id\":\"https:\\\/\\\/oigs.hr\\\/novo\\\/%f0%9f%92%9a-72-sata-bez-kompromisa-kad-srce-vodi\\\/#primaryimage\"},\"image\":{\"@id\":\"https:\\\/\\\/oigs.hr\\\/novo\\\/%f0%9f%92%9a-72-sata-bez-kompromisa-kad-srce-vodi\\\/#primaryimage\"},\"thumbnailUrl\":\"https:\\\/\\\/oigs.hr\\\/novo\\\/wp-content\\\/uploads\\\/2025\\\/10\\\/515503040_1498365948392406_6492470390782715936_n-300x222.jpg\",\"datePublished\":\"2025-10-26T06:39:23+00:00\",\"dateModified\":\"2025-10-26T07:22:15+00:00\",\"description\":\"72 sata bez kompromisa \u2013 kad srce vodi Mladi volonteri Ekipe svetog Ante pridru\u017eili se najve\u0107em volonterskom projektu u Hrvatskoj Zajedno za druge \u2013 snaga\",\"breadcrumb\":{\"@id\":\"https:\\\/\\\/oigs.hr\\\/novo\\\/%f0%9f%92%9a-72-sata-bez-kompromisa-kad-srce-vodi\\\/#breadcrumb\"},\"inLanguage\":\"hr\",\"potentialAction\":[{\"@type\":\"ReadAction\",\"target\":[\"https:\\\/\\\/oigs.hr\\\/novo\\\/%f0%9f%92%9a-72-sata-bez-kompromisa-kad-srce-vodi\\\/\"]}]},{\"@type\":\"ImageObject\",\"inLanguage\":\"hr\",\"@id\":\"https:\\\/\\\/oigs.hr\\\/novo\\\/%f0%9f%92%9a-72-sata-bez-kompromisa-kad-srce-vodi\\\/#primaryimage\",\"url\":\"https:\\\/\\\/oigs.hr\\\/novo\\\/wp-content\\\/uploads\\\/2025\\\/10\\\/515503040_1498365948392406_6492470390782715936_n.jpg\",\"contentUrl\":\"https:\\\/\\\/oigs.hr\\\/novo\\\/wp-content\\\/uploads\\\/2025\\\/10\\\/515503040_1498365948392406_6492470390782715936_n.jpg\",\"width\":1170,\"height\":867},{\"@type\":\"BreadcrumbList\",\"@id\":\"https:\\\/\\\/oigs.hr\\\/novo\\\/%f0%9f%92%9a-72-sata-bez-kompromisa-kad-srce-vodi\\\/#breadcrumb\",\"itemListElement\":[{\"@type\":\"ListItem\",\"position\":1,\"name\":\"Po\u010detna stranica\",\"item\":\"https:\\\/\\\/oigs.hr\\\/novo\\\/\"},{\"@type\":\"ListItem\",\"position\":2,\"name\":\"72 sata bez kompromisa \u2013 kad srce vodi\"}]},{\"@type\":\"WebSite\",\"@id\":\"https:\\\/\\\/oigs.hr\\\/novo\\\/#website\",\"url\":\"https:\\\/\\\/oigs.hr\\\/novo\\\/\",\"name\":\"OIG\u0160\",\"description\":\"Obrtni\u010dka i industrijska graditeljska \u0161kola\",\"publisher\":{\"@id\":\"https:\\\/\\\/oigs.hr\\\/novo\\\/#organization\"},\"potentialAction\":[{\"@type\":\"SearchAction\",\"target\":{\"@type\":\"EntryPoint\",\"urlTemplate\":\"https:\\\/\\\/oigs.hr\\\/novo\\\/?s={search_term_string}\"},\"query-input\":{\"@type\":\"PropertyValueSpecification\",\"valueRequired\":true,\"valueName\":\"search_term_string\"}}],\"inLanguage\":\"hr\"},{\"@type\":\"Organization\",\"@id\":\"https:\\\/\\\/oigs.hr\\\/novo\\\/#organization\",\"name\":\"OIG\u0160\",\"url\":\"https:\\\/\\\/oigs.hr\\\/novo\\\/\",\"logo\":{\"@type\":\"ImageObject\",\"inLanguage\":\"hr\",\"@id\":\"https:\\\/\\\/oigs.hr\\\/novo\\\/#\\\/schema\\\/logo\\\/image\\\/\",\"url\":\"https:\\\/\\\/oigs.hr\\\/novo\\\/wp-content\\\/uploads\\\/2020\\\/06\\\/logo-1-e1592001907410.png\",\"contentUrl\":\"https:\\\/\\\/oigs.hr\\\/novo\\\/wp-content\\\/uploads\\\/2020\\\/06\\\/logo-1-e1592001907410.png\",\"width\":195,\"height\":181,\"caption\":\"OIG\u0160\"},\"image\":{\"@id\":\"https:\\\/\\\/oigs.hr\\\/novo\\\/#\\\/schema\\\/logo\\\/image\\\/\"},\"sameAs\":[\"https:\\\/\\\/www.facebook.com\\\/oigs.srednjaskola\\\/\"]}]}<\/script>\n<!-- \/ Yoast SEO plugin. -->","yoast_head_json":{"title":"72 sata bez kompromisa \u2013 kad srce vodi - OIG\u0160","description":"72 sata bez kompromisa \u2013 kad srce vodi Mladi volonteri Ekipe svetog Ante pridru\u017eili se najve\u0107em volonterskom projektu u Hrvatskoj Zajedno za druge \u2013 snaga","robots":{"index":"index","follow":"follow","max-snippet":"max-snippet:-1","max-image-preview":"max-image-preview:large","max-video-preview":"max-video-preview:-1"},"canonical":"https:\/\/oigs.hr\/novo\/\ud83d\udc9a-72-sata-bez-kompromisa-kad-srce-vodi\/","og_locale":"hr_HR","og_type":"article","og_title":"72 sata bez kompromisa \u2013 kad srce vodi - OIG\u0160","og_description":"72 sata bez kompromisa \u2013 kad srce vodi Mladi volonteri Ekipe svetog Ante pridru\u017eili se najve\u0107em volonterskom projektu u Hrvatskoj Zajedno za druge \u2013 snaga","og_url":"https:\/\/oigs.hr\/novo\/\ud83d\udc9a-72-sata-bez-kompromisa-kad-srce-vodi\/","og_site_name":"OIG\u0160","article_publisher":"https:\/\/www.facebook.com\/oigs.srednjaskola\/","article_modified_time":"2025-10-26T07:22:15+00:00","og_image":[{"width":1170,"height":867,"url":"https:\/\/oigs.hr\/novo\/wp-content\/uploads\/2025\/10\/515503040_1498365948392406_6492470390782715936_n.jpg","type":"image\/jpeg"}],"twitter_card":"summary_large_image","twitter_misc":{"Procijenjeno vrijeme \u010ditanja":"5 minuta"},"schema":{"@context":"https:\/\/schema.org","@graph":[{"@type":"WebPage","@id":"https:\/\/oigs.hr\/novo\/%f0%9f%92%9a-72-sata-bez-kompromisa-kad-srce-vodi\/","url":"https:\/\/oigs.hr\/novo\/%f0%9f%92%9a-72-sata-bez-kompromisa-kad-srce-vodi\/","name":"72 sata bez kompromisa \u2013 kad srce vodi - OIG\u0160","isPartOf":{"@id":"https:\/\/oigs.hr\/novo\/#website"},"primaryImageOfPage":{"@id":"https:\/\/oigs.hr\/novo\/%f0%9f%92%9a-72-sata-bez-kompromisa-kad-srce-vodi\/#primaryimage"},"image":{"@id":"https:\/\/oigs.hr\/novo\/%f0%9f%92%9a-72-sata-bez-kompromisa-kad-srce-vodi\/#primaryimage"},"thumbnailUrl":"https:\/\/oigs.hr\/novo\/wp-content\/uploads\/2025\/10\/515503040_1498365948392406_6492470390782715936_n-300x222.jpg","datePublished":"2025-10-26T06:39:23+00:00","dateModified":"2025-10-26T07:22:15+00:00","description":"72 sata bez kompromisa \u2013 kad srce vodi Mladi volonteri Ekipe svetog Ante pridru\u017eili se najve\u0107em volonterskom projektu u Hrvatskoj Zajedno za druge \u2013 snaga","breadcrumb":{"@id":"https:\/\/oigs.hr\/novo\/%f0%9f%92%9a-72-sata-bez-kompromisa-kad-srce-vodi\/#breadcrumb"},"inLanguage":"hr","potentialAction":[{"@type":"ReadAction","target":["https:\/\/oigs.hr\/novo\/%f0%9f%92%9a-72-sata-bez-kompromisa-kad-srce-vodi\/"]}]},{"@type":"ImageObject","inLanguage":"hr","@id":"https:\/\/oigs.hr\/novo\/%f0%9f%92%9a-72-sata-bez-kompromisa-kad-srce-vodi\/#primaryimage","url":"https:\/\/oigs.hr\/novo\/wp-content\/uploads\/2025\/10\/515503040_1498365948392406_6492470390782715936_n.jpg","contentUrl":"https:\/\/oigs.hr\/novo\/wp-content\/uploads\/2025\/10\/515503040_1498365948392406_6492470390782715936_n.jpg","width":1170,"height":867},{"@type":"BreadcrumbList","@id":"https:\/\/oigs.hr\/novo\/%f0%9f%92%9a-72-sata-bez-kompromisa-kad-srce-vodi\/#breadcrumb","itemListElement":[{"@type":"ListItem","position":1,"name":"Po\u010detna stranica","item":"https:\/\/oigs.hr\/novo\/"},{"@type":"ListItem","position":2,"name":"72 sata bez kompromisa \u2013 kad srce vodi"}]},{"@type":"WebSite","@id":"https:\/\/oigs.hr\/novo\/#website","url":"https:\/\/oigs.hr\/novo\/","name":"OIG\u0160","description":"Obrtni\u010dka i industrijska graditeljska \u0161kola","publisher":{"@id":"https:\/\/oigs.hr\/novo\/#organization"},"potentialAction":[{"@type":"SearchAction","target":{"@type":"EntryPoint","urlTemplate":"https:\/\/oigs.hr\/novo\/?s={search_term_string}"},"query-input":{"@type":"PropertyValueSpecification","valueRequired":true,"valueName":"search_term_string"}}],"inLanguage":"hr"},{"@type":"Organization","@id":"https:\/\/oigs.hr\/novo\/#organization","name":"OIG\u0160","url":"https:\/\/oigs.hr\/novo\/","logo":{"@type":"ImageObject","inLanguage":"hr","@id":"https:\/\/oigs.hr\/novo\/#\/schema\/logo\/image\/","url":"https:\/\/oigs.hr\/novo\/wp-content\/uploads\/2020\/06\/logo-1-e1592001907410.png","contentUrl":"https:\/\/oigs.hr\/novo\/wp-content\/uploads\/2020\/06\/logo-1-e1592001907410.png","width":195,"height":181,"caption":"OIG\u0160"},"image":{"@id":"https:\/\/oigs.hr\/novo\/#\/schema\/logo\/image\/"},"sameAs":["https:\/\/www.facebook.com\/oigs.srednjaskola\/"]}]}},"_links":{"self":[{"href":"https:\/\/oigs.hr\/novo\/wp-json\/wp\/v2\/pages\/10307","targetHints":{"allow":["GET"]}}],"collection":[{"href":"https:\/\/oigs.hr\/novo\/wp-json\/wp\/v2\/pages"}],"about":[{"href":"https:\/\/oigs.hr\/novo\/wp-json\/wp\/v2\/types\/page"}],"author":[{"embeddable":true,"href":"https:\/\/oigs.hr\/novo\/wp-json\/wp\/v2\/users\/3"}],"replies":[{"embeddable":true,"href":"https:\/\/oigs.hr\/novo\/wp-json\/wp\/v2\/comments?post=10307"}],"version-history":[{"count":14,"href":"https:\/\/oigs.hr\/novo\/wp-json\/wp\/v2\/pages\/10307\/revisions"}],"predecessor-version":[{"id":10330,"href":"https:\/\/oigs.hr\/novo\/wp-json\/wp\/v2\/pages\/10307\/revisions\/10330"}],"wp:attachment":[{"href":"https:\/\/oigs.hr\/novo\/wp-json\/wp\/v2\/media?parent=10307"}],"curies":[{"name":"wp","href":"https:\/\/api.w.org\/{rel}","templated":true}]}}