{"id":10072,"date":"2025-08-27T20:09:22","date_gmt":"2025-08-27T18:09:22","guid":{"rendered":"https:\/\/oigs.hr\/novo\/?page_id=10072"},"modified":"2025-10-07T12:40:09","modified_gmt":"2025-10-07T10:40:09","slug":"zapisnici-skolskog-odbora-2025-godine","status":"publish","type":"page","link":"https:\/\/oigs.hr\/novo\/zapisnici-skolskog-odbora-2025-godine\/","title":{"rendered":"Zapisnici \u0160kolskog odbora 2025. godine"},"content":{"rendered":"<p><img loading=\"lazy\" decoding=\"async\" class=\"alignnone size-medium wp-image-10074\" src=\"https:\/\/oigs.hr\/novo\/wp-content\/uploads\/2025\/08\/NwO_G1vA2lDSn_UQO9w3_-1-300x300.jpg\" alt=\"\" width=\"300\" height=\"300\" srcset=\"https:\/\/oigs.hr\/novo\/wp-content\/uploads\/2025\/08\/NwO_G1vA2lDSn_UQO9w3_-1-300x300.jpg 300w, https:\/\/oigs.hr\/novo\/wp-content\/uploads\/2025\/08\/NwO_G1vA2lDSn_UQO9w3_-1-1024x1024.jpg 1024w, https:\/\/oigs.hr\/novo\/wp-content\/uploads\/2025\/08\/NwO_G1vA2lDSn_UQO9w3_-1-150x150.jpg 150w, https:\/\/oigs.hr\/novo\/wp-content\/uploads\/2025\/08\/NwO_G1vA2lDSn_UQO9w3_-1-768x768.jpg 768w, https:\/\/oigs.hr\/novo\/wp-content\/uploads\/2025\/08\/NwO_G1vA2lDSn_UQO9w3_-1-70x70.jpg 70w, https:\/\/oigs.hr\/novo\/wp-content\/uploads\/2025\/08\/NwO_G1vA2lDSn_UQO9w3_-1-246x246.jpg 246w, https:\/\/oigs.hr\/novo\/wp-content\/uploads\/2025\/08\/NwO_G1vA2lDSn_UQO9w3_-1-276x276.jpg 276w, https:\/\/oigs.hr\/novo\/wp-content\/uploads\/2025\/08\/NwO_G1vA2lDSn_UQO9w3_-1-125x125.jpg 125w, https:\/\/oigs.hr\/novo\/wp-content\/uploads\/2025\/08\/NwO_G1vA2lDSn_UQO9w3_-1.jpg 1536w\" sizes=\"auto, (max-width: 300px) 100vw, 300px\" \/><\/p>\n<p><strong><span style=\"color: #0000ff;\"><a style=\"color: #0000ff;\" href=\"https:\/\/oigs.hr\/novo\/wp-content\/uploads\/2025\/02\/4541-ZAPISNIK_1.-sjednice-SO_14_1_2025.pdf\">Zapisnik 1. sjednice \u0160O<\/a><\/span><\/strong><\/p>\n<p><strong><span style=\"color: #0000ff;\"><a style=\"color: #0000ff;\" href=\"https:\/\/oigs.hr\/novo\/wp-content\/uploads\/2025\/03\/4831-ZAPISNIK_2.-sjednice-SO_11_2_2025.pdf\">Zapisnik 2. sjednice \u0160O<\/a><\/span><\/strong><\/p>\n<p><strong><span style=\"color: #0000ff;\"><a style=\"color: #0000ff;\" href=\"https:\/\/oigs.hr\/novo\/wp-content\/uploads\/2025\/03\/5067-ZAPISNIK_3.-sjednice-SO_11_3_2025.pdf\">Zapisnik 3. sjednice \u0160O <\/a><\/span><\/strong><\/p>\n<p><strong><span style=\"color: #0000ff;\"><a style=\"color: #0000ff;\" href=\"https:\/\/oigs.hr\/novo\/wp-content\/uploads\/2025\/03\/5105-ZAPISNIK_4.-sjednice-SO_25_3_2025.pdf\">Zapisnik 4. sjednice \u0160O<\/a><\/span><\/strong><\/p>\n<p><strong><span style=\"color: #0000ff;\"><a style=\"color: #0000ff;\" href=\"https:\/\/oigs.hr\/novo\/wp-content\/uploads\/2025\/06\/ZAPISNIK_5.-sjednice-SO_27_3_2025.pdf\">Zapisnik 5. sjednice \u0160O<\/a><\/span><\/strong><\/p>\n<p><a href=\"https:\/\/oigs.hr\/novo\/wp-content\/uploads\/2025\/07\/ZAPISNIK_6.sjedniceSO_4_6_2025.pdf\"><strong><span style=\"color: #0000ff;\">Zapisnik 6. sjednice \u0160O<\/span><\/strong><\/a><\/p>\n<p><span style=\"color: #0000ff;\"><strong><a style=\"color: #0000ff;\" href=\"https:\/\/oigs.hr\/novo\/wp-content\/uploads\/2025\/08\/Obrtnicka-i-industrijska-graditeljska-skola.pdf\">Zapisnik 7. sjednice \u0160O<\/a><\/strong><\/span><\/p>\n<p><span style=\"color: #0000ff;\"><strong><a style=\"color: #0000ff;\" href=\"https:\/\/oigs.hr\/novo\/wp-content\/uploads\/2025\/08\/6488-ZAPISNIK_8.-sjednice-SO_14_7_2025.pdf\">Zapisnik 8. sjednice \u0160O<\/a><\/strong><\/span><\/p>\n<p><span style=\"color: #0000ff;\"><strong><a style=\"color: #0000ff;\" href=\"https:\/\/oigs.hr\/novo\/wp-content\/uploads\/2025\/09\/Zapisnik-9.-sjednice-Skolskog-odbora.pdf\">Zapisnik 9. sjednice \u0160O<\/a><\/strong><\/span><\/p>\n<p><span style=\"color: #0000ff;\"><strong><a style=\"color: #0000ff;\" href=\"https:\/\/oigs.hr\/novo\/wp-content\/uploads\/2025\/10\/Zapisnik-10.-sjednice-Skolskog-odbora-2.pdf\">Zapisnik 10. sjednice \u0160kolskog odbora<\/a><\/strong><\/span><\/p>\n","protected":false},"excerpt":{"rendered":"<p>Zapisnik 1. sjednice \u0160O Zapisnik 2. sjednice \u0160O Zapisnik 3. sjednice \u0160O Zapisnik 4. sjednice \u0160O Zapisnik 5. sjednice \u0160O &hellip; <\/p>\n","protected":false},"author":3,"featured_media":0,"parent":0,"menu_order":0,"comment_status":"closed","ping_status":"closed","template":"","meta":{"footnotes":""},"class_list":["post-10072","page","type-page","status-publish","hentry"],"yoast_head":"<!-- This site is optimized with the Yoast SEO plugin v27.5 - https:\/\/yoast.com\/product\/yoast-seo-wordpress\/ -->\n<title>Zapisnici \u0160kolskog odbora 2025. godine - OIG\u0160<\/title>\n<meta name=\"description\" content=\"Zapisnik 1. sjednice \u0160O Zapisnik 2. sjednice \u0160O Zapisnik 3. sjednice \u0160O Zapisnik 4. sjednice \u0160O Zapisnik 5. sjednice \u0160O Zapisnik 6. sjednice \u0160O Zapisnik\" \/>\n<meta name=\"robots\" content=\"index, follow, max-snippet:-1, max-image-preview:large, max-video-preview:-1\" \/>\n<link rel=\"canonical\" href=\"https:\/\/oigs.hr\/novo\/zapisnici-skolskog-odbora-2025-godine\/\" \/>\n<meta property=\"og:locale\" content=\"hr_HR\" \/>\n<meta property=\"og:type\" content=\"article\" \/>\n<meta property=\"og:title\" content=\"Zapisnici \u0160kolskog odbora 2025. godine - OIG\u0160\" \/>\n<meta property=\"og:description\" content=\"Zapisnik 1. sjednice \u0160O Zapisnik 2. sjednice \u0160O Zapisnik 3. sjednice \u0160O Zapisnik 4. sjednice \u0160O Zapisnik 5. sjednice \u0160O Zapisnik 6. sjednice \u0160O Zapisnik\" \/>\n<meta property=\"og:url\" content=\"https:\/\/oigs.hr\/novo\/zapisnici-skolskog-odbora-2025-godine\/\" \/>\n<meta property=\"og:site_name\" content=\"OIG\u0160\" \/>\n<meta property=\"article:publisher\" content=\"https:\/\/www.facebook.com\/oigs.srednjaskola\/\" \/>\n<meta property=\"article:modified_time\" content=\"2025-10-07T10:40:09+00:00\" \/>\n<meta property=\"og:image\" content=\"https:\/\/oigs.hr\/novo\/wp-content\/uploads\/2025\/08\/NwO_G1vA2lDSn_UQO9w3_-1.jpg\" \/>\n\t<meta property=\"og:image:width\" content=\"1536\" \/>\n\t<meta property=\"og:image:height\" content=\"1536\" \/>\n\t<meta property=\"og:image:type\" content=\"image\/jpeg\" \/>\n<meta name=\"twitter:card\" content=\"summary_large_image\" \/>\n<meta name=\"twitter:label1\" content=\"Procijenjeno vrijeme \u010ditanja\" \/>\n\t<meta name=\"twitter:data1\" content=\"1 minuta\" \/>\n<script type=\"application\/ld+json\" class=\"yoast-schema-graph\">{\"@context\":\"https:\\\/\\\/schema.org\",\"@graph\":[{\"@type\":\"WebPage\",\"@id\":\"https:\\\/\\\/oigs.hr\\\/novo\\\/zapisnici-skolskog-odbora-2025-godine\\\/\",\"url\":\"https:\\\/\\\/oigs.hr\\\/novo\\\/zapisnici-skolskog-odbora-2025-godine\\\/\",\"name\":\"Zapisnici \u0160kolskog odbora 2025. godine - OIG\u0160\",\"isPartOf\":{\"@id\":\"https:\\\/\\\/oigs.hr\\\/novo\\\/#website\"},\"primaryImageOfPage\":{\"@id\":\"https:\\\/\\\/oigs.hr\\\/novo\\\/zapisnici-skolskog-odbora-2025-godine\\\/#primaryimage\"},\"image\":{\"@id\":\"https:\\\/\\\/oigs.hr\\\/novo\\\/zapisnici-skolskog-odbora-2025-godine\\\/#primaryimage\"},\"thumbnailUrl\":\"https:\\\/\\\/oigs.hr\\\/novo\\\/wp-content\\\/uploads\\\/2025\\\/08\\\/NwO_G1vA2lDSn_UQO9w3_-1-300x300.jpg\",\"datePublished\":\"2025-08-27T18:09:22+00:00\",\"dateModified\":\"2025-10-07T10:40:09+00:00\",\"description\":\"Zapisnik 1. sjednice \u0160O Zapisnik 2. sjednice \u0160O Zapisnik 3. sjednice \u0160O Zapisnik 4. sjednice \u0160O Zapisnik 5. sjednice \u0160O Zapisnik 6. sjednice \u0160O Zapisnik\",\"breadcrumb\":{\"@id\":\"https:\\\/\\\/oigs.hr\\\/novo\\\/zapisnici-skolskog-odbora-2025-godine\\\/#breadcrumb\"},\"inLanguage\":\"hr\",\"potentialAction\":[{\"@type\":\"ReadAction\",\"target\":[\"https:\\\/\\\/oigs.hr\\\/novo\\\/zapisnici-skolskog-odbora-2025-godine\\\/\"]}]},{\"@type\":\"ImageObject\",\"inLanguage\":\"hr\",\"@id\":\"https:\\\/\\\/oigs.hr\\\/novo\\\/zapisnici-skolskog-odbora-2025-godine\\\/#primaryimage\",\"url\":\"https:\\\/\\\/oigs.hr\\\/novo\\\/wp-content\\\/uploads\\\/2025\\\/08\\\/NwO_G1vA2lDSn_UQO9w3_-1.jpg\",\"contentUrl\":\"https:\\\/\\\/oigs.hr\\\/novo\\\/wp-content\\\/uploads\\\/2025\\\/08\\\/NwO_G1vA2lDSn_UQO9w3_-1.jpg\",\"width\":1536,\"height\":1536},{\"@type\":\"BreadcrumbList\",\"@id\":\"https:\\\/\\\/oigs.hr\\\/novo\\\/zapisnici-skolskog-odbora-2025-godine\\\/#breadcrumb\",\"itemListElement\":[{\"@type\":\"ListItem\",\"position\":1,\"name\":\"Po\u010detna stranica\",\"item\":\"https:\\\/\\\/oigs.hr\\\/novo\\\/\"},{\"@type\":\"ListItem\",\"position\":2,\"name\":\"Zapisnici \u0160kolskog odbora 2025. godine\"}]},{\"@type\":\"WebSite\",\"@id\":\"https:\\\/\\\/oigs.hr\\\/novo\\\/#website\",\"url\":\"https:\\\/\\\/oigs.hr\\\/novo\\\/\",\"name\":\"OIG\u0160\",\"description\":\"Obrtni\u010dka i industrijska graditeljska \u0161kola\",\"publisher\":{\"@id\":\"https:\\\/\\\/oigs.hr\\\/novo\\\/#organization\"},\"potentialAction\":[{\"@type\":\"SearchAction\",\"target\":{\"@type\":\"EntryPoint\",\"urlTemplate\":\"https:\\\/\\\/oigs.hr\\\/novo\\\/?s={search_term_string}\"},\"query-input\":{\"@type\":\"PropertyValueSpecification\",\"valueRequired\":true,\"valueName\":\"search_term_string\"}}],\"inLanguage\":\"hr\"},{\"@type\":\"Organization\",\"@id\":\"https:\\\/\\\/oigs.hr\\\/novo\\\/#organization\",\"name\":\"OIG\u0160\",\"url\":\"https:\\\/\\\/oigs.hr\\\/novo\\\/\",\"logo\":{\"@type\":\"ImageObject\",\"inLanguage\":\"hr\",\"@id\":\"https:\\\/\\\/oigs.hr\\\/novo\\\/#\\\/schema\\\/logo\\\/image\\\/\",\"url\":\"https:\\\/\\\/oigs.hr\\\/novo\\\/wp-content\\\/uploads\\\/2020\\\/06\\\/logo-1-e1592001907410.png\",\"contentUrl\":\"https:\\\/\\\/oigs.hr\\\/novo\\\/wp-content\\\/uploads\\\/2020\\\/06\\\/logo-1-e1592001907410.png\",\"width\":195,\"height\":181,\"caption\":\"OIG\u0160\"},\"image\":{\"@id\":\"https:\\\/\\\/oigs.hr\\\/novo\\\/#\\\/schema\\\/logo\\\/image\\\/\"},\"sameAs\":[\"https:\\\/\\\/www.facebook.com\\\/oigs.srednjaskola\\\/\"]}]}<\/script>\n<!-- \/ Yoast SEO plugin. -->","yoast_head_json":{"title":"Zapisnici \u0160kolskog odbora 2025. godine - OIG\u0160","description":"Zapisnik 1. sjednice \u0160O Zapisnik 2. sjednice \u0160O Zapisnik 3. sjednice \u0160O Zapisnik 4. sjednice \u0160O Zapisnik 5. sjednice \u0160O Zapisnik 6. sjednice \u0160O Zapisnik","robots":{"index":"index","follow":"follow","max-snippet":"max-snippet:-1","max-image-preview":"max-image-preview:large","max-video-preview":"max-video-preview:-1"},"canonical":"https:\/\/oigs.hr\/novo\/zapisnici-skolskog-odbora-2025-godine\/","og_locale":"hr_HR","og_type":"article","og_title":"Zapisnici \u0160kolskog odbora 2025. godine - OIG\u0160","og_description":"Zapisnik 1. sjednice \u0160O Zapisnik 2. sjednice \u0160O Zapisnik 3. sjednice \u0160O Zapisnik 4. sjednice \u0160O Zapisnik 5. sjednice \u0160O Zapisnik 6. sjednice \u0160O Zapisnik","og_url":"https:\/\/oigs.hr\/novo\/zapisnici-skolskog-odbora-2025-godine\/","og_site_name":"OIG\u0160","article_publisher":"https:\/\/www.facebook.com\/oigs.srednjaskola\/","article_modified_time":"2025-10-07T10:40:09+00:00","og_image":[{"width":1536,"height":1536,"url":"https:\/\/oigs.hr\/novo\/wp-content\/uploads\/2025\/08\/NwO_G1vA2lDSn_UQO9w3_-1.jpg","type":"image\/jpeg"}],"twitter_card":"summary_large_image","twitter_misc":{"Procijenjeno vrijeme \u010ditanja":"1 minuta"},"schema":{"@context":"https:\/\/schema.org","@graph":[{"@type":"WebPage","@id":"https:\/\/oigs.hr\/novo\/zapisnici-skolskog-odbora-2025-godine\/","url":"https:\/\/oigs.hr\/novo\/zapisnici-skolskog-odbora-2025-godine\/","name":"Zapisnici \u0160kolskog odbora 2025. godine - OIG\u0160","isPartOf":{"@id":"https:\/\/oigs.hr\/novo\/#website"},"primaryImageOfPage":{"@id":"https:\/\/oigs.hr\/novo\/zapisnici-skolskog-odbora-2025-godine\/#primaryimage"},"image":{"@id":"https:\/\/oigs.hr\/novo\/zapisnici-skolskog-odbora-2025-godine\/#primaryimage"},"thumbnailUrl":"https:\/\/oigs.hr\/novo\/wp-content\/uploads\/2025\/08\/NwO_G1vA2lDSn_UQO9w3_-1-300x300.jpg","datePublished":"2025-08-27T18:09:22+00:00","dateModified":"2025-10-07T10:40:09+00:00","description":"Zapisnik 1. sjednice \u0160O Zapisnik 2. sjednice \u0160O Zapisnik 3. sjednice \u0160O Zapisnik 4. sjednice \u0160O Zapisnik 5. sjednice \u0160O Zapisnik 6. sjednice \u0160O Zapisnik","breadcrumb":{"@id":"https:\/\/oigs.hr\/novo\/zapisnici-skolskog-odbora-2025-godine\/#breadcrumb"},"inLanguage":"hr","potentialAction":[{"@type":"ReadAction","target":["https:\/\/oigs.hr\/novo\/zapisnici-skolskog-odbora-2025-godine\/"]}]},{"@type":"ImageObject","inLanguage":"hr","@id":"https:\/\/oigs.hr\/novo\/zapisnici-skolskog-odbora-2025-godine\/#primaryimage","url":"https:\/\/oigs.hr\/novo\/wp-content\/uploads\/2025\/08\/NwO_G1vA2lDSn_UQO9w3_-1.jpg","contentUrl":"https:\/\/oigs.hr\/novo\/wp-content\/uploads\/2025\/08\/NwO_G1vA2lDSn_UQO9w3_-1.jpg","width":1536,"height":1536},{"@type":"BreadcrumbList","@id":"https:\/\/oigs.hr\/novo\/zapisnici-skolskog-odbora-2025-godine\/#breadcrumb","itemListElement":[{"@type":"ListItem","position":1,"name":"Po\u010detna stranica","item":"https:\/\/oigs.hr\/novo\/"},{"@type":"ListItem","position":2,"name":"Zapisnici \u0160kolskog odbora 2025. godine"}]},{"@type":"WebSite","@id":"https:\/\/oigs.hr\/novo\/#website","url":"https:\/\/oigs.hr\/novo\/","name":"OIG\u0160","description":"Obrtni\u010dka i industrijska graditeljska \u0161kola","publisher":{"@id":"https:\/\/oigs.hr\/novo\/#organization"},"potentialAction":[{"@type":"SearchAction","target":{"@type":"EntryPoint","urlTemplate":"https:\/\/oigs.hr\/novo\/?s={search_term_string}"},"query-input":{"@type":"PropertyValueSpecification","valueRequired":true,"valueName":"search_term_string"}}],"inLanguage":"hr"},{"@type":"Organization","@id":"https:\/\/oigs.hr\/novo\/#organization","name":"OIG\u0160","url":"https:\/\/oigs.hr\/novo\/","logo":{"@type":"ImageObject","inLanguage":"hr","@id":"https:\/\/oigs.hr\/novo\/#\/schema\/logo\/image\/","url":"https:\/\/oigs.hr\/novo\/wp-content\/uploads\/2020\/06\/logo-1-e1592001907410.png","contentUrl":"https:\/\/oigs.hr\/novo\/wp-content\/uploads\/2020\/06\/logo-1-e1592001907410.png","width":195,"height":181,"caption":"OIG\u0160"},"image":{"@id":"https:\/\/oigs.hr\/novo\/#\/schema\/logo\/image\/"},"sameAs":["https:\/\/www.facebook.com\/oigs.srednjaskola\/"]}]}},"_links":{"self":[{"href":"https:\/\/oigs.hr\/novo\/wp-json\/wp\/v2\/pages\/10072","targetHints":{"allow":["GET"]}}],"collection":[{"href":"https:\/\/oigs.hr\/novo\/wp-json\/wp\/v2\/pages"}],"about":[{"href":"https:\/\/oigs.hr\/novo\/wp-json\/wp\/v2\/types\/page"}],"author":[{"embeddable":true,"href":"https:\/\/oigs.hr\/novo\/wp-json\/wp\/v2\/users\/3"}],"replies":[{"embeddable":true,"href":"https:\/\/oigs.hr\/novo\/wp-json\/wp\/v2\/comments?post=10072"}],"version-history":[{"count":6,"href":"https:\/\/oigs.hr\/novo\/wp-json\/wp\/v2\/pages\/10072\/revisions"}],"predecessor-version":[{"id":10207,"href":"https:\/\/oigs.hr\/novo\/wp-json\/wp\/v2\/pages\/10072\/revisions\/10207"}],"wp:attachment":[{"href":"https:\/\/oigs.hr\/novo\/wp-json\/wp\/v2\/media?parent=10072"}],"curies":[{"name":"wp","href":"https:\/\/api.w.org\/{rel}","templated":true}]}}