{"id":10067,"date":"2025-08-27T20:06:47","date_gmt":"2025-08-27T18:06:47","guid":{"rendered":"https:\/\/oigs.hr\/novo\/?page_id=10067"},"modified":"2025-08-27T20:07:20","modified_gmt":"2025-08-27T18:07:20","slug":"zapisnici-skolskog-odbora-2024-godine","status":"publish","type":"page","link":"https:\/\/oigs.hr\/novo\/zapisnici-skolskog-odbora-2024-godine\/","title":{"rendered":"Zapisnici \u0160kolskog odbora 2024. godine"},"content":{"rendered":"<p><img loading=\"lazy\" decoding=\"async\" class=\"alignnone size-medium wp-image-10065\" src=\"https:\/\/oigs.hr\/novo\/wp-content\/uploads\/2025\/08\/rf5T6rn9qqV9-hdleg8Fk-300x300.jpg\" alt=\"\" width=\"300\" height=\"300\" srcset=\"https:\/\/oigs.hr\/novo\/wp-content\/uploads\/2025\/08\/rf5T6rn9qqV9-hdleg8Fk-300x300.jpg 300w, https:\/\/oigs.hr\/novo\/wp-content\/uploads\/2025\/08\/rf5T6rn9qqV9-hdleg8Fk-1024x1024.jpg 1024w, https:\/\/oigs.hr\/novo\/wp-content\/uploads\/2025\/08\/rf5T6rn9qqV9-hdleg8Fk-150x150.jpg 150w, https:\/\/oigs.hr\/novo\/wp-content\/uploads\/2025\/08\/rf5T6rn9qqV9-hdleg8Fk-768x768.jpg 768w, https:\/\/oigs.hr\/novo\/wp-content\/uploads\/2025\/08\/rf5T6rn9qqV9-hdleg8Fk-70x70.jpg 70w, https:\/\/oigs.hr\/novo\/wp-content\/uploads\/2025\/08\/rf5T6rn9qqV9-hdleg8Fk-246x246.jpg 246w, https:\/\/oigs.hr\/novo\/wp-content\/uploads\/2025\/08\/rf5T6rn9qqV9-hdleg8Fk-276x276.jpg 276w, https:\/\/oigs.hr\/novo\/wp-content\/uploads\/2025\/08\/rf5T6rn9qqV9-hdleg8Fk-125x125.jpg 125w, https:\/\/oigs.hr\/novo\/wp-content\/uploads\/2025\/08\/rf5T6rn9qqV9-hdleg8Fk.jpg 1536w\" sizes=\"auto, (max-width: 300px) 100vw, 300px\" \/><\/p>\n<p><strong><span style=\"color: #0000ff;\"><a style=\"color: #0000ff;\" href=\"https:\/\/oigs.hr\/novo\/wp-content\/uploads\/2024\/03\/ZAPISNIK_1.sjedniceSO_23_12024.pdf\">Zapisnik 1. sjednice \u0160O<\/a><br \/>\n<a style=\"color: #0000ff;\" href=\"https:\/\/oigs.hr\/novo\/wp-content\/uploads\/2024\/03\/ZAPISNIK_2.sjedniceSO06032024.pdf\">Zapisnik 2. sjednice \u0160O<\/a><br \/>\n<a style=\"color: #0000ff;\" href=\"https:\/\/oigs.hr\/novo\/wp-content\/uploads\/2024\/05\/ZAPISNIK_3.-sjednice-SO-26-03-2024.pdf\">Zapisnik 3. sjednice \u0160O<\/a><br \/>\n<a style=\"color: #0000ff;\" href=\"https:\/\/oigs.hr\/novo\/wp-content\/uploads\/2024\/06\/ZAPISNIK_4.-sjednice-SO-24-04-2024.pdf\">Zapisnik 4. sjednice \u0160O<\/a><br \/>\n<a style=\"color: #0000ff;\" href=\"https:\/\/oigs.hr\/novo\/wp-content\/uploads\/2024\/07\/ZAPISNIK_5.sjedniceSO030620241.pdf\">Zapisnik 5. sjednice \u0160O<\/a><br \/>\n<a style=\"color: #0000ff;\" href=\"https:\/\/oigs.hr\/novo\/wp-content\/uploads\/2024\/10\/ZAPISNIK_6.-sjednice-SO_15_7_2024.pdf\">Zapisnik 6. sjednice \u0160O<\/a><br \/>\n<a style=\"color: #0000ff;\" href=\"https:\/\/oigs.hr\/novo\/wp-content\/uploads\/2024\/10\/3592-ZAPISNIK_7.-sjednice-SO_26_9_2024.pdf\">Zapisnik 7. sjednice \u0160O<\/a><br \/>\n<a style=\"color: #0000ff;\" href=\"https:\/\/oigs.hr\/novo\/wp-content\/uploads\/2024\/11\/ZAPISNIK_8.-sjednice-SO_29_10_2024.pdf\">Zapisnik 8. sjednice \u0160O<\/a><br \/>\n<a style=\"color: #0000ff;\" href=\"https:\/\/oigs.hr\/novo\/wp-content\/uploads\/2024\/12\/4076-ZAPISNIK_9.-sjednice-SO_14_11_2024.pdf\">Zapisnik 9. sjednice \u0160O<\/a><br \/>\n<a style=\"color: #0000ff;\" href=\"https:\/\/oigs.hr\/novo\/wp-content\/uploads\/2025\/01\/4265-ZAPISNIK_10.-sjednice-SO_3_12_2024.pdf\">Zapisnik 10. sjednice \u0160O<\/a><\/span><\/strong><\/p>\n","protected":false},"excerpt":{"rendered":"<p>Zapisnik 1. sjednice \u0160O Zapisnik 2. sjednice \u0160O Zapisnik 3. sjednice \u0160O Zapisnik 4. sjednice \u0160O Zapisnik 5. sjednice \u0160O &hellip; <\/p>\n","protected":false},"author":3,"featured_media":0,"parent":0,"menu_order":0,"comment_status":"closed","ping_status":"closed","template":"","meta":{"footnotes":""},"class_list":["post-10067","page","type-page","status-publish","hentry"],"yoast_head":"<!-- This site is optimized with the Yoast SEO plugin v27.5 - https:\/\/yoast.com\/product\/yoast-seo-wordpress\/ -->\n<title>Zapisnici \u0160kolskog odbora 2024. godine - OIG\u0160<\/title>\n<meta name=\"description\" content=\"Zapisnik 1. sjednice \u0160O Zapisnik 2. sjednice \u0160O Zapisnik 3. sjednice \u0160O Zapisnik 4. sjednice \u0160O Zapisnik 5. sjednice \u0160O Zapisnik 6. sjednice \u0160O Zapisnik\" \/>\n<meta name=\"robots\" content=\"index, follow, max-snippet:-1, max-image-preview:large, max-video-preview:-1\" \/>\n<link rel=\"canonical\" href=\"https:\/\/oigs.hr\/novo\/zapisnici-skolskog-odbora-2024-godine\/\" \/>\n<meta property=\"og:locale\" content=\"hr_HR\" \/>\n<meta property=\"og:type\" content=\"article\" \/>\n<meta property=\"og:title\" content=\"Zapisnici \u0160kolskog odbora 2024. godine - OIG\u0160\" \/>\n<meta property=\"og:description\" content=\"Zapisnik 1. sjednice \u0160O Zapisnik 2. sjednice \u0160O Zapisnik 3. sjednice \u0160O Zapisnik 4. sjednice \u0160O Zapisnik 5. sjednice \u0160O Zapisnik 6. sjednice \u0160O Zapisnik\" \/>\n<meta property=\"og:url\" content=\"https:\/\/oigs.hr\/novo\/zapisnici-skolskog-odbora-2024-godine\/\" \/>\n<meta property=\"og:site_name\" content=\"OIG\u0160\" \/>\n<meta property=\"article:publisher\" content=\"https:\/\/www.facebook.com\/oigs.srednjaskola\/\" \/>\n<meta property=\"article:modified_time\" content=\"2025-08-27T18:07:20+00:00\" \/>\n<meta property=\"og:image\" content=\"https:\/\/oigs.hr\/novo\/wp-content\/uploads\/2025\/08\/rf5T6rn9qqV9-hdleg8Fk.jpg\" \/>\n\t<meta property=\"og:image:width\" content=\"1536\" \/>\n\t<meta property=\"og:image:height\" content=\"1536\" \/>\n\t<meta property=\"og:image:type\" content=\"image\/jpeg\" \/>\n<meta name=\"twitter:card\" content=\"summary_large_image\" \/>\n<meta name=\"twitter:label1\" content=\"Procijenjeno vrijeme \u010ditanja\" \/>\n\t<meta name=\"twitter:data1\" content=\"1 minuta\" \/>\n<script type=\"application\/ld+json\" class=\"yoast-schema-graph\">{\"@context\":\"https:\\\/\\\/schema.org\",\"@graph\":[{\"@type\":\"WebPage\",\"@id\":\"https:\\\/\\\/oigs.hr\\\/novo\\\/zapisnici-skolskog-odbora-2024-godine\\\/\",\"url\":\"https:\\\/\\\/oigs.hr\\\/novo\\\/zapisnici-skolskog-odbora-2024-godine\\\/\",\"name\":\"Zapisnici \u0160kolskog odbora 2024. godine - OIG\u0160\",\"isPartOf\":{\"@id\":\"https:\\\/\\\/oigs.hr\\\/novo\\\/#website\"},\"primaryImageOfPage\":{\"@id\":\"https:\\\/\\\/oigs.hr\\\/novo\\\/zapisnici-skolskog-odbora-2024-godine\\\/#primaryimage\"},\"image\":{\"@id\":\"https:\\\/\\\/oigs.hr\\\/novo\\\/zapisnici-skolskog-odbora-2024-godine\\\/#primaryimage\"},\"thumbnailUrl\":\"https:\\\/\\\/oigs.hr\\\/novo\\\/wp-content\\\/uploads\\\/2025\\\/08\\\/rf5T6rn9qqV9-hdleg8Fk-300x300.jpg\",\"datePublished\":\"2025-08-27T18:06:47+00:00\",\"dateModified\":\"2025-08-27T18:07:20+00:00\",\"description\":\"Zapisnik 1. sjednice \u0160O Zapisnik 2. sjednice \u0160O Zapisnik 3. sjednice \u0160O Zapisnik 4. sjednice \u0160O Zapisnik 5. sjednice \u0160O Zapisnik 6. sjednice \u0160O Zapisnik\",\"breadcrumb\":{\"@id\":\"https:\\\/\\\/oigs.hr\\\/novo\\\/zapisnici-skolskog-odbora-2024-godine\\\/#breadcrumb\"},\"inLanguage\":\"hr\",\"potentialAction\":[{\"@type\":\"ReadAction\",\"target\":[\"https:\\\/\\\/oigs.hr\\\/novo\\\/zapisnici-skolskog-odbora-2024-godine\\\/\"]}]},{\"@type\":\"ImageObject\",\"inLanguage\":\"hr\",\"@id\":\"https:\\\/\\\/oigs.hr\\\/novo\\\/zapisnici-skolskog-odbora-2024-godine\\\/#primaryimage\",\"url\":\"https:\\\/\\\/oigs.hr\\\/novo\\\/wp-content\\\/uploads\\\/2025\\\/08\\\/rf5T6rn9qqV9-hdleg8Fk.jpg\",\"contentUrl\":\"https:\\\/\\\/oigs.hr\\\/novo\\\/wp-content\\\/uploads\\\/2025\\\/08\\\/rf5T6rn9qqV9-hdleg8Fk.jpg\",\"width\":1536,\"height\":1536},{\"@type\":\"BreadcrumbList\",\"@id\":\"https:\\\/\\\/oigs.hr\\\/novo\\\/zapisnici-skolskog-odbora-2024-godine\\\/#breadcrumb\",\"itemListElement\":[{\"@type\":\"ListItem\",\"position\":1,\"name\":\"Po\u010detna stranica\",\"item\":\"https:\\\/\\\/oigs.hr\\\/novo\\\/\"},{\"@type\":\"ListItem\",\"position\":2,\"name\":\"Zapisnici \u0160kolskog odbora 2024. godine\"}]},{\"@type\":\"WebSite\",\"@id\":\"https:\\\/\\\/oigs.hr\\\/novo\\\/#website\",\"url\":\"https:\\\/\\\/oigs.hr\\\/novo\\\/\",\"name\":\"OIG\u0160\",\"description\":\"Obrtni\u010dka i industrijska graditeljska \u0161kola\",\"publisher\":{\"@id\":\"https:\\\/\\\/oigs.hr\\\/novo\\\/#organization\"},\"potentialAction\":[{\"@type\":\"SearchAction\",\"target\":{\"@type\":\"EntryPoint\",\"urlTemplate\":\"https:\\\/\\\/oigs.hr\\\/novo\\\/?s={search_term_string}\"},\"query-input\":{\"@type\":\"PropertyValueSpecification\",\"valueRequired\":true,\"valueName\":\"search_term_string\"}}],\"inLanguage\":\"hr\"},{\"@type\":\"Organization\",\"@id\":\"https:\\\/\\\/oigs.hr\\\/novo\\\/#organization\",\"name\":\"OIG\u0160\",\"url\":\"https:\\\/\\\/oigs.hr\\\/novo\\\/\",\"logo\":{\"@type\":\"ImageObject\",\"inLanguage\":\"hr\",\"@id\":\"https:\\\/\\\/oigs.hr\\\/novo\\\/#\\\/schema\\\/logo\\\/image\\\/\",\"url\":\"https:\\\/\\\/oigs.hr\\\/novo\\\/wp-content\\\/uploads\\\/2020\\\/06\\\/logo-1-e1592001907410.png\",\"contentUrl\":\"https:\\\/\\\/oigs.hr\\\/novo\\\/wp-content\\\/uploads\\\/2020\\\/06\\\/logo-1-e1592001907410.png\",\"width\":195,\"height\":181,\"caption\":\"OIG\u0160\"},\"image\":{\"@id\":\"https:\\\/\\\/oigs.hr\\\/novo\\\/#\\\/schema\\\/logo\\\/image\\\/\"},\"sameAs\":[\"https:\\\/\\\/www.facebook.com\\\/oigs.srednjaskola\\\/\"]}]}<\/script>\n<!-- \/ Yoast SEO plugin. -->","yoast_head_json":{"title":"Zapisnici \u0160kolskog odbora 2024. godine - OIG\u0160","description":"Zapisnik 1. sjednice \u0160O Zapisnik 2. sjednice \u0160O Zapisnik 3. sjednice \u0160O Zapisnik 4. sjednice \u0160O Zapisnik 5. sjednice \u0160O Zapisnik 6. sjednice \u0160O Zapisnik","robots":{"index":"index","follow":"follow","max-snippet":"max-snippet:-1","max-image-preview":"max-image-preview:large","max-video-preview":"max-video-preview:-1"},"canonical":"https:\/\/oigs.hr\/novo\/zapisnici-skolskog-odbora-2024-godine\/","og_locale":"hr_HR","og_type":"article","og_title":"Zapisnici \u0160kolskog odbora 2024. godine - OIG\u0160","og_description":"Zapisnik 1. sjednice \u0160O Zapisnik 2. sjednice \u0160O Zapisnik 3. sjednice \u0160O Zapisnik 4. sjednice \u0160O Zapisnik 5. sjednice \u0160O Zapisnik 6. sjednice \u0160O Zapisnik","og_url":"https:\/\/oigs.hr\/novo\/zapisnici-skolskog-odbora-2024-godine\/","og_site_name":"OIG\u0160","article_publisher":"https:\/\/www.facebook.com\/oigs.srednjaskola\/","article_modified_time":"2025-08-27T18:07:20+00:00","og_image":[{"width":1536,"height":1536,"url":"https:\/\/oigs.hr\/novo\/wp-content\/uploads\/2025\/08\/rf5T6rn9qqV9-hdleg8Fk.jpg","type":"image\/jpeg"}],"twitter_card":"summary_large_image","twitter_misc":{"Procijenjeno vrijeme \u010ditanja":"1 minuta"},"schema":{"@context":"https:\/\/schema.org","@graph":[{"@type":"WebPage","@id":"https:\/\/oigs.hr\/novo\/zapisnici-skolskog-odbora-2024-godine\/","url":"https:\/\/oigs.hr\/novo\/zapisnici-skolskog-odbora-2024-godine\/","name":"Zapisnici \u0160kolskog odbora 2024. godine - OIG\u0160","isPartOf":{"@id":"https:\/\/oigs.hr\/novo\/#website"},"primaryImageOfPage":{"@id":"https:\/\/oigs.hr\/novo\/zapisnici-skolskog-odbora-2024-godine\/#primaryimage"},"image":{"@id":"https:\/\/oigs.hr\/novo\/zapisnici-skolskog-odbora-2024-godine\/#primaryimage"},"thumbnailUrl":"https:\/\/oigs.hr\/novo\/wp-content\/uploads\/2025\/08\/rf5T6rn9qqV9-hdleg8Fk-300x300.jpg","datePublished":"2025-08-27T18:06:47+00:00","dateModified":"2025-08-27T18:07:20+00:00","description":"Zapisnik 1. sjednice \u0160O Zapisnik 2. sjednice \u0160O Zapisnik 3. sjednice \u0160O Zapisnik 4. sjednice \u0160O Zapisnik 5. sjednice \u0160O Zapisnik 6. sjednice \u0160O Zapisnik","breadcrumb":{"@id":"https:\/\/oigs.hr\/novo\/zapisnici-skolskog-odbora-2024-godine\/#breadcrumb"},"inLanguage":"hr","potentialAction":[{"@type":"ReadAction","target":["https:\/\/oigs.hr\/novo\/zapisnici-skolskog-odbora-2024-godine\/"]}]},{"@type":"ImageObject","inLanguage":"hr","@id":"https:\/\/oigs.hr\/novo\/zapisnici-skolskog-odbora-2024-godine\/#primaryimage","url":"https:\/\/oigs.hr\/novo\/wp-content\/uploads\/2025\/08\/rf5T6rn9qqV9-hdleg8Fk.jpg","contentUrl":"https:\/\/oigs.hr\/novo\/wp-content\/uploads\/2025\/08\/rf5T6rn9qqV9-hdleg8Fk.jpg","width":1536,"height":1536},{"@type":"BreadcrumbList","@id":"https:\/\/oigs.hr\/novo\/zapisnici-skolskog-odbora-2024-godine\/#breadcrumb","itemListElement":[{"@type":"ListItem","position":1,"name":"Po\u010detna stranica","item":"https:\/\/oigs.hr\/novo\/"},{"@type":"ListItem","position":2,"name":"Zapisnici \u0160kolskog odbora 2024. godine"}]},{"@type":"WebSite","@id":"https:\/\/oigs.hr\/novo\/#website","url":"https:\/\/oigs.hr\/novo\/","name":"OIG\u0160","description":"Obrtni\u010dka i industrijska graditeljska \u0161kola","publisher":{"@id":"https:\/\/oigs.hr\/novo\/#organization"},"potentialAction":[{"@type":"SearchAction","target":{"@type":"EntryPoint","urlTemplate":"https:\/\/oigs.hr\/novo\/?s={search_term_string}"},"query-input":{"@type":"PropertyValueSpecification","valueRequired":true,"valueName":"search_term_string"}}],"inLanguage":"hr"},{"@type":"Organization","@id":"https:\/\/oigs.hr\/novo\/#organization","name":"OIG\u0160","url":"https:\/\/oigs.hr\/novo\/","logo":{"@type":"ImageObject","inLanguage":"hr","@id":"https:\/\/oigs.hr\/novo\/#\/schema\/logo\/image\/","url":"https:\/\/oigs.hr\/novo\/wp-content\/uploads\/2020\/06\/logo-1-e1592001907410.png","contentUrl":"https:\/\/oigs.hr\/novo\/wp-content\/uploads\/2020\/06\/logo-1-e1592001907410.png","width":195,"height":181,"caption":"OIG\u0160"},"image":{"@id":"https:\/\/oigs.hr\/novo\/#\/schema\/logo\/image\/"},"sameAs":["https:\/\/www.facebook.com\/oigs.srednjaskola\/"]}]}},"_links":{"self":[{"href":"https:\/\/oigs.hr\/novo\/wp-json\/wp\/v2\/pages\/10067","targetHints":{"allow":["GET"]}}],"collection":[{"href":"https:\/\/oigs.hr\/novo\/wp-json\/wp\/v2\/pages"}],"about":[{"href":"https:\/\/oigs.hr\/novo\/wp-json\/wp\/v2\/types\/page"}],"author":[{"embeddable":true,"href":"https:\/\/oigs.hr\/novo\/wp-json\/wp\/v2\/users\/3"}],"replies":[{"embeddable":true,"href":"https:\/\/oigs.hr\/novo\/wp-json\/wp\/v2\/comments?post=10067"}],"version-history":[{"count":2,"href":"https:\/\/oigs.hr\/novo\/wp-json\/wp\/v2\/pages\/10067\/revisions"}],"predecessor-version":[{"id":10069,"href":"https:\/\/oigs.hr\/novo\/wp-json\/wp\/v2\/pages\/10067\/revisions\/10069"}],"wp:attachment":[{"href":"https:\/\/oigs.hr\/novo\/wp-json\/wp\/v2\/media?parent=10067"}],"curies":[{"name":"wp","href":"https:\/\/api.w.org\/{rel}","templated":true}]}}