{"id":10019,"date":"2025-08-22T10:44:32","date_gmt":"2025-08-22T08:44:32","guid":{"rendered":"https:\/\/oigs.hr\/novo\/?page_id=10019"},"modified":"2025-08-22T10:58:13","modified_gmt":"2025-08-22T08:58:13","slug":"odluke-o-uvodenju-novih-kurikula","status":"publish","type":"page","link":"https:\/\/oigs.hr\/novo\/odluke-o-uvodenju-novih-kurikula\/","title":{"rendered":"Odluke o uvo\u0111enju novih kurikula"},"content":{"rendered":"<h3><strong><span style=\"color: #000080;\"><a style=\"color: #000080;\" href=\"https:\/\/narodne-novine.nn.hr\/eli\/sluzbeni\/2025\/27\/239\/pdf\">Odluka o uvo\u0111enju strukovnog kurikula za stjecanje kvalifikacije Gra\u0111evinski radnik u zgradarstvu<\/a><\/span><\/strong><\/h3>\n<p><img loading=\"lazy\" decoding=\"async\" class=\"alignnone wp-image-9383\" src=\"https:\/\/oigs.hr\/novo\/wp-content\/uploads\/2025\/05\/POSLODAVCI-ZA-KURIKUL-GRADJEVINSKI-RADNIK-U-ZGRADARSTVU-ZIDAR-\u2013-kopija-300x225.png\" alt=\"\" width=\"407\" height=\"305\" srcset=\"https:\/\/oigs.hr\/novo\/wp-content\/uploads\/2025\/05\/POSLODAVCI-ZA-KURIKUL-GRADJEVINSKI-RADNIK-U-ZGRADARSTVU-ZIDAR-\u2013-kopija-300x225.png 300w, https:\/\/oigs.hr\/novo\/wp-content\/uploads\/2025\/05\/POSLODAVCI-ZA-KURIKUL-GRADJEVINSKI-RADNIK-U-ZGRADARSTVU-ZIDAR-\u2013-kopija-1024x768.png 1024w, https:\/\/oigs.hr\/novo\/wp-content\/uploads\/2025\/05\/POSLODAVCI-ZA-KURIKUL-GRADJEVINSKI-RADNIK-U-ZGRADARSTVU-ZIDAR-\u2013-kopija-768x576.png 768w, https:\/\/oigs.hr\/novo\/wp-content\/uploads\/2025\/05\/POSLODAVCI-ZA-KURIKUL-GRADJEVINSKI-RADNIK-U-ZGRADARSTVU-ZIDAR-\u2013-kopija-1536x1152.png 1536w, https:\/\/oigs.hr\/novo\/wp-content\/uploads\/2025\/05\/POSLODAVCI-ZA-KURIKUL-GRADJEVINSKI-RADNIK-U-ZGRADARSTVU-ZIDAR-\u2013-kopija-2048x1536.png 2048w\" sizes=\"auto, (max-width: 407px) 100vw, 407px\" \/><\/p>\n<h3><strong><span style=\"color: #000080;\"><a style=\"color: #000080;\" href=\"https:\/\/narodne-novine.nn.hr\/clanci\/sluzbeni\/2025_02_26_238.html\">Odluka o uvo\u0111enju strukovnog kurikula za stjecanje kvalifikacije Gra\u0111evinski radnik u odr\u017eivoj gradnji<\/a><\/span><\/strong><\/h3>\n<p><img loading=\"lazy\" decoding=\"async\" class=\"alignnone wp-image-9380\" src=\"https:\/\/oigs.hr\/novo\/wp-content\/uploads\/2025\/05\/Popis-poslodavaca-koji-sudjeluju-u-kurikulu-za-gradjevinske-radnike-u-odrzivoj-gradnji-s-posebnim-na-300x225.png\" alt=\"\" width=\"408\" height=\"306\" srcset=\"https:\/\/oigs.hr\/novo\/wp-content\/uploads\/2025\/05\/Popis-poslodavaca-koji-sudjeluju-u-kurikulu-za-gradjevinske-radnike-u-odrzivoj-gradnji-s-posebnim-na-300x225.png 300w, https:\/\/oigs.hr\/novo\/wp-content\/uploads\/2025\/05\/Popis-poslodavaca-koji-sudjeluju-u-kurikulu-za-gradjevinske-radnike-u-odrzivoj-gradnji-s-posebnim-na-1024x768.png 1024w, https:\/\/oigs.hr\/novo\/wp-content\/uploads\/2025\/05\/Popis-poslodavaca-koji-sudjeluju-u-kurikulu-za-gradjevinske-radnike-u-odrzivoj-gradnji-s-posebnim-na-768x576.png 768w, https:\/\/oigs.hr\/novo\/wp-content\/uploads\/2025\/05\/Popis-poslodavaca-koji-sudjeluju-u-kurikulu-za-gradjevinske-radnike-u-odrzivoj-gradnji-s-posebnim-na-1536x1152.png 1536w, https:\/\/oigs.hr\/novo\/wp-content\/uploads\/2025\/05\/Popis-poslodavaca-koji-sudjeluju-u-kurikulu-za-gradjevinske-radnike-u-odrzivoj-gradnji-s-posebnim-na-2048x1536.png 2048w\" sizes=\"auto, (max-width: 408px) 100vw, 408px\" \/><\/p>\n<h3><strong><span style=\"color: #000080;\"><a style=\"color: #000080;\" href=\"https:\/\/narodne-novine.nn.hr\/clanci\/sluzbeni\/2025_03_47_619.html\">Odluka o uvo\u0111enju strukovnog kurikula za stjecanje kvalifikacije rukovatelj gra\u0111evinskim strojevima<\/a><\/span><\/strong><\/h3>\n<p><img loading=\"lazy\" decoding=\"async\" class=\"alignnone wp-image-9387\" src=\"https:\/\/oigs.hr\/novo\/wp-content\/uploads\/2025\/05\/POSLODAVCI-ZA-KURIKUL-RUKOVATELJ-GRADJEVINSKIM-STROJEVIMA-300x225.png\" alt=\"\" width=\"405\" height=\"304\" srcset=\"https:\/\/oigs.hr\/novo\/wp-content\/uploads\/2025\/05\/POSLODAVCI-ZA-KURIKUL-RUKOVATELJ-GRADJEVINSKIM-STROJEVIMA-300x225.png 300w, https:\/\/oigs.hr\/novo\/wp-content\/uploads\/2025\/05\/POSLODAVCI-ZA-KURIKUL-RUKOVATELJ-GRADJEVINSKIM-STROJEVIMA-1024x768.png 1024w, https:\/\/oigs.hr\/novo\/wp-content\/uploads\/2025\/05\/POSLODAVCI-ZA-KURIKUL-RUKOVATELJ-GRADJEVINSKIM-STROJEVIMA-768x576.png 768w, https:\/\/oigs.hr\/novo\/wp-content\/uploads\/2025\/05\/POSLODAVCI-ZA-KURIKUL-RUKOVATELJ-GRADJEVINSKIM-STROJEVIMA-1536x1152.png 1536w, https:\/\/oigs.hr\/novo\/wp-content\/uploads\/2025\/05\/POSLODAVCI-ZA-KURIKUL-RUKOVATELJ-GRADJEVINSKIM-STROJEVIMA-2048x1536.png 2048w\" sizes=\"auto, (max-width: 405px) 100vw, 405px\" \/><\/p>\n<h3><strong><span style=\"color: #000080;\"><a style=\"color: #000080;\" href=\"https:\/\/narodne-novine.nn.hr\/clanci\/sluzbeni\/2025_03_47_621.html\">Odluka o uvo\u0111enju strukovnog kurikula za stjecanje kvalifikacije soboslikar li\u010dilac dekorater \/ soboslikarica li\u010diteljica dekoraterka<\/a><\/span><\/strong><\/h3>\n<p><img loading=\"lazy\" decoding=\"async\" class=\"alignnone wp-image-9388\" src=\"https:\/\/oigs.hr\/novo\/wp-content\/uploads\/2025\/05\/POSLODAVCI-ZA-KURIKUL-SOBOSLIKAR-LICILAC-DEKORATER-300x225.png\" alt=\"\" width=\"397\" height=\"298\" srcset=\"https:\/\/oigs.hr\/novo\/wp-content\/uploads\/2025\/05\/POSLODAVCI-ZA-KURIKUL-SOBOSLIKAR-LICILAC-DEKORATER-300x225.png 300w, https:\/\/oigs.hr\/novo\/wp-content\/uploads\/2025\/05\/POSLODAVCI-ZA-KURIKUL-SOBOSLIKAR-LICILAC-DEKORATER-1024x768.png 1024w, https:\/\/oigs.hr\/novo\/wp-content\/uploads\/2025\/05\/POSLODAVCI-ZA-KURIKUL-SOBOSLIKAR-LICILAC-DEKORATER-768x576.png 768w, https:\/\/oigs.hr\/novo\/wp-content\/uploads\/2025\/05\/POSLODAVCI-ZA-KURIKUL-SOBOSLIKAR-LICILAC-DEKORATER-1536x1152.png 1536w, https:\/\/oigs.hr\/novo\/wp-content\/uploads\/2025\/05\/POSLODAVCI-ZA-KURIKUL-SOBOSLIKAR-LICILAC-DEKORATER-2048x1536.png 2048w\" sizes=\"auto, (max-width: 397px) 100vw, 397px\" \/><\/p>\n<h3><strong><span style=\"color: #000080;\"><a style=\"color: #000080;\" href=\"https:\/\/narodne-novine.nn.hr\/clanci\/sluzbeni\/2025_03_47_622.html\">Odluka o uvo\u0111enju strukovnog kurikula za stjecanje kvalifikacije staklar<\/a><\/span><\/strong><\/h3>\n<p><img loading=\"lazy\" decoding=\"async\" class=\"alignnone wp-image-9389\" src=\"https:\/\/oigs.hr\/novo\/wp-content\/uploads\/2025\/05\/POSLODAVCI-ZA-ZANIMANJE-STAKLAR-300x225.png\" alt=\"\" width=\"405\" height=\"304\" srcset=\"https:\/\/oigs.hr\/novo\/wp-content\/uploads\/2025\/05\/POSLODAVCI-ZA-ZANIMANJE-STAKLAR-300x225.png 300w, https:\/\/oigs.hr\/novo\/wp-content\/uploads\/2025\/05\/POSLODAVCI-ZA-ZANIMANJE-STAKLAR-1024x768.png 1024w, https:\/\/oigs.hr\/novo\/wp-content\/uploads\/2025\/05\/POSLODAVCI-ZA-ZANIMANJE-STAKLAR-768x576.png 768w, https:\/\/oigs.hr\/novo\/wp-content\/uploads\/2025\/05\/POSLODAVCI-ZA-ZANIMANJE-STAKLAR-1536x1152.png 1536w, https:\/\/oigs.hr\/novo\/wp-content\/uploads\/2025\/05\/POSLODAVCI-ZA-ZANIMANJE-STAKLAR-2048x1536.png 2048w\" sizes=\"auto, (max-width: 405px) 100vw, 405px\" \/><\/p>\n<h3><strong><span style=\"color: #000080;\"><a style=\"color: #000080;\" href=\"https:\/\/narodne-novine.nn.hr\/clanci\/sluzbeni\/2025_03_45_604.html\">Odluka o uvo\u0111enju strukovnog kurikula za stjecanje kvalifikacije monter drvenih konstrukcija i krovova<\/a><\/span><\/strong><\/h3>\n<p><img loading=\"lazy\" decoding=\"async\" class=\"alignnone wp-image-9386\" src=\"https:\/\/oigs.hr\/novo\/wp-content\/uploads\/2025\/05\/POSLODAVCI-ZA-KURIKUL-MONTER-DRVENIH-KONSTRUKCIJA-I-KROVOVA-TESAR-300x225.png\" alt=\"\" width=\"403\" height=\"302\" srcset=\"https:\/\/oigs.hr\/novo\/wp-content\/uploads\/2025\/05\/POSLODAVCI-ZA-KURIKUL-MONTER-DRVENIH-KONSTRUKCIJA-I-KROVOVA-TESAR-300x225.png 300w, https:\/\/oigs.hr\/novo\/wp-content\/uploads\/2025\/05\/POSLODAVCI-ZA-KURIKUL-MONTER-DRVENIH-KONSTRUKCIJA-I-KROVOVA-TESAR-1024x768.png 1024w, https:\/\/oigs.hr\/novo\/wp-content\/uploads\/2025\/05\/POSLODAVCI-ZA-KURIKUL-MONTER-DRVENIH-KONSTRUKCIJA-I-KROVOVA-TESAR-768x576.png 768w, https:\/\/oigs.hr\/novo\/wp-content\/uploads\/2025\/05\/POSLODAVCI-ZA-KURIKUL-MONTER-DRVENIH-KONSTRUKCIJA-I-KROVOVA-TESAR-1536x1152.png 1536w, https:\/\/oigs.hr\/novo\/wp-content\/uploads\/2025\/05\/POSLODAVCI-ZA-KURIKUL-MONTER-DRVENIH-KONSTRUKCIJA-I-KROVOVA-TESAR-2048x1536.png 2048w\" sizes=\"auto, (max-width: 403px) 100vw, 403px\" \/><\/p>\n<h3><strong><span style=\"color: #000080;\"><a style=\"color: #000080;\" href=\"https:\/\/narodne-novine.nn.hr\/clanci\/sluzbeni\/2025_03_45_605.html\">Odluka o uvo\u0111enju strukovnog kurikula za stjecanje kvalifikacije oblaga\u010d podova i zidova \/ oblaga\u010dica podova i zidova<\/a><\/span><\/strong><\/h3>\n<p><img loading=\"lazy\" decoding=\"async\" class=\"alignnone wp-image-9366\" src=\"https:\/\/oigs.hr\/novo\/wp-content\/uploads\/2025\/05\/1-300x225.png\" alt=\"\" width=\"420\" height=\"315\" srcset=\"https:\/\/oigs.hr\/novo\/wp-content\/uploads\/2025\/05\/1-300x225.png 300w, https:\/\/oigs.hr\/novo\/wp-content\/uploads\/2025\/05\/1-1024x768.png 1024w, https:\/\/oigs.hr\/novo\/wp-content\/uploads\/2025\/05\/1-768x576.png 768w, https:\/\/oigs.hr\/novo\/wp-content\/uploads\/2025\/05\/1-1536x1152.png 1536w, https:\/\/oigs.hr\/novo\/wp-content\/uploads\/2025\/05\/1-2048x1536.png 2048w\" sizes=\"auto, (max-width: 420px) 100vw, 420px\" \/><\/p>\n<h3><strong><span style=\"color: #000080;\"><a style=\"color: #000080;\" href=\"https:\/\/narodne-novine.nn.hr\/clanci\/sluzbeni\/2025_03_51_665.html\">Odluka o uvo\u0111enju strukovnog kurikula za stjecanje kvalifikacije serviser karoserije motornih vozila \/ serviserka karoserije motornih vozila<\/a><\/span><\/strong><\/h3>\n<p><img loading=\"lazy\" decoding=\"async\" class=\"alignnone wp-image-9390\" src=\"https:\/\/oigs.hr\/novo\/wp-content\/uploads\/2025\/05\/Untitled-2-300x225.png\" alt=\"\" width=\"419\" height=\"314\" srcset=\"https:\/\/oigs.hr\/novo\/wp-content\/uploads\/2025\/05\/Untitled-2-300x225.png 300w, https:\/\/oigs.hr\/novo\/wp-content\/uploads\/2025\/05\/Untitled-2-1024x768.png 1024w, https:\/\/oigs.hr\/novo\/wp-content\/uploads\/2025\/05\/Untitled-2-768x576.png 768w, https:\/\/oigs.hr\/novo\/wp-content\/uploads\/2025\/05\/Untitled-2-1536x1152.png 1536w, https:\/\/oigs.hr\/novo\/wp-content\/uploads\/2025\/05\/Untitled-2-2048x1536.png 2048w\" sizes=\"auto, (max-width: 419px) 100vw, 419px\" \/><\/p>\n<h3><strong><span style=\"color: #000080;\"><a style=\"color: #000080;\" href=\"https:\/\/narodne-novine.nn.hr\/clanci\/sluzbeni\/2025_03_49_636.html\">Odluka o uvo\u0111enju strukovnog kurikula za stjecanje kvalifikacije monter strojarskih instalacija \/ monterka strojarskih instalacija<\/a><\/span><\/strong><\/h3>\n<p><img loading=\"lazy\" decoding=\"async\" class=\"alignnone wp-image-9391\" src=\"https:\/\/oigs.hr\/novo\/wp-content\/uploads\/2025\/05\/Untitled-300x225.png\" alt=\"\" width=\"419\" height=\"314\" srcset=\"https:\/\/oigs.hr\/novo\/wp-content\/uploads\/2025\/05\/Untitled-300x225.png 300w, https:\/\/oigs.hr\/novo\/wp-content\/uploads\/2025\/05\/Untitled-1024x768.png 1024w, https:\/\/oigs.hr\/novo\/wp-content\/uploads\/2025\/05\/Untitled-768x576.png 768w, https:\/\/oigs.hr\/novo\/wp-content\/uploads\/2025\/05\/Untitled-1536x1152.png 1536w, https:\/\/oigs.hr\/novo\/wp-content\/uploads\/2025\/05\/Untitled-2048x1536.png 2048w\" sizes=\"auto, (max-width: 419px) 100vw, 419px\" \/><\/p>\n<h3><strong><span style=\"color: #000080;\"><a style=\"color: #000080;\" href=\"https:\/\/narodne-novine.nn.hr\/clanci\/sluzbeni\/2025_03_53_696.html\">Odluka o uvo\u0111enju strukovnog kurikula za stjecanje kvalifikacije dimnja\u010dar\/dimnja\u010darka<\/a><\/span><\/strong><\/h3>\n<p><img loading=\"lazy\" decoding=\"async\" class=\"alignnone wp-image-9417\" src=\"https:\/\/oigs.hr\/novo\/wp-content\/uploads\/2025\/05\/nova-zanimanja-mapa-300x169.png\" alt=\"\" width=\"424\" height=\"239\" srcset=\"https:\/\/oigs.hr\/novo\/wp-content\/uploads\/2025\/05\/nova-zanimanja-mapa-300x169.png 300w, https:\/\/oigs.hr\/novo\/wp-content\/uploads\/2025\/05\/nova-zanimanja-mapa-1024x576.png 1024w, https:\/\/oigs.hr\/novo\/wp-content\/uploads\/2025\/05\/nova-zanimanja-mapa-768x432.png 768w, https:\/\/oigs.hr\/novo\/wp-content\/uploads\/2025\/05\/nova-zanimanja-mapa-1536x864.png 1536w, https:\/\/oigs.hr\/novo\/wp-content\/uploads\/2025\/05\/nova-zanimanja-mapa-848x480.png 848w, https:\/\/oigs.hr\/novo\/wp-content\/uploads\/2025\/05\/nova-zanimanja-mapa.png 1920w\" sizes=\"auto, (max-width: 424px) 100vw, 424px\" \/><\/p>\n<h3><strong><span style=\"color: #000080;\"><a style=\"color: #000080;\" href=\"https:\/\/narodne-novine.nn.hr\/eli\/sluzbeni\/2025\/7\/51\/pdf\">Kurikul za op\u0107eobrazovne predmete<\/a><\/span><\/strong><\/h3>\n<p><img loading=\"lazy\" decoding=\"async\" class=\"alignnone wp-image-8955\" src=\"https:\/\/oigs.hr\/novo\/wp-content\/uploads\/2024\/12\/137-1-300x169.jpg\" alt=\"\" width=\"456\" height=\"257\" srcset=\"https:\/\/oigs.hr\/novo\/wp-content\/uploads\/2024\/12\/137-1-300x169.jpg 300w, https:\/\/oigs.hr\/novo\/wp-content\/uploads\/2024\/12\/137-1-1024x576.jpg 1024w, https:\/\/oigs.hr\/novo\/wp-content\/uploads\/2024\/12\/137-1-768x432.jpg 768w, https:\/\/oigs.hr\/novo\/wp-content\/uploads\/2024\/12\/137-1-1536x864.jpg 1536w, https:\/\/oigs.hr\/novo\/wp-content\/uploads\/2024\/12\/137-1-848x480.jpg 848w, https:\/\/oigs.hr\/novo\/wp-content\/uploads\/2024\/12\/137-1.jpg 1920w\" sizes=\"auto, (max-width: 456px) 100vw, 456px\" \/><\/p>\n<h3><strong><span style=\"color: #000080;\"><a style=\"color: #000080;\" href=\"https:\/\/sredisnjikatalogrh.gov.hr\/srce-arhiva\/263\/139572\/narodne-novine.nn.hr\/clanci\/sluzbeni\/2015_09_94_1818.html\">PRAVILNIK O KRITERIJIMA ZA IZRICANJE PEDAGO\u0160KIH MJERA<\/a><\/span><\/strong><\/h3>\n<p><img loading=\"lazy\" decoding=\"async\" class=\"alignnone size-medium wp-image-9690\" src=\"https:\/\/oigs.hr\/novo\/wp-content\/uploads\/2025\/06\/o23u3VHGUGzwdP2yk8ssO-300x300.png\" alt=\"\" width=\"300\" height=\"300\" srcset=\"https:\/\/oigs.hr\/novo\/wp-content\/uploads\/2025\/06\/o23u3VHGUGzwdP2yk8ssO-300x300.png 300w, https:\/\/oigs.hr\/novo\/wp-content\/uploads\/2025\/06\/o23u3VHGUGzwdP2yk8ssO-150x150.png 150w, https:\/\/oigs.hr\/novo\/wp-content\/uploads\/2025\/06\/o23u3VHGUGzwdP2yk8ssO-768x768.png 768w, https:\/\/oigs.hr\/novo\/wp-content\/uploads\/2025\/06\/o23u3VHGUGzwdP2yk8ssO-70x70.png 70w, https:\/\/oigs.hr\/novo\/wp-content\/uploads\/2025\/06\/o23u3VHGUGzwdP2yk8ssO-246x246.png 246w, https:\/\/oigs.hr\/novo\/wp-content\/uploads\/2025\/06\/o23u3VHGUGzwdP2yk8ssO-276x276.png 276w, https:\/\/oigs.hr\/novo\/wp-content\/uploads\/2025\/06\/o23u3VHGUGzwdP2yk8ssO-125x125.png 125w, https:\/\/oigs.hr\/novo\/wp-content\/uploads\/2025\/06\/o23u3VHGUGzwdP2yk8ssO.png 1024w\" sizes=\"auto, (max-width: 300px) 100vw, 300px\" \/><\/p>\n<p>&nbsp;<\/p>\n<p>&nbsp;<\/p>\n","protected":false},"excerpt":{"rendered":"<p>Odluka o uvo\u0111enju strukovnog kurikula za stjecanje kvalifikacije Gra\u0111evinski radnik u zgradarstvu Odluka o uvo\u0111enju strukovnog kurikula za stjecanje kvalifikacije &hellip; <\/p>\n","protected":false},"author":3,"featured_media":0,"parent":0,"menu_order":0,"comment_status":"closed","ping_status":"closed","template":"","meta":{"footnotes":""},"class_list":["post-10019","page","type-page","status-publish","hentry"],"yoast_head":"<!-- This site is optimized with the Yoast SEO plugin v27.4 - https:\/\/yoast.com\/product\/yoast-seo-wordpress\/ -->\n<title>Odluke o uvo\u0111enju novih kurikula - OIG\u0160<\/title>\n<meta name=\"description\" content=\"Odluka o uvo\u0111enju strukovnog kurikula za stjecanje kvalifikacije Gra\u0111evinski radnik u zgradarstvu Odluka o uvo\u0111enju strukovnog kurikula za stjecanje\" \/>\n<meta name=\"robots\" content=\"index, follow, max-snippet:-1, max-image-preview:large, max-video-preview:-1\" \/>\n<link rel=\"canonical\" href=\"https:\/\/oigs.hr\/novo\/odluke-o-uvodenju-novih-kurikula\/\" \/>\n<meta property=\"og:locale\" content=\"hr_HR\" \/>\n<meta property=\"og:type\" content=\"article\" \/>\n<meta property=\"og:title\" content=\"Odluke o uvo\u0111enju novih kurikula - OIG\u0160\" \/>\n<meta property=\"og:description\" content=\"Odluka o uvo\u0111enju strukovnog kurikula za stjecanje kvalifikacije Gra\u0111evinski radnik u zgradarstvu Odluka o uvo\u0111enju strukovnog kurikula za stjecanje\" \/>\n<meta property=\"og:url\" content=\"https:\/\/oigs.hr\/novo\/odluke-o-uvodenju-novih-kurikula\/\" \/>\n<meta property=\"og:site_name\" content=\"OIG\u0160\" \/>\n<meta property=\"article:publisher\" content=\"https:\/\/www.facebook.com\/oigs.srednjaskola\/\" \/>\n<meta property=\"article:modified_time\" content=\"2025-08-22T08:58:13+00:00\" \/>\n<meta property=\"og:image\" content=\"https:\/\/oigs.hr\/novo\/wp-content\/uploads\/2025\/05\/Popis-poslodavaca-koji-sudjeluju-u-kurikulu-za-gradjevinske-radnike-u-odrzivoj-gradnji-s-posebnim-na-300x225.png\" \/>\n<meta name=\"twitter:card\" content=\"summary_large_image\" \/>\n<meta name=\"twitter:label1\" content=\"Procijenjeno vrijeme \u010ditanja\" \/>\n\t<meta name=\"twitter:data1\" content=\"4 minute\" \/>\n<script type=\"application\/ld+json\" class=\"yoast-schema-graph\">{\"@context\":\"https:\\\/\\\/schema.org\",\"@graph\":[{\"@type\":\"WebPage\",\"@id\":\"https:\\\/\\\/oigs.hr\\\/novo\\\/odluke-o-uvodenju-novih-kurikula\\\/\",\"url\":\"https:\\\/\\\/oigs.hr\\\/novo\\\/odluke-o-uvodenju-novih-kurikula\\\/\",\"name\":\"Odluke o uvo\u0111enju novih kurikula - OIG\u0160\",\"isPartOf\":{\"@id\":\"https:\\\/\\\/oigs.hr\\\/novo\\\/#website\"},\"primaryImageOfPage\":{\"@id\":\"https:\\\/\\\/oigs.hr\\\/novo\\\/odluke-o-uvodenju-novih-kurikula\\\/#primaryimage\"},\"image\":{\"@id\":\"https:\\\/\\\/oigs.hr\\\/novo\\\/odluke-o-uvodenju-novih-kurikula\\\/#primaryimage\"},\"thumbnailUrl\":\"https:\\\/\\\/oigs.hr\\\/novo\\\/wp-content\\\/uploads\\\/2025\\\/05\\\/Popis-poslodavaca-koji-sudjeluju-u-kurikulu-za-gradjevinske-radnike-u-odrzivoj-gradnji-s-posebnim-na-300x225.png\",\"datePublished\":\"2025-08-22T08:44:32+00:00\",\"dateModified\":\"2025-08-22T08:58:13+00:00\",\"description\":\"Odluka o uvo\u0111enju strukovnog kurikula za stjecanje kvalifikacije Gra\u0111evinski radnik u zgradarstvu Odluka o uvo\u0111enju strukovnog kurikula za stjecanje\",\"breadcrumb\":{\"@id\":\"https:\\\/\\\/oigs.hr\\\/novo\\\/odluke-o-uvodenju-novih-kurikula\\\/#breadcrumb\"},\"inLanguage\":\"hr\",\"potentialAction\":[{\"@type\":\"ReadAction\",\"target\":[\"https:\\\/\\\/oigs.hr\\\/novo\\\/odluke-o-uvodenju-novih-kurikula\\\/\"]}]},{\"@type\":\"ImageObject\",\"inLanguage\":\"hr\",\"@id\":\"https:\\\/\\\/oigs.hr\\\/novo\\\/odluke-o-uvodenju-novih-kurikula\\\/#primaryimage\",\"url\":\"https:\\\/\\\/oigs.hr\\\/novo\\\/wp-content\\\/uploads\\\/2025\\\/05\\\/Popis-poslodavaca-koji-sudjeluju-u-kurikulu-za-gradjevinske-radnike-u-odrzivoj-gradnji-s-posebnim-na.png\",\"contentUrl\":\"https:\\\/\\\/oigs.hr\\\/novo\\\/wp-content\\\/uploads\\\/2025\\\/05\\\/Popis-poslodavaca-koji-sudjeluju-u-kurikulu-za-gradjevinske-radnike-u-odrzivoj-gradnji-s-posebnim-na.png\",\"width\":2400,\"height\":1800},{\"@type\":\"BreadcrumbList\",\"@id\":\"https:\\\/\\\/oigs.hr\\\/novo\\\/odluke-o-uvodenju-novih-kurikula\\\/#breadcrumb\",\"itemListElement\":[{\"@type\":\"ListItem\",\"position\":1,\"name\":\"Po\u010detna stranica\",\"item\":\"https:\\\/\\\/oigs.hr\\\/novo\\\/\"},{\"@type\":\"ListItem\",\"position\":2,\"name\":\"Odluke o uvo\u0111enju novih kurikula\"}]},{\"@type\":\"WebSite\",\"@id\":\"https:\\\/\\\/oigs.hr\\\/novo\\\/#website\",\"url\":\"https:\\\/\\\/oigs.hr\\\/novo\\\/\",\"name\":\"OIG\u0160\",\"description\":\"Obrtni\u010dka i industrijska graditeljska \u0161kola\",\"publisher\":{\"@id\":\"https:\\\/\\\/oigs.hr\\\/novo\\\/#organization\"},\"potentialAction\":[{\"@type\":\"SearchAction\",\"target\":{\"@type\":\"EntryPoint\",\"urlTemplate\":\"https:\\\/\\\/oigs.hr\\\/novo\\\/?s={search_term_string}\"},\"query-input\":{\"@type\":\"PropertyValueSpecification\",\"valueRequired\":true,\"valueName\":\"search_term_string\"}}],\"inLanguage\":\"hr\"},{\"@type\":\"Organization\",\"@id\":\"https:\\\/\\\/oigs.hr\\\/novo\\\/#organization\",\"name\":\"OIG\u0160\",\"url\":\"https:\\\/\\\/oigs.hr\\\/novo\\\/\",\"logo\":{\"@type\":\"ImageObject\",\"inLanguage\":\"hr\",\"@id\":\"https:\\\/\\\/oigs.hr\\\/novo\\\/#\\\/schema\\\/logo\\\/image\\\/\",\"url\":\"https:\\\/\\\/oigs.hr\\\/novo\\\/wp-content\\\/uploads\\\/2020\\\/06\\\/logo-1-e1592001907410.png\",\"contentUrl\":\"https:\\\/\\\/oigs.hr\\\/novo\\\/wp-content\\\/uploads\\\/2020\\\/06\\\/logo-1-e1592001907410.png\",\"width\":195,\"height\":181,\"caption\":\"OIG\u0160\"},\"image\":{\"@id\":\"https:\\\/\\\/oigs.hr\\\/novo\\\/#\\\/schema\\\/logo\\\/image\\\/\"},\"sameAs\":[\"https:\\\/\\\/www.facebook.com\\\/oigs.srednjaskola\\\/\"]}]}<\/script>\n<!-- \/ Yoast SEO plugin. -->","yoast_head_json":{"title":"Odluke o uvo\u0111enju novih kurikula - OIG\u0160","description":"Odluka o uvo\u0111enju strukovnog kurikula za stjecanje kvalifikacije Gra\u0111evinski radnik u zgradarstvu Odluka o uvo\u0111enju strukovnog kurikula za stjecanje","robots":{"index":"index","follow":"follow","max-snippet":"max-snippet:-1","max-image-preview":"max-image-preview:large","max-video-preview":"max-video-preview:-1"},"canonical":"https:\/\/oigs.hr\/novo\/odluke-o-uvodenju-novih-kurikula\/","og_locale":"hr_HR","og_type":"article","og_title":"Odluke o uvo\u0111enju novih kurikula - OIG\u0160","og_description":"Odluka o uvo\u0111enju strukovnog kurikula za stjecanje kvalifikacije Gra\u0111evinski radnik u zgradarstvu Odluka o uvo\u0111enju strukovnog kurikula za stjecanje","og_url":"https:\/\/oigs.hr\/novo\/odluke-o-uvodenju-novih-kurikula\/","og_site_name":"OIG\u0160","article_publisher":"https:\/\/www.facebook.com\/oigs.srednjaskola\/","article_modified_time":"2025-08-22T08:58:13+00:00","og_image":[{"url":"https:\/\/oigs.hr\/novo\/wp-content\/uploads\/2025\/05\/Popis-poslodavaca-koji-sudjeluju-u-kurikulu-za-gradjevinske-radnike-u-odrzivoj-gradnji-s-posebnim-na-300x225.png","type":"","width":"","height":""}],"twitter_card":"summary_large_image","twitter_misc":{"Procijenjeno vrijeme \u010ditanja":"4 minute"},"schema":{"@context":"https:\/\/schema.org","@graph":[{"@type":"WebPage","@id":"https:\/\/oigs.hr\/novo\/odluke-o-uvodenju-novih-kurikula\/","url":"https:\/\/oigs.hr\/novo\/odluke-o-uvodenju-novih-kurikula\/","name":"Odluke o uvo\u0111enju novih kurikula - OIG\u0160","isPartOf":{"@id":"https:\/\/oigs.hr\/novo\/#website"},"primaryImageOfPage":{"@id":"https:\/\/oigs.hr\/novo\/odluke-o-uvodenju-novih-kurikula\/#primaryimage"},"image":{"@id":"https:\/\/oigs.hr\/novo\/odluke-o-uvodenju-novih-kurikula\/#primaryimage"},"thumbnailUrl":"https:\/\/oigs.hr\/novo\/wp-content\/uploads\/2025\/05\/Popis-poslodavaca-koji-sudjeluju-u-kurikulu-za-gradjevinske-radnike-u-odrzivoj-gradnji-s-posebnim-na-300x225.png","datePublished":"2025-08-22T08:44:32+00:00","dateModified":"2025-08-22T08:58:13+00:00","description":"Odluka o uvo\u0111enju strukovnog kurikula za stjecanje kvalifikacije Gra\u0111evinski radnik u zgradarstvu Odluka o uvo\u0111enju strukovnog kurikula za stjecanje","breadcrumb":{"@id":"https:\/\/oigs.hr\/novo\/odluke-o-uvodenju-novih-kurikula\/#breadcrumb"},"inLanguage":"hr","potentialAction":[{"@type":"ReadAction","target":["https:\/\/oigs.hr\/novo\/odluke-o-uvodenju-novih-kurikula\/"]}]},{"@type":"ImageObject","inLanguage":"hr","@id":"https:\/\/oigs.hr\/novo\/odluke-o-uvodenju-novih-kurikula\/#primaryimage","url":"https:\/\/oigs.hr\/novo\/wp-content\/uploads\/2025\/05\/Popis-poslodavaca-koji-sudjeluju-u-kurikulu-za-gradjevinske-radnike-u-odrzivoj-gradnji-s-posebnim-na.png","contentUrl":"https:\/\/oigs.hr\/novo\/wp-content\/uploads\/2025\/05\/Popis-poslodavaca-koji-sudjeluju-u-kurikulu-za-gradjevinske-radnike-u-odrzivoj-gradnji-s-posebnim-na.png","width":2400,"height":1800},{"@type":"BreadcrumbList","@id":"https:\/\/oigs.hr\/novo\/odluke-o-uvodenju-novih-kurikula\/#breadcrumb","itemListElement":[{"@type":"ListItem","position":1,"name":"Po\u010detna stranica","item":"https:\/\/oigs.hr\/novo\/"},{"@type":"ListItem","position":2,"name":"Odluke o uvo\u0111enju novih kurikula"}]},{"@type":"WebSite","@id":"https:\/\/oigs.hr\/novo\/#website","url":"https:\/\/oigs.hr\/novo\/","name":"OIG\u0160","description":"Obrtni\u010dka i industrijska graditeljska \u0161kola","publisher":{"@id":"https:\/\/oigs.hr\/novo\/#organization"},"potentialAction":[{"@type":"SearchAction","target":{"@type":"EntryPoint","urlTemplate":"https:\/\/oigs.hr\/novo\/?s={search_term_string}"},"query-input":{"@type":"PropertyValueSpecification","valueRequired":true,"valueName":"search_term_string"}}],"inLanguage":"hr"},{"@type":"Organization","@id":"https:\/\/oigs.hr\/novo\/#organization","name":"OIG\u0160","url":"https:\/\/oigs.hr\/novo\/","logo":{"@type":"ImageObject","inLanguage":"hr","@id":"https:\/\/oigs.hr\/novo\/#\/schema\/logo\/image\/","url":"https:\/\/oigs.hr\/novo\/wp-content\/uploads\/2020\/06\/logo-1-e1592001907410.png","contentUrl":"https:\/\/oigs.hr\/novo\/wp-content\/uploads\/2020\/06\/logo-1-e1592001907410.png","width":195,"height":181,"caption":"OIG\u0160"},"image":{"@id":"https:\/\/oigs.hr\/novo\/#\/schema\/logo\/image\/"},"sameAs":["https:\/\/www.facebook.com\/oigs.srednjaskola\/"]}]}},"_links":{"self":[{"href":"https:\/\/oigs.hr\/novo\/wp-json\/wp\/v2\/pages\/10019","targetHints":{"allow":["GET"]}}],"collection":[{"href":"https:\/\/oigs.hr\/novo\/wp-json\/wp\/v2\/pages"}],"about":[{"href":"https:\/\/oigs.hr\/novo\/wp-json\/wp\/v2\/types\/page"}],"author":[{"embeddable":true,"href":"https:\/\/oigs.hr\/novo\/wp-json\/wp\/v2\/users\/3"}],"replies":[{"embeddable":true,"href":"https:\/\/oigs.hr\/novo\/wp-json\/wp\/v2\/comments?post=10019"}],"version-history":[{"count":3,"href":"https:\/\/oigs.hr\/novo\/wp-json\/wp\/v2\/pages\/10019\/revisions"}],"predecessor-version":[{"id":10023,"href":"https:\/\/oigs.hr\/novo\/wp-json\/wp\/v2\/pages\/10019\/revisions\/10023"}],"wp:attachment":[{"href":"https:\/\/oigs.hr\/novo\/wp-json\/wp\/v2\/media?parent=10019"}],"curies":[{"name":"wp","href":"https:\/\/api.w.org\/{rel}","templated":true}]}}